{"id":42870,"date":"2012-03-29T20:03:21","date_gmt":"2012-03-29T20:03:21","guid":{"rendered":"https:\/\/www.vicoexport.com\/distribuidor-paneles-solares\/"},"modified":"2026-01-07T14:16:17","modified_gmt":"2026-01-07T13:16:17","slug":"solarmodule","status":"publish","type":"page","link":"https:\/\/www.vicoexport.com\/de\/home-es\/solarmodule\/","title":{"rendered":"Solarmodule"},"content":{"rendered":"<div class=\"wpb-content-wrapper\"><p>[vc_row][vc_column][vc_single_image image=&#8221;64568&#8243; img_size=&#8221;full&#8221; onclick=&#8221;custom_link&#8221; css=&#8221;&#8221; link=&#8221;https:\/\/www.vicoexport.com\/en\/home-es\/tiendaonline\/&#8221;][vc_column_text css=&#8221;.vc_custom_1767790185828{padding-top: 15px !important;}&#8221;]<\/p>\n<h1 style=\"text-align: center;\"><strong>Solarmodule f\u00fcr Installateure und professionelle Projekte<\/strong><\/h1>\n<h4 style=\"text-align: center;\"><em><br \/>\n<strong>Vertrieb von Tier-1-Modulen f\u00fcr Wohngeb\u00e4ude, C&amp;I und Utility-Scale-Projekte mit realem Lagerbestand und technischem Support.<\/strong><br \/>\n<\/em><\/h4>\n<h3><\/h3>\n<h3><\/h3>\n<p>[\/vc_column_text][vc_column_text css=&#8221;&#8221;]Bei <strong>Vico Export Solar Energy<\/strong> sind wir ein professioneller Distributor von photovoltaischen Solarmodulen f\u00fcr Installateure, H\u00e4ndler und EPC-Unternehmen. Wir arbeiten ausschlie\u00dflich mit <strong>Tier-1-Herstellern<\/strong> und bieten <strong>realen Lagerbestand<\/strong>, nationale und internationale Logistik sowie <strong>spezialisierten technischen Support<\/strong> f\u00fcr Wohn-, Gewerbe-, Industrie- und Utility-Scale-Projekte.<\/p>\n<p>Unser Katalog umfasst <strong>Module der neuesten Generation<\/strong> (N-Type und P-Type), ausgew\u00e4hlt aufgrund ihrer Effizienz, Zuverl\u00e4ssigkeit und Bankf\u00e4higkeit, mit offiziellen Herstellergarantien und vollst\u00e4ndiger technischer Dokumentation.<\/p>\n<h4><strong>Warum Solarmodule bei Vico Export kaufen<\/strong><\/h4>\n<ul>\n<li>Spezialisierter B2B-Vertrieb f\u00fcr professionelle Projekte<\/li>\n<li>Tier-1-Hersteller mit technischer und finanzieller Solidit\u00e4t<\/li>\n<li>Verf\u00fcgbarer Lagerbestand und Logistikabwicklung per Palette oder Container<\/li>\n<li>Technisch-kaufm\u00e4nnische Beratung f\u00fcr jede Art von Installation<\/li>\n<li>Lieferung f\u00fcr Wohn-, C&amp;I- und gro\u00dfe PV-Kraftwerksprojekte<\/li>\n<\/ul>\n<p>[\/vc_column_text][\/vc_column][\/vc_row][vc_row equal_height=&#8221;yes&#8221; el_class=&#8221;solar-cards-row&#8221;][vc_column][vc_column_text css=&#8221;.vc_custom_1767790442283{margin-bottom: 0px !important;}&#8221;]<\/p>\n<h3 style=\"text-align: center;\"><strong>Solarmodule angepasst an jede Art von Projekt<\/strong><\/h3>\n<p>[\/vc_column_text][vc_row_inner equal_height=&#8221;yes&#8221; css=&#8221;.vc_custom_1766404123749{margin-top: 10px !important;padding-bottom: 30px !important;background-color: #FFFFFF !important;}&#8221;][vc_column_inner el_class=&#8221;solar-card&#8221; width=&#8221;1\/3&#8243; css=&#8221;.vc_custom_1766399497321{border-top-width: 5px !important;border-right-width: 5px !important;border-bottom-width: 5px !important;border-left-width: 5px !important;background-color: #FFFFFF !important;background-position: center !important;background-repeat: no-repeat !important;background-size: cover !important;border-left-style: solid !important;border-right-style: solid !important;border-top-style: solid !important;border-bottom-style: solid !important;border-color: #558F98 !important;}&#8221;][vc_empty_space height=&#8221;8px&#8221;][vc_single_image image=&#8221;64407&#8243; img_size=&#8221;large&#8221; alignment=&#8221;center&#8221; css=&#8221;.vc_custom_1766069323698{margin-bottom: 0px !important;}&#8221;][vc_column_text css=&#8221;.vc_custom_1766069463153{margin-top: 0px !important;margin-bottom: 0px !important;padding-top: 15px !important;padding-bottom: 15px !important;}&#8221;]<\/p>\n<h3 style=\"text-align: center;\"><strong>RESIDENCIAL<\/strong><\/h3>\n<p>[\/vc_column_text][vc_column_text css=&#8221;.vc_custom_1767790570665{margin-top: 0px !important;}&#8221;]<\/p>\n<p>\nPanouri solare de <strong>\u00eenalt\u0103 eficien\u021b\u0103<\/strong>, concepute pentru a maximiza produc\u021bia de energie pe acoperi\u0219urile reziden\u021biale, cu accent pe estetic\u0103, fiabilitate \u0219i performan\u021b\u0103 pe termen lung.\n<\/p>\n<ul>\n<li>\n<p>Tehnologii N-Type, ABC \u0219i TOPCon<\/p>\n<\/li>\n<li>\n<p>Eficien\u021b\u0103 ridicat\u0103 \u00een spa\u021bii limitate<\/p>\n<\/li>\n<li>\n<p>Garan\u021bii extinse pentru produs \u0219i putere<\/p>\n<\/li>\n<li>\n<p>Ideale pentru autoconsum reziden\u021bial<\/p>\n<\/li>\n<\/ul>\n<p>[\/vc_column_text][\/vc_column_inner][vc_column_inner el_class=&#8221;solar-card&#8221; width=&#8221;1\/3&#8243; css=&#8221;.vc_custom_1766399501650{border-top-width: 5px !important;border-right-width: 5px !important;border-bottom-width: 5px !important;border-left-width: 5px !important;background-color: #FFFFFF !important;background-position: center !important;background-repeat: no-repeat !important;background-size: cover !important;border-left-style: solid !important;border-right-style: solid !important;border-top-style: solid !important;border-bottom-style: solid !important;border-color: #558F98 !important;}&#8221;][vc_single_image image=&#8221;64403&#8243; img_size=&#8221;full&#8221; alignment=&#8221;center&#8221; css=&#8221;.vc_custom_1766069347114{margin-bottom: 0px !important;}&#8221;][vc_column_text css=&#8221;.vc_custom_1766075802656{margin-top: 0px !important;margin-bottom: 4px !important;padding-top: 10px !important;padding-bottom: 0px !important;border-color: #FFFFFF00 !important;}&#8221;]<\/p>\n<h3 style=\"text-align: center;\"><strong>COMERCIAL &amp; INDUSTRIAL (C&amp;I)<\/strong><\/h3>\n<p>[\/vc_column_text][vc_column_text css=&#8221;.vc_custom_1767790662049{margin-top: 0px !important;}&#8221;]<\/p>\n<p>\nModule fotovoltaice concepute pentru <strong>instala\u021bii pe hale industriale, acoperi\u0219uri industriale \u0219i proiecte comerciale<\/strong>, optimiz\u00e2nd costul pe watt \u0219i LCOE-ul proiectului.\n<\/p>\n<ul>\n<li>\n<p>Putere ridicat\u0103 per modul<\/p>\n<\/li>\n<li>\n<p>Solu\u021bii bifaciale \u0219i N-Type<\/p>\n<\/li>\n<li>\n<p>Adaptate pentru acoperi\u0219uri metalice \u0219i sisteme la sol<\/p>\n<\/li>\n<li>\n<p>Accent pe fiabilitate, rentabilitate \u0219i scalabilitate<\/p>\n<\/li>\n<\/ul>\n<p>[\/vc_column_text][\/vc_column_inner][vc_column_inner el_class=&#8221;solar-card&#8221; width=&#8221;1\/3&#8243; css=&#8221;.vc_custom_1766399506930{border-top-width: 5px !important;border-right-width: 5px !important;border-bottom-width: 5px !important;border-left-width: 5px !important;background-color: #FFFFFF !important;background-position: center !important;background-repeat: no-repeat !important;background-size: cover !important;border-left-style: solid !important;border-right-style: solid !important;border-top-style: solid !important;border-bottom-style: solid !important;border-color: #558F98 !important;}&#8221;][vc_single_image image=&#8221;64411&#8243; img_size=&#8221;large&#8221; alignment=&#8221;center&#8221; css=&#8221;.vc_custom_1766069353970{margin-bottom: 0px !important;}&#8221;][vc_column_text css=&#8221;.vc_custom_1766069547432{margin-top: 0px !important;margin-bottom: 0px !important;padding-top: 15px !important;padding-bottom: 15px !important;}&#8221;]<\/p>\n<h3 style=\"text-align: center;\"><strong>UTILITY-SCALE<\/strong><\/h3>\n<p>[\/vc_column_text][vc_column_text css=&#8221;.vc_custom_1767790707578{margin-top: 0px !important;}&#8221;]<\/p>\n<p>\nPanouri solare <strong>de format mare \u0219i putere ridicat\u0103<\/strong> pentru centrale fotovoltaice la scar\u0103 mare, selectate pentru bancabilitatea \u0219i performan\u021ba lor \u00een proiecte de mai mul\u021bi MW.\n<\/p>\n<ul>\n<li>\n<p>Module bifaciale de format mare<\/p>\n<\/li>\n<li>\n<p>Compatibile cu sisteme de urm\u0103rire solar\u0103<\/p>\n<\/li>\n<li>\n<p>Optimizarea randamentului energetic<\/p>\n<\/li>\n<li>\n<p>Furnizare pentru proiecte &gt; 1 MW<\/p>\n<\/li>\n<\/ul>\n<p>[\/vc_column_text][\/vc_column_inner][\/vc_row_inner][\/vc_column][\/vc_row][vc_row css=&#8221;.vc_custom_1766403794054{margin-top: 20px !important;padding-top: 20px !important;}&#8221;][vc_column][vc_btn title=&#8221;REALIZEAZ\u0102 REZERVAREA MEA DE MATERIALE ONLINE&#8221; style=&#8221;custom&#8221; custom_background=&#8221;#558f98&#8243; custom_text=&#8221;#ffffff&#8221; align=&#8221;center&#8221; i_align=&#8221;right&#8221; i_icon_fontawesome=&#8221;&#8221; css_animation=&#8221;bounceIn&#8221; css=&#8221;.vc_custom_1767790764988{margin-top: 60px !important;}&#8221; button_block=&#8221;true&#8221; add_icon=&#8221;true&#8221; link=&#8221;url:https%3A%2F%2Fwww.vicoexport.com%2Fhome-es%2Fpedido-online%2F|target:_blank&#8221;][vc_images_carousel images=&#8221;64356,64344,64332,64352,64348,64336,64328,64372,64360,64324,64376,64364&#8243; img_size=&#8221;large&#8221; speed=&#8221;400&#8243; slides_per_view=&#8221;3&#8243; autoplay=&#8221;yes&#8221; hide_pagination_control=&#8221;yes&#8221; hide_prev_next_buttons=&#8221;yes&#8221; wrap=&#8221;yes&#8221; css=&#8221;&#8221;][vc_column_text css=&#8221;.vc_custom_1767790851704{margin-top: 50px !important;}&#8221;]<\/p>\n<h3 style=\"text-align: center;\">Nu mai a\u0219tepta! \u00ce\u021bi facem lucrurile u\u0219oare<\/h3>\n<h3 style=\"text-align: center;\">\n  <strong>Gestioneaz\u0103 rezervarea materialelor tale 24\/7, 365 de zile pe an<\/strong><br \/>\n<\/h3>\n<p>[\/vc_column_text][\/vc_column][\/vc_row]<\/p>\n<\/div>","protected":false},"excerpt":{"rendered":"<p>[vc_row][vc_column][vc_single_image image=&#8221;64568&#8243; img_size=&#8221;full&#8221; onclick=&#8221;custom_link&#8221; css=&#8221;&#8221; link=&#8221;https:\/\/www.vicoexport.com\/en\/home-es\/tiendaonline\/&#8221;][vc_column_text css=&#8221;.vc_custom_1767790185828{padding-top: 15px !important;}&#8221;] Solarmodule f\u00fcr Installateure und professionelle Projekte Vertrieb von Tier-1-Modulen f\u00fcr Wohngeb\u00e4ude, C&amp;I und Utility-Scale-Projekte mit realem Lagerbestand und technischem Support. [\/vc_column_text][vc_column_text css=&#8221;&#8221;]Bei Vico Export Solar Energy sind wir ein professioneller Distributor von photovoltaischen Solarmodulen f\u00fcr Installateure, H\u00e4ndler und EPC-Unternehmen. Wir arbeiten ausschlie\u00dflich mit Tier-1-Herstellern und bieten [&hellip;]<\/p>\n","protected":false},"author":1,"featured_media":0,"parent":43128,"menu_order":5,"comment_status":"closed","ping_status":"closed","template":"","meta":{"_joinchat":[],"footnotes":""},"class_list":["post-42870","page","type-page","status-publish","hentry"],"yoast_head":"<!-- This site is optimized with the Yoast SEO plugin v27.2 - https:\/\/yoast.com\/product\/yoast-seo-wordpress\/ -->\n<title>Gro\u00dfhandel mit Solarmodulen | Tier-1-Module f\u00fcr Installateure<\/title>\n<meta name=\"description\" content=\"Solarmodule im Gro\u00dfhandel f\u00fcr professionelle Installateure. Tier-1-Modulbestand f\u00fcr Wohn-, Gewerbe- und Utility-Scale-Projekte.\" \/>\n<meta name=\"robots\" content=\"index, follow, max-snippet:-1, max-image-preview:large, max-video-preview:-1\" \/>\n<link rel=\"canonical\" href=\"https:\/\/www.vicoexport.com\/de\/home-es\/solarmodule\/\" \/>\n<meta property=\"og:locale\" content=\"de_DE\" \/>\n<meta property=\"og:type\" content=\"article\" \/>\n<meta property=\"og:title\" content=\"Gro\u00dfhandel mit Solarmodulen | Tier-1-Module f\u00fcr Installateure\" \/>\n<meta property=\"og:description\" content=\"Solarmodule im Gro\u00dfhandel f\u00fcr professionelle Installateure. Tier-1-Modulbestand f\u00fcr Wohn-, Gewerbe- und Utility-Scale-Projekte.\" \/>\n<meta property=\"og:url\" content=\"https:\/\/www.vicoexport.com\/de\/home-es\/solarmodule\/\" \/>\n<meta property=\"og:site_name\" content=\"Vico Export Solar Energy\" \/>\n<meta property=\"article:publisher\" content=\"https:\/\/www.facebook.com\/vicoexport.vicoexportsolar\" \/>\n<meta property=\"article:modified_time\" content=\"2026-01-07T13:16:17+00:00\" \/>\n<meta property=\"og:image\" content=\"https:\/\/www.vicoexport.com\/wp-content\/uploads\/2021\/01\/LOGO-Vico-Export-Solar-energy-CH-www.vicoexport.com_.jpg\" \/>\n\t<meta property=\"og:image:width\" content=\"1259\" \/>\n\t<meta property=\"og:image:height\" content=\"1278\" \/>\n\t<meta property=\"og:image:type\" content=\"image\/jpeg\" \/>\n<meta name=\"twitter:card\" content=\"summary_large_image\" \/>\n<meta name=\"twitter:site\" content=\"@VicoExportSolar\" \/>\n<script type=\"application\/ld+json\" class=\"yoast-schema-graph\">{\"@context\":\"https:\/\/schema.org\",\"@graph\":[{\"@type\":\"WebPage\",\"@id\":\"https:\/\/www.vicoexport.com\/de\/home-es\/solarmodule\/\",\"url\":\"https:\/\/www.vicoexport.com\/de\/home-es\/solarmodule\/\",\"name\":\"Gro\u00dfhandel mit Solarmodulen | Tier-1-Module f\u00fcr Installateure\",\"isPartOf\":{\"@id\":\"https:\/\/www.vicoexport.com\/#website\"},\"datePublished\":\"2012-03-29T20:03:21+00:00\",\"dateModified\":\"2026-01-07T13:16:17+00:00\",\"description\":\"Solarmodule im Gro\u00dfhandel f\u00fcr professionelle Installateure. Tier-1-Modulbestand f\u00fcr Wohn-, Gewerbe- und Utility-Scale-Projekte.\",\"breadcrumb\":{\"@id\":\"https:\/\/www.vicoexport.com\/de\/home-es\/solarmodule\/#breadcrumb\"},\"inLanguage\":\"de\",\"potentialAction\":[{\"@type\":\"ReadAction\",\"target\":[\"https:\/\/www.vicoexport.com\/de\/home-es\/solarmodule\/\"]}]},{\"@type\":\"BreadcrumbList\",\"@id\":\"https:\/\/www.vicoexport.com\/de\/home-es\/solarmodule\/#breadcrumb\",\"itemListElement\":[{\"@type\":\"ListItem\",\"position\":1,\"name\":\"Portada\",\"item\":\"https:\/\/www.vicoexport.com\/de\/\"},{\"@type\":\"ListItem\",\"position\":2,\"name\":\"Inicio\",\"item\":\"https:\/\/www.vicoexport.com\/de\/\"},{\"@type\":\"ListItem\",\"position\":3,\"name\":\"Solarmodule\"}]},{\"@type\":\"WebSite\",\"@id\":\"https:\/\/www.vicoexport.com\/#website\",\"url\":\"https:\/\/www.vicoexport.com\/\",\"name\":\"Vico Export Solar Energy\",\"description\":\"Vico Export Solar Energy Distribuidor Mayorista de Paneles Solares Fotovoltaicos\",\"publisher\":{\"@id\":\"https:\/\/www.vicoexport.com\/#organization\"},\"potentialAction\":[{\"@type\":\"SearchAction\",\"target\":{\"@type\":\"EntryPoint\",\"urlTemplate\":\"https:\/\/www.vicoexport.com\/?s={search_term_string}\"},\"query-input\":{\"@type\":\"PropertyValueSpecification\",\"valueRequired\":true,\"valueName\":\"search_term_string\"}}],\"inLanguage\":\"de\"},{\"@type\":\"Organization\",\"@id\":\"https:\/\/www.vicoexport.com\/#organization\",\"name\":\"Vico Export Solar Energy\",\"url\":\"https:\/\/www.vicoexport.com\/\",\"logo\":{\"@type\":\"ImageObject\",\"inLanguage\":\"de\",\"@id\":\"https:\/\/www.vicoexport.com\/#\/schema\/logo\/image\/\",\"url\":\"https:\/\/www.vicoexport.com\/wp-content\/uploads\/2018\/02\/Vico-Export-Solar-energy.jpg\",\"contentUrl\":\"https:\/\/www.vicoexport.com\/wp-content\/uploads\/2018\/02\/Vico-Export-Solar-energy.jpg\",\"width\":1006,\"height\":1024,\"caption\":\"Vico Export Solar Energy\"},\"image\":{\"@id\":\"https:\/\/www.vicoexport.com\/#\/schema\/logo\/image\/\"},\"sameAs\":[\"https:\/\/www.facebook.com\/vicoexport.vicoexportsolar\",\"https:\/\/x.com\/VicoExportSolar\",\"https:\/\/www.instagram.com\/vico_export_solar_energy\",\"https:\/\/www.linkedin.com\/in\/vicoexport\",\"https:\/\/www.youtube.com\/user\/vicoexport\/\"]}]}<\/script>\n<!-- \/ Yoast SEO plugin. -->","yoast_head_json":{"title":"Gro\u00dfhandel mit Solarmodulen | Tier-1-Module f\u00fcr Installateure","description":"Solarmodule im Gro\u00dfhandel f\u00fcr professionelle Installateure. Tier-1-Modulbestand f\u00fcr Wohn-, Gewerbe- und Utility-Scale-Projekte.","robots":{"index":"index","follow":"follow","max-snippet":"max-snippet:-1","max-image-preview":"max-image-preview:large","max-video-preview":"max-video-preview:-1"},"canonical":"https:\/\/www.vicoexport.com\/de\/home-es\/solarmodule\/","og_locale":"de_DE","og_type":"article","og_title":"Gro\u00dfhandel mit Solarmodulen | Tier-1-Module f\u00fcr Installateure","og_description":"Solarmodule im Gro\u00dfhandel f\u00fcr professionelle Installateure. Tier-1-Modulbestand f\u00fcr Wohn-, Gewerbe- und Utility-Scale-Projekte.","og_url":"https:\/\/www.vicoexport.com\/de\/home-es\/solarmodule\/","og_site_name":"Vico Export Solar Energy","article_publisher":"https:\/\/www.facebook.com\/vicoexport.vicoexportsolar","article_modified_time":"2026-01-07T13:16:17+00:00","og_image":[{"width":1259,"height":1278,"url":"https:\/\/www.vicoexport.com\/wp-content\/uploads\/2021\/01\/LOGO-Vico-Export-Solar-energy-CH-www.vicoexport.com_.jpg","type":"image\/jpeg"}],"twitter_card":"summary_large_image","twitter_site":"@VicoExportSolar","schema":{"@context":"https:\/\/schema.org","@graph":[{"@type":"WebPage","@id":"https:\/\/www.vicoexport.com\/de\/home-es\/solarmodule\/","url":"https:\/\/www.vicoexport.com\/de\/home-es\/solarmodule\/","name":"Gro\u00dfhandel mit Solarmodulen | Tier-1-Module f\u00fcr Installateure","isPartOf":{"@id":"https:\/\/www.vicoexport.com\/#website"},"datePublished":"2012-03-29T20:03:21+00:00","dateModified":"2026-01-07T13:16:17+00:00","description":"Solarmodule im Gro\u00dfhandel f\u00fcr professionelle Installateure. Tier-1-Modulbestand f\u00fcr Wohn-, Gewerbe- und Utility-Scale-Projekte.","breadcrumb":{"@id":"https:\/\/www.vicoexport.com\/de\/home-es\/solarmodule\/#breadcrumb"},"inLanguage":"de","potentialAction":[{"@type":"ReadAction","target":["https:\/\/www.vicoexport.com\/de\/home-es\/solarmodule\/"]}]},{"@type":"BreadcrumbList","@id":"https:\/\/www.vicoexport.com\/de\/home-es\/solarmodule\/#breadcrumb","itemListElement":[{"@type":"ListItem","position":1,"name":"Portada","item":"https:\/\/www.vicoexport.com\/de\/"},{"@type":"ListItem","position":2,"name":"Inicio","item":"https:\/\/www.vicoexport.com\/de\/"},{"@type":"ListItem","position":3,"name":"Solarmodule"}]},{"@type":"WebSite","@id":"https:\/\/www.vicoexport.com\/#website","url":"https:\/\/www.vicoexport.com\/","name":"Vico Export Solar Energy","description":"Vico Export Solar Energy Distribuidor Mayorista de Paneles Solares Fotovoltaicos","publisher":{"@id":"https:\/\/www.vicoexport.com\/#organization"},"potentialAction":[{"@type":"SearchAction","target":{"@type":"EntryPoint","urlTemplate":"https:\/\/www.vicoexport.com\/?s={search_term_string}"},"query-input":{"@type":"PropertyValueSpecification","valueRequired":true,"valueName":"search_term_string"}}],"inLanguage":"de"},{"@type":"Organization","@id":"https:\/\/www.vicoexport.com\/#organization","name":"Vico Export Solar Energy","url":"https:\/\/www.vicoexport.com\/","logo":{"@type":"ImageObject","inLanguage":"de","@id":"https:\/\/www.vicoexport.com\/#\/schema\/logo\/image\/","url":"https:\/\/www.vicoexport.com\/wp-content\/uploads\/2018\/02\/Vico-Export-Solar-energy.jpg","contentUrl":"https:\/\/www.vicoexport.com\/wp-content\/uploads\/2018\/02\/Vico-Export-Solar-energy.jpg","width":1006,"height":1024,"caption":"Vico Export Solar Energy"},"image":{"@id":"https:\/\/www.vicoexport.com\/#\/schema\/logo\/image\/"},"sameAs":["https:\/\/www.facebook.com\/vicoexport.vicoexportsolar","https:\/\/x.com\/VicoExportSolar","https:\/\/www.instagram.com\/vico_export_solar_energy","https:\/\/www.linkedin.com\/in\/vicoexport","https:\/\/www.youtube.com\/user\/vicoexport\/"]}]}},"_links":{"self":[{"href":"https:\/\/www.vicoexport.com\/de\/wp-json\/wp\/v2\/pages\/42870","targetHints":{"allow":["GET"]}}],"collection":[{"href":"https:\/\/www.vicoexport.com\/de\/wp-json\/wp\/v2\/pages"}],"about":[{"href":"https:\/\/www.vicoexport.com\/de\/wp-json\/wp\/v2\/types\/page"}],"author":[{"embeddable":true,"href":"https:\/\/www.vicoexport.com\/de\/wp-json\/wp\/v2\/users\/1"}],"replies":[{"embeddable":true,"href":"https:\/\/www.vicoexport.com\/de\/wp-json\/wp\/v2\/comments?post=42870"}],"version-history":[{"count":8,"href":"https:\/\/www.vicoexport.com\/de\/wp-json\/wp\/v2\/pages\/42870\/revisions"}],"predecessor-version":[{"id":64579,"href":"https:\/\/www.vicoexport.com\/de\/wp-json\/wp\/v2\/pages\/42870\/revisions\/64579"}],"up":[{"embeddable":true,"href":"https:\/\/www.vicoexport.com\/de\/wp-json\/wp\/v2\/pages\/43128"}],"wp:attachment":[{"href":"https:\/\/www.vicoexport.com\/de\/wp-json\/wp\/v2\/media?parent=42870"}],"curies":[{"name":"wp","href":"https:\/\/api.w.org\/{rel}","templated":true}]}}