{"id":43084,"date":"2012-03-29T20:05:00","date_gmt":"2012-03-29T20:05:00","guid":{"rendered":"https:\/\/www.vicoexport.com\/inversores-electricos\/"},"modified":"2024-05-20T15:59:16","modified_gmt":"2024-05-20T13:59:16","slug":"wechselrichter","status":"publish","type":"page","link":"https:\/\/www.vicoexport.com\/de\/home-es\/wechselrichter\/","title":{"rendered":"Wechselrichter"},"content":{"rendered":"<div class=\"wpb-content-wrapper\"><p>[vc_row][vc_column][vc_single_image image=&#8221;43085&#8243; alignment=&#8221;center&#8221;][vc_column_text]<\/p>\n<h2 style=\"text-align: center;\"><strong><span style=\"color: #519097;\">INVERSORES EL\u00c9CTRICOS VICO EXPORT SOLAR ENERGY\u00a0<\/span><\/strong><\/h2>\n<p>[\/vc_column_text][vc_column_text]Die in photovoltaischen Solaranlagen verwendeten Wechselrichter sind grundlegende Elemente zur <strong>Umwandlung von Gleichstrom (DC) in Wechselstrom (AC)<\/strong>. Dies erm\u00f6glicht den Einsatz elektrischer Ger\u00e4te, die f\u00fcr den Betrieb mit Wechselstrom aus einer Gleichstromquelle ausgelegt sind, wie Batterien, Solarzellen oder Fahrzeuge. Sie sind sehr n\u00fctzlich in Situationen, in denen kein Zugang zum herk\u00f6mmlichen Stromnetz vorhanden ist.<\/p>\n<p>Auf dem Markt gibt es jedoch viele Arten von Wechselrichtern mit unterschiedlichen Eigenschaften und Kapazit\u00e4ten. Aus diesem Grund muss man wissen, wie man den idealen Wechselrichter f\u00fcr die jeweilige Anlage ausw\u00e4hlt und ob er f\u00fcr den Netzanschluss geeignet ist (dies sind die Wechselrichter, die in netzgekoppelten Photovoltaikanlagen verwendet werden). Bei diesen Wechselrichtern gibt es zwei Varianten, Hybridwechselrichter &#8211; mit der M\u00f6glichkeit, mit Batterien zu arbeiten &#8211; und Mikrowechselrichter &#8211; f\u00fcr Anlagen mit geringerem Energiebedarf -). Es gibt auch <strong>Wechselrichter f\u00fcr Inselsysteme<\/strong> (dies sind die aktuellen Wechselrichter, die in isolierten Photovoltaikanlagen verwendet werden. Innerhalb dieser Art von Wechselrichtern gibt es Wechselrichter mit Batterie und Wechselrichter mit Ladeger\u00e4ten und Reglern) Schlie\u00dflich gibt es auch Wechselrichter f\u00fcr Eigenverbrauchsanlagen.<\/p>\n<p>Bei Vico Export Solar Energy arbeiten wir mit den wichtigsten Marken von Wechselrichtern: <strong>Sungrow, SolaX Power<\/strong> und <strong>Huawei<\/strong>, um nur einige zu nennen.[\/vc_column_text][vc_row_inner][vc_column_inner width=&#8221;1\/3&#8243;][vc_single_image image=&#8221;43094&#8243; img_size=&#8221;large&#8221; alignment=&#8221;center&#8221;][vc_btn title=&#8221;Mehr Investoren SUNGROW&#8221; style=&#8221;custom&#8221; custom_background=&#8221;#558f98&#8243; custom_text=&#8221;#ffffff&#8221; align=&#8221;center&#8221; i_align=&#8221;right&#8221; i_icon_fontawesome=&#8221;fas fa-chevron-circle-right&#8221; add_icon=&#8221;true&#8221; link=&#8221;url:https%3A%2F%2Fwww.vicoexport.com%2Fde%2Fhome-de%2Fwechselrichter%2Fsungrow%2F|target:_blank&#8221;][\/vc_column_inner][vc_column_inner width=&#8221;1\/3&#8243;][vc_single_image image=&#8221;43093&#8243; img_size=&#8221;large&#8221; alignment=&#8221;center&#8221;][vc_btn title=&#8221;Mehr Investoren SOLAX&#8221; style=&#8221;custom&#8221; custom_background=&#8221;#558f98&#8243; custom_text=&#8221;#ffffff&#8221; align=&#8221;center&#8221; i_align=&#8221;right&#8221; i_icon_fontawesome=&#8221;fas fa-chevron-circle-right&#8221; add_icon=&#8221;true&#8221; link=&#8221;url:https%3A%2F%2Fwww.vicoexport.com%2Fde%2Fhome-de%2Fwechselrichter%2Fsolax-power%2F|target:_blank&#8221;][\/vc_column_inner][vc_column_inner width=&#8221;1\/3&#8243;][vc_single_image image=&#8221;43092&#8243; img_size=&#8221;large&#8221;][vc_btn title=&#8221;Mehr Investoren HUAWEI&#8221; style=&#8221;custom&#8221; custom_background=&#8221;#558f98&#8243; custom_text=&#8221;#ffffff&#8221; align=&#8221;center&#8221; i_align=&#8221;right&#8221; i_icon_fontawesome=&#8221;fas fa-chevron-circle-right&#8221; add_icon=&#8221;true&#8221; link=&#8221;url:https%3A%2F%2Fwww.vicoexport.com%2Fde%2Fhome-de%2Fwechselrichter%2Fhuawei%2F|target:_blank&#8221;][\/vc_column_inner][\/vc_row_inner][\/vc_column][\/vc_row][vc_row][vc_column][vc_separator color=&#8221;white&#8221;][vc_column_text css=&#8221;.vc_custom_1716213435678{margin-top: 50px !important;}&#8221;]<\/p>\n<h3 style=\"text-align: center;\">Warten Sie nicht! Wir machen es Ihnen leicht<\/h3>\n<h3 style=\"text-align: center;\"><strong>Verwalten Sie Ihre Ger\u00e4tebuchung 24 Stunden am Tag, 365 Tage im Jahr.<\/strong><\/h3>\n<p>[\/vc_column_text][vc_btn title=&#8221;MATERIAL ONLINE BUCHEN&#8221; style=&#8221;custom&#8221; custom_background=&#8221;#558f98&#8243; custom_text=&#8221;#ffffff&#8221; align=&#8221;center&#8221; i_align=&#8221;right&#8221; i_icon_fontawesome=&#8221;fas fa-shopping-cart&#8221; css_animation=&#8221;bounceIn&#8221; button_block=&#8221;true&#8221; add_icon=&#8221;true&#8221; link=&#8221;url:https%3A%2F%2Fwww.vicoexport.com%2Fhome-4%2Fpedido-online%2F|target:_blank|&#8221;][\/vc_column][\/vc_row]<\/p>\n<\/div>","protected":false},"excerpt":{"rendered":"<p>[vc_row][vc_column][vc_single_image image=&#8221;43085&#8243; alignment=&#8221;center&#8221;][vc_column_text] INVERSORES EL\u00c9CTRICOS VICO EXPORT SOLAR ENERGY\u00a0 [\/vc_column_text][vc_column_text]Die in photovoltaischen Solaranlagen verwendeten Wechselrichter sind grundlegende Elemente zur Umwandlung von Gleichstrom (DC) in Wechselstrom (AC). Dies erm\u00f6glicht den Einsatz elektrischer Ger\u00e4te, die f\u00fcr den Betrieb mit Wechselstrom aus einer Gleichstromquelle ausgelegt sind, wie Batterien, Solarzellen oder Fahrzeuge. Sie sind sehr n\u00fctzlich in Situationen, in [&hellip;]<\/p>\n","protected":false},"author":1,"featured_media":43086,"parent":43128,"menu_order":6,"comment_status":"closed","ping_status":"closed","template":"","meta":{"_joinchat":[],"footnotes":""},"class_list":["post-43084","page","type-page","status-publish","has-post-thumbnail","hentry"],"yoast_head":"<!-- This site is optimized with the Yoast SEO plugin v27.3 - https:\/\/yoast.com\/product\/yoast-seo-wordpress\/ -->\n<title>Wechselrichter | Vico Export Solar Energy<\/title>\n<meta name=\"description\" content=\"Wechselrichter werden in Photovoltaikanlagen eingesetzt, um Gleichstrom in Wechselstrom umzuwandeln. Beste Preise.\" \/>\n<meta name=\"robots\" content=\"index, follow, max-snippet:-1, max-image-preview:large, max-video-preview:-1\" \/>\n<link rel=\"canonical\" href=\"https:\/\/www.vicoexport.com\/de\/home-es\/wechselrichter\/\" \/>\n<meta property=\"og:locale\" content=\"de_DE\" \/>\n<meta property=\"og:type\" content=\"article\" \/>\n<meta property=\"og:title\" content=\"Wechselrichter | Vico Export Solar Energy\" \/>\n<meta property=\"og:description\" content=\"Wechselrichter werden in Photovoltaikanlagen eingesetzt, um Gleichstrom in Wechselstrom umzuwandeln. Beste Preise.\" \/>\n<meta property=\"og:url\" content=\"https:\/\/www.vicoexport.com\/de\/home-es\/wechselrichter\/\" \/>\n<meta property=\"og:site_name\" content=\"Vico Export Solar Energy\" \/>\n<meta property=\"article:publisher\" content=\"https:\/\/www.facebook.com\/vicoexport.vicoexportsolar\" \/>\n<meta property=\"article:modified_time\" content=\"2024-05-20T13:59:16+00:00\" \/>\n<meta property=\"og:image\" content=\"https:\/\/www.vicoexport.com\/wp-content\/uploads\/2023\/03\/sungrow-vico-export-solar-energy-blog-2.jpg\" \/>\n\t<meta property=\"og:image:width\" content=\"900\" \/>\n\t<meta property=\"og:image:height\" content=\"1080\" \/>\n\t<meta property=\"og:image:type\" content=\"image\/jpeg\" \/>\n<meta name=\"twitter:card\" content=\"summary_large_image\" \/>\n<meta name=\"twitter:site\" content=\"@VicoExportSolar\" \/>\n<script type=\"application\/ld+json\" class=\"yoast-schema-graph\">{\"@context\":\"https:\\\/\\\/schema.org\",\"@graph\":[{\"@type\":\"WebPage\",\"@id\":\"https:\\\/\\\/www.vicoexport.com\\\/de\\\/home-es\\\/wechselrichter\\\/\",\"url\":\"https:\\\/\\\/www.vicoexport.com\\\/de\\\/home-es\\\/wechselrichter\\\/\",\"name\":\"Wechselrichter | Vico Export Solar Energy\",\"isPartOf\":{\"@id\":\"https:\\\/\\\/www.vicoexport.com\\\/#website\"},\"primaryImageOfPage\":{\"@id\":\"https:\\\/\\\/www.vicoexport.com\\\/de\\\/home-es\\\/wechselrichter\\\/#primaryimage\"},\"image\":{\"@id\":\"https:\\\/\\\/www.vicoexport.com\\\/de\\\/home-es\\\/wechselrichter\\\/#primaryimage\"},\"thumbnailUrl\":\"https:\\\/\\\/www.vicoexport.com\\\/wp-content\\\/uploads\\\/2023\\\/03\\\/sungrow-vico-export-solar-energy-blog-2.jpg\",\"datePublished\":\"2012-03-29T20:05:00+00:00\",\"dateModified\":\"2024-05-20T13:59:16+00:00\",\"description\":\"Wechselrichter werden in Photovoltaikanlagen eingesetzt, um Gleichstrom in Wechselstrom umzuwandeln. Beste Preise.\",\"breadcrumb\":{\"@id\":\"https:\\\/\\\/www.vicoexport.com\\\/de\\\/home-es\\\/wechselrichter\\\/#breadcrumb\"},\"inLanguage\":\"de\",\"potentialAction\":[{\"@type\":\"ReadAction\",\"target\":[\"https:\\\/\\\/www.vicoexport.com\\\/de\\\/home-es\\\/wechselrichter\\\/\"]}]},{\"@type\":\"ImageObject\",\"inLanguage\":\"de\",\"@id\":\"https:\\\/\\\/www.vicoexport.com\\\/de\\\/home-es\\\/wechselrichter\\\/#primaryimage\",\"url\":\"https:\\\/\\\/www.vicoexport.com\\\/wp-content\\\/uploads\\\/2023\\\/03\\\/sungrow-vico-export-solar-energy-blog-2.jpg\",\"contentUrl\":\"https:\\\/\\\/www.vicoexport.com\\\/wp-content\\\/uploads\\\/2023\\\/03\\\/sungrow-vico-export-solar-energy-blog-2.jpg\",\"width\":900,\"height\":1080},{\"@type\":\"BreadcrumbList\",\"@id\":\"https:\\\/\\\/www.vicoexport.com\\\/de\\\/home-es\\\/wechselrichter\\\/#breadcrumb\",\"itemListElement\":[{\"@type\":\"ListItem\",\"position\":1,\"name\":\"Portada\",\"item\":\"https:\\\/\\\/www.vicoexport.com\\\/de\\\/\"},{\"@type\":\"ListItem\",\"position\":2,\"name\":\"Inicio\",\"item\":\"https:\\\/\\\/www.vicoexport.com\\\/de\\\/\"},{\"@type\":\"ListItem\",\"position\":3,\"name\":\"Wechselrichter\"}]},{\"@type\":\"WebSite\",\"@id\":\"https:\\\/\\\/www.vicoexport.com\\\/#website\",\"url\":\"https:\\\/\\\/www.vicoexport.com\\\/\",\"name\":\"Vico Export Solar Energy\",\"description\":\"Vico Export Solar Energy Distribuidor Mayorista de Paneles Solares Fotovoltaicos\",\"publisher\":{\"@id\":\"https:\\\/\\\/www.vicoexport.com\\\/#organization\"},\"potentialAction\":[{\"@type\":\"SearchAction\",\"target\":{\"@type\":\"EntryPoint\",\"urlTemplate\":\"https:\\\/\\\/www.vicoexport.com\\\/?s={search_term_string}\"},\"query-input\":{\"@type\":\"PropertyValueSpecification\",\"valueRequired\":true,\"valueName\":\"search_term_string\"}}],\"inLanguage\":\"de\"},{\"@type\":\"Organization\",\"@id\":\"https:\\\/\\\/www.vicoexport.com\\\/#organization\",\"name\":\"Vico Export Solar Energy\",\"url\":\"https:\\\/\\\/www.vicoexport.com\\\/\",\"logo\":{\"@type\":\"ImageObject\",\"inLanguage\":\"de\",\"@id\":\"https:\\\/\\\/www.vicoexport.com\\\/#\\\/schema\\\/logo\\\/image\\\/\",\"url\":\"https:\\\/\\\/www.vicoexport.com\\\/wp-content\\\/uploads\\\/2018\\\/02\\\/Vico-Export-Solar-energy.jpg\",\"contentUrl\":\"https:\\\/\\\/www.vicoexport.com\\\/wp-content\\\/uploads\\\/2018\\\/02\\\/Vico-Export-Solar-energy.jpg\",\"width\":1006,\"height\":1024,\"caption\":\"Vico Export Solar Energy\"},\"image\":{\"@id\":\"https:\\\/\\\/www.vicoexport.com\\\/#\\\/schema\\\/logo\\\/image\\\/\"},\"sameAs\":[\"https:\\\/\\\/www.facebook.com\\\/vicoexport.vicoexportsolar\",\"https:\\\/\\\/x.com\\\/VicoExportSolar\",\"https:\\\/\\\/www.instagram.com\\\/vico_export_solar_energy\",\"https:\\\/\\\/www.linkedin.com\\\/in\\\/vicoexport\",\"https:\\\/\\\/www.youtube.com\\\/user\\\/vicoexport\\\/\"]}]}<\/script>\n<!-- \/ Yoast SEO plugin. -->","yoast_head_json":{"title":"Wechselrichter | Vico Export Solar Energy","description":"Wechselrichter werden in Photovoltaikanlagen eingesetzt, um Gleichstrom in Wechselstrom umzuwandeln. Beste Preise.","robots":{"index":"index","follow":"follow","max-snippet":"max-snippet:-1","max-image-preview":"max-image-preview:large","max-video-preview":"max-video-preview:-1"},"canonical":"https:\/\/www.vicoexport.com\/de\/home-es\/wechselrichter\/","og_locale":"de_DE","og_type":"article","og_title":"Wechselrichter | Vico Export Solar Energy","og_description":"Wechselrichter werden in Photovoltaikanlagen eingesetzt, um Gleichstrom in Wechselstrom umzuwandeln. Beste Preise.","og_url":"https:\/\/www.vicoexport.com\/de\/home-es\/wechselrichter\/","og_site_name":"Vico Export Solar Energy","article_publisher":"https:\/\/www.facebook.com\/vicoexport.vicoexportsolar","article_modified_time":"2024-05-20T13:59:16+00:00","og_image":[{"width":900,"height":1080,"url":"https:\/\/www.vicoexport.com\/wp-content\/uploads\/2023\/03\/sungrow-vico-export-solar-energy-blog-2.jpg","type":"image\/jpeg"}],"twitter_card":"summary_large_image","twitter_site":"@VicoExportSolar","schema":{"@context":"https:\/\/schema.org","@graph":[{"@type":"WebPage","@id":"https:\/\/www.vicoexport.com\/de\/home-es\/wechselrichter\/","url":"https:\/\/www.vicoexport.com\/de\/home-es\/wechselrichter\/","name":"Wechselrichter | Vico Export Solar Energy","isPartOf":{"@id":"https:\/\/www.vicoexport.com\/#website"},"primaryImageOfPage":{"@id":"https:\/\/www.vicoexport.com\/de\/home-es\/wechselrichter\/#primaryimage"},"image":{"@id":"https:\/\/www.vicoexport.com\/de\/home-es\/wechselrichter\/#primaryimage"},"thumbnailUrl":"https:\/\/www.vicoexport.com\/wp-content\/uploads\/2023\/03\/sungrow-vico-export-solar-energy-blog-2.jpg","datePublished":"2012-03-29T20:05:00+00:00","dateModified":"2024-05-20T13:59:16+00:00","description":"Wechselrichter werden in Photovoltaikanlagen eingesetzt, um Gleichstrom in Wechselstrom umzuwandeln. Beste Preise.","breadcrumb":{"@id":"https:\/\/www.vicoexport.com\/de\/home-es\/wechselrichter\/#breadcrumb"},"inLanguage":"de","potentialAction":[{"@type":"ReadAction","target":["https:\/\/www.vicoexport.com\/de\/home-es\/wechselrichter\/"]}]},{"@type":"ImageObject","inLanguage":"de","@id":"https:\/\/www.vicoexport.com\/de\/home-es\/wechselrichter\/#primaryimage","url":"https:\/\/www.vicoexport.com\/wp-content\/uploads\/2023\/03\/sungrow-vico-export-solar-energy-blog-2.jpg","contentUrl":"https:\/\/www.vicoexport.com\/wp-content\/uploads\/2023\/03\/sungrow-vico-export-solar-energy-blog-2.jpg","width":900,"height":1080},{"@type":"BreadcrumbList","@id":"https:\/\/www.vicoexport.com\/de\/home-es\/wechselrichter\/#breadcrumb","itemListElement":[{"@type":"ListItem","position":1,"name":"Portada","item":"https:\/\/www.vicoexport.com\/de\/"},{"@type":"ListItem","position":2,"name":"Inicio","item":"https:\/\/www.vicoexport.com\/de\/"},{"@type":"ListItem","position":3,"name":"Wechselrichter"}]},{"@type":"WebSite","@id":"https:\/\/www.vicoexport.com\/#website","url":"https:\/\/www.vicoexport.com\/","name":"Vico Export Solar Energy","description":"Vico Export Solar Energy Distribuidor Mayorista de Paneles Solares Fotovoltaicos","publisher":{"@id":"https:\/\/www.vicoexport.com\/#organization"},"potentialAction":[{"@type":"SearchAction","target":{"@type":"EntryPoint","urlTemplate":"https:\/\/www.vicoexport.com\/?s={search_term_string}"},"query-input":{"@type":"PropertyValueSpecification","valueRequired":true,"valueName":"search_term_string"}}],"inLanguage":"de"},{"@type":"Organization","@id":"https:\/\/www.vicoexport.com\/#organization","name":"Vico Export Solar Energy","url":"https:\/\/www.vicoexport.com\/","logo":{"@type":"ImageObject","inLanguage":"de","@id":"https:\/\/www.vicoexport.com\/#\/schema\/logo\/image\/","url":"https:\/\/www.vicoexport.com\/wp-content\/uploads\/2018\/02\/Vico-Export-Solar-energy.jpg","contentUrl":"https:\/\/www.vicoexport.com\/wp-content\/uploads\/2018\/02\/Vico-Export-Solar-energy.jpg","width":1006,"height":1024,"caption":"Vico Export Solar Energy"},"image":{"@id":"https:\/\/www.vicoexport.com\/#\/schema\/logo\/image\/"},"sameAs":["https:\/\/www.facebook.com\/vicoexport.vicoexportsolar","https:\/\/x.com\/VicoExportSolar","https:\/\/www.instagram.com\/vico_export_solar_energy","https:\/\/www.linkedin.com\/in\/vicoexport","https:\/\/www.youtube.com\/user\/vicoexport\/"]}]}},"_links":{"self":[{"href":"https:\/\/www.vicoexport.com\/de\/wp-json\/wp\/v2\/pages\/43084","targetHints":{"allow":["GET"]}}],"collection":[{"href":"https:\/\/www.vicoexport.com\/de\/wp-json\/wp\/v2\/pages"}],"about":[{"href":"https:\/\/www.vicoexport.com\/de\/wp-json\/wp\/v2\/types\/page"}],"author":[{"embeddable":true,"href":"https:\/\/www.vicoexport.com\/de\/wp-json\/wp\/v2\/users\/1"}],"replies":[{"embeddable":true,"href":"https:\/\/www.vicoexport.com\/de\/wp-json\/wp\/v2\/comments?post=43084"}],"version-history":[{"count":0,"href":"https:\/\/www.vicoexport.com\/de\/wp-json\/wp\/v2\/pages\/43084\/revisions"}],"up":[{"embeddable":true,"href":"https:\/\/www.vicoexport.com\/de\/wp-json\/wp\/v2\/pages\/43128"}],"wp:featuredmedia":[{"embeddable":true,"href":"https:\/\/www.vicoexport.com\/de\/wp-json\/wp\/v2\/media\/43086"}],"wp:attachment":[{"href":"https:\/\/www.vicoexport.com\/de\/wp-json\/wp\/v2\/media?parent=43084"}],"curies":[{"name":"wp","href":"https:\/\/api.w.org\/{rel}","templated":true}]}}