{"id":43111,"date":"2019-12-20T11:48:18","date_gmt":"2019-12-20T11:48:18","guid":{"rendered":"https:\/\/www.vicoexport.com\/wechselrichter\/distribuidor-oficial-inversores-huawei\/"},"modified":"2024-03-26T14:08:05","modified_gmt":"2024-03-26T13:08:05","slug":"huawei","status":"publish","type":"page","link":"https:\/\/www.vicoexport.com\/de\/home-es\/wechselrichter\/huawei\/","title":{"rendered":"Huawei"},"content":{"rendered":"<div class=\"wpb-content-wrapper\"><p>[vc_row][vc_column][vc_single_image image=&#8221;43090&#8243; img_size=&#8221;&#8221; alignment=&#8221;center&#8221; css=&#8221;.vc_custom_1676034041813{padding-top: 50px !important;}&#8221;][vc_empty_space][vc_column_text]<a href=\"https:\/\/solar.huawei.com\/es\">Huawei<\/a> gilt als eine der f\u00fchrenden Technologiemarken der Welt. Das Unternehmen verf\u00fcgt \u00fcber eine breite Palette intelligenter Photovoltaik-Energiel\u00f6sungen dank seiner mehr als 20-j\u00e4hrigen Erfahrung in diesem Sektor.<\/p>\n<p>Huawei-Wechselrichter revolutionieren die Welt der Photovoltaik (PV)-Hausanlagen. Der asiatische Riese bietet eine Reihe von Produkten f\u00fcr den privaten, kommerziellen und industriellen Sektor an, Wechselrichter mit modernstem Design und h\u00f6chster Leistung. Seine Wechselrichter verf\u00fcgen \u00fcber hervorragende technische Eigenschaften zu einem niedrigen Preis im Vergleich zu anderen Wechselrichtern \u00e4hnlicher Hersteller.<\/p>\n<p>Huawei bietet hervorragende technische Eigenschaften, Leistung, Qualit\u00e4t und Langlebigkeit zu einem fairen Preis und damit eine intelligente L\u00f6sung, die effizient, einfach zu installieren, sicher und zuverl\u00e4ssig ist. Dies erm\u00f6glicht eine bessere Investitionsrendite mit h\u00f6heren Ertr\u00e4gen und geringeren Wartungskosten. Aus diesem Grund wird die intelligente PV-L\u00f6sung von Huawei bereits in gro\u00dfem Umfang auf der ganzen Welt eingesetzt.[\/vc_column_text][\/vc_column][\/vc_row][vc_row][vc_column][vc_column_text css=&#8221;.vc_custom_1695887174674{padding-top: 10px !important;padding-bottom: 10px !important;}&#8221;]<\/p>\n<h3 style=\"text-align: center;\"><strong>Huawei Wechselrichter-Modelle<\/strong><\/h3>\n<p>[\/vc_column_text][\/vc_column][\/vc_row][vc_row][vc_column width=&#8221;1\/3&#8243;][vc_single_image image=&#8221;24874&#8243; img_size=&#8221;medium&#8221;][vc_column_text]<\/p>\n<p style=\"text-align: left;\"><strong>String-Wechselrichter<\/strong><\/p>\n<ul>\n<li style=\"text-align: left;\"><a href=\"https:\/\/www.vicoexport.com\/wp-content\/uploads\/2022\/10\/Huawei_TDS_SUN2000-2-6KTL-L1-Vico-Export-Solar-Energy_ES.pdf\" target=\"_blank\" rel=\"noopener noreferrer\">Huawei Sun2000-2KTL-L1<\/a><\/li>\n<li style=\"text-align: left;\"><a href=\"https:\/\/www.vicoexport.com\/wp-content\/uploads\/2020\/10\/Huawei-KTL-L1-SUN2000_2-6KTL_L1_EN-Vico-Export-Solar-Energy.pdf\">Huawei <\/a><a href=\"https:\/\/www.vicoexport.com\/wp-content\/uploads\/2022\/10\/Huawei_TDS_SUN2000-2-6KTL-L1-Vico-Export-Solar-Energy_ES.pdf\" target=\"_blank\" rel=\"noopener noreferrer\">Sun2000-3KTL-L1<\/a><\/li>\n<li style=\"text-align: left;\"><a href=\"https:\/\/www.vicoexport.com\/wp-content\/uploads\/2020\/10\/Huawei-KTL-L1-SUN2000_2-6KTL_L1_EN-Vico-Export-Solar-Energy.pdf\">Huawei <\/a><a href=\"https:\/\/www.vicoexport.com\/wp-content\/uploads\/2022\/10\/Huawei_TDS_SUN2000-2-6KTL-L1-Vico-Export-Solar-Energy_ES.pdf\" target=\"_blank\" rel=\"noopener noreferrer\">Sun2000-3.68KTL-L1<\/a><\/li>\n<li style=\"text-align: left;\"><a href=\"https:\/\/www.vicoexport.com\/wp-content\/uploads\/2020\/10\/Huawei-KTL-L1-SUN2000_2-6KTL_L1_EN-Vico-Export-Solar-Energy.pdf\">Huawei <\/a><a href=\"https:\/\/www.vicoexport.com\/wp-content\/uploads\/2022\/10\/Huawei_TDS_SUN2000-2-6KTL-L1-Vico-Export-Solar-Energy_ES.pdf\" target=\"_blank\" rel=\"noopener noreferrer\">Sun2000-4KTL-L1<\/a><\/li>\n<li style=\"text-align: left;\"><a href=\"https:\/\/www.vicoexport.com\/wp-content\/uploads\/2020\/10\/Huawei-KTL-L1-SUN2000_2-6KTL_L1_EN-Vico-Export-Solar-Energy.pdf\">Huawei <\/a><a href=\"https:\/\/www.vicoexport.com\/wp-content\/uploads\/2022\/10\/Huawei_TDS_SUN2000-2-6KTL-L1-Vico-Export-Solar-Energy_ES.pdf\" target=\"_blank\" rel=\"noopener noreferrer\">Sun2000-5KTL-L1<\/a><\/li>\n<li><a href=\"https:\/\/www.vicoexport.com\/wp-content\/uploads\/2020\/10\/Huawei-KTL-L1-SUN2000_2-6KTL_L1_EN-Vico-Export-Solar-Energy.pdf\">Huawei <\/a><a href=\"https:\/\/www.vicoexport.com\/wp-content\/uploads\/2022\/10\/Huawei_TDS_SUN2000-2-6KTL-L1-Vico-Export-Solar-Energy_ES.pdf\" target=\"_blank\" rel=\"noopener noreferrer\">Sun2000-6KTL-L1<\/a><\/li>\n<\/ul>\n<p>[\/vc_column_text][\/vc_column][vc_column width=&#8221;1\/3&#8243;][vc_single_image image=&#8221;25076&#8243; img_size=&#8221;medium&#8221;][vc_column_text]<strong>Drehstrom-Wechselrichter<\/strong><\/p>\n<ul>\n<li><a href=\"https:\/\/www.vicoexport.com\/wp-content\/uploads\/2022\/11\/Huawei_TDS_SUN2000-3KTL-10KTL-M1_EN-Vico_Export_Solar_Energy.pdf\" target=\"_blank\" rel=\"noopener noreferrer\">Huawei SUN2000<\/a><a href=\"https:\/\/www.vicoexport.com\/wp-content\/uploads\/2022\/11\/Huawei_TDS_SUN2000-3KTL-10KTL-M1_EN-Vico_Export_Solar_Energy.pdf\" target=\"_blank\" rel=\"noopener noreferrer\">-3KTL-M1<\/a><\/li>\n<li><a href=\"https:\/\/www.vicoexport.com\/wp-content\/uploads\/2022\/11\/Huawei_TDS_SUN2000-3KTL-10KTL-M1_EN-Vico_Export_Solar_Energy.pdf\" target=\"_blank\" rel=\"noopener noreferrer\">Huawei SUN2000-<\/a><a href=\"https:\/\/www.vicoexport.com\/wp-content\/uploads\/2022\/11\/Huawei_TDS_SUN2000-3KTL-10KTL-M1_EN-Vico_Export_Solar_Energy.pdf\" target=\"_blank\" rel=\"noopener noreferrer\">4KTL-M1<\/a><\/li>\n<li><a href=\"https:\/\/www.vicoexport.com\/wp-content\/uploads\/2019\/12\/Huawei-SUN2000-3-10-KTL-M0-Vico-Export-Solar-Energy.pdf\" target=\"_blank\" rel=\"noopener noreferrer\">Huawei SUN2000-<\/a><a href=\"https:\/\/www.vicoexport.com\/wp-content\/uploads\/2022\/11\/Huawei_TDS_SUN2000-3KTL-10KTL-M1_EN-Vico_Export_Solar_Energy.pdf\" target=\"_blank\" rel=\"noopener noreferrer\">5KTL-M1<\/a><\/li>\n<li><a href=\"https:\/\/www.vicoexport.com\/wp-content\/uploads\/2022\/11\/Huawei_TDS_SUN2000-3KTL-10KTL-M1_EN-Vico_Export_Solar_Energy.pdf\" target=\"_blank\" rel=\"noopener noreferrer\">Huawei SUN2000-<\/a><a href=\"https:\/\/www.vicoexport.com\/wp-content\/uploads\/2022\/11\/Huawei_TDS_SUN2000-3KTL-10KTL-M1_EN-Vico_Export_Solar_Energy.pdf\" target=\"_blank\" rel=\"noopener noreferrer\">6KTL-M1<\/a><\/li>\n<li><a href=\"https:\/\/www.vicoexport.com\/wp-content\/uploads\/2022\/11\/Huawei_TDS_SUN2000-3KTL-10KTL-M1_EN-Vico_Export_Solar_Energy.pdf\" target=\"_blank\" rel=\"noopener noreferrer\">Huawei SUN2000-<\/a><a href=\"https:\/\/www.vicoexport.com\/wp-content\/uploads\/2022\/11\/Huawei_TDS_SUN2000-3KTL-10KTL-M1_EN-Vico_Export_Solar_Energy.pdf\" target=\"_blank\" rel=\"noopener noreferrer\">8KTL-M1<\/a><\/li>\n<li><a href=\"https:\/\/www.vicoexport.com\/wp-content\/uploads\/2022\/11\/Huawei_TDS_SUN2000-3KTL-10KTL-M1_EN-Vico_Export_Solar_Energy.pdf\" target=\"_blank\" rel=\"noopener noreferrer\">Huawei SUN2000-<\/a><a href=\"https:\/\/www.vicoexport.com\/wp-content\/uploads\/2022\/10\/Huawei_TDS_SUN2000-3KTL-10KTL-M1-Vico-Export-Solar-Energy_EN.pdf\" target=\"_blank\" rel=\"noopener noreferrer\">10KTL-M1<\/a><\/li>\n<\/ul>\n<ul>\n<li style=\"list-style-type: none;\"><\/li>\n<\/ul>\n<p>[\/vc_column_text][vc_column_text]<\/p>\n<p style=\"text-align: left;\"><strong>\u00a012-20 kW<\/strong><\/p>\n<ul>\n<li><a href=\"https:\/\/www.vicoexport.com\/wp-content\/uploads\/2022\/11\/SUN2000-12-20KTL-M2_27A_EN-Vico_Export_Solar_Energy.pdf\" target=\"_blank\" rel=\"noopener noreferrer\">Huawei SUN2000-12KTL-M2<\/a><\/li>\n<li><a href=\"https:\/\/www.vicoexport.com\/wp-content\/uploads\/2022\/11\/SUN2000-12-20KTL-M2_27A_EN-Vico_Export_Solar_Energy.pdf\" target=\"_blank\" rel=\"noopener noreferrer\">Huawei SUN2000-15KTL-M2<\/a><\/li>\n<li><a href=\"https:\/\/www.vicoexport.com\/wp-content\/uploads\/2022\/11\/SUN2000-12-20KTL-M2_27A_EN-Vico_Export_Solar_Energy.pdf\" target=\"_blank\" rel=\"noopener noreferrer\">Huawei SUN2000-17KTL-M2<\/a><\/li>\n<li><a href=\"https:\/\/www.vicoexport.com\/wp-content\/uploads\/2022\/11\/SUN2000-12-20KTL-M2_27A_EN-Vico_Export_Solar_Energy.pdf\" target=\"_blank\" rel=\"noopener noreferrer\">Huawei SUN2000-20KTL-M2<\/a><\/li>\n<\/ul>\n<ul>\n<li><a href=\"https:\/\/www.vicoexport.com\/wp-content\/uploads\/2024\/03\/EN_Datasheet_SUN2000_12-25K-MBO_Vico_Export_Solar_Energy.pdf\" target=\"_blank\" rel=\"noopener noreferrer\">Huawei SUN2000-12KTL-MB0<\/a><\/li>\n<li><a href=\"https:\/\/www.vicoexport.com\/wp-content\/uploads\/2024\/03\/EN_Datasheet_SUN2000_12-25K-MBO_Vico_Export_Solar_Energy.pdf\" target=\"_blank\" rel=\"noopener noreferrer\">Huawei SUN2000-15KTL-MB0<\/a><\/li>\n<li><a href=\"https:\/\/www.vicoexport.com\/wp-content\/uploads\/2024\/03\/EN_Datasheet_SUN2000_12-25K-MBO_Vico_Export_Solar_Energy.pdf\" target=\"_blank\" rel=\"noopener noreferrer\">Huawei SUN2000-17KTL-MB0<\/a><\/li>\n<li><a href=\"https:\/\/www.vicoexport.com\/wp-content\/uploads\/2024\/03\/EN_Datasheet_SUN2000_12-25K-MBO_Vico_Export_Solar_Energy.pdf\" target=\"_blank\" rel=\"noopener noreferrer\">Huawei SUN2000-20KTL-MB0<\/a><\/li>\n<li><a href=\"https:\/\/www.vicoexport.com\/wp-content\/uploads\/2024\/03\/EN_Datasheet_SUN2000_12-25K-MBO_Vico_Export_Solar_Energy.pdf\" target=\"_blank\" rel=\"noopener noreferrer\">Huawei SUN2000-25KTL-MB0<\/a><\/li>\n<\/ul>\n<p>[\/vc_column_text][vc_column_text]<strong>\u00a030-46-40kW<\/strong><\/p>\n<ul>\n<li><a href=\"https:\/\/www.vicoexport.com\/wp-content\/uploads\/2022\/10\/Huawei_TDS_SUN2000-30-36-40-KTL-M3-Vico-Export-Solar-Energy.pdf\" target=\"_blank\" rel=\"noopener noreferrer\">Huawei SUN2000-30KTL-M3<\/a><\/li>\n<li><a href=\"https:\/\/www.vicoexport.com\/wp-content\/uploads\/2022\/10\/Huawei_TDS_SUN2000-30-36-40-KTL-M3-Vico-Export-Solar-Energy.pdf\" target=\"_blank\" rel=\"noopener noreferrer\">Huawei SUN2000-36<\/a><a href=\"https:\/\/www.vicoexport.com\/wp-content\/uploads\/2019\/12\/Huawei-SUN2000-17-20KTL-Vico-Export-Solar-Energy.pdf\" target=\"_blank\" rel=\"noopener noreferrer\">KTL-M3<\/a><\/li>\n<li><a href=\"https:\/\/www.vicoexport.com\/wp-content\/uploads\/2022\/10\/Huawei_TDS_SUN2000-30-36-40-KTL-M3-Vico-Export-Solar-Energy.pdf\" target=\"_blank\" rel=\"noopener noreferrer\">Huawei SUN2000-40KTL-M3<\/a><\/li>\n<\/ul>\n<p>[\/vc_column_text][vc_column_text]<strong>60-100-185-215kW<\/strong><\/p>\n<ul>\n<li><a href=\"https:\/\/www.vicoexport.com\/wp-content\/uploads\/2022\/10\/Huawei_TDS_SUN2000-60KTL-M0-Vico-Export-Solar-Energy_ES.pdf\" target=\"_blank\" rel=\"noopener noreferrer\">Huawei SUN2000-60KTL-M0<\/a><\/li>\n<li><a href=\"https:\/\/www.vicoexport.com\/wp-content\/uploads\/2022\/10\/Huawei_TDS_SUN2000-100KTL-M1-Vico-Export-Solar-Energy_ES.pdf\" target=\"_blank\" rel=\"noopener noreferrer\">Huawei SUN2000-100KTL-M1<\/a><\/li>\n<li><a href=\"https:\/\/www.vicoexport.com\/wp-content\/uploads\/2022\/10\/Huawei_TDS_SUN2000-185KTL-H1-Vico-Export-Solar-Energy_ES.pdf\" target=\"_blank\" rel=\"noopener noreferrer\">Huawei SUN2000-185KTL-H1<\/a><\/li>\n<li><a href=\"https:\/\/www.vicoexport.com\/wp-content\/uploads\/2022\/10\/Huawei_TDS_SUN2000-215KTL-M0-Vico-Export-Solar-Energy_EN.pdf\" target=\"_blank\" rel=\"noopener noreferrer\">Huawei SUN2000-215KTL-M0<\/a><\/li>\n<li style=\"list-style-type: none;\"><\/li>\n<\/ul>\n<p>[\/vc_column_text][\/vc_column][vc_column width=&#8221;1\/3&#8243;][vc_single_image image=&#8221;26621&#8243; img_size=&#8221;medium&#8221;][vc_column_text]<strong>Zubeh\u00f6r<\/strong><\/p>\n<ul>\n<li><a href=\"https:\/\/www.vicoexport.com\/wp-content\/uploads\/2022\/10\/Huawei_TDS_SmartDongle_WLAN-FE-Vico-Export-Solar-Energy_ES.pdf\" target=\"_blank\" rel=\"noopener\">Dongle-WLAN-FE<\/a><\/li>\n<li><a href=\"https:\/\/www.vicoexport.com\/wp-content\/uploads\/2022\/11\/Huawei_TDS_Power_Meter_DDSU666-H_EN-Vico_Export_Solar_Energy.pdf\" target=\"_blank\" rel=\"noopener\">Smart-Power-Meter-DDSU666<\/a><\/li>\n<li><a href=\"https:\/\/www.vicoexport.com\/wp-content\/uploads\/2022\/10\/HUA_TDS_SmartLogger3000A-Vico-Export-Solar-Energy_ES.pdf\" target=\"_blank\" rel=\"noopener\">SmartLogger3000A<\/a><\/li>\n<li><a href=\"https:\/\/www.vicoexport.com\/wp-content\/uploads\/2022\/10\/Huawei_TDS_Backup-Box-Vico-Export-Solar-Energy_EN.pdf\" target=\"_blank\" rel=\"noopener\">Backup Box<\/a><\/li>\n<li><a href=\"https:\/\/www.vicoexport.com\/wp-content\/uploads\/2022\/10\/Huawei_SUN2000_450W-P2_600W-P-Vico-Export-Solar-Energy_ES.pdf\" target=\"_blank\" rel=\"noopener\">Smart-PV-Optimizer<\/a><\/li>\n<li><a href=\"https:\/\/www.vicoexport.com\/wp-content\/uploads\/2023\/01\/Janitza-UMG103-CBM-ficha-tecnica_vico_export_solar_energy.pdf\">Janitza UMG103 CBM<\/a><\/li>\n<li><a href=\"https:\/\/www.vicoexport.com\/wp-content\/uploads\/2023\/01\/Janitza-UMG604-PRO-ficha-tecnica_vico_export_solar_energy.pdf\">Janitza UMG604 \/PRO<\/a><\/li>\n<\/ul>\n<p>[\/vc_column_text][\/vc_column][\/vc_row]<\/p>\n<\/div>","protected":false},"excerpt":{"rendered":"<p>[vc_row][vc_column][vc_single_image image=&#8221;43090&#8243; img_size=&#8221;&#8221; alignment=&#8221;center&#8221; css=&#8221;.vc_custom_1676034041813{padding-top: 50px !important;}&#8221;][vc_empty_space][vc_column_text]Huawei gilt als eine der f\u00fchrenden Technologiemarken der Welt. Das Unternehmen verf\u00fcgt \u00fcber eine breite Palette intelligenter Photovoltaik-Energiel\u00f6sungen dank seiner mehr als 20-j\u00e4hrigen Erfahrung in diesem Sektor. Huawei-Wechselrichter revolutionieren die Welt der Photovoltaik (PV)-Hausanlagen. Der asiatische Riese bietet eine Reihe von Produkten f\u00fcr den privaten, kommerziellen und industriellen Sektor [&hellip;]<\/p>\n","protected":false},"author":1,"featured_media":43113,"parent":43084,"menu_order":0,"comment_status":"closed","ping_status":"closed","template":"","meta":{"_joinchat":[],"footnotes":""},"class_list":["post-43111","page","type-page","status-publish","has-post-thumbnail","hentry"],"yoast_head":"<!-- This site is optimized with the Yoast SEO plugin v27.3 - https:\/\/yoast.com\/product\/yoast-seo-wordpress\/ -->\n<title>Huawei Wechselrichter | Vico Export Solar Energy<\/title>\n<meta name=\"description\" content=\"Huawei-Wechselrichter-H\u00e4ndler. Privathaushalte, Versorgungsunternehmen und Gewerbebetriebe: Hybrid, einphasig und dreiphasig.\" \/>\n<meta name=\"robots\" content=\"index, follow, max-snippet:-1, max-image-preview:large, max-video-preview:-1\" \/>\n<link rel=\"canonical\" href=\"https:\/\/www.vicoexport.com\/de\/home-es\/wechselrichter\/huawei\/\" \/>\n<meta property=\"og:locale\" content=\"de_DE\" \/>\n<meta property=\"og:type\" content=\"article\" \/>\n<meta property=\"og:title\" content=\"Huawei Wechselrichter | Vico Export Solar Energy\" \/>\n<meta property=\"og:description\" content=\"Huawei-Wechselrichter-H\u00e4ndler. Privathaushalte, Versorgungsunternehmen und Gewerbebetriebe: Hybrid, einphasig und dreiphasig.\" \/>\n<meta property=\"og:url\" content=\"https:\/\/www.vicoexport.com\/de\/home-es\/wechselrichter\/huawei\/\" \/>\n<meta property=\"og:site_name\" content=\"Vico Export Solar Energy\" \/>\n<meta property=\"article:publisher\" content=\"https:\/\/www.facebook.com\/vicoexport.vicoexportsolar\" \/>\n<meta property=\"article:modified_time\" content=\"2024-03-26T13:08:05+00:00\" \/>\n<meta property=\"og:image\" content=\"https:\/\/www.vicoexport.com\/wp-content\/uploads\/2021\/01\/Huawei-Fusion-Solar-Logo-Transparente-Vico-Export-Solar-energy-1.png\" \/>\n\t<meta property=\"og:image:width\" content=\"1066\" \/>\n\t<meta property=\"og:image:height\" content=\"298\" \/>\n\t<meta property=\"og:image:type\" content=\"image\/png\" \/>\n<meta name=\"twitter:card\" content=\"summary_large_image\" \/>\n<meta name=\"twitter:site\" content=\"@VicoExportSolar\" \/>\n<script type=\"application\/ld+json\" class=\"yoast-schema-graph\">{\"@context\":\"https:\\\/\\\/schema.org\",\"@graph\":[{\"@type\":\"WebPage\",\"@id\":\"https:\\\/\\\/www.vicoexport.com\\\/de\\\/home-es\\\/wechselrichter\\\/huawei\\\/\",\"url\":\"https:\\\/\\\/www.vicoexport.com\\\/de\\\/home-es\\\/wechselrichter\\\/huawei\\\/\",\"name\":\"Huawei Wechselrichter | Vico Export Solar Energy\",\"isPartOf\":{\"@id\":\"https:\\\/\\\/www.vicoexport.com\\\/#website\"},\"primaryImageOfPage\":{\"@id\":\"https:\\\/\\\/www.vicoexport.com\\\/de\\\/home-es\\\/wechselrichter\\\/huawei\\\/#primaryimage\"},\"image\":{\"@id\":\"https:\\\/\\\/www.vicoexport.com\\\/de\\\/home-es\\\/wechselrichter\\\/huawei\\\/#primaryimage\"},\"thumbnailUrl\":\"https:\\\/\\\/www.vicoexport.com\\\/wp-content\\\/uploads\\\/2021\\\/01\\\/Huawei-Fusion-Solar-Logo-Transparente-Vico-Export-Solar-energy-1.png\",\"datePublished\":\"2019-12-20T11:48:18+00:00\",\"dateModified\":\"2024-03-26T13:08:05+00:00\",\"description\":\"Huawei-Wechselrichter-H\u00e4ndler. Privathaushalte, Versorgungsunternehmen und Gewerbebetriebe: Hybrid, einphasig und dreiphasig.\",\"breadcrumb\":{\"@id\":\"https:\\\/\\\/www.vicoexport.com\\\/de\\\/home-es\\\/wechselrichter\\\/huawei\\\/#breadcrumb\"},\"inLanguage\":\"de\",\"potentialAction\":[{\"@type\":\"ReadAction\",\"target\":[\"https:\\\/\\\/www.vicoexport.com\\\/de\\\/home-es\\\/wechselrichter\\\/huawei\\\/\"]}]},{\"@type\":\"ImageObject\",\"inLanguage\":\"de\",\"@id\":\"https:\\\/\\\/www.vicoexport.com\\\/de\\\/home-es\\\/wechselrichter\\\/huawei\\\/#primaryimage\",\"url\":\"https:\\\/\\\/www.vicoexport.com\\\/wp-content\\\/uploads\\\/2021\\\/01\\\/Huawei-Fusion-Solar-Logo-Transparente-Vico-Export-Solar-energy-1.png\",\"contentUrl\":\"https:\\\/\\\/www.vicoexport.com\\\/wp-content\\\/uploads\\\/2021\\\/01\\\/Huawei-Fusion-Solar-Logo-Transparente-Vico-Export-Solar-energy-1.png\",\"width\":1066,\"height\":298},{\"@type\":\"BreadcrumbList\",\"@id\":\"https:\\\/\\\/www.vicoexport.com\\\/de\\\/home-es\\\/wechselrichter\\\/huawei\\\/#breadcrumb\",\"itemListElement\":[{\"@type\":\"ListItem\",\"position\":1,\"name\":\"Portada\",\"item\":\"https:\\\/\\\/www.vicoexport.com\\\/de\\\/\"},{\"@type\":\"ListItem\",\"position\":2,\"name\":\"Inicio\",\"item\":\"https:\\\/\\\/www.vicoexport.com\\\/de\\\/\"},{\"@type\":\"ListItem\",\"position\":3,\"name\":\"Wechselrichter\",\"item\":\"https:\\\/\\\/www.vicoexport.com\\\/de\\\/home-es\\\/wechselrichter\\\/\"},{\"@type\":\"ListItem\",\"position\":4,\"name\":\"Huawei\"}]},{\"@type\":\"WebSite\",\"@id\":\"https:\\\/\\\/www.vicoexport.com\\\/#website\",\"url\":\"https:\\\/\\\/www.vicoexport.com\\\/\",\"name\":\"Vico Export Solar Energy\",\"description\":\"Vico Export Solar Energy Distribuidor Mayorista de Paneles Solares Fotovoltaicos\",\"publisher\":{\"@id\":\"https:\\\/\\\/www.vicoexport.com\\\/#organization\"},\"potentialAction\":[{\"@type\":\"SearchAction\",\"target\":{\"@type\":\"EntryPoint\",\"urlTemplate\":\"https:\\\/\\\/www.vicoexport.com\\\/?s={search_term_string}\"},\"query-input\":{\"@type\":\"PropertyValueSpecification\",\"valueRequired\":true,\"valueName\":\"search_term_string\"}}],\"inLanguage\":\"de\"},{\"@type\":\"Organization\",\"@id\":\"https:\\\/\\\/www.vicoexport.com\\\/#organization\",\"name\":\"Vico Export Solar Energy\",\"url\":\"https:\\\/\\\/www.vicoexport.com\\\/\",\"logo\":{\"@type\":\"ImageObject\",\"inLanguage\":\"de\",\"@id\":\"https:\\\/\\\/www.vicoexport.com\\\/#\\\/schema\\\/logo\\\/image\\\/\",\"url\":\"https:\\\/\\\/www.vicoexport.com\\\/wp-content\\\/uploads\\\/2018\\\/02\\\/Vico-Export-Solar-energy.jpg\",\"contentUrl\":\"https:\\\/\\\/www.vicoexport.com\\\/wp-content\\\/uploads\\\/2018\\\/02\\\/Vico-Export-Solar-energy.jpg\",\"width\":1006,\"height\":1024,\"caption\":\"Vico Export Solar Energy\"},\"image\":{\"@id\":\"https:\\\/\\\/www.vicoexport.com\\\/#\\\/schema\\\/logo\\\/image\\\/\"},\"sameAs\":[\"https:\\\/\\\/www.facebook.com\\\/vicoexport.vicoexportsolar\",\"https:\\\/\\\/x.com\\\/VicoExportSolar\",\"https:\\\/\\\/www.instagram.com\\\/vico_export_solar_energy\",\"https:\\\/\\\/www.linkedin.com\\\/in\\\/vicoexport\",\"https:\\\/\\\/www.youtube.com\\\/user\\\/vicoexport\\\/\"]}]}<\/script>\n<!-- \/ Yoast SEO plugin. -->","yoast_head_json":{"title":"Huawei Wechselrichter | Vico Export Solar Energy","description":"Huawei-Wechselrichter-H\u00e4ndler. Privathaushalte, Versorgungsunternehmen und Gewerbebetriebe: Hybrid, einphasig und dreiphasig.","robots":{"index":"index","follow":"follow","max-snippet":"max-snippet:-1","max-image-preview":"max-image-preview:large","max-video-preview":"max-video-preview:-1"},"canonical":"https:\/\/www.vicoexport.com\/de\/home-es\/wechselrichter\/huawei\/","og_locale":"de_DE","og_type":"article","og_title":"Huawei Wechselrichter | Vico Export Solar Energy","og_description":"Huawei-Wechselrichter-H\u00e4ndler. Privathaushalte, Versorgungsunternehmen und Gewerbebetriebe: Hybrid, einphasig und dreiphasig.","og_url":"https:\/\/www.vicoexport.com\/de\/home-es\/wechselrichter\/huawei\/","og_site_name":"Vico Export Solar Energy","article_publisher":"https:\/\/www.facebook.com\/vicoexport.vicoexportsolar","article_modified_time":"2024-03-26T13:08:05+00:00","og_image":[{"width":1066,"height":298,"url":"https:\/\/www.vicoexport.com\/wp-content\/uploads\/2021\/01\/Huawei-Fusion-Solar-Logo-Transparente-Vico-Export-Solar-energy-1.png","type":"image\/png"}],"twitter_card":"summary_large_image","twitter_site":"@VicoExportSolar","schema":{"@context":"https:\/\/schema.org","@graph":[{"@type":"WebPage","@id":"https:\/\/www.vicoexport.com\/de\/home-es\/wechselrichter\/huawei\/","url":"https:\/\/www.vicoexport.com\/de\/home-es\/wechselrichter\/huawei\/","name":"Huawei Wechselrichter | Vico Export Solar Energy","isPartOf":{"@id":"https:\/\/www.vicoexport.com\/#website"},"primaryImageOfPage":{"@id":"https:\/\/www.vicoexport.com\/de\/home-es\/wechselrichter\/huawei\/#primaryimage"},"image":{"@id":"https:\/\/www.vicoexport.com\/de\/home-es\/wechselrichter\/huawei\/#primaryimage"},"thumbnailUrl":"https:\/\/www.vicoexport.com\/wp-content\/uploads\/2021\/01\/Huawei-Fusion-Solar-Logo-Transparente-Vico-Export-Solar-energy-1.png","datePublished":"2019-12-20T11:48:18+00:00","dateModified":"2024-03-26T13:08:05+00:00","description":"Huawei-Wechselrichter-H\u00e4ndler. Privathaushalte, Versorgungsunternehmen und Gewerbebetriebe: Hybrid, einphasig und dreiphasig.","breadcrumb":{"@id":"https:\/\/www.vicoexport.com\/de\/home-es\/wechselrichter\/huawei\/#breadcrumb"},"inLanguage":"de","potentialAction":[{"@type":"ReadAction","target":["https:\/\/www.vicoexport.com\/de\/home-es\/wechselrichter\/huawei\/"]}]},{"@type":"ImageObject","inLanguage":"de","@id":"https:\/\/www.vicoexport.com\/de\/home-es\/wechselrichter\/huawei\/#primaryimage","url":"https:\/\/www.vicoexport.com\/wp-content\/uploads\/2021\/01\/Huawei-Fusion-Solar-Logo-Transparente-Vico-Export-Solar-energy-1.png","contentUrl":"https:\/\/www.vicoexport.com\/wp-content\/uploads\/2021\/01\/Huawei-Fusion-Solar-Logo-Transparente-Vico-Export-Solar-energy-1.png","width":1066,"height":298},{"@type":"BreadcrumbList","@id":"https:\/\/www.vicoexport.com\/de\/home-es\/wechselrichter\/huawei\/#breadcrumb","itemListElement":[{"@type":"ListItem","position":1,"name":"Portada","item":"https:\/\/www.vicoexport.com\/de\/"},{"@type":"ListItem","position":2,"name":"Inicio","item":"https:\/\/www.vicoexport.com\/de\/"},{"@type":"ListItem","position":3,"name":"Wechselrichter","item":"https:\/\/www.vicoexport.com\/de\/home-es\/wechselrichter\/"},{"@type":"ListItem","position":4,"name":"Huawei"}]},{"@type":"WebSite","@id":"https:\/\/www.vicoexport.com\/#website","url":"https:\/\/www.vicoexport.com\/","name":"Vico Export Solar Energy","description":"Vico Export Solar Energy Distribuidor Mayorista de Paneles Solares Fotovoltaicos","publisher":{"@id":"https:\/\/www.vicoexport.com\/#organization"},"potentialAction":[{"@type":"SearchAction","target":{"@type":"EntryPoint","urlTemplate":"https:\/\/www.vicoexport.com\/?s={search_term_string}"},"query-input":{"@type":"PropertyValueSpecification","valueRequired":true,"valueName":"search_term_string"}}],"inLanguage":"de"},{"@type":"Organization","@id":"https:\/\/www.vicoexport.com\/#organization","name":"Vico Export Solar Energy","url":"https:\/\/www.vicoexport.com\/","logo":{"@type":"ImageObject","inLanguage":"de","@id":"https:\/\/www.vicoexport.com\/#\/schema\/logo\/image\/","url":"https:\/\/www.vicoexport.com\/wp-content\/uploads\/2018\/02\/Vico-Export-Solar-energy.jpg","contentUrl":"https:\/\/www.vicoexport.com\/wp-content\/uploads\/2018\/02\/Vico-Export-Solar-energy.jpg","width":1006,"height":1024,"caption":"Vico Export Solar Energy"},"image":{"@id":"https:\/\/www.vicoexport.com\/#\/schema\/logo\/image\/"},"sameAs":["https:\/\/www.facebook.com\/vicoexport.vicoexportsolar","https:\/\/x.com\/VicoExportSolar","https:\/\/www.instagram.com\/vico_export_solar_energy","https:\/\/www.linkedin.com\/in\/vicoexport","https:\/\/www.youtube.com\/user\/vicoexport\/"]}]}},"_links":{"self":[{"href":"https:\/\/www.vicoexport.com\/de\/wp-json\/wp\/v2\/pages\/43111","targetHints":{"allow":["GET"]}}],"collection":[{"href":"https:\/\/www.vicoexport.com\/de\/wp-json\/wp\/v2\/pages"}],"about":[{"href":"https:\/\/www.vicoexport.com\/de\/wp-json\/wp\/v2\/types\/page"}],"author":[{"embeddable":true,"href":"https:\/\/www.vicoexport.com\/de\/wp-json\/wp\/v2\/users\/1"}],"replies":[{"embeddable":true,"href":"https:\/\/www.vicoexport.com\/de\/wp-json\/wp\/v2\/comments?post=43111"}],"version-history":[{"count":0,"href":"https:\/\/www.vicoexport.com\/de\/wp-json\/wp\/v2\/pages\/43111\/revisions"}],"up":[{"embeddable":true,"href":"https:\/\/www.vicoexport.com\/de\/wp-json\/wp\/v2\/pages\/43084"}],"wp:featuredmedia":[{"embeddable":true,"href":"https:\/\/www.vicoexport.com\/de\/wp-json\/wp\/v2\/media\/43113"}],"wp:attachment":[{"href":"https:\/\/www.vicoexport.com\/de\/wp-json\/wp\/v2\/media?parent=43111"}],"curies":[{"name":"wp","href":"https:\/\/api.w.org\/{rel}","templated":true}]}}