{"id":43199,"date":"2012-03-29T20:22:01","date_gmt":"2012-03-29T20:22:01","guid":{"rendered":"https:\/\/www.vicoexport.com\/home\/contacto\/"},"modified":"2025-02-25T10:44:56","modified_gmt":"2025-02-25T09:44:56","slug":"kontakt","status":"publish","type":"page","link":"https:\/\/www.vicoexport.com\/de\/home-es\/kontakt\/","title":{"rendered":"Kontakt"},"content":{"rendered":"<div class=\"wpb-content-wrapper\"><p>[vc_row css=&#8221;.vc_custom_1674577871111{padding-top: 20px !important;}&#8221;][vc_column][vc_column_text css=&#8221;.vc_custom_1695895921609{margin-top: 40px !important;}&#8221;]<\/p>\n<h3 style=\"text-align: center;\"><span style=\"color: #558f98;\"><strong>VICO EXPORT SOLAR ENERGY<\/strong><\/span><\/h3>\n<p>[\/vc_column_text][vc_single_image image=&#8221;43204&#8243; img_size=&#8221;full&#8221;][vc_column_text]<\/p>\n<h4>Ben\u00f6tigen Sie Photovoltaik-Material f\u00fcr Ihre Anlagen?<\/h4>\n<p>In Vico Export Solar Energy haben wir die besten Marken des Sektors und die besten Preise f\u00fcr den Vertrieb von Sonnenkollektoren, Wechselrichtern, Strukturen, Batterien&#8230; <strong>Wir liefern international<\/strong>. Kontaktieren Sie unser Team und bringen Sie Ihre Solaranlagen auf die n\u00e4chste Stufe.[\/vc_column_text][\/vc_column][\/vc_row][vc_row][vc_column width=&#8221;1\/2&#8243;][vc_single_image image=&#8221;58626&#8243; img_size=&#8221;&#8221;][vc_column_text]<\/p>\n<h4 class=\"right-sidebar\"><span style=\"color: #519097;\"><strong>HAUPTVERWALTUNG<\/strong><\/span><\/h4>\n<p><strong>Vico Importaciones Exportaciones SLU<\/strong><\/p>\n<p><a href=\"https:\/\/www.google.es\/maps\/place\/Vico+Export+Solar+Energy\/@39.5489742,-0.4674775,17z\/data=!3m1!4b1!4m6!3m5!1s0xd60489568390c59:0xb406ccc3329c5418!8m2!3d39.5489701!4d-0.4652888!16s%2Fg%2F11bbrpy446\">Ronda Narciso Monturiol y Estarriol 7-9<\/a><br \/>\n<a href=\"https:\/\/www.google.es\/maps\/place\/Vico+Export+Solar+Energy\/@39.5489742,-0.4674775,17z\/data=!3m1!4b1!4m6!3m5!1s0xd60489568390c59:0xb406ccc3329c5418!8m2!3d39.5489701!4d-0.4652888!16s%2Fg%2F11bbrpy446\">Parque Tecnol\u00f3gico<\/a><b><br \/>\n<\/b> <a href=\"https:\/\/www.google.es\/maps\/place\/Vico+Export+Solar+Energy\/@39.5489742,-0.4674775,17z\/data=!3m1!4b1!4m6!3m5!1s0xd60489568390c59:0xb406ccc3329c5418!8m2!3d39.5489701!4d-0.4652888!16s%2Fg%2F11bbrpy446\">46980 Paterna (Valencia) \u2013 Espa\u00f1a<\/a>[\/vc_column_text][\/vc_column][vc_column width=&#8221;1\/2&#8243;][vc_column_text]<a href=\"https:\/\/www.vicoexport.com\/wp-content\/uploads\/2021\/05\/Vico-Export-SOLAR-ENERGY-www.vicoexport.com-warehouse-Almacen-Valencia-scaled.jpg\"><img loading=\"lazy\" decoding=\"async\" class=\"alignleft wp-image-27187\" src=\"https:\/\/www.vicoexport.com\/wp-content\/uploads\/2021\/05\/Vico-Export-SOLAR-ENERGY-www.vicoexport.com-warehouse-Almacen-Valencia-scaled.jpg\" alt=\"\" width=\"300\" height=\"195\" srcset=\"https:\/\/www.vicoexport.com\/wp-content\/uploads\/2021\/05\/Vico-Export-SOLAR-ENERGY-www.vicoexport.com-warehouse-Almacen-Valencia-scaled.jpg 2560w, https:\/\/www.vicoexport.com\/wp-content\/uploads\/2021\/05\/Vico-Export-SOLAR-ENERGY-www.vicoexport.com-warehouse-Almacen-Valencia-300x195.jpg 300w, https:\/\/www.vicoexport.com\/wp-content\/uploads\/2021\/05\/Vico-Export-SOLAR-ENERGY-www.vicoexport.com-warehouse-Almacen-Valencia-1024x666.jpg 1024w, https:\/\/www.vicoexport.com\/wp-content\/uploads\/2021\/05\/Vico-Export-SOLAR-ENERGY-www.vicoexport.com-warehouse-Almacen-Valencia-768x500.jpg 768w, https:\/\/www.vicoexport.com\/wp-content\/uploads\/2021\/05\/Vico-Export-SOLAR-ENERGY-www.vicoexport.com-warehouse-Almacen-Valencia-1536x1000.jpg 1536w, https:\/\/www.vicoexport.com\/wp-content\/uploads\/2021\/05\/Vico-Export-SOLAR-ENERGY-www.vicoexport.com-warehouse-Almacen-Valencia-2048x1333.jpg 2048w, https:\/\/www.vicoexport.com\/wp-content\/uploads\/2021\/05\/Vico-Export-SOLAR-ENERGY-www.vicoexport.com-warehouse-Almacen-Valencia-133x87.jpg 133w, https:\/\/www.vicoexport.com\/wp-content\/uploads\/2021\/05\/Vico-Export-SOLAR-ENERGY-www.vicoexport.com-warehouse-Almacen-Valencia-235x153.jpg 235w, https:\/\/www.vicoexport.com\/wp-content\/uploads\/2021\/05\/Vico-Export-SOLAR-ENERGY-www.vicoexport.com-warehouse-Almacen-Valencia-480x312.jpg 480w, https:\/\/www.vicoexport.com\/wp-content\/uploads\/2021\/05\/Vico-Export-SOLAR-ENERGY-www.vicoexport.com-warehouse-Almacen-Valencia-740x482.jpg 740w, https:\/\/www.vicoexport.com\/wp-content\/uploads\/2021\/05\/Vico-Export-SOLAR-ENERGY-www.vicoexport.com-warehouse-Almacen-Valencia-1520x989.jpg 1520w, https:\/\/www.vicoexport.com\/wp-content\/uploads\/2021\/05\/Vico-Export-SOLAR-ENERGY-www.vicoexport.com-warehouse-Almacen-Valencia-600x390.jpg 600w\" sizes=\"auto, (max-width: 300px) 100vw, 300px\" \/><\/a><\/p>\n<p>&nbsp;<\/p>\n<p>&nbsp;<\/p>\n<p>&nbsp;<\/p>\n<p>&nbsp;<\/p>\n<p>&nbsp;<\/p>\n<p>&nbsp;<\/p>\n<p><strong>LAGERHAUS:<\/strong><\/p>\n<p>Pol. Ind. Fuente del Jarro<br \/>\nC\/ Islas Baleares 36,<br \/>\n46988 paterna, Valencia Espa\u00f1a[\/vc_column_text][\/vc_column][\/vc_row][vc_row][vc_column][vc_gmaps link=&#8221;#E-8_JTNDaWZyYW1lJTIwc3JjJTNEJTIyaHR0cHMlM0ElMkYlMkZ3d3cuZ29vZ2xlLmNvbSUyRm1hcHMlMkZlbWJlZCUzRnBiJTNEJTIxMW0xOCUyMTFtMTIlMjExbTMlMjExZDMwNzYuNDcxNzEzNzQ3MDY5JTIxMmQtMC40Njc0Nzc0ODQ2NTkxMjUzJTIxM2QzOS41NDg5NzAwNzk0NzUyNzUlMjEybTMlMjExZjAlMjEyZjAlMjEzZjAlMjEzbTIlMjExaTEwMjQlMjEyaTc2OCUyMTRmMTMuMSUyMTNtMyUyMTFtMiUyMTFzMHhkNjA0ODk1NjgzOTBjNTklMjUzQTB4YjQwNmNjYzMzMjljNTQxOCUyMTJzVmljbyUyNTIwRXhwb3J0JTI1MjBTb2xhciUyNTIwRW5lcmd5JTIxNWUwJTIxM20yJTIxMXNlcyUyMTJzZXMlMjE0djE2MDgzMTc4NDQyNzElMjE1bTIlMjExc2VzJTIxMnNlcyUyMiUyMHdpZHRoJTNEJTIyNDAwJTIyJTIwaGVpZ2h0JTNEJTIyMzAwJTIyJTIwZnJhbWVib3JkZXIlM0QlMjIwJTIyJTIwc3R5bGUlM0QlMjJib3JkZXIlM0EwJTNCJTIyJTIwYWxsb3dmdWxsc2NyZWVuJTNEJTIyJTIyJTIwYXJpYS1oaWRkZW4lM0QlMjJmYWxzZSUyMiUyMHRhYmluZGV4JTNEJTIyMCUyMiUzRSUzQyUyRmlmcmFtZSUzRQ==&#8221;][\/vc_column][\/vc_row][vc_row][vc_column width=&#8221;1\/6&#8243;][\/vc_column][vc_column width=&#8221;1\/6&#8243;][vc_icon type=&#8221;monosocial&#8221; icon_monosocial=&#8221;vc-mono vc-mono-instagram&#8221; color=&#8221;custom&#8221; background_style=&#8221;rounded&#8221; background_color=&#8221;custom&#8221; size=&#8221;lg&#8221; align=&#8221;center&#8221; custom_color=&#8221;#ffffff&#8221; custom_background_color=&#8221;#558f98&#8243; link=&#8221;url:https%3A%2F%2Fwww.instagram.com%2Fvico_export_solar_energy%2F|target:_blank&#8221;][\/vc_column][vc_column width=&#8221;1\/6&#8243;][vc_icon type=&#8221;monosocial&#8221; icon_monosocial=&#8221;vc-mono vc-mono-facebook&#8221; color=&#8221;custom&#8221; background_style=&#8221;rounded&#8221; background_color=&#8221;custom&#8221; size=&#8221;lg&#8221; align=&#8221;center&#8221; custom_color=&#8221;#ffffff&#8221; custom_background_color=&#8221;#558f98&#8243; link=&#8221;url:https%3A%2F%2Fwww.facebook.com%2Fvicoexportsolarenergy|target:_blank&#8221;][\/vc_column][vc_column width=&#8221;1\/6&#8243;][vc_icon type=&#8221;monosocial&#8221; icon_monosocial=&#8221;vc-mono vc-mono-linkedin&#8221; color=&#8221;custom&#8221; background_style=&#8221;rounded&#8221; background_color=&#8221;custom&#8221; size=&#8221;lg&#8221; align=&#8221;center&#8221; custom_color=&#8221;#ffffff&#8221; custom_background_color=&#8221;#558f98&#8243; link=&#8221;url:https%3A%2F%2Fwww.linkedin.com%2Fcompany%2F394200%2Fadmin%2F|target:_blank&#8221;][\/vc_column][vc_column width=&#8221;1\/6&#8243;][vc_icon type=&#8221;monosocial&#8221; icon_monosocial=&#8221;vc-mono vc-mono-youtube&#8221; color=&#8221;custom&#8221; background_style=&#8221;rounded&#8221; background_color=&#8221;custom&#8221; size=&#8221;lg&#8221; align=&#8221;center&#8221; custom_color=&#8221;#ffffff&#8221; custom_background_color=&#8221;#558f98&#8243; link=&#8221;url:https%3A%2F%2Fwww.youtube.com%2F%40vicoexport|target:_blank&#8221;][\/vc_column][vc_column width=&#8221;1\/6&#8243;][\/vc_column][\/vc_row]<\/p>\n<\/div>","protected":false},"excerpt":{"rendered":"<p>[vc_row css=&#8221;.vc_custom_1674577871111{padding-top: 20px !important;}&#8221;][vc_column][vc_column_text css=&#8221;.vc_custom_1695895921609{margin-top: 40px !important;}&#8221;] VICO EXPORT SOLAR ENERGY [\/vc_column_text][vc_single_image image=&#8221;43204&#8243; img_size=&#8221;full&#8221;][vc_column_text] Ben\u00f6tigen Sie Photovoltaik-Material f\u00fcr Ihre Anlagen? In Vico Export Solar Energy haben wir die besten Marken des Sektors und die besten Preise f\u00fcr den Vertrieb von Sonnenkollektoren, Wechselrichtern, Strukturen, Batterien&#8230; Wir liefern international. Kontaktieren Sie unser Team und bringen Sie Ihre [&hellip;]<\/p>\n","protected":false},"author":1,"featured_media":43201,"parent":43128,"menu_order":34,"comment_status":"closed","ping_status":"open","template":"","meta":{"_joinchat":[],"footnotes":""},"class_list":["post-43199","page","type-page","status-publish","has-post-thumbnail","hentry"],"yoast_head":"<!-- This site is optimized with the Yoast SEO plugin v27.3 - https:\/\/yoast.com\/product\/yoast-seo-wordpress\/ -->\n<title>Kontakt | Vico Export Solar Energy<\/title>\n<meta name=\"description\" content=\"Wenden Sie sich an uns, wir haben die besten Marken des Sektors und die besten Preise. Nationale und internationale Sendungen.\" \/>\n<meta name=\"robots\" content=\"index, follow, max-snippet:-1, max-image-preview:large, max-video-preview:-1\" \/>\n<link rel=\"canonical\" href=\"https:\/\/www.vicoexport.com\/de\/home-es\/kontakt\/\" \/>\n<meta property=\"og:locale\" content=\"de_DE\" \/>\n<meta property=\"og:type\" content=\"article\" \/>\n<meta property=\"og:title\" content=\"Kontakt | Vico Export Solar Energy\" \/>\n<meta property=\"og:description\" content=\"Wenden Sie sich an uns, wir haben die besten Marken des Sektors und die besten Preise. Nationale und internationale Sendungen.\" \/>\n<meta property=\"og:url\" content=\"https:\/\/www.vicoexport.com\/de\/home-es\/kontakt\/\" \/>\n<meta property=\"og:site_name\" content=\"Vico Export Solar Energy\" \/>\n<meta property=\"article:publisher\" content=\"https:\/\/www.facebook.com\/vicoexport.vicoexportsolar\" \/>\n<meta property=\"article:modified_time\" content=\"2025-02-25T09:44:56+00:00\" \/>\n<meta property=\"og:image\" content=\"https:\/\/www.vicoexport.com\/wp-content\/uploads\/2023\/03\/CONTACTO-1024x1024.png\" \/>\n\t<meta property=\"og:image:width\" content=\"1024\" \/>\n\t<meta property=\"og:image:height\" content=\"1024\" \/>\n\t<meta property=\"og:image:type\" content=\"image\/png\" \/>\n<meta name=\"twitter:card\" content=\"summary_large_image\" \/>\n<meta name=\"twitter:site\" content=\"@VicoExportSolar\" \/>\n<script type=\"application\/ld+json\" class=\"yoast-schema-graph\">{\"@context\":\"https:\\\/\\\/schema.org\",\"@graph\":[{\"@type\":\"WebPage\",\"@id\":\"https:\\\/\\\/www.vicoexport.com\\\/de\\\/home-es\\\/kontakt\\\/\",\"url\":\"https:\\\/\\\/www.vicoexport.com\\\/de\\\/home-es\\\/kontakt\\\/\",\"name\":\"Kontakt | Vico Export Solar Energy\",\"isPartOf\":{\"@id\":\"https:\\\/\\\/www.vicoexport.com\\\/#website\"},\"primaryImageOfPage\":{\"@id\":\"https:\\\/\\\/www.vicoexport.com\\\/de\\\/home-es\\\/kontakt\\\/#primaryimage\"},\"image\":{\"@id\":\"https:\\\/\\\/www.vicoexport.com\\\/de\\\/home-es\\\/kontakt\\\/#primaryimage\"},\"thumbnailUrl\":\"https:\\\/\\\/www.vicoexport.com\\\/wp-content\\\/uploads\\\/2023\\\/03\\\/CONTACTO.png\",\"datePublished\":\"2012-03-29T20:22:01+00:00\",\"dateModified\":\"2025-02-25T09:44:56+00:00\",\"description\":\"Wenden Sie sich an uns, wir haben die besten Marken des Sektors und die besten Preise. Nationale und internationale Sendungen.\",\"breadcrumb\":{\"@id\":\"https:\\\/\\\/www.vicoexport.com\\\/de\\\/home-es\\\/kontakt\\\/#breadcrumb\"},\"inLanguage\":\"de\",\"potentialAction\":[{\"@type\":\"ReadAction\",\"target\":[\"https:\\\/\\\/www.vicoexport.com\\\/de\\\/home-es\\\/kontakt\\\/\"]}]},{\"@type\":\"ImageObject\",\"inLanguage\":\"de\",\"@id\":\"https:\\\/\\\/www.vicoexport.com\\\/de\\\/home-es\\\/kontakt\\\/#primaryimage\",\"url\":\"https:\\\/\\\/www.vicoexport.com\\\/wp-content\\\/uploads\\\/2023\\\/03\\\/CONTACTO.png\",\"contentUrl\":\"https:\\\/\\\/www.vicoexport.com\\\/wp-content\\\/uploads\\\/2023\\\/03\\\/CONTACTO.png\",\"width\":1654,\"height\":1654},{\"@type\":\"BreadcrumbList\",\"@id\":\"https:\\\/\\\/www.vicoexport.com\\\/de\\\/home-es\\\/kontakt\\\/#breadcrumb\",\"itemListElement\":[{\"@type\":\"ListItem\",\"position\":1,\"name\":\"Portada\",\"item\":\"https:\\\/\\\/www.vicoexport.com\\\/de\\\/\"},{\"@type\":\"ListItem\",\"position\":2,\"name\":\"Inicio\",\"item\":\"https:\\\/\\\/www.vicoexport.com\\\/de\\\/\"},{\"@type\":\"ListItem\",\"position\":3,\"name\":\"Kontakt\"}]},{\"@type\":\"WebSite\",\"@id\":\"https:\\\/\\\/www.vicoexport.com\\\/#website\",\"url\":\"https:\\\/\\\/www.vicoexport.com\\\/\",\"name\":\"Vico Export Solar Energy\",\"description\":\"Vico Export Solar Energy Distribuidor Mayorista de Paneles Solares Fotovoltaicos\",\"publisher\":{\"@id\":\"https:\\\/\\\/www.vicoexport.com\\\/#organization\"},\"potentialAction\":[{\"@type\":\"SearchAction\",\"target\":{\"@type\":\"EntryPoint\",\"urlTemplate\":\"https:\\\/\\\/www.vicoexport.com\\\/?s={search_term_string}\"},\"query-input\":{\"@type\":\"PropertyValueSpecification\",\"valueRequired\":true,\"valueName\":\"search_term_string\"}}],\"inLanguage\":\"de\"},{\"@type\":\"Organization\",\"@id\":\"https:\\\/\\\/www.vicoexport.com\\\/#organization\",\"name\":\"Vico Export Solar Energy\",\"url\":\"https:\\\/\\\/www.vicoexport.com\\\/\",\"logo\":{\"@type\":\"ImageObject\",\"inLanguage\":\"de\",\"@id\":\"https:\\\/\\\/www.vicoexport.com\\\/#\\\/schema\\\/logo\\\/image\\\/\",\"url\":\"https:\\\/\\\/www.vicoexport.com\\\/wp-content\\\/uploads\\\/2018\\\/02\\\/Vico-Export-Solar-energy.jpg\",\"contentUrl\":\"https:\\\/\\\/www.vicoexport.com\\\/wp-content\\\/uploads\\\/2018\\\/02\\\/Vico-Export-Solar-energy.jpg\",\"width\":1006,\"height\":1024,\"caption\":\"Vico Export Solar Energy\"},\"image\":{\"@id\":\"https:\\\/\\\/www.vicoexport.com\\\/#\\\/schema\\\/logo\\\/image\\\/\"},\"sameAs\":[\"https:\\\/\\\/www.facebook.com\\\/vicoexport.vicoexportsolar\",\"https:\\\/\\\/x.com\\\/VicoExportSolar\",\"https:\\\/\\\/www.instagram.com\\\/vico_export_solar_energy\",\"https:\\\/\\\/www.linkedin.com\\\/in\\\/vicoexport\",\"https:\\\/\\\/www.youtube.com\\\/user\\\/vicoexport\\\/\"]}]}<\/script>\n<!-- \/ Yoast SEO plugin. -->","yoast_head_json":{"title":"Kontakt | Vico Export Solar Energy","description":"Wenden Sie sich an uns, wir haben die besten Marken des Sektors und die besten Preise. Nationale und internationale Sendungen.","robots":{"index":"index","follow":"follow","max-snippet":"max-snippet:-1","max-image-preview":"max-image-preview:large","max-video-preview":"max-video-preview:-1"},"canonical":"https:\/\/www.vicoexport.com\/de\/home-es\/kontakt\/","og_locale":"de_DE","og_type":"article","og_title":"Kontakt | Vico Export Solar Energy","og_description":"Wenden Sie sich an uns, wir haben die besten Marken des Sektors und die besten Preise. Nationale und internationale Sendungen.","og_url":"https:\/\/www.vicoexport.com\/de\/home-es\/kontakt\/","og_site_name":"Vico Export Solar Energy","article_publisher":"https:\/\/www.facebook.com\/vicoexport.vicoexportsolar","article_modified_time":"2025-02-25T09:44:56+00:00","og_image":[{"width":1024,"height":1024,"url":"https:\/\/www.vicoexport.com\/wp-content\/uploads\/2023\/03\/CONTACTO-1024x1024.png","type":"image\/png"}],"twitter_card":"summary_large_image","twitter_site":"@VicoExportSolar","schema":{"@context":"https:\/\/schema.org","@graph":[{"@type":"WebPage","@id":"https:\/\/www.vicoexport.com\/de\/home-es\/kontakt\/","url":"https:\/\/www.vicoexport.com\/de\/home-es\/kontakt\/","name":"Kontakt | Vico Export Solar Energy","isPartOf":{"@id":"https:\/\/www.vicoexport.com\/#website"},"primaryImageOfPage":{"@id":"https:\/\/www.vicoexport.com\/de\/home-es\/kontakt\/#primaryimage"},"image":{"@id":"https:\/\/www.vicoexport.com\/de\/home-es\/kontakt\/#primaryimage"},"thumbnailUrl":"https:\/\/www.vicoexport.com\/wp-content\/uploads\/2023\/03\/CONTACTO.png","datePublished":"2012-03-29T20:22:01+00:00","dateModified":"2025-02-25T09:44:56+00:00","description":"Wenden Sie sich an uns, wir haben die besten Marken des Sektors und die besten Preise. Nationale und internationale Sendungen.","breadcrumb":{"@id":"https:\/\/www.vicoexport.com\/de\/home-es\/kontakt\/#breadcrumb"},"inLanguage":"de","potentialAction":[{"@type":"ReadAction","target":["https:\/\/www.vicoexport.com\/de\/home-es\/kontakt\/"]}]},{"@type":"ImageObject","inLanguage":"de","@id":"https:\/\/www.vicoexport.com\/de\/home-es\/kontakt\/#primaryimage","url":"https:\/\/www.vicoexport.com\/wp-content\/uploads\/2023\/03\/CONTACTO.png","contentUrl":"https:\/\/www.vicoexport.com\/wp-content\/uploads\/2023\/03\/CONTACTO.png","width":1654,"height":1654},{"@type":"BreadcrumbList","@id":"https:\/\/www.vicoexport.com\/de\/home-es\/kontakt\/#breadcrumb","itemListElement":[{"@type":"ListItem","position":1,"name":"Portada","item":"https:\/\/www.vicoexport.com\/de\/"},{"@type":"ListItem","position":2,"name":"Inicio","item":"https:\/\/www.vicoexport.com\/de\/"},{"@type":"ListItem","position":3,"name":"Kontakt"}]},{"@type":"WebSite","@id":"https:\/\/www.vicoexport.com\/#website","url":"https:\/\/www.vicoexport.com\/","name":"Vico Export Solar Energy","description":"Vico Export Solar Energy Distribuidor Mayorista de Paneles Solares Fotovoltaicos","publisher":{"@id":"https:\/\/www.vicoexport.com\/#organization"},"potentialAction":[{"@type":"SearchAction","target":{"@type":"EntryPoint","urlTemplate":"https:\/\/www.vicoexport.com\/?s={search_term_string}"},"query-input":{"@type":"PropertyValueSpecification","valueRequired":true,"valueName":"search_term_string"}}],"inLanguage":"de"},{"@type":"Organization","@id":"https:\/\/www.vicoexport.com\/#organization","name":"Vico Export Solar Energy","url":"https:\/\/www.vicoexport.com\/","logo":{"@type":"ImageObject","inLanguage":"de","@id":"https:\/\/www.vicoexport.com\/#\/schema\/logo\/image\/","url":"https:\/\/www.vicoexport.com\/wp-content\/uploads\/2018\/02\/Vico-Export-Solar-energy.jpg","contentUrl":"https:\/\/www.vicoexport.com\/wp-content\/uploads\/2018\/02\/Vico-Export-Solar-energy.jpg","width":1006,"height":1024,"caption":"Vico Export Solar Energy"},"image":{"@id":"https:\/\/www.vicoexport.com\/#\/schema\/logo\/image\/"},"sameAs":["https:\/\/www.facebook.com\/vicoexport.vicoexportsolar","https:\/\/x.com\/VicoExportSolar","https:\/\/www.instagram.com\/vico_export_solar_energy","https:\/\/www.linkedin.com\/in\/vicoexport","https:\/\/www.youtube.com\/user\/vicoexport\/"]}]}},"_links":{"self":[{"href":"https:\/\/www.vicoexport.com\/de\/wp-json\/wp\/v2\/pages\/43199","targetHints":{"allow":["GET"]}}],"collection":[{"href":"https:\/\/www.vicoexport.com\/de\/wp-json\/wp\/v2\/pages"}],"about":[{"href":"https:\/\/www.vicoexport.com\/de\/wp-json\/wp\/v2\/types\/page"}],"author":[{"embeddable":true,"href":"https:\/\/www.vicoexport.com\/de\/wp-json\/wp\/v2\/users\/1"}],"replies":[{"embeddable":true,"href":"https:\/\/www.vicoexport.com\/de\/wp-json\/wp\/v2\/comments?post=43199"}],"version-history":[{"count":0,"href":"https:\/\/www.vicoexport.com\/de\/wp-json\/wp\/v2\/pages\/43199\/revisions"}],"up":[{"embeddable":true,"href":"https:\/\/www.vicoexport.com\/de\/wp-json\/wp\/v2\/pages\/43128"}],"wp:featuredmedia":[{"embeddable":true,"href":"https:\/\/www.vicoexport.com\/de\/wp-json\/wp\/v2\/media\/43201"}],"wp:attachment":[{"href":"https:\/\/www.vicoexport.com\/de\/wp-json\/wp\/v2\/media?parent=43199"}],"curies":[{"name":"wp","href":"https:\/\/api.w.org\/{rel}","templated":true}]}}