{"id":43286,"date":"2023-03-13T09:52:46","date_gmt":"2023-03-13T08:52:46","guid":{"rendered":"https:\/\/www.vicoexport.com\/home\/solarmodulen\/canadian-solar\/canadian-solar-topbihiku7\/"},"modified":"2024-07-11T10:41:48","modified_gmt":"2024-07-11T08:41:48","slug":"canadian-solar-topbihiku7","status":"publish","type":"page","link":"https:\/\/www.vicoexport.com\/de\/home-es\/solarmodule\/canadian-solar\/canadian-solar-topbihiku7\/","title":{"rendered":"Canadian Solar TOPBiHiKu7"},"content":{"rendered":"<div class=\"wpb-content-wrapper\"><p>[vc_row][vc_column][vc_single_image image=&#8221;43308&#8243; img_size=&#8221;medium&#8221; alignment=&#8221;center&#8221;][vc_column_text css=&#8221;.vc_custom_1678697855561{margin-top: 0px !important;padding-top: 0px !important;}&#8221;]<\/p>\n<h2 style=\"text-align: center;\"><strong>Canadian Solar<\/strong><strong> TOPBiHiKu7<\/strong><\/h2>\n<h4 class=\"has-text-align-left\" style=\"text-align: center;\"><span class=\"has-inline-color\">M\u00f3dulo Bifacial N-type TOPCon<\/span><\/h4>\n<p>[\/vc_column_text][vc_column_text]El Canadian Solar TOPBiHiKu7 es un panel solar de alta eficiencia. Cuenta con una innovadora tecnolog\u00eda, que permite colocar m\u00e1s celdas en el panel y, por lo tanto, producir m\u00e1s energ\u00eda. El panel tambi\u00e9n tiene un dise\u00f1o bifacial, lo que significa que puede producir electricidad tanto por la parte delantera como por la trasera, lo que aumenta a\u00fan m\u00e1s su eficiencia.<\/p>\n<p>Este panel es ideal para proyectos solares a gran escala donde maximizar la potencia de salida es fundamental. Tambi\u00e9n es una buena opci\u00f3n para propiedades residenciales y comerciales con espacio de techo limitado pero demandas de alta energ\u00eda. La durabilidad del panel, con un fuerte marco de aluminio y vidrio templado, lo hace adecuado para su instalaci\u00f3n en diversas condiciones clim\u00e1ticas.<\/p>\n<p><a href=\"https:\/\/www.vicoexport.com\/home-es\/paneles-solares\/canadian-solar\/\">Canadian Solar<\/a> es un fabricante de paneles solares de renombre con una larga trayectoria en la producci\u00f3n de productos confiables y de alta calidad. El TOPBiHiKu7 no es una excepci\u00f3n y viene con una garant\u00eda de 25 a\u00f1os, lo que se suma a su propuesta de valor.[\/vc_column_text][vc_empty_space][\/vc_column][\/vc_row][vc_row][vc_column width=&#8221;1\/2&#8243;][vc_single_image image=&#8221;43287&#8243; img_size=&#8221;400X500&#8243; alignment=&#8221;center&#8221;][\/vc_column][vc_column width=&#8221;1\/2&#8243;][vc_column_text]<strong>M\u00f3dulo bifacial de hasta 695 W<\/strong><\/p>\n<p>&#8211; Oblea de 210 mm 132\/120 tecnolog\u00eda TOPCon de doble c\u00e9lula tipo N<br \/>\n&#8211; Potencia del lado frontal de hasta 695 W<br \/>\n&#8211; Hasta un 85% de potencia bifacial, m\u00e1s potencia por la cara posterior<\/p>\n<p><strong>Mayor rendimiento energ\u00e9tico, menor LCOE<\/strong><\/p>\n<p>&#8211; Coeficiente de baja temperatura (Pmax): -0,29%\/\u2103, m\u00e1s energ\u00eda en clima c\u00e1lido<br \/>\n&#8211; Producci\u00f3n de energ\u00eda un 2% superior a la del PERC<br \/>\n&#8211; Aproximadamente un 2,3% menos de LCOE que el PERC<\/p>\n<p><strong>Mayor fiabilidad<\/strong><\/p>\n<p>&#8211; Minimiza el impacto de las microgrietas celulares en el m\u00f3dulo<br \/>\n&#8211; Cargas de nieve de hasta 5.400Pa, cargas de viento de hasta 2.400Pa[\/vc_column_text][\/vc_column][\/vc_row][vc_row css=&#8221;.vc_custom_1678280377113{margin-top: 50px !important;}&#8221;][vc_column][vc_separator][vc_column_text]<\/p>\n<h3 style=\"text-align: center;\"><a href=\"https:\/\/www.canadiansolar.com\/\"><strong>PANELES SOLARES CANADIAN SOLAR<\/strong><\/a><\/h3>\n<p>[\/vc_column_text][\/vc_column][\/vc_row][vc_row][vc_column width=&#8221;1\/2&#8243;][vc_column_text]<\/p>\n<h4 style=\"text-align: center;\"><strong>TOPBiHiKu7 <\/strong><strong>CS7L-TB-AG<\/strong><strong><br \/>\nPotencia: 620W &#8211; 650W<\/strong><\/h4>\n<p>[\/vc_column_text][vc_column_text]<\/p>\n<p style=\"text-align: center;\">CS7L620TB-AG <strong>&#8211; 620w<\/strong><\/p>\n<p style=\"text-align: center;\">CS7L625TB-AG <strong>&#8211; 625w<\/strong><\/p>\n<p style=\"text-align: center;\">CS7L630TB-AG <strong>&#8211; 630w<\/strong><\/p>\n<p style=\"text-align: center;\">CS7L635TB-AG <strong>&#8211; 635w<\/strong><\/p>\n<p style=\"text-align: center;\">CS7L640TB-AG <strong>&#8211; 640w<\/strong><\/p>\n<p style=\"text-align: center;\">CS7L645TB-AG <strong>&#8211; 645w<\/strong><\/p>\n<p style=\"text-align: center;\">CS7L650TB-AG <strong>&#8211; 650w<\/strong><\/p>\n<p>[\/vc_column_text][vc_btn title=&#8221;FICHA T\u00c9CNICA CS7LxxxTB-AG&#8221; style=&#8221;custom&#8221; custom_background=&#8221;#558f98&#8243; custom_text=&#8221;#ffffff&#8221; size=&#8221;sm&#8221; align=&#8221;center&#8221; i_align=&#8221;right&#8221; i_icon_fontawesome=&#8221;fas fa-download&#8221; add_icon=&#8221;true&#8221; link=&#8221;url:https%3A%2F%2Fwww.vicoexport.com%2Fwp-content%2Fuploads%2F2024%2F07%2FCS-Datasheet-TOPBiHiKu7_CS7L-TB-AG_v1.7_F46_EN_620-650W_Vico_Export_Solar_Energy-2.pdf|target:_blank|&#8221;][\/vc_column][vc_column width=&#8221;1\/2&#8243;][vc_column_text]<\/p>\n<h4 style=\"text-align: center;\"><strong>TOPBiHiKu7 <\/strong><strong>CS7N-TB-AG<\/strong><strong><br \/>\nPotencia: 685W &#8211; 715W<\/strong><\/h4>\n<p>[\/vc_column_text][vc_column_text]<\/p>\n<p style=\"text-align: center;\">CS7N685TB-AG<strong> &#8211; 685w<\/strong><\/p>\n<p style=\"text-align: center;\">CS7N690TB-AG <strong>&#8211; 690w<\/strong><\/p>\n<p style=\"text-align: center;\">CS7N695TB-AG <strong>&#8211; 695w<\/strong><\/p>\n<p style=\"text-align: center;\">CS7N700TB-AG <strong>&#8211; 700w<\/strong><\/p>\n<p style=\"text-align: center;\">CS7N705TB-AG <strong>&#8211; 705w<\/strong><\/p>\n<p style=\"text-align: center;\">CS7N710TB-AG <strong>&#8211; 710w<\/strong><\/p>\n<p style=\"text-align: center;\">CS7N715TB-AG <strong>&#8211; 715w<\/strong><\/p>\n<p>[\/vc_column_text][vc_btn title=&#8221;FICHA T\u00c9CNICA CS7NxxxTB-AG&#8221; style=&#8221;custom&#8221; custom_background=&#8221;#558f98&#8243; custom_text=&#8221;#ffffff&#8221; size=&#8221;sm&#8221; align=&#8221;center&#8221; i_align=&#8221;right&#8221; i_icon_fontawesome=&#8221;fas fa-download&#8221; add_icon=&#8221;true&#8221; link=&#8221;url:https%3A%2F%2Fwww.vicoexport.com%2Fwp-content%2Fuploads%2F2024%2F07%2FCS-Datasheet-TOPBiHiKu7_CS7N-TB-AG_v1.7_F46_EN_685-715W_Vico_Export_Solar_Energy.pdf|target:_blank|&#8221;][\/vc_column][\/vc_row][vc_row css=&#8221;.vc_custom_1678281791473{padding-top: 50px !important;}&#8221;][vc_column][vc_cta h2=&#8221;&#8221; h4=&#8221;12 a\u00f1os garant\u00eda de producto y 30 a\u00f1os de garant\u00eda rendimiento&#8221; txt_align=&#8221;center&#8221; style=&#8221;3d&#8221; color=&#8221;grey&#8221;][\/vc_cta][\/vc_column][\/vc_row]<\/p>\n<\/div>","protected":false},"excerpt":{"rendered":"<p>[vc_row][vc_column][vc_single_image image=&#8221;43308&#8243; img_size=&#8221;medium&#8221; alignment=&#8221;center&#8221;][vc_column_text css=&#8221;.vc_custom_1678697855561{margin-top: 0px !important;padding-top: 0px !important;}&#8221;] Canadian Solar TOPBiHiKu7 M\u00f3dulo Bifacial N-type TOPCon [\/vc_column_text][vc_column_text]El Canadian Solar TOPBiHiKu7 es un panel solar de alta eficiencia. Cuenta con una innovadora tecnolog\u00eda, que permite colocar m\u00e1s celdas en el panel y, por lo tanto, producir m\u00e1s energ\u00eda. El panel tambi\u00e9n tiene un dise\u00f1o bifacial, lo [&hellip;]<\/p>\n","protected":false},"author":1,"featured_media":43287,"parent":42902,"menu_order":0,"comment_status":"closed","ping_status":"closed","template":"","meta":{"_joinchat":[],"footnotes":""},"class_list":["post-43286","page","type-page","status-publish","has-post-thumbnail","hentry"],"yoast_head":"<!-- This site is optimized with the Yoast SEO plugin v27.2 - https:\/\/yoast.com\/product\/yoast-seo-wordpress\/ -->\n<title>Canadian Solar TOPBiHiKu7 | Vico Export Solar Energy<\/title>\n<meta name=\"description\" content=\"Canadian Solar TOPBiHiKu7 Photovoltaikmodule, CS7L-TB-AG 615W~635W, CS7N-TB-AG 675W~695W. Offizielle Vertriebspartner in Spanien.\" \/>\n<meta name=\"robots\" content=\"index, follow, max-snippet:-1, max-image-preview:large, max-video-preview:-1\" \/>\n<link rel=\"canonical\" href=\"https:\/\/www.vicoexport.com\/home-es\/paneles-solares\/canadian-solar\/canadian-solar-topbihiku7\/\" \/>\n<meta property=\"og:locale\" content=\"de_DE\" \/>\n<meta property=\"og:type\" content=\"article\" \/>\n<meta property=\"og:title\" content=\"Canadian Solar TOPBiHiKu7 | Vico Export Solar Energy\" \/>\n<meta property=\"og:description\" content=\"Canadian Solar TOPBiHiKu7 Photovoltaikmodule, CS7L-TB-AG 615W~635W, CS7N-TB-AG 675W~695W. Offizielle Vertriebspartner in Spanien.\" \/>\n<meta property=\"og:url\" content=\"https:\/\/www.vicoexport.com\/home-es\/paneles-solares\/canadian-solar\/canadian-solar-topbihiku7\/\" \/>\n<meta property=\"og:site_name\" content=\"Vico Export Solar Energy\" \/>\n<meta property=\"article:publisher\" content=\"https:\/\/www.facebook.com\/vicoexport.vicoexportsolar\" \/>\n<meta property=\"article:modified_time\" content=\"2024-07-11T08:41:48+00:00\" \/>\n<meta property=\"og:image\" content=\"https:\/\/www.vicoexport.com\/wp-content\/uploads\/2023\/03\/Canadian-Soalr-TOPBiHiKu7-Vico-Export-Solar-Energy.png\" \/>\n\t<meta property=\"og:image:width\" content=\"600\" \/>\n\t<meta property=\"og:image:height\" content=\"700\" \/>\n\t<meta property=\"og:image:type\" content=\"image\/png\" \/>\n<meta name=\"twitter:card\" content=\"summary_large_image\" \/>\n<meta name=\"twitter:site\" content=\"@VicoExportSolar\" \/>\n<script type=\"application\/ld+json\" class=\"yoast-schema-graph\">{\"@context\":\"https:\/\/schema.org\",\"@graph\":[{\"@type\":\"WebPage\",\"@id\":\"https:\/\/www.vicoexport.com\/home-es\/paneles-solares\/canadian-solar\/canadian-solar-topbihiku7\/\",\"url\":\"https:\/\/www.vicoexport.com\/home-es\/paneles-solares\/canadian-solar\/canadian-solar-topbihiku7\/\",\"name\":\"Canadian Solar TOPBiHiKu7 | Vico Export Solar Energy\",\"isPartOf\":{\"@id\":\"https:\/\/www.vicoexport.com\/#website\"},\"primaryImageOfPage\":{\"@id\":\"https:\/\/www.vicoexport.com\/home-es\/paneles-solares\/canadian-solar\/canadian-solar-topbihiku7\/#primaryimage\"},\"image\":{\"@id\":\"https:\/\/www.vicoexport.com\/home-es\/paneles-solares\/canadian-solar\/canadian-solar-topbihiku7\/#primaryimage\"},\"thumbnailUrl\":\"https:\/\/www.vicoexport.com\/wp-content\/uploads\/2023\/03\/Canadian-Soalr-TOPBiHiKu7-Vico-Export-Solar-Energy.png\",\"datePublished\":\"2023-03-13T08:52:46+00:00\",\"dateModified\":\"2024-07-11T08:41:48+00:00\",\"description\":\"Canadian Solar TOPBiHiKu7 Photovoltaikmodule, CS7L-TB-AG 615W~635W, CS7N-TB-AG 675W~695W. Offizielle Vertriebspartner in Spanien.\",\"breadcrumb\":{\"@id\":\"https:\/\/www.vicoexport.com\/home-es\/paneles-solares\/canadian-solar\/canadian-solar-topbihiku7\/#breadcrumb\"},\"inLanguage\":\"de\",\"potentialAction\":[{\"@type\":\"ReadAction\",\"target\":[\"https:\/\/www.vicoexport.com\/home-es\/paneles-solares\/canadian-solar\/canadian-solar-topbihiku7\/\"]}]},{\"@type\":\"ImageObject\",\"inLanguage\":\"de\",\"@id\":\"https:\/\/www.vicoexport.com\/home-es\/paneles-solares\/canadian-solar\/canadian-solar-topbihiku7\/#primaryimage\",\"url\":\"https:\/\/www.vicoexport.com\/wp-content\/uploads\/2023\/03\/Canadian-Soalr-TOPBiHiKu7-Vico-Export-Solar-Energy.png\",\"contentUrl\":\"https:\/\/www.vicoexport.com\/wp-content\/uploads\/2023\/03\/Canadian-Soalr-TOPBiHiKu7-Vico-Export-Solar-Energy.png\",\"width\":600,\"height\":700,\"caption\":\"Canadian Solar TOPBiHiKu7\"},{\"@type\":\"BreadcrumbList\",\"@id\":\"https:\/\/www.vicoexport.com\/home-es\/paneles-solares\/canadian-solar\/canadian-solar-topbihiku7\/#breadcrumb\",\"itemListElement\":[{\"@type\":\"ListItem\",\"position\":1,\"name\":\"Portada\",\"item\":\"https:\/\/www.vicoexport.com\/de\/\"},{\"@type\":\"ListItem\",\"position\":2,\"name\":\"Inicio\",\"item\":\"https:\/\/www.vicoexport.com\/de\/\"},{\"@type\":\"ListItem\",\"position\":3,\"name\":\"Solarmodule\",\"item\":\"https:\/\/www.vicoexport.com\/de\/home-es\/solarmodule\/\"},{\"@type\":\"ListItem\",\"position\":4,\"name\":\"Canadian Solar\",\"item\":\"https:\/\/www.vicoexport.com\/home-es\/paneles-solares\/canadian-solar\/\"},{\"@type\":\"ListItem\",\"position\":5,\"name\":\"Canadian Solar TOPBiHiKu7\"}]},{\"@type\":\"WebSite\",\"@id\":\"https:\/\/www.vicoexport.com\/#website\",\"url\":\"https:\/\/www.vicoexport.com\/\",\"name\":\"Vico Export Solar Energy\",\"description\":\"Vico Export Solar Energy Distribuidor Mayorista de Paneles Solares Fotovoltaicos\",\"publisher\":{\"@id\":\"https:\/\/www.vicoexport.com\/#organization\"},\"potentialAction\":[{\"@type\":\"SearchAction\",\"target\":{\"@type\":\"EntryPoint\",\"urlTemplate\":\"https:\/\/www.vicoexport.com\/?s={search_term_string}\"},\"query-input\":{\"@type\":\"PropertyValueSpecification\",\"valueRequired\":true,\"valueName\":\"search_term_string\"}}],\"inLanguage\":\"de\"},{\"@type\":\"Organization\",\"@id\":\"https:\/\/www.vicoexport.com\/#organization\",\"name\":\"Vico Export Solar Energy\",\"url\":\"https:\/\/www.vicoexport.com\/\",\"logo\":{\"@type\":\"ImageObject\",\"inLanguage\":\"de\",\"@id\":\"https:\/\/www.vicoexport.com\/#\/schema\/logo\/image\/\",\"url\":\"https:\/\/www.vicoexport.com\/wp-content\/uploads\/2018\/02\/Vico-Export-Solar-energy.jpg\",\"contentUrl\":\"https:\/\/www.vicoexport.com\/wp-content\/uploads\/2018\/02\/Vico-Export-Solar-energy.jpg\",\"width\":1006,\"height\":1024,\"caption\":\"Vico Export Solar Energy\"},\"image\":{\"@id\":\"https:\/\/www.vicoexport.com\/#\/schema\/logo\/image\/\"},\"sameAs\":[\"https:\/\/www.facebook.com\/vicoexport.vicoexportsolar\",\"https:\/\/x.com\/VicoExportSolar\",\"https:\/\/www.instagram.com\/vico_export_solar_energy\",\"https:\/\/www.linkedin.com\/in\/vicoexport\",\"https:\/\/www.youtube.com\/user\/vicoexport\/\"]}]}<\/script>\n<!-- \/ Yoast SEO plugin. -->","yoast_head_json":{"title":"Canadian Solar TOPBiHiKu7 | Vico Export Solar Energy","description":"Canadian Solar TOPBiHiKu7 Photovoltaikmodule, CS7L-TB-AG 615W~635W, CS7N-TB-AG 675W~695W. Offizielle Vertriebspartner in Spanien.","robots":{"index":"index","follow":"follow","max-snippet":"max-snippet:-1","max-image-preview":"max-image-preview:large","max-video-preview":"max-video-preview:-1"},"canonical":"https:\/\/www.vicoexport.com\/home-es\/paneles-solares\/canadian-solar\/canadian-solar-topbihiku7\/","og_locale":"de_DE","og_type":"article","og_title":"Canadian Solar TOPBiHiKu7 | Vico Export Solar Energy","og_description":"Canadian Solar TOPBiHiKu7 Photovoltaikmodule, CS7L-TB-AG 615W~635W, CS7N-TB-AG 675W~695W. Offizielle Vertriebspartner in Spanien.","og_url":"https:\/\/www.vicoexport.com\/home-es\/paneles-solares\/canadian-solar\/canadian-solar-topbihiku7\/","og_site_name":"Vico Export Solar Energy","article_publisher":"https:\/\/www.facebook.com\/vicoexport.vicoexportsolar","article_modified_time":"2024-07-11T08:41:48+00:00","og_image":[{"width":600,"height":700,"url":"https:\/\/www.vicoexport.com\/wp-content\/uploads\/2023\/03\/Canadian-Soalr-TOPBiHiKu7-Vico-Export-Solar-Energy.png","type":"image\/png"}],"twitter_card":"summary_large_image","twitter_site":"@VicoExportSolar","schema":{"@context":"https:\/\/schema.org","@graph":[{"@type":"WebPage","@id":"https:\/\/www.vicoexport.com\/home-es\/paneles-solares\/canadian-solar\/canadian-solar-topbihiku7\/","url":"https:\/\/www.vicoexport.com\/home-es\/paneles-solares\/canadian-solar\/canadian-solar-topbihiku7\/","name":"Canadian Solar TOPBiHiKu7 | Vico Export Solar Energy","isPartOf":{"@id":"https:\/\/www.vicoexport.com\/#website"},"primaryImageOfPage":{"@id":"https:\/\/www.vicoexport.com\/home-es\/paneles-solares\/canadian-solar\/canadian-solar-topbihiku7\/#primaryimage"},"image":{"@id":"https:\/\/www.vicoexport.com\/home-es\/paneles-solares\/canadian-solar\/canadian-solar-topbihiku7\/#primaryimage"},"thumbnailUrl":"https:\/\/www.vicoexport.com\/wp-content\/uploads\/2023\/03\/Canadian-Soalr-TOPBiHiKu7-Vico-Export-Solar-Energy.png","datePublished":"2023-03-13T08:52:46+00:00","dateModified":"2024-07-11T08:41:48+00:00","description":"Canadian Solar TOPBiHiKu7 Photovoltaikmodule, CS7L-TB-AG 615W~635W, CS7N-TB-AG 675W~695W. Offizielle Vertriebspartner in Spanien.","breadcrumb":{"@id":"https:\/\/www.vicoexport.com\/home-es\/paneles-solares\/canadian-solar\/canadian-solar-topbihiku7\/#breadcrumb"},"inLanguage":"de","potentialAction":[{"@type":"ReadAction","target":["https:\/\/www.vicoexport.com\/home-es\/paneles-solares\/canadian-solar\/canadian-solar-topbihiku7\/"]}]},{"@type":"ImageObject","inLanguage":"de","@id":"https:\/\/www.vicoexport.com\/home-es\/paneles-solares\/canadian-solar\/canadian-solar-topbihiku7\/#primaryimage","url":"https:\/\/www.vicoexport.com\/wp-content\/uploads\/2023\/03\/Canadian-Soalr-TOPBiHiKu7-Vico-Export-Solar-Energy.png","contentUrl":"https:\/\/www.vicoexport.com\/wp-content\/uploads\/2023\/03\/Canadian-Soalr-TOPBiHiKu7-Vico-Export-Solar-Energy.png","width":600,"height":700,"caption":"Canadian Solar TOPBiHiKu7"},{"@type":"BreadcrumbList","@id":"https:\/\/www.vicoexport.com\/home-es\/paneles-solares\/canadian-solar\/canadian-solar-topbihiku7\/#breadcrumb","itemListElement":[{"@type":"ListItem","position":1,"name":"Portada","item":"https:\/\/www.vicoexport.com\/de\/"},{"@type":"ListItem","position":2,"name":"Inicio","item":"https:\/\/www.vicoexport.com\/de\/"},{"@type":"ListItem","position":3,"name":"Solarmodule","item":"https:\/\/www.vicoexport.com\/de\/home-es\/solarmodule\/"},{"@type":"ListItem","position":4,"name":"Canadian Solar","item":"https:\/\/www.vicoexport.com\/home-es\/paneles-solares\/canadian-solar\/"},{"@type":"ListItem","position":5,"name":"Canadian Solar TOPBiHiKu7"}]},{"@type":"WebSite","@id":"https:\/\/www.vicoexport.com\/#website","url":"https:\/\/www.vicoexport.com\/","name":"Vico Export Solar Energy","description":"Vico Export Solar Energy Distribuidor Mayorista de Paneles Solares Fotovoltaicos","publisher":{"@id":"https:\/\/www.vicoexport.com\/#organization"},"potentialAction":[{"@type":"SearchAction","target":{"@type":"EntryPoint","urlTemplate":"https:\/\/www.vicoexport.com\/?s={search_term_string}"},"query-input":{"@type":"PropertyValueSpecification","valueRequired":true,"valueName":"search_term_string"}}],"inLanguage":"de"},{"@type":"Organization","@id":"https:\/\/www.vicoexport.com\/#organization","name":"Vico Export Solar Energy","url":"https:\/\/www.vicoexport.com\/","logo":{"@type":"ImageObject","inLanguage":"de","@id":"https:\/\/www.vicoexport.com\/#\/schema\/logo\/image\/","url":"https:\/\/www.vicoexport.com\/wp-content\/uploads\/2018\/02\/Vico-Export-Solar-energy.jpg","contentUrl":"https:\/\/www.vicoexport.com\/wp-content\/uploads\/2018\/02\/Vico-Export-Solar-energy.jpg","width":1006,"height":1024,"caption":"Vico Export Solar Energy"},"image":{"@id":"https:\/\/www.vicoexport.com\/#\/schema\/logo\/image\/"},"sameAs":["https:\/\/www.facebook.com\/vicoexport.vicoexportsolar","https:\/\/x.com\/VicoExportSolar","https:\/\/www.instagram.com\/vico_export_solar_energy","https:\/\/www.linkedin.com\/in\/vicoexport","https:\/\/www.youtube.com\/user\/vicoexport\/"]}]}},"_links":{"self":[{"href":"https:\/\/www.vicoexport.com\/de\/wp-json\/wp\/v2\/pages\/43286","targetHints":{"allow":["GET"]}}],"collection":[{"href":"https:\/\/www.vicoexport.com\/de\/wp-json\/wp\/v2\/pages"}],"about":[{"href":"https:\/\/www.vicoexport.com\/de\/wp-json\/wp\/v2\/types\/page"}],"author":[{"embeddable":true,"href":"https:\/\/www.vicoexport.com\/de\/wp-json\/wp\/v2\/users\/1"}],"replies":[{"embeddable":true,"href":"https:\/\/www.vicoexport.com\/de\/wp-json\/wp\/v2\/comments?post=43286"}],"version-history":[{"count":0,"href":"https:\/\/www.vicoexport.com\/de\/wp-json\/wp\/v2\/pages\/43286\/revisions"}],"up":[{"embeddable":true,"href":"https:\/\/www.vicoexport.com\/de\/wp-json\/wp\/v2\/pages\/42902"}],"wp:featuredmedia":[{"embeddable":true,"href":"https:\/\/www.vicoexport.com\/de\/wp-json\/wp\/v2\/media\/43287"}],"wp:attachment":[{"href":"https:\/\/www.vicoexport.com\/de\/wp-json\/wp\/v2\/media?parent=43286"}],"curies":[{"name":"wp","href":"https:\/\/api.w.org\/{rel}","templated":true}]}}