{"id":43294,"date":"2023-03-13T10:17:28","date_gmt":"2023-03-13T09:17:28","guid":{"rendered":"https:\/\/www.vicoexport.com\/home\/solarmodulen\/canadian-solar\/canadian-solar-topbihiku6\/"},"modified":"2024-10-07T17:06:05","modified_gmt":"2024-10-07T15:06:05","slug":"canadian-solar-topbihiku6","status":"publish","type":"page","link":"https:\/\/www.vicoexport.com\/de\/home-es\/solarmodule\/canadian-solar\/canadian-solar-topbihiku6\/","title":{"rendered":"Canadian Solar TOPBiHiKu6"},"content":{"rendered":"<div class=\"wpb-content-wrapper\"><p>[vc_row][vc_column][vc_single_image image=&#8221;43308&#8243; img_size=&#8221;medium&#8221; alignment=&#8221;center&#8221;][vc_column_text css=&#8221;.vc_custom_1713341670862{margin-top: 0px !important;padding-top: 0px !important;}&#8221;]<\/p>\n<h2 style=\"text-align: center;\"><strong>Canadian Solar<\/strong><strong> TOPBiHiKu6<\/strong><\/h2>\n<h4 class=\"has-text-align-left\" style=\"text-align: center;\"><span class=\"has-inline-color\">Bifacial N-Type TOPCon Modul<\/span><\/h4>\n<p>[\/vc_column_text][vc_column_text]<\/p>\n<p style=\"text-align: center;\"><a href=\"https:\/\/www.vicoexport.com\/home-es\/paneles-solares\/canadian-solar\/\">Canadian Solar<\/a> TOPBiHiKu6 ist eine Reihe von hocheffizienten Solarmodulen, die von Canadian Solar, einem der weltweit f\u00fchrenden Hersteller von Solarmodulen, hergestellt werden. TOPBiHiKu6-Module verwenden bifaciale Solarzellen, d. h. sie k\u00f6nnen nicht nur Strom aus dem Sonnenlicht erzeugen, das direkt auf die Vorderseite des Moduls f\u00e4llt, sondern auch aus dem Licht, das von der R\u00fcckseite des Moduls reflektiert wird.<\/p>\n<p style=\"text-align: center;\">TOPBiHiKu6-Paneele sind au\u00dferdem so konzipiert, dass sie rauen Wetterbedingungen wie starkem Wind und Schnee standhalten. Sie sind zertifiziert, um Schneelasten bis zu 5400 Pa und Windst\u00e4rken bis zu 3600 Pa standzuhalten.<\/p>\n<p style=\"text-align: center;\">Zusammenfassend l\u00e4sst sich sagen, dass die kanadischen TOPBiHiKu6-Solarmodule eine ausgezeichnete Wahl f\u00fcr diejenigen sind, die eine hohe Effizienz und Leistung ihrer Solarmodule w\u00fcnschen.<\/p>\n<p>[\/vc_column_text][vc_empty_space][\/vc_column][\/vc_row][vc_row][vc_column width=&#8221;1\/2&#8243;][vc_single_image image=&#8221;43295&#8243; img_size=&#8221;400X500&#8243; alignment=&#8221;center&#8221;][\/vc_column][vc_column width=&#8221;1\/2&#8243;][vc_column_text]<strong>Hohe Leistung<\/strong><\/p>\n<ul>\n<li>Modulleistung bis zu 575W, Modulwirkungsgrad bis zu 22,3%, Bifazialit\u00e4t bis zu 85%.<\/li>\n<li>Kein Bor-Sauerstoff LID und Anti-PID, weniger Degradation.<\/li>\n<li>16BB-Zelltechnologie, bessere Licht- und Stromausbeute, h\u00f6here Ausgangsleistung<\/li>\n<\/ul>\n<p><strong>Hohe Energieeffizienz, niedrige LCOE<\/strong><\/p>\n<ul>\n<li>Niedriger Temperaturkoeffizient (Pmax): -0,29%\/\u2103, mehr Energie bei hei\u00dfem Wetter<\/li>\n<li>2% mehr Energieerzeugung als PERC<\/li>\n<li>Ungef\u00e4hr 2,3 % niedrigere LCOE als PERC<\/li>\n<\/ul>\n<p><strong>H\u00f6here Zuverl\u00e4ssigkeit<\/strong><\/p>\n<ul>\n<li>Minimiert die Auswirkungen von Mikrorissen im Modul<\/li>\n<li>Schneelasten bis zu 5.400Pa, Windlasten bis zu 2.400Pa<\/li>\n<\/ul>\n<p>[\/vc_column_text][\/vc_column][\/vc_row][vc_row css=&#8221;.vc_custom_1678280377113{margin-top: 50px !important;}&#8221;][vc_column][vc_separator][vc_column_text]<\/p>\n<h2 style=\"text-align: center;\"><a href=\"https:\/\/www.canadiansolar.com\/\"><strong>Solarmodule<\/strong><\/a><a href=\"https:\/\/www.canadiansolar.com\/\"><strong> Canadian\u00a0<\/strong><\/a><\/h2>\n<p>[\/vc_column_text][\/vc_column][\/vc_row][vc_row][vc_column width=&#8221;1\/3&#8243;][vc_column_text]<\/p>\n<h4 style=\"text-align: center;\"><strong>TOPBiHiKu6 CS6.2-66TB<br \/>\nLeistung: 600 W ~ 630 W<\/strong><\/h4>\n<p>[\/vc_column_text][vc_btn title=&#8221;DATENBLATT CS6.2-66TB-xxx&#8221; style=&#8221;custom&#8221; custom_background=&#8221;#558f98&#8243; custom_text=&#8221;#ffffff&#8221; size=&#8221;sm&#8221; align=&#8221;center&#8221; i_align=&#8221;right&#8221; i_icon_fontawesome=&#8221;fas fa-download&#8221; add_icon=&#8221;true&#8221; link=&#8221;url:https%3A%2F%2Fwww.vicoexport.com%2Fwp-content%2Fuploads%2F2024%2F10%2FCS-Datasheet-TOPBiHiKu6_CS6.2-66TB_v1.3_F67_EN_600-630W_Vico_Export_Solar_Energy.pdf|target:_blank&#8221;][vc_column_text]<\/p>\n<p style=\"text-align: center;\">CS6.2-66TB600\u00a0<strong>\u2013 600w<\/strong><\/p>\n<p style=\"text-align: center;\">CS6.2-66TB605\u00a0<strong>\u2013 605w<\/strong><\/p>\n<p style=\"text-align: center;\">CS6.2-66TB610\u00a0<strong>\u2013 610w<\/strong><\/p>\n<p style=\"text-align: center;\">CS6.2-66TB615\u00a0<strong>\u2013 615w<\/strong><\/p>\n<p style=\"text-align: center;\">CS6.2-66TB620\u00a0<strong>\u2013 620w<\/strong><\/p>\n<p style=\"text-align: center;\">CS6.2-66TB625\u00a0<strong>\u2013 625w<\/strong><\/p>\n<p style=\"text-align: center;\">CS6.2-66TB630\u00a0<strong>\u2013 630w<\/strong><\/p>\n<p>[\/vc_column_text][\/vc_column][vc_column width=&#8221;1\/3&#8243;][vc_column_text]<\/p>\n<h4 style=\"text-align: center;\"><strong>TOPBiHiKu6 CS6.1-60TB <\/strong><strong><br \/>\nLeistung: 490 W ~ 515 W<\/strong><strong>\u00a0<\/strong><\/h4>\n<p>[\/vc_column_text][vc_column_text]<\/p>\n<p style=\"text-align: center;\">CS6.1-60TB490\u00a0<strong>\u2013 490w<\/strong><\/p>\n<p style=\"text-align: center;\">CS6.1-60TB495\u00a0<strong>\u2013 495w<\/strong><\/p>\n<p style=\"text-align: center;\">CS6.1-60TB500\u00a0<strong>\u2013 500w<\/strong><\/p>\n<p style=\"text-align: center;\">CS6.1-60TB505<strong>\u00a0\u2013 505w<\/strong><\/p>\n<p style=\"text-align: center;\">CS6.1-60TB510<strong>\u00a0\u2013 510w<\/strong><\/p>\n<p style=\"text-align: center;\">CS6.1-60TB515<strong>\u00a0\u2013 515w<\/strong><\/p>\n<p>[\/vc_column_text][vc_btn title=&#8221;DATENBLATT CS6.1-60TB-xxx&#8221; style=&#8221;custom&#8221; custom_background=&#8221;#558f98&#8243; custom_text=&#8221;#ffffff&#8221; size=&#8221;sm&#8221; align=&#8221;center&#8221; i_align=&#8221;right&#8221; i_icon_fontawesome=&#8221;fas fa-download&#8221; add_icon=&#8221;true&#8221; link=&#8221;url:https%3A%2F%2Fwww.vicoexport.com%2Fwp-content%2Fuploads%2F2024%2F07%2FCS-Datasheet-TOPBiHiKu6_CS6.1-60TB_v1.7W25_F67_EN_490-515W_Vico_Export_Solar_Energy.pdf|target:_blank&#8221;][\/vc_column][vc_column width=&#8221;1\/3&#8243;][vc_column_text]<\/p>\n<h4 style=\"text-align: center;\"><strong>TOPBiHiKu6 CS6W-TB-AG<br \/>\nLeistung: 565 W ~ 595 W<\/strong><\/h4>\n<p>[\/vc_column_text][vc_column_text]<\/p>\n<p style=\"text-align: center;\">CS6W565TB-AG\u00a0<strong>-565W<\/strong><\/p>\n<p style=\"text-align: center;\">CS6W570TB-AG\u00a0<strong>\u2013 570W<\/strong><\/p>\n<p style=\"text-align: center;\">CS6W575TB-AG\u00a0<strong>\u2013 575W<\/strong><\/p>\n<p style=\"text-align: center;\">CS6W580TB-AG\u00a0<strong>\u2013 580W<\/strong><\/p>\n<p style=\"text-align: center;\">CS6W585TB-AG\u00a0<strong>\u2013 585W<\/strong><\/p>\n<p style=\"text-align: center;\">CS6W590TB-AG \u2013<strong>\u00a0590W<\/strong><\/p>\n<p style=\"text-align: center;\">CS6W595TB-AG \u2013<strong>\u00a0595W<\/strong><\/p>\n<p>[\/vc_column_text][vc_btn title=&#8221;DATENBLATT CS6Wxxx-TB-AG&#8221; style=&#8221;custom&#8221; custom_background=&#8221;#558f98&#8243; custom_text=&#8221;#ffffff&#8221; size=&#8221;sm&#8221; align=&#8221;center&#8221; i_align=&#8221;right&#8221; i_icon_fontawesome=&#8221;fas fa-download&#8221; add_icon=&#8221;true&#8221; link=&#8221;url:https%3A%2F%2Fwww.vicoexport.com%2Fwp-content%2Fuploads%2F2024%2F07%2FCS-Datasheet-TOPBiHiKu6_CS6W-TB-AG_v1.9_F47_EN_565-595W_Vico_Export_Solar_Energy.pdf|target:_blank&#8221;][\/vc_column][\/vc_row][vc_row css=&#8221;.vc_custom_1728313420240{margin-top: 15px !important;}&#8221;][vc_column width=&#8221;1\/2&#8243;][vc_column_text]<\/p>\n<h4 style=\"text-align: center;\"><strong>TOPBiHiKu6 CS6.1-54TB<br \/>\nLeistung: 430 W ~ 460 W<\/strong><\/h4>\n<p>[\/vc_column_text][vc_column_text]<\/p>\n<p style=\"text-align: center;\">CS6.1-54TB435<strong>\u00a0\u2013 435w<\/strong><\/p>\n<p style=\"text-align: center;\">CS6.1-54TB440<strong>\u00a0\u2013 440w<\/strong><\/p>\n<p style=\"text-align: center;\">CS6.1-54TB445\u00a0<strong>\u2013 445w<\/strong><\/p>\n<p style=\"text-align: center;\">CS6.1-54TB450\u00a0<strong>\u2013 450w<\/strong><\/p>\n<p style=\"text-align: center;\">CS6.1-54TB455\u00a0<strong>\u2013 455w<\/strong><\/p>\n<p style=\"text-align: center;\">CS6.1-54TB460<strong>\u00a0\u2013 460w<\/strong><\/p>\n<p>[\/vc_column_text][vc_btn title=&#8221;DATENBLATT CS6.1-54TB-xxx&#8221; style=&#8221;custom&#8221; custom_background=&#8221;#558f98&#8243; custom_text=&#8221;#ffffff&#8221; size=&#8221;sm&#8221; align=&#8221;center&#8221; i_align=&#8221;right&#8221; i_icon_fontawesome=&#8221;fas fa-download&#8221; add_icon=&#8221;true&#8221; link=&#8221;url:https%3A%2F%2Fwww.vicoexport.com%2Fwp-content%2Fuploads%2F2024%2F07%2FCS-Datasheet-TOPBiHiKu6_CS6.1-54TB_v1.2W12_F75_EN_430-460W_Vico_Export_Solar_Energy.pdf|target:_blank&#8221;][\/vc_column][vc_column width=&#8221;1\/2&#8243;][vc_column_text]<\/p>\n<h4 style=\"text-align: center;\"><strong>TOPBiHiKu6 CS6.1-72TB <\/strong><strong><br \/>\nLeistung: 590 W ~ 620 W<\/strong><strong>\u00a0<\/strong><\/h4>\n<p>[\/vc_column_text][vc_column_text]<\/p>\n<p style=\"text-align: center;\">CS6.1-72TB590\u00a0<strong>\u2013 590w<\/strong><\/p>\n<p style=\"text-align: center;\">CS6.1-72TB595\u00a0<strong>\u2013 595w<\/strong><\/p>\n<p style=\"text-align: center;\">CS6.1-72TB600<strong>\u00a0\u2013 600w<\/strong><\/p>\n<p style=\"text-align: center;\">CS6.1-72TB605<strong>\u00a0\u2013 605w<\/strong><\/p>\n<p style=\"text-align: center;\">CS6.1-72TB610<strong>\u00a0\u2013 610w<\/strong><\/p>\n<p style=\"text-align: center;\">CS6.1-72TB615<strong>\u00a0\u2013 615w<\/strong><\/p>\n<p style=\"text-align: center;\">CS6.1-72TB620<strong>\u00a0\u2013 620w<\/strong><\/p>\n<p>[\/vc_column_text][vc_btn title=&#8221;DATENBLATT CS6.1-72TB-xxx&#8221; style=&#8221;custom&#8221; custom_background=&#8221;#558f98&#8243; custom_text=&#8221;#ffffff&#8221; size=&#8221;sm&#8221; align=&#8221;center&#8221; i_align=&#8221;right&#8221; i_icon_fontawesome=&#8221;fas fa-download&#8221; add_icon=&#8221;true&#8221; link=&#8221;url:https%3A%2F%2Fwww.vicoexport.com%2Fwp-content%2Fuploads%2F2024%2F07%2FCS-Datasheet-TOPBiHiKu6_CS6.1-72TB_v1.7_F67_EN_590-620W_Vico_Export_Solar_Energy.pdf|target:_blank&#8221;][\/vc_column][\/vc_row][vc_row css=&#8221;.vc_custom_1678281791473{padding-top: 50px !important;}&#8221;][vc_column][vc_cta h2=&#8221;&#8221; h4=&#8221;12 Jahre Produktgarantie und 30 Jahre Leistungsgarantie&#8221; txt_align=&#8221;center&#8221; style=&#8221;3d&#8221; color=&#8221;grey&#8221;][\/vc_cta][\/vc_column][\/vc_row]<\/p>\n<\/div>","protected":false},"excerpt":{"rendered":"<p>[vc_row][vc_column][vc_single_image image=&#8221;43308&#8243; img_size=&#8221;medium&#8221; alignment=&#8221;center&#8221;][vc_column_text css=&#8221;.vc_custom_1713341670862{margin-top: 0px !important;padding-top: 0px !important;}&#8221;] Canadian Solar TOPBiHiKu6 Bifacial N-Type TOPCon Modul [\/vc_column_text][vc_column_text] Canadian Solar TOPBiHiKu6 ist eine Reihe von hocheffizienten Solarmodulen, die von Canadian Solar, einem der weltweit f\u00fchrenden Hersteller von Solarmodulen, hergestellt werden. TOPBiHiKu6-Module verwenden bifaciale Solarzellen, d. h. sie k\u00f6nnen nicht nur Strom aus dem Sonnenlicht erzeugen, das [&hellip;]<\/p>\n","protected":false},"author":1,"featured_media":43295,"parent":42902,"menu_order":0,"comment_status":"closed","ping_status":"closed","template":"","meta":{"_joinchat":[],"footnotes":""},"class_list":["post-43294","page","type-page","status-publish","has-post-thumbnail","hentry"],"yoast_head":"<!-- This site is optimized with the Yoast SEO plugin v27.5 - https:\/\/yoast.com\/product\/yoast-seo-wordpress\/ -->\n<title>Canadian Solar TOPBiHiKu6 | Vico Export Solar Energy<\/title>\n<meta name=\"description\" content=\"Canadian Solar TOPBiHiKu6 CS6W-TB-AG Photovoltaikmodule mit 555 W \u2013 560 W \u2013 565 W \u2013 570 W \u2013 575 W. Offizielle Vertriebspartner. Bestpreis.\" \/>\n<meta name=\"robots\" content=\"index, follow, max-snippet:-1, max-image-preview:large, max-video-preview:-1\" \/>\n<link rel=\"canonical\" href=\"https:\/\/www.vicoexport.com\/home-es\/paneles-solares\/canadian-solar\/canadian-solar-topbihiku6\/\" \/>\n<meta property=\"og:locale\" content=\"de_DE\" \/>\n<meta property=\"og:type\" content=\"article\" \/>\n<meta property=\"og:title\" content=\"Canadian Solar TOPBiHiKu6 | Vico Export Solar Energy\" \/>\n<meta property=\"og:description\" content=\"Canadian Solar TOPBiHiKu6 CS6W-TB-AG Photovoltaikmodule mit 555 W \u2013 560 W \u2013 565 W \u2013 570 W \u2013 575 W. Offizielle Vertriebspartner. Bestpreis.\" \/>\n<meta property=\"og:url\" content=\"https:\/\/www.vicoexport.com\/home-es\/paneles-solares\/canadian-solar\/canadian-solar-topbihiku6\/\" \/>\n<meta property=\"og:site_name\" content=\"Vico Export Solar Energy\" \/>\n<meta property=\"article:publisher\" content=\"https:\/\/www.facebook.com\/vicoexport.vicoexportsolar\" \/>\n<meta property=\"article:modified_time\" content=\"2024-10-07T15:06:05+00:00\" \/>\n<meta property=\"og:image\" content=\"https:\/\/www.vicoexport.com\/wp-content\/uploads\/2023\/03\/Canadian_Solar_TOPBiHiKu6_Vico_Export_Solar_Energy.png\" \/>\n\t<meta property=\"og:image:width\" content=\"600\" \/>\n\t<meta property=\"og:image:height\" content=\"700\" \/>\n\t<meta property=\"og:image:type\" content=\"image\/png\" \/>\n<meta name=\"twitter:card\" content=\"summary_large_image\" \/>\n<meta name=\"twitter:site\" content=\"@VicoExportSolar\" \/>\n<script type=\"application\/ld+json\" class=\"yoast-schema-graph\">{\"@context\":\"https:\\\/\\\/schema.org\",\"@graph\":[{\"@type\":\"WebPage\",\"@id\":\"https:\\\/\\\/www.vicoexport.com\\\/home-es\\\/paneles-solares\\\/canadian-solar\\\/canadian-solar-topbihiku6\\\/\",\"url\":\"https:\\\/\\\/www.vicoexport.com\\\/home-es\\\/paneles-solares\\\/canadian-solar\\\/canadian-solar-topbihiku6\\\/\",\"name\":\"Canadian Solar TOPBiHiKu6 | Vico Export Solar Energy\",\"isPartOf\":{\"@id\":\"https:\\\/\\\/www.vicoexport.com\\\/#website\"},\"primaryImageOfPage\":{\"@id\":\"https:\\\/\\\/www.vicoexport.com\\\/home-es\\\/paneles-solares\\\/canadian-solar\\\/canadian-solar-topbihiku6\\\/#primaryimage\"},\"image\":{\"@id\":\"https:\\\/\\\/www.vicoexport.com\\\/home-es\\\/paneles-solares\\\/canadian-solar\\\/canadian-solar-topbihiku6\\\/#primaryimage\"},\"thumbnailUrl\":\"https:\\\/\\\/www.vicoexport.com\\\/wp-content\\\/uploads\\\/2023\\\/03\\\/Canadian_Solar_TOPBiHiKu6_Vico_Export_Solar_Energy.png\",\"datePublished\":\"2023-03-13T09:17:28+00:00\",\"dateModified\":\"2024-10-07T15:06:05+00:00\",\"description\":\"Canadian Solar TOPBiHiKu6 CS6W-TB-AG Photovoltaikmodule mit 555 W \u2013 560 W \u2013 565 W \u2013 570 W \u2013 575 W. Offizielle Vertriebspartner. Bestpreis.\",\"breadcrumb\":{\"@id\":\"https:\\\/\\\/www.vicoexport.com\\\/home-es\\\/paneles-solares\\\/canadian-solar\\\/canadian-solar-topbihiku6\\\/#breadcrumb\"},\"inLanguage\":\"de\",\"potentialAction\":[{\"@type\":\"ReadAction\",\"target\":[\"https:\\\/\\\/www.vicoexport.com\\\/home-es\\\/paneles-solares\\\/canadian-solar\\\/canadian-solar-topbihiku6\\\/\"]}]},{\"@type\":\"ImageObject\",\"inLanguage\":\"de\",\"@id\":\"https:\\\/\\\/www.vicoexport.com\\\/home-es\\\/paneles-solares\\\/canadian-solar\\\/canadian-solar-topbihiku6\\\/#primaryimage\",\"url\":\"https:\\\/\\\/www.vicoexport.com\\\/wp-content\\\/uploads\\\/2023\\\/03\\\/Canadian_Solar_TOPBiHiKu6_Vico_Export_Solar_Energy.png\",\"contentUrl\":\"https:\\\/\\\/www.vicoexport.com\\\/wp-content\\\/uploads\\\/2023\\\/03\\\/Canadian_Solar_TOPBiHiKu6_Vico_Export_Solar_Energy.png\",\"width\":600,\"height\":700,\"caption\":\"Canadian Solar TOPBiHiKu6\"},{\"@type\":\"BreadcrumbList\",\"@id\":\"https:\\\/\\\/www.vicoexport.com\\\/home-es\\\/paneles-solares\\\/canadian-solar\\\/canadian-solar-topbihiku6\\\/#breadcrumb\",\"itemListElement\":[{\"@type\":\"ListItem\",\"position\":1,\"name\":\"Portada\",\"item\":\"https:\\\/\\\/www.vicoexport.com\\\/de\\\/\"},{\"@type\":\"ListItem\",\"position\":2,\"name\":\"Inicio\",\"item\":\"https:\\\/\\\/www.vicoexport.com\\\/de\\\/\"},{\"@type\":\"ListItem\",\"position\":3,\"name\":\"Solarmodule\",\"item\":\"https:\\\/\\\/www.vicoexport.com\\\/de\\\/home-es\\\/solarmodule\\\/\"},{\"@type\":\"ListItem\",\"position\":4,\"name\":\"Canadian Solar\",\"item\":\"https:\\\/\\\/www.vicoexport.com\\\/home-es\\\/paneles-solares\\\/canadian-solar\\\/\"},{\"@type\":\"ListItem\",\"position\":5,\"name\":\"Canadian Solar TOPBiHiKu6\"}]},{\"@type\":\"WebSite\",\"@id\":\"https:\\\/\\\/www.vicoexport.com\\\/#website\",\"url\":\"https:\\\/\\\/www.vicoexport.com\\\/\",\"name\":\"Vico Export Solar Energy\",\"description\":\"Vico Export Solar Energy Distribuidor Mayorista de Paneles Solares Fotovoltaicos\",\"publisher\":{\"@id\":\"https:\\\/\\\/www.vicoexport.com\\\/#organization\"},\"potentialAction\":[{\"@type\":\"SearchAction\",\"target\":{\"@type\":\"EntryPoint\",\"urlTemplate\":\"https:\\\/\\\/www.vicoexport.com\\\/?s={search_term_string}\"},\"query-input\":{\"@type\":\"PropertyValueSpecification\",\"valueRequired\":true,\"valueName\":\"search_term_string\"}}],\"inLanguage\":\"de\"},{\"@type\":\"Organization\",\"@id\":\"https:\\\/\\\/www.vicoexport.com\\\/#organization\",\"name\":\"Vico Export Solar Energy\",\"url\":\"https:\\\/\\\/www.vicoexport.com\\\/\",\"logo\":{\"@type\":\"ImageObject\",\"inLanguage\":\"de\",\"@id\":\"https:\\\/\\\/www.vicoexport.com\\\/#\\\/schema\\\/logo\\\/image\\\/\",\"url\":\"https:\\\/\\\/www.vicoexport.com\\\/wp-content\\\/uploads\\\/2018\\\/02\\\/Vico-Export-Solar-energy.jpg\",\"contentUrl\":\"https:\\\/\\\/www.vicoexport.com\\\/wp-content\\\/uploads\\\/2018\\\/02\\\/Vico-Export-Solar-energy.jpg\",\"width\":1006,\"height\":1024,\"caption\":\"Vico Export Solar Energy\"},\"image\":{\"@id\":\"https:\\\/\\\/www.vicoexport.com\\\/#\\\/schema\\\/logo\\\/image\\\/\"},\"sameAs\":[\"https:\\\/\\\/www.facebook.com\\\/vicoexport.vicoexportsolar\",\"https:\\\/\\\/x.com\\\/VicoExportSolar\",\"https:\\\/\\\/www.instagram.com\\\/vico_export_solar_energy\",\"https:\\\/\\\/www.linkedin.com\\\/in\\\/vicoexport\",\"https:\\\/\\\/www.youtube.com\\\/user\\\/vicoexport\\\/\"]}]}<\/script>\n<!-- \/ Yoast SEO plugin. -->","yoast_head_json":{"title":"Canadian Solar TOPBiHiKu6 | Vico Export Solar Energy","description":"Canadian Solar TOPBiHiKu6 CS6W-TB-AG Photovoltaikmodule mit 555 W \u2013 560 W \u2013 565 W \u2013 570 W \u2013 575 W. Offizielle Vertriebspartner. Bestpreis.","robots":{"index":"index","follow":"follow","max-snippet":"max-snippet:-1","max-image-preview":"max-image-preview:large","max-video-preview":"max-video-preview:-1"},"canonical":"https:\/\/www.vicoexport.com\/home-es\/paneles-solares\/canadian-solar\/canadian-solar-topbihiku6\/","og_locale":"de_DE","og_type":"article","og_title":"Canadian Solar TOPBiHiKu6 | Vico Export Solar Energy","og_description":"Canadian Solar TOPBiHiKu6 CS6W-TB-AG Photovoltaikmodule mit 555 W \u2013 560 W \u2013 565 W \u2013 570 W \u2013 575 W. Offizielle Vertriebspartner. Bestpreis.","og_url":"https:\/\/www.vicoexport.com\/home-es\/paneles-solares\/canadian-solar\/canadian-solar-topbihiku6\/","og_site_name":"Vico Export Solar Energy","article_publisher":"https:\/\/www.facebook.com\/vicoexport.vicoexportsolar","article_modified_time":"2024-10-07T15:06:05+00:00","og_image":[{"width":600,"height":700,"url":"https:\/\/www.vicoexport.com\/wp-content\/uploads\/2023\/03\/Canadian_Solar_TOPBiHiKu6_Vico_Export_Solar_Energy.png","type":"image\/png"}],"twitter_card":"summary_large_image","twitter_site":"@VicoExportSolar","schema":{"@context":"https:\/\/schema.org","@graph":[{"@type":"WebPage","@id":"https:\/\/www.vicoexport.com\/home-es\/paneles-solares\/canadian-solar\/canadian-solar-topbihiku6\/","url":"https:\/\/www.vicoexport.com\/home-es\/paneles-solares\/canadian-solar\/canadian-solar-topbihiku6\/","name":"Canadian Solar TOPBiHiKu6 | Vico Export Solar Energy","isPartOf":{"@id":"https:\/\/www.vicoexport.com\/#website"},"primaryImageOfPage":{"@id":"https:\/\/www.vicoexport.com\/home-es\/paneles-solares\/canadian-solar\/canadian-solar-topbihiku6\/#primaryimage"},"image":{"@id":"https:\/\/www.vicoexport.com\/home-es\/paneles-solares\/canadian-solar\/canadian-solar-topbihiku6\/#primaryimage"},"thumbnailUrl":"https:\/\/www.vicoexport.com\/wp-content\/uploads\/2023\/03\/Canadian_Solar_TOPBiHiKu6_Vico_Export_Solar_Energy.png","datePublished":"2023-03-13T09:17:28+00:00","dateModified":"2024-10-07T15:06:05+00:00","description":"Canadian Solar TOPBiHiKu6 CS6W-TB-AG Photovoltaikmodule mit 555 W \u2013 560 W \u2013 565 W \u2013 570 W \u2013 575 W. Offizielle Vertriebspartner. Bestpreis.","breadcrumb":{"@id":"https:\/\/www.vicoexport.com\/home-es\/paneles-solares\/canadian-solar\/canadian-solar-topbihiku6\/#breadcrumb"},"inLanguage":"de","potentialAction":[{"@type":"ReadAction","target":["https:\/\/www.vicoexport.com\/home-es\/paneles-solares\/canadian-solar\/canadian-solar-topbihiku6\/"]}]},{"@type":"ImageObject","inLanguage":"de","@id":"https:\/\/www.vicoexport.com\/home-es\/paneles-solares\/canadian-solar\/canadian-solar-topbihiku6\/#primaryimage","url":"https:\/\/www.vicoexport.com\/wp-content\/uploads\/2023\/03\/Canadian_Solar_TOPBiHiKu6_Vico_Export_Solar_Energy.png","contentUrl":"https:\/\/www.vicoexport.com\/wp-content\/uploads\/2023\/03\/Canadian_Solar_TOPBiHiKu6_Vico_Export_Solar_Energy.png","width":600,"height":700,"caption":"Canadian Solar TOPBiHiKu6"},{"@type":"BreadcrumbList","@id":"https:\/\/www.vicoexport.com\/home-es\/paneles-solares\/canadian-solar\/canadian-solar-topbihiku6\/#breadcrumb","itemListElement":[{"@type":"ListItem","position":1,"name":"Portada","item":"https:\/\/www.vicoexport.com\/de\/"},{"@type":"ListItem","position":2,"name":"Inicio","item":"https:\/\/www.vicoexport.com\/de\/"},{"@type":"ListItem","position":3,"name":"Solarmodule","item":"https:\/\/www.vicoexport.com\/de\/home-es\/solarmodule\/"},{"@type":"ListItem","position":4,"name":"Canadian Solar","item":"https:\/\/www.vicoexport.com\/home-es\/paneles-solares\/canadian-solar\/"},{"@type":"ListItem","position":5,"name":"Canadian Solar TOPBiHiKu6"}]},{"@type":"WebSite","@id":"https:\/\/www.vicoexport.com\/#website","url":"https:\/\/www.vicoexport.com\/","name":"Vico Export Solar Energy","description":"Vico Export Solar Energy Distribuidor Mayorista de Paneles Solares Fotovoltaicos","publisher":{"@id":"https:\/\/www.vicoexport.com\/#organization"},"potentialAction":[{"@type":"SearchAction","target":{"@type":"EntryPoint","urlTemplate":"https:\/\/www.vicoexport.com\/?s={search_term_string}"},"query-input":{"@type":"PropertyValueSpecification","valueRequired":true,"valueName":"search_term_string"}}],"inLanguage":"de"},{"@type":"Organization","@id":"https:\/\/www.vicoexport.com\/#organization","name":"Vico Export Solar Energy","url":"https:\/\/www.vicoexport.com\/","logo":{"@type":"ImageObject","inLanguage":"de","@id":"https:\/\/www.vicoexport.com\/#\/schema\/logo\/image\/","url":"https:\/\/www.vicoexport.com\/wp-content\/uploads\/2018\/02\/Vico-Export-Solar-energy.jpg","contentUrl":"https:\/\/www.vicoexport.com\/wp-content\/uploads\/2018\/02\/Vico-Export-Solar-energy.jpg","width":1006,"height":1024,"caption":"Vico Export Solar Energy"},"image":{"@id":"https:\/\/www.vicoexport.com\/#\/schema\/logo\/image\/"},"sameAs":["https:\/\/www.facebook.com\/vicoexport.vicoexportsolar","https:\/\/x.com\/VicoExportSolar","https:\/\/www.instagram.com\/vico_export_solar_energy","https:\/\/www.linkedin.com\/in\/vicoexport","https:\/\/www.youtube.com\/user\/vicoexport\/"]}]}},"_links":{"self":[{"href":"https:\/\/www.vicoexport.com\/de\/wp-json\/wp\/v2\/pages\/43294","targetHints":{"allow":["GET"]}}],"collection":[{"href":"https:\/\/www.vicoexport.com\/de\/wp-json\/wp\/v2\/pages"}],"about":[{"href":"https:\/\/www.vicoexport.com\/de\/wp-json\/wp\/v2\/types\/page"}],"author":[{"embeddable":true,"href":"https:\/\/www.vicoexport.com\/de\/wp-json\/wp\/v2\/users\/1"}],"replies":[{"embeddable":true,"href":"https:\/\/www.vicoexport.com\/de\/wp-json\/wp\/v2\/comments?post=43294"}],"version-history":[{"count":0,"href":"https:\/\/www.vicoexport.com\/de\/wp-json\/wp\/v2\/pages\/43294\/revisions"}],"up":[{"embeddable":true,"href":"https:\/\/www.vicoexport.com\/de\/wp-json\/wp\/v2\/pages\/42902"}],"wp:featuredmedia":[{"embeddable":true,"href":"https:\/\/www.vicoexport.com\/de\/wp-json\/wp\/v2\/media\/43295"}],"wp:attachment":[{"href":"https:\/\/www.vicoexport.com\/de\/wp-json\/wp\/v2\/media?parent=43294"}],"curies":[{"name":"wp","href":"https:\/\/api.w.org\/{rel}","templated":true}]}}