{"id":43298,"date":"2023-03-08T16:58:44","date_gmt":"2023-03-08T15:58:44","guid":{"rendered":"https:\/\/www.vicoexport.com\/home\/solarmodulen\/canadian-solar\/canadian-solar-bihiku7\/"},"modified":"2023-11-06T10:03:13","modified_gmt":"2023-11-06T09:03:13","slug":"canadian-solar-bihiku7","status":"publish","type":"page","link":"https:\/\/www.vicoexport.com\/de\/home-es\/solarmodule\/canadian-solar\/canadian-solar-bihiku7\/","title":{"rendered":"Canadian Solar BiHiKu7"},"content":{"rendered":"<div class=\"wpb-content-wrapper\"><p>[vc_row][vc_column][vc_single_image image=&#8221;43308&#8243; img_size=&#8221;medium&#8221; alignment=&#8221;center&#8221;][vc_column_text css=&#8221;.vc_custom_1699261078197{margin-top: 0px !important;padding-top: 0px !important;}&#8221;]<\/p>\n<h2 style=\"text-align: center;\"><strong>Canadian Solar<\/strong><strong> BiHiKu7<\/strong><\/h2>\n<h4 class=\"has-text-align-left\" style=\"text-align: center;\"><span class=\"has-inline-color\">Zweizelliges bifaziales PERC-Modul mit hoher Leistung<\/span><\/h4>\n<p>[\/vc_column_text][vc_column_text]Das BiHiKu7 von <a href=\"https:\/\/www.vicoexport.com\/de\/home-de\/solarmodulen\/canadian-solar\/\">Canadian Solar<\/a> ist ein hocheffizientes Solarmodul mit bifazialer Technologie, bei der das Sonnenlicht sowohl von der Vorder- als auch von der R\u00fcckseite des Moduls absorbiert wird. Dies f\u00fchrt zu einer h\u00f6heren Energieproduktion im Vergleich zu herk\u00f6mmlichen Modulen und zu einer besseren Leistung bei schlechten Lichtverh\u00e4ltnissen.<\/p>\n<p>Das BiHiKu7-Modul eignet sich ideal f\u00fcr private und gewerbliche Solarprojekte sowie f\u00fcr Solarenergieprojekte im gro\u00dfen Ma\u00dfstab. Seine hohe Leistung und die bifaciale Technologie machen es besonders wertvoll f\u00fcr Installationen, bei denen der Platz begrenzt ist oder eine h\u00f6here Leistung gew\u00fcnscht wird. Dar\u00fcber hinaus wird die Langlebigkeit und Zuverl\u00e4ssigkeit des Moduls durch den Einsatz ausgereifter Technologie und eines robusten Designs erh\u00f6ht.<\/p>\n<p>Insgesamt ist das Canadian Solar BiHiKu7 ein fortschrittliches Solarmodul, das eine au\u00dfergew\u00f6hnliche Effizienz und Leistung bietet.[\/vc_column_text][vc_empty_space][\/vc_column][\/vc_row][vc_row][vc_column width=&#8221;1\/2&#8243;][vc_single_image image=&#8221;43299&#8243; img_size=&#8221;400X500&#8243; alignment=&#8221;center&#8221;][\/vc_column][vc_column width=&#8221;1\/2&#8243;][vc_column_text]<strong>Bis zu 665 W bifaziales Modul<\/strong><\/p>\n<p>\u2013 210 mm Wafer + Doppelzelle 132 \/ 120 + PERC-Technologie<br \/>\n\u2013 Bis zu 665 W Frontleistung<br \/>\n\u2013 25,7 % h\u00f6here Lebensdauerenergieertr\u00e4ge<\/p>\n<p><strong>Niedrigere BOS- und LCOE-Kosten<\/strong><\/p>\n<p>\u2013 8,9 % geringere LCOE aufgrund h\u00f6herer Energieeffizienz und geringerer Systemkosten<br \/>\n\u2013 Kompatibel mit f\u00fchrenden Trackern und Wechselrichtern<\/p>\n<p><strong>Erh\u00f6hte Zuverl\u00e4ssigkeit<\/strong><\/p>\n<p>\u2013 Bis zu 50 % weniger Degradation LID \/ LeTID-Abschw\u00e4chung<br \/>\n\u2013 Hervorragende Hot-Spot-Leistung<br \/>\n\u2013 Verbesserte Schattentoleranz[\/vc_column_text][\/vc_column][\/vc_row][vc_row css=&#8221;.vc_custom_1678280377113{margin-top: 50px !important;}&#8221;][vc_column][vc_separator][vc_column_text]<\/p>\n<h3 style=\"text-align: center;\"><strong><a href=\"https:\/\/www.canadiansolar.com\/\">Solarmodule Canadian Solar<\/a><\/strong><\/h3>\n<p>[\/vc_column_text][\/vc_column][\/vc_row][vc_row][vc_column width=&#8221;1\/2&#8243;][vc_column_text]<\/p>\n<h4 style=\"text-align: center;\"><strong>BiHiKu7 CS7L-MB-AG<br \/>\nLeistung: 580 W ~ 610 W<\/strong><\/h4>\n<p>[\/vc_column_text][vc_column_text]<\/p>\n<p style=\"text-align: center;\">CS7L580MB-AG <strong>&#8211; 580w<\/strong><\/p>\n<p style=\"text-align: center;\">CS7L585MB-AG<strong> &#8211; 585w<\/strong><\/p>\n<p style=\"text-align: center;\">CS7L590MB-AG <strong>&#8211; 590w<\/strong><\/p>\n<p style=\"text-align: center;\">CS7L595MB-AG<strong> &#8211; 595w<\/strong><\/p>\n<p style=\"text-align: center;\">CS7L600MB-AG <strong>&#8211; 600w<\/strong><\/p>\n<p style=\"text-align: center;\">CS7L605MB-AG <strong>&#8211; 605w<\/strong><\/p>\n<p style=\"text-align: center;\">CS7L610MB-AG <strong>&#8211; 610w<\/strong><\/p>\n<p>[\/vc_column_text][vc_btn title=&#8221;FICHA T\u00c9CNICA CS7LxxxMB-AG&#8221; style=&#8221;custom&#8221; custom_background=&#8221;#558f98&#8243; custom_text=&#8221;#ffffff&#8221; size=&#8221;sm&#8221; align=&#8221;center&#8221; i_align=&#8221;right&#8221; i_icon_fontawesome=&#8221;fas fa-download&#8221; add_icon=&#8221;true&#8221; link=&#8221;url:https%3A%2F%2Fwww.vicoexport.com%2Fwp-content%2Fuploads%2F2023%2F11%2FCS-Datasheet-BiHiKu7_CS7L-MB-AG_v2.52_F46_EN_580-610W_Vico_Export_Solar_Energy-1.pdf|target:_blank&#8221;][\/vc_column][vc_column width=&#8221;1\/2&#8243;][vc_column_text]<\/p>\n<h4 style=\"text-align: center;\"><strong>BiHiKu7 CS7N-MB-AG <\/strong><br \/>\n<strong>Leistung: 640 W ~ 670 W<\/strong><\/h4>\n<p>[\/vc_column_text][vc_column_text]<\/p>\n<p style=\"text-align: center;\">CS7N640MB-AG <strong>&#8211; 640w<\/strong><\/p>\n<p style=\"text-align: center;\">CS7N645MB-AG <strong>&#8211; 645w<\/strong><\/p>\n<p style=\"text-align: center;\">CS7N650MB-AG <strong>&#8211; 650w<\/strong><\/p>\n<p style=\"text-align: center;\">CS7N655MB-AG <strong>&#8211; 655w<\/strong><\/p>\n<p style=\"text-align: center;\">CS7N660MB-AG <strong>&#8211; 660w<\/strong><\/p>\n<p style=\"text-align: center;\">CS7N665MB-AG <strong>&#8211; 665w<\/strong><\/p>\n<p style=\"text-align: center;\">CS7N670MB-AG <strong>&#8211; 670w<\/strong><\/p>\n<p>[\/vc_column_text][vc_btn title=&#8221;FICHA T\u00c9CNICA CS7NxxxMB-AG&#8221; style=&#8221;custom&#8221; custom_background=&#8221;#558f98&#8243; custom_text=&#8221;#ffffff&#8221; size=&#8221;sm&#8221; align=&#8221;center&#8221; i_align=&#8221;right&#8221; i_icon_fontawesome=&#8221;fas fa-download&#8221; add_icon=&#8221;true&#8221; link=&#8221;url:https%3A%2F%2Fwww.vicoexport.com%2Fwp-content%2Fuploads%2F2023%2F11%2FCS-Datasheet-BiHiKu7_CS7N-MB-AG_v2.52_F46_EN_640-670_Vico_Export_Solar_Energy.pdf|target:_blank&#8221;][\/vc_column][\/vc_row][vc_row css=&#8221;.vc_custom_1678281791473{padding-top: 50px !important;}&#8221;][vc_column][vc_cta h2=&#8221;&#8221; h4=&#8221;12 Jahre Produktgarantie und 30 Jahre Leistungsgarantie&#8221; txt_align=&#8221;center&#8221; style=&#8221;3d&#8221; color=&#8221;grey&#8221;][\/vc_cta][\/vc_column][\/vc_row]<\/p>\n<\/div>","protected":false},"excerpt":{"rendered":"<p>[vc_row][vc_column][vc_single_image image=&#8221;43308&#8243; img_size=&#8221;medium&#8221; alignment=&#8221;center&#8221;][vc_column_text css=&#8221;.vc_custom_1699261078197{margin-top: 0px !important;padding-top: 0px !important;}&#8221;] Canadian Solar BiHiKu7 Zweizelliges bifaziales PERC-Modul mit hoher Leistung [\/vc_column_text][vc_column_text]Das BiHiKu7 von Canadian Solar ist ein hocheffizientes Solarmodul mit bifazialer Technologie, bei der das Sonnenlicht sowohl von der Vorder- als auch von der R\u00fcckseite des Moduls absorbiert wird. Dies f\u00fchrt zu einer h\u00f6heren Energieproduktion im Vergleich [&hellip;]<\/p>\n","protected":false},"author":1,"featured_media":43299,"parent":42902,"menu_order":0,"comment_status":"closed","ping_status":"closed","template":"","meta":{"_joinchat":[],"footnotes":""},"class_list":["post-43298","page","type-page","status-publish","has-post-thumbnail","hentry"],"yoast_head":"<!-- This site is optimized with the Yoast SEO plugin v27.5 - https:\/\/yoast.com\/product\/yoast-seo-wordpress\/ -->\n<title>Canadian Solar BiHiKu7 | Vico Export Solar Energy<\/title>\n<meta name=\"description\" content=\"Canadian Solar BiHiKu7 Photovoltaikmodule, CS7L-MS 580W~605W, CS7N 640W~670W. Plus 25,7 % Energieeffizienz. Offizielle Vertriebspartner.\" \/>\n<meta name=\"robots\" content=\"index, follow, max-snippet:-1, max-image-preview:large, max-video-preview:-1\" \/>\n<link rel=\"canonical\" href=\"https:\/\/www.vicoexport.com\/home-es\/paneles-solares\/canadian-solar\/canadian-solar-bihiku7\/\" \/>\n<meta property=\"og:locale\" content=\"de_DE\" \/>\n<meta property=\"og:type\" content=\"article\" \/>\n<meta property=\"og:title\" content=\"Canadian Solar BiHiKu7 | Vico Export Solar Energy\" \/>\n<meta property=\"og:description\" content=\"Canadian Solar BiHiKu7 Photovoltaikmodule, CS7L-MS 580W~605W, CS7N 640W~670W. Plus 25,7 % Energieeffizienz. Offizielle Vertriebspartner.\" \/>\n<meta property=\"og:url\" content=\"https:\/\/www.vicoexport.com\/home-es\/paneles-solares\/canadian-solar\/canadian-solar-bihiku7\/\" \/>\n<meta property=\"og:site_name\" content=\"Vico Export Solar Energy\" \/>\n<meta property=\"article:publisher\" content=\"https:\/\/www.facebook.com\/vicoexport.vicoexportsolar\" \/>\n<meta property=\"article:modified_time\" content=\"2023-11-06T09:03:13+00:00\" \/>\n<meta property=\"og:image\" content=\"https:\/\/www.vicoexport.com\/wp-content\/uploads\/2023\/03\/BiHiKu7_Canadian_Solar_Vico_Export_Solar_Energy.png\" \/>\n\t<meta property=\"og:image:width\" content=\"600\" \/>\n\t<meta property=\"og:image:height\" content=\"700\" \/>\n\t<meta property=\"og:image:type\" content=\"image\/png\" \/>\n<meta name=\"twitter:card\" content=\"summary_large_image\" \/>\n<meta name=\"twitter:site\" content=\"@VicoExportSolar\" \/>\n<script type=\"application\/ld+json\" class=\"yoast-schema-graph\">{\"@context\":\"https:\\\/\\\/schema.org\",\"@graph\":[{\"@type\":\"WebPage\",\"@id\":\"https:\\\/\\\/www.vicoexport.com\\\/home-es\\\/paneles-solares\\\/canadian-solar\\\/canadian-solar-bihiku7\\\/\",\"url\":\"https:\\\/\\\/www.vicoexport.com\\\/home-es\\\/paneles-solares\\\/canadian-solar\\\/canadian-solar-bihiku7\\\/\",\"name\":\"Canadian Solar BiHiKu7 | Vico Export Solar Energy\",\"isPartOf\":{\"@id\":\"https:\\\/\\\/www.vicoexport.com\\\/#website\"},\"primaryImageOfPage\":{\"@id\":\"https:\\\/\\\/www.vicoexport.com\\\/home-es\\\/paneles-solares\\\/canadian-solar\\\/canadian-solar-bihiku7\\\/#primaryimage\"},\"image\":{\"@id\":\"https:\\\/\\\/www.vicoexport.com\\\/home-es\\\/paneles-solares\\\/canadian-solar\\\/canadian-solar-bihiku7\\\/#primaryimage\"},\"thumbnailUrl\":\"https:\\\/\\\/www.vicoexport.com\\\/wp-content\\\/uploads\\\/2023\\\/03\\\/BiHiKu7_Canadian_Solar_Vico_Export_Solar_Energy.png\",\"datePublished\":\"2023-03-08T15:58:44+00:00\",\"dateModified\":\"2023-11-06T09:03:13+00:00\",\"description\":\"Canadian Solar BiHiKu7 Photovoltaikmodule, CS7L-MS 580W~605W, CS7N 640W~670W. Plus 25,7 % Energieeffizienz. Offizielle Vertriebspartner.\",\"breadcrumb\":{\"@id\":\"https:\\\/\\\/www.vicoexport.com\\\/home-es\\\/paneles-solares\\\/canadian-solar\\\/canadian-solar-bihiku7\\\/#breadcrumb\"},\"inLanguage\":\"de\",\"potentialAction\":[{\"@type\":\"ReadAction\",\"target\":[\"https:\\\/\\\/www.vicoexport.com\\\/home-es\\\/paneles-solares\\\/canadian-solar\\\/canadian-solar-bihiku7\\\/\"]}]},{\"@type\":\"ImageObject\",\"inLanguage\":\"de\",\"@id\":\"https:\\\/\\\/www.vicoexport.com\\\/home-es\\\/paneles-solares\\\/canadian-solar\\\/canadian-solar-bihiku7\\\/#primaryimage\",\"url\":\"https:\\\/\\\/www.vicoexport.com\\\/wp-content\\\/uploads\\\/2023\\\/03\\\/BiHiKu7_Canadian_Solar_Vico_Export_Solar_Energy.png\",\"contentUrl\":\"https:\\\/\\\/www.vicoexport.com\\\/wp-content\\\/uploads\\\/2023\\\/03\\\/BiHiKu7_Canadian_Solar_Vico_Export_Solar_Energy.png\",\"width\":600,\"height\":700,\"caption\":\"Canadian Solar BiHiKu7\"},{\"@type\":\"BreadcrumbList\",\"@id\":\"https:\\\/\\\/www.vicoexport.com\\\/home-es\\\/paneles-solares\\\/canadian-solar\\\/canadian-solar-bihiku7\\\/#breadcrumb\",\"itemListElement\":[{\"@type\":\"ListItem\",\"position\":1,\"name\":\"Portada\",\"item\":\"https:\\\/\\\/www.vicoexport.com\\\/de\\\/\"},{\"@type\":\"ListItem\",\"position\":2,\"name\":\"Inicio\",\"item\":\"https:\\\/\\\/www.vicoexport.com\\\/de\\\/\"},{\"@type\":\"ListItem\",\"position\":3,\"name\":\"Solarmodule\",\"item\":\"https:\\\/\\\/www.vicoexport.com\\\/de\\\/home-es\\\/solarmodule\\\/\"},{\"@type\":\"ListItem\",\"position\":4,\"name\":\"Canadian Solar\",\"item\":\"https:\\\/\\\/www.vicoexport.com\\\/home-es\\\/paneles-solares\\\/canadian-solar\\\/\"},{\"@type\":\"ListItem\",\"position\":5,\"name\":\"Canadian Solar BiHiKu7\"}]},{\"@type\":\"WebSite\",\"@id\":\"https:\\\/\\\/www.vicoexport.com\\\/#website\",\"url\":\"https:\\\/\\\/www.vicoexport.com\\\/\",\"name\":\"Vico Export Solar Energy\",\"description\":\"Vico Export Solar Energy Distribuidor Mayorista de Paneles Solares Fotovoltaicos\",\"publisher\":{\"@id\":\"https:\\\/\\\/www.vicoexport.com\\\/#organization\"},\"potentialAction\":[{\"@type\":\"SearchAction\",\"target\":{\"@type\":\"EntryPoint\",\"urlTemplate\":\"https:\\\/\\\/www.vicoexport.com\\\/?s={search_term_string}\"},\"query-input\":{\"@type\":\"PropertyValueSpecification\",\"valueRequired\":true,\"valueName\":\"search_term_string\"}}],\"inLanguage\":\"de\"},{\"@type\":\"Organization\",\"@id\":\"https:\\\/\\\/www.vicoexport.com\\\/#organization\",\"name\":\"Vico Export Solar Energy\",\"url\":\"https:\\\/\\\/www.vicoexport.com\\\/\",\"logo\":{\"@type\":\"ImageObject\",\"inLanguage\":\"de\",\"@id\":\"https:\\\/\\\/www.vicoexport.com\\\/#\\\/schema\\\/logo\\\/image\\\/\",\"url\":\"https:\\\/\\\/www.vicoexport.com\\\/wp-content\\\/uploads\\\/2018\\\/02\\\/Vico-Export-Solar-energy.jpg\",\"contentUrl\":\"https:\\\/\\\/www.vicoexport.com\\\/wp-content\\\/uploads\\\/2018\\\/02\\\/Vico-Export-Solar-energy.jpg\",\"width\":1006,\"height\":1024,\"caption\":\"Vico Export Solar Energy\"},\"image\":{\"@id\":\"https:\\\/\\\/www.vicoexport.com\\\/#\\\/schema\\\/logo\\\/image\\\/\"},\"sameAs\":[\"https:\\\/\\\/www.facebook.com\\\/vicoexport.vicoexportsolar\",\"https:\\\/\\\/x.com\\\/VicoExportSolar\",\"https:\\\/\\\/www.instagram.com\\\/vico_export_solar_energy\",\"https:\\\/\\\/www.linkedin.com\\\/in\\\/vicoexport\",\"https:\\\/\\\/www.youtube.com\\\/user\\\/vicoexport\\\/\"]}]}<\/script>\n<!-- \/ Yoast SEO plugin. -->","yoast_head_json":{"title":"Canadian Solar BiHiKu7 | Vico Export Solar Energy","description":"Canadian Solar BiHiKu7 Photovoltaikmodule, CS7L-MS 580W~605W, CS7N 640W~670W. Plus 25,7 % Energieeffizienz. Offizielle Vertriebspartner.","robots":{"index":"index","follow":"follow","max-snippet":"max-snippet:-1","max-image-preview":"max-image-preview:large","max-video-preview":"max-video-preview:-1"},"canonical":"https:\/\/www.vicoexport.com\/home-es\/paneles-solares\/canadian-solar\/canadian-solar-bihiku7\/","og_locale":"de_DE","og_type":"article","og_title":"Canadian Solar BiHiKu7 | Vico Export Solar Energy","og_description":"Canadian Solar BiHiKu7 Photovoltaikmodule, CS7L-MS 580W~605W, CS7N 640W~670W. Plus 25,7 % Energieeffizienz. Offizielle Vertriebspartner.","og_url":"https:\/\/www.vicoexport.com\/home-es\/paneles-solares\/canadian-solar\/canadian-solar-bihiku7\/","og_site_name":"Vico Export Solar Energy","article_publisher":"https:\/\/www.facebook.com\/vicoexport.vicoexportsolar","article_modified_time":"2023-11-06T09:03:13+00:00","og_image":[{"width":600,"height":700,"url":"https:\/\/www.vicoexport.com\/wp-content\/uploads\/2023\/03\/BiHiKu7_Canadian_Solar_Vico_Export_Solar_Energy.png","type":"image\/png"}],"twitter_card":"summary_large_image","twitter_site":"@VicoExportSolar","schema":{"@context":"https:\/\/schema.org","@graph":[{"@type":"WebPage","@id":"https:\/\/www.vicoexport.com\/home-es\/paneles-solares\/canadian-solar\/canadian-solar-bihiku7\/","url":"https:\/\/www.vicoexport.com\/home-es\/paneles-solares\/canadian-solar\/canadian-solar-bihiku7\/","name":"Canadian Solar BiHiKu7 | Vico Export Solar Energy","isPartOf":{"@id":"https:\/\/www.vicoexport.com\/#website"},"primaryImageOfPage":{"@id":"https:\/\/www.vicoexport.com\/home-es\/paneles-solares\/canadian-solar\/canadian-solar-bihiku7\/#primaryimage"},"image":{"@id":"https:\/\/www.vicoexport.com\/home-es\/paneles-solares\/canadian-solar\/canadian-solar-bihiku7\/#primaryimage"},"thumbnailUrl":"https:\/\/www.vicoexport.com\/wp-content\/uploads\/2023\/03\/BiHiKu7_Canadian_Solar_Vico_Export_Solar_Energy.png","datePublished":"2023-03-08T15:58:44+00:00","dateModified":"2023-11-06T09:03:13+00:00","description":"Canadian Solar BiHiKu7 Photovoltaikmodule, CS7L-MS 580W~605W, CS7N 640W~670W. Plus 25,7 % Energieeffizienz. Offizielle Vertriebspartner.","breadcrumb":{"@id":"https:\/\/www.vicoexport.com\/home-es\/paneles-solares\/canadian-solar\/canadian-solar-bihiku7\/#breadcrumb"},"inLanguage":"de","potentialAction":[{"@type":"ReadAction","target":["https:\/\/www.vicoexport.com\/home-es\/paneles-solares\/canadian-solar\/canadian-solar-bihiku7\/"]}]},{"@type":"ImageObject","inLanguage":"de","@id":"https:\/\/www.vicoexport.com\/home-es\/paneles-solares\/canadian-solar\/canadian-solar-bihiku7\/#primaryimage","url":"https:\/\/www.vicoexport.com\/wp-content\/uploads\/2023\/03\/BiHiKu7_Canadian_Solar_Vico_Export_Solar_Energy.png","contentUrl":"https:\/\/www.vicoexport.com\/wp-content\/uploads\/2023\/03\/BiHiKu7_Canadian_Solar_Vico_Export_Solar_Energy.png","width":600,"height":700,"caption":"Canadian Solar BiHiKu7"},{"@type":"BreadcrumbList","@id":"https:\/\/www.vicoexport.com\/home-es\/paneles-solares\/canadian-solar\/canadian-solar-bihiku7\/#breadcrumb","itemListElement":[{"@type":"ListItem","position":1,"name":"Portada","item":"https:\/\/www.vicoexport.com\/de\/"},{"@type":"ListItem","position":2,"name":"Inicio","item":"https:\/\/www.vicoexport.com\/de\/"},{"@type":"ListItem","position":3,"name":"Solarmodule","item":"https:\/\/www.vicoexport.com\/de\/home-es\/solarmodule\/"},{"@type":"ListItem","position":4,"name":"Canadian Solar","item":"https:\/\/www.vicoexport.com\/home-es\/paneles-solares\/canadian-solar\/"},{"@type":"ListItem","position":5,"name":"Canadian Solar BiHiKu7"}]},{"@type":"WebSite","@id":"https:\/\/www.vicoexport.com\/#website","url":"https:\/\/www.vicoexport.com\/","name":"Vico Export Solar Energy","description":"Vico Export Solar Energy Distribuidor Mayorista de Paneles Solares Fotovoltaicos","publisher":{"@id":"https:\/\/www.vicoexport.com\/#organization"},"potentialAction":[{"@type":"SearchAction","target":{"@type":"EntryPoint","urlTemplate":"https:\/\/www.vicoexport.com\/?s={search_term_string}"},"query-input":{"@type":"PropertyValueSpecification","valueRequired":true,"valueName":"search_term_string"}}],"inLanguage":"de"},{"@type":"Organization","@id":"https:\/\/www.vicoexport.com\/#organization","name":"Vico Export Solar Energy","url":"https:\/\/www.vicoexport.com\/","logo":{"@type":"ImageObject","inLanguage":"de","@id":"https:\/\/www.vicoexport.com\/#\/schema\/logo\/image\/","url":"https:\/\/www.vicoexport.com\/wp-content\/uploads\/2018\/02\/Vico-Export-Solar-energy.jpg","contentUrl":"https:\/\/www.vicoexport.com\/wp-content\/uploads\/2018\/02\/Vico-Export-Solar-energy.jpg","width":1006,"height":1024,"caption":"Vico Export Solar Energy"},"image":{"@id":"https:\/\/www.vicoexport.com\/#\/schema\/logo\/image\/"},"sameAs":["https:\/\/www.facebook.com\/vicoexport.vicoexportsolar","https:\/\/x.com\/VicoExportSolar","https:\/\/www.instagram.com\/vico_export_solar_energy","https:\/\/www.linkedin.com\/in\/vicoexport","https:\/\/www.youtube.com\/user\/vicoexport\/"]}]}},"_links":{"self":[{"href":"https:\/\/www.vicoexport.com\/de\/wp-json\/wp\/v2\/pages\/43298","targetHints":{"allow":["GET"]}}],"collection":[{"href":"https:\/\/www.vicoexport.com\/de\/wp-json\/wp\/v2\/pages"}],"about":[{"href":"https:\/\/www.vicoexport.com\/de\/wp-json\/wp\/v2\/types\/page"}],"author":[{"embeddable":true,"href":"https:\/\/www.vicoexport.com\/de\/wp-json\/wp\/v2\/users\/1"}],"replies":[{"embeddable":true,"href":"https:\/\/www.vicoexport.com\/de\/wp-json\/wp\/v2\/comments?post=43298"}],"version-history":[{"count":0,"href":"https:\/\/www.vicoexport.com\/de\/wp-json\/wp\/v2\/pages\/43298\/revisions"}],"up":[{"embeddable":true,"href":"https:\/\/www.vicoexport.com\/de\/wp-json\/wp\/v2\/pages\/42902"}],"wp:featuredmedia":[{"embeddable":true,"href":"https:\/\/www.vicoexport.com\/de\/wp-json\/wp\/v2\/media\/43299"}],"wp:attachment":[{"href":"https:\/\/www.vicoexport.com\/de\/wp-json\/wp\/v2\/media?parent=43298"}],"curies":[{"name":"wp","href":"https:\/\/api.w.org\/{rel}","templated":true}]}}