{"id":43304,"date":"2023-03-08T16:00:12","date_gmt":"2023-03-08T15:00:12","guid":{"rendered":"https:\/\/www.vicoexport.com\/home\/solarmodulen\/canadian-solar\/canadian-solar-bihiku6\/"},"modified":"2024-07-11T10:52:04","modified_gmt":"2024-07-11T08:52:04","slug":"canadian-solar-bihiku6","status":"publish","type":"page","link":"https:\/\/www.vicoexport.com\/de\/home-es\/solarmodule\/canadian-solar\/canadian-solar-bihiku6\/","title":{"rendered":"Canadian Solar BiHiKu6"},"content":{"rendered":"<div class=\"wpb-content-wrapper\"><p>[vc_row][vc_column][vc_single_image image=&#8221;43308&#8243; img_size=&#8221;medium&#8221; alignment=&#8221;center&#8221;][vc_column_text css=&#8221;.vc_custom_1699268064667{margin-top: 0px !important;padding-top: 0px !important;}&#8221;]<\/p>\n<h2 style=\"text-align: center;\"><strong>Canadian Solar<\/strong><strong> BiHiKu6<\/strong><\/h2>\n<h4 class=\"has-text-align-left\" style=\"text-align: center;\"><span class=\"has-inline-color\">Zweizelliges bifaciales PERC-Modul mit hoher Leistung<\/span><\/h4>\n<p>[\/vc_column_text][vc_column_text]Das BiHiKu6 von <a href=\"https:\/\/www.vicoexport.com\/de\/home-de\/solarmodulen\/canadian-solar\/\">Canadian Solar<\/a> ist ein hocheffizientes Solarmodul, das monokristalline und bifaziale Zellentechnologien kombiniert. Das Ergebnis ist ein Modul, das nicht nur optisch ansprechend ist, sondern auch mehr Energie produziert. Dieses Modul ist so konzipiert, dass es in verschiedenen Umgebungen \u2013 von hoher Schneelast bis hin zu extremer Hitze \u2013 gut funktioniert. Sein innovatives Design erm\u00f6glicht dank der bifazialen Zellentechnologie eine verbesserte Energieproduktion an bew\u00f6lkten Tagen.<\/p>\n<p>Das BiHiKu6 ist nicht nur ein Hochleistungsmodul, sondern auch langlebig und zuverl\u00e4ssig. Dar\u00fcber hinaus wird es durch eine solide 12-j\u00e4hrige Produktgarantie und eine 30-j\u00e4hrige Leistungsgarantie unterst\u00fctzt.<\/p>\n<p>Insgesamt handelt es sich um eines der besten auf dem Markt erh\u00e4ltlichen Solarmodule, das ein ausgewogenes Verh\u00e4ltnis zwischen Effizienz, Haltbarkeit und \u00c4sthetik f\u00fcr Haushalte und Unternehmen bietet, die die Kraft der Sonne nutzbar machen wollen.[\/vc_column_text][vc_empty_space][\/vc_column][\/vc_row][vc_row][vc_column width=&#8221;1\/2&#8243;][vc_single_image image=&#8221;43305&#8243; img_size=&#8221;480X550&#8243; alignment=&#8221;center&#8221;][\/vc_column][vc_column width=&#8221;1\/2&#8243;][vc_column_text]<\/p>\n<p style=\"background: white;\"><strong><span style=\"font-family: 'Segoe UI',sans-serif; color: #333333;\">Bifaciales Modul mit bis zu 550 W<\/span><\/strong><\/p>\n<p style=\"background: white; box-sizing: border-box; margin: 0.875rem; font-variant-ligatures: normal; font-variant-caps: normal; orphans: 2; text-align: start; widows: 2; -webkit-text-stroke-width: 0px; text-decoration-thickness: initial; text-decoration-style: initial; text-decoration-color: initial; word-spacing: 0px;\"><span style=\"font-family: 'Segoe UI',sans-serif; color: #333333;\">\u2013 182 mm Wafer + 144 Doppelzellen + PERC-Technologie<br style=\"box-sizing: border-box;\" \/>\u2013 Bis zu 550 W Frontleistung<br style=\"box-sizing: border-box;\" \/>\u2013 29,5 % h\u00f6here Lebensdauerenergieertr\u00e4ge<\/span><\/p>\n<p style=\"background: white; box-sizing: border-box; margin: 0.875rem; font-variant-ligatures: normal; font-variant-caps: normal; orphans: 2; text-align: start; widows: 2; -webkit-text-stroke-width: 0px; text-decoration-thickness: initial; text-decoration-style: initial; text-decoration-color: initial; word-spacing: 0px;\"><strong style=\"box-sizing: border-box;\"><span style=\"font-family: 'Segoe UI',sans-serif; color: #333333;\">Niedrigere BOS- und LCOE-Kosten<\/span><\/strong><\/p>\n<p style=\"background: white; box-sizing: border-box; margin: 0.875rem; font-variant-ligatures: normal; font-variant-caps: normal; orphans: 2; text-align: start; widows: 2; -webkit-text-stroke-width: 0px; text-decoration-thickness: initial; text-decoration-style: initial; text-decoration-color: initial; word-spacing: 0px;\"><span style=\"font-family: 'Segoe UI',sans-serif; color: #333333;\">\u2013 12,3 % geringere LCOE aufgrund h\u00f6herer Energieeffizienz und geringerer Systemkosten<br style=\"box-sizing: border-box;\" \/>\u2013 Kompatibel mit allen g\u00e4ngigen Nachf\u00fchrsystemen<\/span><\/p>\n<p style=\"background: white; box-sizing: border-box; margin: 0.875rem; font-variant-ligatures: normal; font-variant-caps: normal; orphans: 2; text-align: start; widows: 2; -webkit-text-stroke-width: 0px; text-decoration-thickness: initial; text-decoration-style: initial; text-decoration-color: initial; word-spacing: 0px;\"><strong style=\"box-sizing: border-box;\"><span style=\"font-family: 'Segoe UI',sans-serif; color: #333333;\">Erh\u00f6hte Zuverl\u00e4ssigkeit<\/span><\/strong><\/p>\n<p style=\"margin: 0cm; background: white; box-sizing: border-box; font-variant-ligatures: normal; font-variant-caps: normal; orphans: 2; text-align: start; widows: 2; -webkit-text-stroke-width: 0px; text-decoration-thickness: initial; text-decoration-style: initial; text-decoration-color: initial; word-spacing: 0px;\"><span style=\"font-family: 'Segoe UI',sans-serif; color: #333333;\">\u2013 Bis zu 50 % weniger DegradationLID \/ LeTID-Abschw\u00e4chung<br style=\"box-sizing: border-box;\" \/>\u2013 Niedrigere Hot-Spot-Temperatur<br style=\"box-sizing: border-box;\" \/>\u2013 Bessere Schattentoleranz<\/span><\/p>\n<p>[\/vc_column_text][\/vc_column][\/vc_row][vc_row css=&#8221;.vc_custom_1678280377113{margin-top: 50px !important;}&#8221;][vc_column][vc_separator][vc_column_text]<\/p>\n<h3 style=\"text-align: center;\"><strong><a href=\"https:\/\/www.canadiansolar.com\/\">Solarmodule Canadian Solar<\/a><\/strong><\/h3>\n<p>[\/vc_column_text][\/vc_column][\/vc_row][vc_row][vc_column][vc_column_text]<\/p>\n<h4 style=\"text-align: center;\"><strong>BiHiKu6 CS6W<br \/>\nLeistung: 530 W ~ 555 W\u00a0<\/strong><\/h4>\n<p>[\/vc_column_text][vc_column_text]<\/p>\n<p style=\"text-align: center;\">CS6W \u2013 530 MB-AG\u00a0<strong>\u2013 530W<\/strong><\/p>\n<p style=\"text-align: center;\">CS6W \u2013 535 MB-AG<strong>\u00a0\u2013 535W<\/strong><\/p>\n<p style=\"text-align: center;\">CS6W \u2013 540 MB-AG\u00a0<strong>\u2013 540W<\/strong><\/p>\n<p style=\"text-align: center;\">CS6W \u2013 545 MB-AG\u00a0<strong>\u2013 545W<\/strong><\/p>\n<p style=\"text-align: center;\">CS6W \u2013 550 MB-AG\u00a0<strong>\u2013 550W<\/strong><\/p>\n<p style=\"text-align: center;\">CS6W \u2013 555 MB-AG\u00a0<strong>\u2013 555W<\/strong><\/p>\n<p>[\/vc_column_text][vc_btn title=&#8221;DATENBLATT CS6Wxxx-AG&#8221; style=&#8221;custom&#8221; custom_background=&#8221;#558f98&#8243; custom_text=&#8221;#ffffff&#8221; size=&#8221;sm&#8221; align=&#8221;center&#8221; i_align=&#8221;right&#8221; i_icon_fontawesome=&#8221;fas fa-download&#8221; add_icon=&#8221;true&#8221; link=&#8221;url:https%3A%2F%2Fwww.vicoexport.com%2Fwp-content%2Fuploads%2F2024%2F07%2FCS-Datasheet-BiHiKu6_CS6W-MB-AG_v2.81_F47L_EN_530-555W_Vico_Export_Solar_Energy.pdf|target:_blank&#8221;][\/vc_column][\/vc_row][vc_row css=&#8221;.vc_custom_1678281791473{padding-top: 50px !important;}&#8221;][vc_column][vc_cta h2=&#8221;&#8221; h4=&#8221;12 Jahre Produktgarantie und 30 Jahre Leistungsgarantie&#8221; txt_align=&#8221;center&#8221; style=&#8221;3d&#8221; color=&#8221;grey&#8221;][\/vc_cta][\/vc_column][\/vc_row]<\/p>\n<\/div>","protected":false},"excerpt":{"rendered":"<p>[vc_row][vc_column][vc_single_image image=&#8221;43308&#8243; img_size=&#8221;medium&#8221; alignment=&#8221;center&#8221;][vc_column_text css=&#8221;.vc_custom_1699268064667{margin-top: 0px !important;padding-top: 0px !important;}&#8221;] Canadian Solar BiHiKu6 Zweizelliges bifaciales PERC-Modul mit hoher Leistung [\/vc_column_text][vc_column_text]Das BiHiKu6 von Canadian Solar ist ein hocheffizientes Solarmodul, das monokristalline und bifaziale Zellentechnologien kombiniert. Das Ergebnis ist ein Modul, das nicht nur optisch ansprechend ist, sondern auch mehr Energie produziert. Dieses Modul ist so konzipiert, dass [&hellip;]<\/p>\n","protected":false},"author":1,"featured_media":43305,"parent":42902,"menu_order":0,"comment_status":"closed","ping_status":"closed","template":"","meta":{"_joinchat":[],"footnotes":""},"class_list":["post-43304","page","type-page","status-publish","has-post-thumbnail","hentry"],"yoast_head":"<!-- This site is optimized with the Yoast SEO plugin v27.2 - https:\/\/yoast.com\/product\/yoast-seo-wordpress\/ -->\n<title>Canadian Solar BiHiKu6 | Vico Export Solar Energy<\/title>\n<meta name=\"description\" content=\"Canadian Solar BiHiKu6 CS6W Photovoltaikmodule mit 520\u2013550 W. Bis zu 30 % mehr Leistung am Heck. Offizielle Vertriebspartner.\" \/>\n<meta name=\"robots\" content=\"index, follow, max-snippet:-1, max-image-preview:large, max-video-preview:-1\" \/>\n<link rel=\"canonical\" href=\"https:\/\/www.vicoexport.com\/home-es\/paneles-solares\/canadian-solar\/canadian-solar-bihiku6\/\" \/>\n<meta property=\"og:locale\" content=\"de_DE\" \/>\n<meta property=\"og:type\" content=\"article\" \/>\n<meta property=\"og:title\" content=\"Canadian Solar BiHiKu6 | Vico Export Solar Energy\" \/>\n<meta property=\"og:description\" content=\"Canadian Solar BiHiKu6 CS6W Photovoltaikmodule mit 520\u2013550 W. Bis zu 30 % mehr Leistung am Heck. Offizielle Vertriebspartner.\" \/>\n<meta property=\"og:url\" content=\"https:\/\/www.vicoexport.com\/home-es\/paneles-solares\/canadian-solar\/canadian-solar-bihiku6\/\" \/>\n<meta property=\"og:site_name\" content=\"Vico Export Solar Energy\" \/>\n<meta property=\"article:publisher\" content=\"https:\/\/www.facebook.com\/vicoexport.vicoexportsolar\" \/>\n<meta property=\"article:modified_time\" content=\"2024-07-11T08:52:04+00:00\" \/>\n<meta property=\"og:image\" content=\"https:\/\/www.vicoexport.com\/wp-content\/uploads\/2023\/03\/BiHiKu6_Canadian_Solar_Vico_Export_Solar_Energy.png\" \/>\n\t<meta property=\"og:image:width\" content=\"600\" \/>\n\t<meta property=\"og:image:height\" content=\"700\" \/>\n\t<meta property=\"og:image:type\" content=\"image\/png\" \/>\n<meta name=\"twitter:card\" content=\"summary_large_image\" \/>\n<meta name=\"twitter:site\" content=\"@VicoExportSolar\" \/>\n<script type=\"application\/ld+json\" class=\"yoast-schema-graph\">{\"@context\":\"https:\/\/schema.org\",\"@graph\":[{\"@type\":\"WebPage\",\"@id\":\"https:\/\/www.vicoexport.com\/home-es\/paneles-solares\/canadian-solar\/canadian-solar-bihiku6\/\",\"url\":\"https:\/\/www.vicoexport.com\/home-es\/paneles-solares\/canadian-solar\/canadian-solar-bihiku6\/\",\"name\":\"Canadian Solar BiHiKu6 | Vico Export Solar Energy\",\"isPartOf\":{\"@id\":\"https:\/\/www.vicoexport.com\/#website\"},\"primaryImageOfPage\":{\"@id\":\"https:\/\/www.vicoexport.com\/home-es\/paneles-solares\/canadian-solar\/canadian-solar-bihiku6\/#primaryimage\"},\"image\":{\"@id\":\"https:\/\/www.vicoexport.com\/home-es\/paneles-solares\/canadian-solar\/canadian-solar-bihiku6\/#primaryimage\"},\"thumbnailUrl\":\"https:\/\/www.vicoexport.com\/wp-content\/uploads\/2023\/03\/BiHiKu6_Canadian_Solar_Vico_Export_Solar_Energy.png\",\"datePublished\":\"2023-03-08T15:00:12+00:00\",\"dateModified\":\"2024-07-11T08:52:04+00:00\",\"description\":\"Canadian Solar BiHiKu6 CS6W Photovoltaikmodule mit 520\u2013550 W. Bis zu 30 % mehr Leistung am Heck. Offizielle Vertriebspartner.\",\"breadcrumb\":{\"@id\":\"https:\/\/www.vicoexport.com\/home-es\/paneles-solares\/canadian-solar\/canadian-solar-bihiku6\/#breadcrumb\"},\"inLanguage\":\"de\",\"potentialAction\":[{\"@type\":\"ReadAction\",\"target\":[\"https:\/\/www.vicoexport.com\/home-es\/paneles-solares\/canadian-solar\/canadian-solar-bihiku6\/\"]}]},{\"@type\":\"ImageObject\",\"inLanguage\":\"de\",\"@id\":\"https:\/\/www.vicoexport.com\/home-es\/paneles-solares\/canadian-solar\/canadian-solar-bihiku6\/#primaryimage\",\"url\":\"https:\/\/www.vicoexport.com\/wp-content\/uploads\/2023\/03\/BiHiKu6_Canadian_Solar_Vico_Export_Solar_Energy.png\",\"contentUrl\":\"https:\/\/www.vicoexport.com\/wp-content\/uploads\/2023\/03\/BiHiKu6_Canadian_Solar_Vico_Export_Solar_Energy.png\",\"width\":600,\"height\":700,\"caption\":\"Canadian Solar BiHiKu6\"},{\"@type\":\"BreadcrumbList\",\"@id\":\"https:\/\/www.vicoexport.com\/home-es\/paneles-solares\/canadian-solar\/canadian-solar-bihiku6\/#breadcrumb\",\"itemListElement\":[{\"@type\":\"ListItem\",\"position\":1,\"name\":\"Portada\",\"item\":\"https:\/\/www.vicoexport.com\/de\/\"},{\"@type\":\"ListItem\",\"position\":2,\"name\":\"Inicio\",\"item\":\"https:\/\/www.vicoexport.com\/de\/\"},{\"@type\":\"ListItem\",\"position\":3,\"name\":\"Solarmodule\",\"item\":\"https:\/\/www.vicoexport.com\/de\/home-es\/solarmodule\/\"},{\"@type\":\"ListItem\",\"position\":4,\"name\":\"Canadian Solar\",\"item\":\"https:\/\/www.vicoexport.com\/home-es\/paneles-solares\/canadian-solar\/\"},{\"@type\":\"ListItem\",\"position\":5,\"name\":\"Canadian Solar BiHiKu6\"}]},{\"@type\":\"WebSite\",\"@id\":\"https:\/\/www.vicoexport.com\/#website\",\"url\":\"https:\/\/www.vicoexport.com\/\",\"name\":\"Vico Export Solar Energy\",\"description\":\"Vico Export Solar Energy Distribuidor Mayorista de Paneles Solares Fotovoltaicos\",\"publisher\":{\"@id\":\"https:\/\/www.vicoexport.com\/#organization\"},\"potentialAction\":[{\"@type\":\"SearchAction\",\"target\":{\"@type\":\"EntryPoint\",\"urlTemplate\":\"https:\/\/www.vicoexport.com\/?s={search_term_string}\"},\"query-input\":{\"@type\":\"PropertyValueSpecification\",\"valueRequired\":true,\"valueName\":\"search_term_string\"}}],\"inLanguage\":\"de\"},{\"@type\":\"Organization\",\"@id\":\"https:\/\/www.vicoexport.com\/#organization\",\"name\":\"Vico Export Solar Energy\",\"url\":\"https:\/\/www.vicoexport.com\/\",\"logo\":{\"@type\":\"ImageObject\",\"inLanguage\":\"de\",\"@id\":\"https:\/\/www.vicoexport.com\/#\/schema\/logo\/image\/\",\"url\":\"https:\/\/www.vicoexport.com\/wp-content\/uploads\/2018\/02\/Vico-Export-Solar-energy.jpg\",\"contentUrl\":\"https:\/\/www.vicoexport.com\/wp-content\/uploads\/2018\/02\/Vico-Export-Solar-energy.jpg\",\"width\":1006,\"height\":1024,\"caption\":\"Vico Export Solar Energy\"},\"image\":{\"@id\":\"https:\/\/www.vicoexport.com\/#\/schema\/logo\/image\/\"},\"sameAs\":[\"https:\/\/www.facebook.com\/vicoexport.vicoexportsolar\",\"https:\/\/x.com\/VicoExportSolar\",\"https:\/\/www.instagram.com\/vico_export_solar_energy\",\"https:\/\/www.linkedin.com\/in\/vicoexport\",\"https:\/\/www.youtube.com\/user\/vicoexport\/\"]}]}<\/script>\n<!-- \/ Yoast SEO plugin. -->","yoast_head_json":{"title":"Canadian Solar BiHiKu6 | Vico Export Solar Energy","description":"Canadian Solar BiHiKu6 CS6W Photovoltaikmodule mit 520\u2013550 W. Bis zu 30 % mehr Leistung am Heck. Offizielle Vertriebspartner.","robots":{"index":"index","follow":"follow","max-snippet":"max-snippet:-1","max-image-preview":"max-image-preview:large","max-video-preview":"max-video-preview:-1"},"canonical":"https:\/\/www.vicoexport.com\/home-es\/paneles-solares\/canadian-solar\/canadian-solar-bihiku6\/","og_locale":"de_DE","og_type":"article","og_title":"Canadian Solar BiHiKu6 | Vico Export Solar Energy","og_description":"Canadian Solar BiHiKu6 CS6W Photovoltaikmodule mit 520\u2013550 W. Bis zu 30 % mehr Leistung am Heck. Offizielle Vertriebspartner.","og_url":"https:\/\/www.vicoexport.com\/home-es\/paneles-solares\/canadian-solar\/canadian-solar-bihiku6\/","og_site_name":"Vico Export Solar Energy","article_publisher":"https:\/\/www.facebook.com\/vicoexport.vicoexportsolar","article_modified_time":"2024-07-11T08:52:04+00:00","og_image":[{"width":600,"height":700,"url":"https:\/\/www.vicoexport.com\/wp-content\/uploads\/2023\/03\/BiHiKu6_Canadian_Solar_Vico_Export_Solar_Energy.png","type":"image\/png"}],"twitter_card":"summary_large_image","twitter_site":"@VicoExportSolar","schema":{"@context":"https:\/\/schema.org","@graph":[{"@type":"WebPage","@id":"https:\/\/www.vicoexport.com\/home-es\/paneles-solares\/canadian-solar\/canadian-solar-bihiku6\/","url":"https:\/\/www.vicoexport.com\/home-es\/paneles-solares\/canadian-solar\/canadian-solar-bihiku6\/","name":"Canadian Solar BiHiKu6 | Vico Export Solar Energy","isPartOf":{"@id":"https:\/\/www.vicoexport.com\/#website"},"primaryImageOfPage":{"@id":"https:\/\/www.vicoexport.com\/home-es\/paneles-solares\/canadian-solar\/canadian-solar-bihiku6\/#primaryimage"},"image":{"@id":"https:\/\/www.vicoexport.com\/home-es\/paneles-solares\/canadian-solar\/canadian-solar-bihiku6\/#primaryimage"},"thumbnailUrl":"https:\/\/www.vicoexport.com\/wp-content\/uploads\/2023\/03\/BiHiKu6_Canadian_Solar_Vico_Export_Solar_Energy.png","datePublished":"2023-03-08T15:00:12+00:00","dateModified":"2024-07-11T08:52:04+00:00","description":"Canadian Solar BiHiKu6 CS6W Photovoltaikmodule mit 520\u2013550 W. Bis zu 30 % mehr Leistung am Heck. Offizielle Vertriebspartner.","breadcrumb":{"@id":"https:\/\/www.vicoexport.com\/home-es\/paneles-solares\/canadian-solar\/canadian-solar-bihiku6\/#breadcrumb"},"inLanguage":"de","potentialAction":[{"@type":"ReadAction","target":["https:\/\/www.vicoexport.com\/home-es\/paneles-solares\/canadian-solar\/canadian-solar-bihiku6\/"]}]},{"@type":"ImageObject","inLanguage":"de","@id":"https:\/\/www.vicoexport.com\/home-es\/paneles-solares\/canadian-solar\/canadian-solar-bihiku6\/#primaryimage","url":"https:\/\/www.vicoexport.com\/wp-content\/uploads\/2023\/03\/BiHiKu6_Canadian_Solar_Vico_Export_Solar_Energy.png","contentUrl":"https:\/\/www.vicoexport.com\/wp-content\/uploads\/2023\/03\/BiHiKu6_Canadian_Solar_Vico_Export_Solar_Energy.png","width":600,"height":700,"caption":"Canadian Solar BiHiKu6"},{"@type":"BreadcrumbList","@id":"https:\/\/www.vicoexport.com\/home-es\/paneles-solares\/canadian-solar\/canadian-solar-bihiku6\/#breadcrumb","itemListElement":[{"@type":"ListItem","position":1,"name":"Portada","item":"https:\/\/www.vicoexport.com\/de\/"},{"@type":"ListItem","position":2,"name":"Inicio","item":"https:\/\/www.vicoexport.com\/de\/"},{"@type":"ListItem","position":3,"name":"Solarmodule","item":"https:\/\/www.vicoexport.com\/de\/home-es\/solarmodule\/"},{"@type":"ListItem","position":4,"name":"Canadian Solar","item":"https:\/\/www.vicoexport.com\/home-es\/paneles-solares\/canadian-solar\/"},{"@type":"ListItem","position":5,"name":"Canadian Solar BiHiKu6"}]},{"@type":"WebSite","@id":"https:\/\/www.vicoexport.com\/#website","url":"https:\/\/www.vicoexport.com\/","name":"Vico Export Solar Energy","description":"Vico Export Solar Energy Distribuidor Mayorista de Paneles Solares Fotovoltaicos","publisher":{"@id":"https:\/\/www.vicoexport.com\/#organization"},"potentialAction":[{"@type":"SearchAction","target":{"@type":"EntryPoint","urlTemplate":"https:\/\/www.vicoexport.com\/?s={search_term_string}"},"query-input":{"@type":"PropertyValueSpecification","valueRequired":true,"valueName":"search_term_string"}}],"inLanguage":"de"},{"@type":"Organization","@id":"https:\/\/www.vicoexport.com\/#organization","name":"Vico Export Solar Energy","url":"https:\/\/www.vicoexport.com\/","logo":{"@type":"ImageObject","inLanguage":"de","@id":"https:\/\/www.vicoexport.com\/#\/schema\/logo\/image\/","url":"https:\/\/www.vicoexport.com\/wp-content\/uploads\/2018\/02\/Vico-Export-Solar-energy.jpg","contentUrl":"https:\/\/www.vicoexport.com\/wp-content\/uploads\/2018\/02\/Vico-Export-Solar-energy.jpg","width":1006,"height":1024,"caption":"Vico Export Solar Energy"},"image":{"@id":"https:\/\/www.vicoexport.com\/#\/schema\/logo\/image\/"},"sameAs":["https:\/\/www.facebook.com\/vicoexport.vicoexportsolar","https:\/\/x.com\/VicoExportSolar","https:\/\/www.instagram.com\/vico_export_solar_energy","https:\/\/www.linkedin.com\/in\/vicoexport","https:\/\/www.youtube.com\/user\/vicoexport\/"]}]}},"_links":{"self":[{"href":"https:\/\/www.vicoexport.com\/de\/wp-json\/wp\/v2\/pages\/43304","targetHints":{"allow":["GET"]}}],"collection":[{"href":"https:\/\/www.vicoexport.com\/de\/wp-json\/wp\/v2\/pages"}],"about":[{"href":"https:\/\/www.vicoexport.com\/de\/wp-json\/wp\/v2\/types\/page"}],"author":[{"embeddable":true,"href":"https:\/\/www.vicoexport.com\/de\/wp-json\/wp\/v2\/users\/1"}],"replies":[{"embeddable":true,"href":"https:\/\/www.vicoexport.com\/de\/wp-json\/wp\/v2\/comments?post=43304"}],"version-history":[{"count":0,"href":"https:\/\/www.vicoexport.com\/de\/wp-json\/wp\/v2\/pages\/43304\/revisions"}],"up":[{"embeddable":true,"href":"https:\/\/www.vicoexport.com\/de\/wp-json\/wp\/v2\/pages\/42902"}],"wp:featuredmedia":[{"embeddable":true,"href":"https:\/\/www.vicoexport.com\/de\/wp-json\/wp\/v2\/media\/43305"}],"wp:attachment":[{"href":"https:\/\/www.vicoexport.com\/de\/wp-json\/wp\/v2\/media?parent=43304"}],"curies":[{"name":"wp","href":"https:\/\/api.w.org\/{rel}","templated":true}]}}