{"id":43307,"date":"2023-03-08T13:42:10","date_gmt":"2023-03-08T12:42:10","guid":{"rendered":"https:\/\/www.vicoexport.com\/home\/solarmodulen\/canadian-solar\/canadian-solar-hiku6-3\/"},"modified":"2024-07-11T11:55:03","modified_gmt":"2024-07-11T09:55:03","slug":"canadian-solar-hiku6-3","status":"publish","type":"page","link":"https:\/\/www.vicoexport.com\/de\/home-es\/solarmodule\/canadian-solar\/canadian-solar-hiku6-3\/","title":{"rendered":"Canadian Solar HiKu6"},"content":{"rendered":"<div class=\"wpb-content-wrapper\"><p>[vc_row][vc_column][vc_single_image image=&#8221;43308&#8243; img_size=&#8221;medium&#8221; alignment=&#8221;center&#8221;][vc_column_text css=&#8221;.vc_custom_1699271379714{margin-top: 0px !important;padding-top: 0px !important;}&#8221;]<\/p>\n<h2 style=\"text-align: center;\"><strong>Canadian Solar<\/strong><strong> HiKu6<\/strong><\/h2>\n<h4 class=\"has-text-align-left\" style=\"text-align: center;\"><span class=\"has-inline-color\">Zweizellen-PERC-Modul mit hoher Leistung<\/span><\/h4>\n<p>[\/vc_column_text][vc_column_text]<a href=\"https:\/\/www.vicoexport.com\/de\/home-de\/solarmodulen\/canadian-solar\/\">Canadian Solar<\/a> HiKu6 ist ein Solarmodultyp, der von Canadian Solar, einem der weltweit f\u00fchrenden Hersteller von Photovoltaik-Modulen (PV-Modulen), hergestellt wird. Das HiKu6-Panel ist ein hocheffizientes monokristallines Solarmodul.<\/p>\n<p>Eines seiner Hauptmerkmale ist, dass das HiKu6-Panel die neueste PERC-Technologie (Passivated Emitter and Rear Cell) verwendet, die eine effizientere Umwandlung von Sonnenlicht in Strom erm\u00f6glicht. Au\u00dferdem verf\u00fcgt es \u00fcber ein Halbzellendesign, das den Widerstand reduziert und die Energieeffizienz bei schattigen oder schwach beleuchteten Bedingungen erh\u00f6ht. Das Modul ist aus langlebigen Materialien gefertigt und verf\u00fcgt \u00fcber ein robustes Design, so dass es sich auch f\u00fcr den Einsatz unter rauen Wetterbedingungen eignet.<\/p>\n<p>Insgesamt ist das Canadian Solar HiKu6 ein zuverl\u00e4ssiges, leistungsstarkes Solarmodul, das Hausbesitzern und Unternehmen helfen kann, Geld bei ihren Energierechnungen zu sparen und ihren \u00f6kologischen Fu\u00dfabdruck zu verringern.[\/vc_column_text][vc_empty_space][\/vc_column][\/vc_row][vc_row][vc_column width=&#8221;1\/2&#8243;][vc_single_image image=&#8221;43309&#8243; img_size=&#8221;300X400&#8243; alignment=&#8221;center&#8221;][\/vc_column][vc_column width=&#8221;1\/2&#8243;][vc_column_text]<strong>Leistungsstarkes Modul<\/strong><\/p>\n<p>\u2013 182-mm-Wafer + Doppelzelle + PERC-Technologie<br \/>\n\u2013 Modulleistung bis zu 555 W<br \/>\n\u2013 2,7 % h\u00f6here Energieausbeute \u00fcber die Lebensdauer des Moduls<\/p>\n<p><strong>Senkung der BOS-Kosten und LCOE-Kosten<\/strong><\/p>\n<p>\u2013 5,6% geringere BOS-Kosten<br \/>\n\u2013 4,5% niedrigere LCOE<br \/>\n\u2013 Kompatibel mit allen g\u00e4ngigen Nachf\u00fchrsystemen<\/p>\n<p><strong>Erh\u00f6hte Zuverl\u00e4ssigkeit<\/strong><\/p>\n<p>\u2013 Umfassende LID \/ LeTID-Minderung bis zu 50 % weniger Degradation<br \/>\n\u2013 Niedrigere Hot-Spot-Temperatur<br \/>\n\u2013 Bessere Schattentoleranz[\/vc_column_text][\/vc_column][\/vc_row][vc_row css=&#8221;.vc_custom_1678280377113{margin-top: 50px !important;}&#8221;][vc_column][vc_separator][vc_column_text]<\/p>\n<h3 style=\"text-align: center;\"><strong><a href=\"https:\/\/www.canadiansolar.com\/\">Solarmodule Canadian Solar<\/a><\/strong><\/h3>\n<p>[\/vc_column_text][\/vc_column][\/vc_row][vc_row][vc_column width=&#8221;1\/2&#8243;][vc_column_text]<\/p>\n<h4 style=\"text-align: center;\"><strong>HiKu6 CS6R-MS<br \/>\nLeistung: 380 W ~ 405 W <\/strong><strong><br \/>\n<\/strong><em>(All Black)<\/em><\/h4>\n<p>[\/vc_column_text][vc_column_text]<\/p>\n<p style=\"text-align: center;\">CS6R380MS-AB <strong>&#8211; 380W<\/strong><\/p>\n<p style=\"text-align: center;\">CS6R385MS-AB <strong>&#8211; 385W<\/strong><\/p>\n<p style=\"text-align: center;\">CS6R390MS-AB<strong> &#8211; 390W<\/strong><\/p>\n<p style=\"text-align: center;\">CS6R395MS-AB <strong>&#8211; 395W<\/strong><\/p>\n<p style=\"text-align: center;\">CS6R400MS-AB <strong>&#8211; 400W<\/strong><\/p>\n<p style=\"text-align: center;\">CS6R405MS-AB <strong>&#8211; 405W<\/strong><\/p>\n<p>[\/vc_column_text][vc_btn title=&#8221;DATENBLATT CS6R-xxxMS&#8221; style=&#8221;custom&#8221; custom_background=&#8221;#558f98&#8243; custom_text=&#8221;#ffffff&#8221; size=&#8221;sm&#8221; align=&#8221;center&#8221; i_icon_fontawesome=&#8221;fas fa-download&#8221; add_icon=&#8221;true&#8221; link=&#8221;url:https%3A%2F%2Fwww.vicoexport.com%2Fwp-content%2Fuploads%2F2023%2F11%2FCS-Datasheet-HiKu6_All-Black_CS6R-MS_v2.2W25_F55_ES_380-405W_Vico_Export_Solar_Energy.pdf|target:_blank&#8221;][\/vc_column][vc_column width=&#8221;1\/2&#8243;][vc_column_text]<\/p>\n<h4 style=\"text-align: center;\"><strong>HiKu6 CS6R-MS<br \/>\nLeistung: 395 W ~ 420 W <\/strong><strong><br \/>\n<\/strong><em>(Black Frame)<\/em><\/h4>\n<p>[\/vc_column_text][vc_column_text]<\/p>\n<p style=\"text-align: center;\">CS6R395MS <strong>&#8211; 395W\u00a0<\/strong><\/p>\n<p style=\"text-align: center;\">CS6R400MS <strong>&#8211; 400W\u00a0<\/strong><\/p>\n<p style=\"text-align: center;\">CS6R405MS <strong>&#8211; 405W\u00a0<\/strong><\/p>\n<p style=\"text-align: center;\">CS6R410MS <strong>&#8211; 410W\u00a0<\/strong><\/p>\n<p style=\"text-align: center;\">CS6R415MS <strong>&#8211; 415W\u00a0<\/strong><\/p>\n<p style=\"text-align: center;\">CS6R420MS <strong>&#8211; 420W<\/strong><\/p>\n<p>[\/vc_column_text][vc_btn title=&#8221;DATENBLATT CS6R-xxxMS&#8221; style=&#8221;custom&#8221; custom_background=&#8221;#558f98&#8243; custom_text=&#8221;#ffffff&#8221; size=&#8221;sm&#8221; align=&#8221;center&#8221; i_icon_fontawesome=&#8221;fas fa-download&#8221; add_icon=&#8221;true&#8221; link=&#8221;url:https%3A%2F%2Fwww.vicoexport.com%2Fwp-content%2Fuploads%2F2023%2F11%2FCanadian-solar-HiKu6_CS6R-MS_Black-Frame_v1.5W25_EN_395-420W-vico-export-solar-energy.pdf|target:_blank&#8221;][\/vc_column][\/vc_row][vc_row css=&#8221;.vc_custom_1699270570130{margin-top: 40px !important;}&#8221;][vc_column width=&#8221;1\/3&#8243;][vc_column_text]<\/p>\n<h4 style=\"text-align: center;\"><strong>HiKu6 <\/strong><strong>CS6W-MS<br \/>\n<\/strong><strong>Leistung: 535 W ~ 560 W<\/strong><\/h4>\n<p>[\/vc_column_text][vc_column_text]<\/p>\n<p style=\"text-align: center;\">CS6W-535MS\u00a0<strong>\u2013 535w<\/strong><\/p>\n<p style=\"text-align: center;\">CS6W-540MS\u00a0<strong>\u2013 540w<\/strong><\/p>\n<p style=\"text-align: center;\">CS6W-545MS\u00a0<strong>\u2013 545w<\/strong><\/p>\n<p style=\"text-align: center;\">CS6W-550MS<strong>\u00a0\u2013 550w<\/strong><\/p>\n<p style=\"text-align: center;\">CS6W-555MS\u00a0<strong>\u2013 555w<\/strong><\/p>\n<p style=\"text-align: center;\">CS6W-560MS<strong>\u00a0\u2013 560w<\/strong><\/p>\n<p>[\/vc_column_text][vc_btn title=&#8221;DATENBLATT CS6W-xxxMS&#8221; style=&#8221;custom&#8221; custom_background=&#8221;#558f98&#8243; custom_text=&#8221;#ffffff&#8221; size=&#8221;sm&#8221; align=&#8221;center&#8221; i_icon_fontawesome=&#8221;fas fa-download&#8221; add_icon=&#8221;true&#8221; link=&#8221;url:https%3A%2F%2Fwww.vicoexport.com%2Fwp-content%2Fuploads%2F2024%2F07%2FCS-Datasheet-HiKu6_CS6W-MS_v2.81_F45L_EN_535-560W_Vico_Export_Solar_Energy-1.pdf|target:_blank&#8221;][\/vc_column][vc_column width=&#8221;1\/3&#8243;][vc_column_text]<\/p>\n<h4 style=\"text-align: center;\"><strong>HiKu6 <\/strong><strong>CS6W-MS-HL<br \/>\n<\/strong><strong>Leistung: 395 W ~ 420 W<\/strong><\/h4>\n<p>[\/vc_column_text][vc_column_text]<\/p>\n<p style=\"text-align: center;\">CS6R-395MS-HL\u00a0<strong>\u2013 395w<\/strong><\/p>\n<p style=\"text-align: center;\">CS6R-400MS-HL\u00a0<strong>\u2013 400w<\/strong><\/p>\n<p style=\"text-align: center;\">CS6R-405MS-HL\u00a0<strong>\u2013 405w<\/strong><\/p>\n<p style=\"text-align: center;\">CS6R-410MS-HL\u00a0<strong>\u2013 410w<\/strong><\/p>\n<p style=\"text-align: center;\">CS6R-415MS-HL\u00a0<strong>\u2013 415w<\/strong><\/p>\n<p style=\"text-align: center;\">CS6R-420MS-HL\u00a0<strong>\u2013 420w<\/strong><\/p>\n<p>[\/vc_column_text][vc_btn title=&#8221;DATENBLATT CS6R-xxxMS-HL&#8221; style=&#8221;custom&#8221; custom_background=&#8221;#558f98&#8243; custom_text=&#8221;#ffffff&#8221; size=&#8221;sm&#8221; align=&#8221;center&#8221; i_icon_fontawesome=&#8221;fas fa-download&#8221; add_icon=&#8221;true&#8221; link=&#8221;url:https%3A%2F%2Fwww.vicoexport.com%2Fwp-content%2Fuploads%2F2024%2F07%2FCS-Datasheet-HiKu6_CS6R-MS-HL_v1.3_F23_EN_395-420W_Vico_Export_Solar_Energy.pdf|target:_blank&#8221;][\/vc_column][vc_column width=&#8221;1\/3&#8243;][vc_column_text]<\/p>\n<h4 style=\"text-align: center;\"><strong>HiKu6 <\/strong><strong>CS6L-MS<br \/>\n<\/strong><strong>Leistung: 440 W ~ 465 W<\/strong><\/h4>\n<p>[\/vc_column_text][vc_column_text]<\/p>\n<p style=\"text-align: center;\">CS6L-440MS\u00a0<strong>\u2013 440w<\/strong><\/p>\n<p style=\"text-align: center;\">CS6L-445MS\u00a0<strong>\u2013 445w<\/strong><\/p>\n<p style=\"text-align: center;\">CS6L-450MS<strong>\u00a0\u2013 450w<\/strong><\/p>\n<p style=\"text-align: center;\">CS6L-455MS<strong>\u00a0\u2013 455w<\/strong><\/p>\n<p style=\"text-align: center;\">CS6L-460MS\u00a0<strong>\u2013 460w<\/strong><\/p>\n<p style=\"text-align: center;\">CS6L-465MS\u00a0<strong>\u2013 465w<\/strong><\/p>\n<p>[\/vc_column_text][vc_btn title=&#8221;DATENBLATT CS6L-xxxMS&#8221; style=&#8221;custom&#8221; custom_background=&#8221;#558f98&#8243; custom_text=&#8221;#ffffff&#8221; size=&#8221;sm&#8221; align=&#8221;center&#8221; i_icon_fontawesome=&#8221;fas fa-download&#8221; add_icon=&#8221;true&#8221; link=&#8221;url:https%3A%2F%2Fwww.vicoexport.com%2Fwp-content%2Fuploads%2F2024%2F07%2FCS-Datasheet-HiKu6_CS6L-MS_v1.31W12_F45_EN_445-465W_Vico_Export_Solar_Energy.pdf|target:_blank&#8221;][\/vc_column][\/vc_row][vc_row css=&#8221;.vc_custom_1678281791473{padding-top: 50px !important;}&#8221;][vc_column][vc_cta h2=&#8221;&#8221; h4=&#8221;12\/25 Jahre Produktgarantie und 25 Jahre Leistungsgarantie&#8221; txt_align=&#8221;center&#8221; style=&#8221;3d&#8221; color=&#8221;grey&#8221;][\/vc_cta][\/vc_column][\/vc_row]<\/p>\n<\/div>","protected":false},"excerpt":{"rendered":"<p>[vc_row][vc_column][vc_single_image image=&#8221;43308&#8243; img_size=&#8221;medium&#8221; alignment=&#8221;center&#8221;][vc_column_text css=&#8221;.vc_custom_1699271379714{margin-top: 0px !important;padding-top: 0px !important;}&#8221;] Canadian Solar HiKu6 Zweizellen-PERC-Modul mit hoher Leistung [\/vc_column_text][vc_column_text]Canadian Solar HiKu6 ist ein Solarmodultyp, der von Canadian Solar, einem der weltweit f\u00fchrenden Hersteller von Photovoltaik-Modulen (PV-Modulen), hergestellt wird. Das HiKu6-Panel ist ein hocheffizientes monokristallines Solarmodul. Eines seiner Hauptmerkmale ist, dass das HiKu6-Panel die neueste PERC-Technologie (Passivated Emitter [&hellip;]<\/p>\n","protected":false},"author":1,"featured_media":43309,"parent":42902,"menu_order":0,"comment_status":"closed","ping_status":"closed","template":"","meta":{"_joinchat":[],"footnotes":""},"class_list":["post-43307","page","type-page","status-publish","has-post-thumbnail","hentry"],"yoast_head":"<!-- This site is optimized with the Yoast SEO plugin v27.5 - https:\/\/yoast.com\/product\/yoast-seo-wordpress\/ -->\n<title>Canadian Solar HiKu6 | Vico Export Solar Energy<\/title>\n<meta name=\"description\" content=\"Canadian Solar HiKu6 CS6R-MS 380W-405W(All Black), CS6R-MS 395W-420W(Black Frame), CS6R-MS 395W-420W, CS6W-MS 530W-555W, CS6L-MS 440W-565W.\" \/>\n<meta name=\"robots\" content=\"index, follow, max-snippet:-1, max-image-preview:large, max-video-preview:-1\" \/>\n<link rel=\"canonical\" href=\"https:\/\/www.vicoexport.com\/home-es\/paneles-solares\/canadian-solar\/canadian-solar-hiku6-3\/\" \/>\n<meta property=\"og:locale\" content=\"de_DE\" \/>\n<meta property=\"og:type\" content=\"article\" \/>\n<meta property=\"og:title\" content=\"Canadian Solar HiKu6 | Vico Export Solar Energy\" \/>\n<meta property=\"og:description\" content=\"Canadian Solar HiKu6 CS6R-MS 380W-405W(All Black), CS6R-MS 395W-420W(Black Frame), CS6R-MS 395W-420W, CS6W-MS 530W-555W, CS6L-MS 440W-565W.\" \/>\n<meta property=\"og:url\" content=\"https:\/\/www.vicoexport.com\/home-es\/paneles-solares\/canadian-solar\/canadian-solar-hiku6-3\/\" \/>\n<meta property=\"og:site_name\" content=\"Vico Export Solar Energy\" \/>\n<meta property=\"article:publisher\" content=\"https:\/\/www.facebook.com\/vicoexport.vicoexportsolar\" \/>\n<meta property=\"article:modified_time\" content=\"2024-07-11T09:55:03+00:00\" \/>\n<meta property=\"og:image\" content=\"https:\/\/www.vicoexport.com\/wp-content\/uploads\/2023\/03\/Canadian_Solar_HiKu6_Vico_Export_Solar_energy.png\" \/>\n\t<meta property=\"og:image:width\" content=\"600\" \/>\n\t<meta property=\"og:image:height\" content=\"700\" \/>\n\t<meta property=\"og:image:type\" content=\"image\/png\" \/>\n<meta name=\"twitter:card\" content=\"summary_large_image\" \/>\n<meta name=\"twitter:site\" content=\"@VicoExportSolar\" \/>\n<script type=\"application\/ld+json\" class=\"yoast-schema-graph\">{\"@context\":\"https:\\\/\\\/schema.org\",\"@graph\":[{\"@type\":\"WebPage\",\"@id\":\"https:\\\/\\\/www.vicoexport.com\\\/home-es\\\/paneles-solares\\\/canadian-solar\\\/canadian-solar-hiku6-3\\\/\",\"url\":\"https:\\\/\\\/www.vicoexport.com\\\/home-es\\\/paneles-solares\\\/canadian-solar\\\/canadian-solar-hiku6-3\\\/\",\"name\":\"Canadian Solar HiKu6 | Vico Export Solar Energy\",\"isPartOf\":{\"@id\":\"https:\\\/\\\/www.vicoexport.com\\\/#website\"},\"primaryImageOfPage\":{\"@id\":\"https:\\\/\\\/www.vicoexport.com\\\/home-es\\\/paneles-solares\\\/canadian-solar\\\/canadian-solar-hiku6-3\\\/#primaryimage\"},\"image\":{\"@id\":\"https:\\\/\\\/www.vicoexport.com\\\/home-es\\\/paneles-solares\\\/canadian-solar\\\/canadian-solar-hiku6-3\\\/#primaryimage\"},\"thumbnailUrl\":\"https:\\\/\\\/www.vicoexport.com\\\/wp-content\\\/uploads\\\/2023\\\/03\\\/Canadian_Solar_HiKu6_Vico_Export_Solar_energy.png\",\"datePublished\":\"2023-03-08T12:42:10+00:00\",\"dateModified\":\"2024-07-11T09:55:03+00:00\",\"description\":\"Canadian Solar HiKu6 CS6R-MS 380W-405W(All Black), CS6R-MS 395W-420W(Black Frame), CS6R-MS 395W-420W, CS6W-MS 530W-555W, CS6L-MS 440W-565W.\",\"breadcrumb\":{\"@id\":\"https:\\\/\\\/www.vicoexport.com\\\/home-es\\\/paneles-solares\\\/canadian-solar\\\/canadian-solar-hiku6-3\\\/#breadcrumb\"},\"inLanguage\":\"de\",\"potentialAction\":[{\"@type\":\"ReadAction\",\"target\":[\"https:\\\/\\\/www.vicoexport.com\\\/home-es\\\/paneles-solares\\\/canadian-solar\\\/canadian-solar-hiku6-3\\\/\"]}]},{\"@type\":\"ImageObject\",\"inLanguage\":\"de\",\"@id\":\"https:\\\/\\\/www.vicoexport.com\\\/home-es\\\/paneles-solares\\\/canadian-solar\\\/canadian-solar-hiku6-3\\\/#primaryimage\",\"url\":\"https:\\\/\\\/www.vicoexport.com\\\/wp-content\\\/uploads\\\/2023\\\/03\\\/Canadian_Solar_HiKu6_Vico_Export_Solar_energy.png\",\"contentUrl\":\"https:\\\/\\\/www.vicoexport.com\\\/wp-content\\\/uploads\\\/2023\\\/03\\\/Canadian_Solar_HiKu6_Vico_Export_Solar_energy.png\",\"width\":600,\"height\":700,\"caption\":\"Canadian Solar HiKu6\"},{\"@type\":\"BreadcrumbList\",\"@id\":\"https:\\\/\\\/www.vicoexport.com\\\/home-es\\\/paneles-solares\\\/canadian-solar\\\/canadian-solar-hiku6-3\\\/#breadcrumb\",\"itemListElement\":[{\"@type\":\"ListItem\",\"position\":1,\"name\":\"Portada\",\"item\":\"https:\\\/\\\/www.vicoexport.com\\\/de\\\/\"},{\"@type\":\"ListItem\",\"position\":2,\"name\":\"Inicio\",\"item\":\"https:\\\/\\\/www.vicoexport.com\\\/de\\\/\"},{\"@type\":\"ListItem\",\"position\":3,\"name\":\"Solarmodule\",\"item\":\"https:\\\/\\\/www.vicoexport.com\\\/de\\\/home-es\\\/solarmodule\\\/\"},{\"@type\":\"ListItem\",\"position\":4,\"name\":\"Canadian Solar\",\"item\":\"https:\\\/\\\/www.vicoexport.com\\\/home-es\\\/paneles-solares\\\/canadian-solar\\\/\"},{\"@type\":\"ListItem\",\"position\":5,\"name\":\"Canadian Solar HiKu6\"}]},{\"@type\":\"WebSite\",\"@id\":\"https:\\\/\\\/www.vicoexport.com\\\/#website\",\"url\":\"https:\\\/\\\/www.vicoexport.com\\\/\",\"name\":\"Vico Export Solar Energy\",\"description\":\"Vico Export Solar Energy Distribuidor Mayorista de Paneles Solares Fotovoltaicos\",\"publisher\":{\"@id\":\"https:\\\/\\\/www.vicoexport.com\\\/#organization\"},\"potentialAction\":[{\"@type\":\"SearchAction\",\"target\":{\"@type\":\"EntryPoint\",\"urlTemplate\":\"https:\\\/\\\/www.vicoexport.com\\\/?s={search_term_string}\"},\"query-input\":{\"@type\":\"PropertyValueSpecification\",\"valueRequired\":true,\"valueName\":\"search_term_string\"}}],\"inLanguage\":\"de\"},{\"@type\":\"Organization\",\"@id\":\"https:\\\/\\\/www.vicoexport.com\\\/#organization\",\"name\":\"Vico Export Solar Energy\",\"url\":\"https:\\\/\\\/www.vicoexport.com\\\/\",\"logo\":{\"@type\":\"ImageObject\",\"inLanguage\":\"de\",\"@id\":\"https:\\\/\\\/www.vicoexport.com\\\/#\\\/schema\\\/logo\\\/image\\\/\",\"url\":\"https:\\\/\\\/www.vicoexport.com\\\/wp-content\\\/uploads\\\/2018\\\/02\\\/Vico-Export-Solar-energy.jpg\",\"contentUrl\":\"https:\\\/\\\/www.vicoexport.com\\\/wp-content\\\/uploads\\\/2018\\\/02\\\/Vico-Export-Solar-energy.jpg\",\"width\":1006,\"height\":1024,\"caption\":\"Vico Export Solar Energy\"},\"image\":{\"@id\":\"https:\\\/\\\/www.vicoexport.com\\\/#\\\/schema\\\/logo\\\/image\\\/\"},\"sameAs\":[\"https:\\\/\\\/www.facebook.com\\\/vicoexport.vicoexportsolar\",\"https:\\\/\\\/x.com\\\/VicoExportSolar\",\"https:\\\/\\\/www.instagram.com\\\/vico_export_solar_energy\",\"https:\\\/\\\/www.linkedin.com\\\/in\\\/vicoexport\",\"https:\\\/\\\/www.youtube.com\\\/user\\\/vicoexport\\\/\"]}]}<\/script>\n<!-- \/ Yoast SEO plugin. -->","yoast_head_json":{"title":"Canadian Solar HiKu6 | Vico Export Solar Energy","description":"Canadian Solar HiKu6 CS6R-MS 380W-405W(All Black), CS6R-MS 395W-420W(Black Frame), CS6R-MS 395W-420W, CS6W-MS 530W-555W, CS6L-MS 440W-565W.","robots":{"index":"index","follow":"follow","max-snippet":"max-snippet:-1","max-image-preview":"max-image-preview:large","max-video-preview":"max-video-preview:-1"},"canonical":"https:\/\/www.vicoexport.com\/home-es\/paneles-solares\/canadian-solar\/canadian-solar-hiku6-3\/","og_locale":"de_DE","og_type":"article","og_title":"Canadian Solar HiKu6 | Vico Export Solar Energy","og_description":"Canadian Solar HiKu6 CS6R-MS 380W-405W(All Black), CS6R-MS 395W-420W(Black Frame), CS6R-MS 395W-420W, CS6W-MS 530W-555W, CS6L-MS 440W-565W.","og_url":"https:\/\/www.vicoexport.com\/home-es\/paneles-solares\/canadian-solar\/canadian-solar-hiku6-3\/","og_site_name":"Vico Export Solar Energy","article_publisher":"https:\/\/www.facebook.com\/vicoexport.vicoexportsolar","article_modified_time":"2024-07-11T09:55:03+00:00","og_image":[{"width":600,"height":700,"url":"https:\/\/www.vicoexport.com\/wp-content\/uploads\/2023\/03\/Canadian_Solar_HiKu6_Vico_Export_Solar_energy.png","type":"image\/png"}],"twitter_card":"summary_large_image","twitter_site":"@VicoExportSolar","schema":{"@context":"https:\/\/schema.org","@graph":[{"@type":"WebPage","@id":"https:\/\/www.vicoexport.com\/home-es\/paneles-solares\/canadian-solar\/canadian-solar-hiku6-3\/","url":"https:\/\/www.vicoexport.com\/home-es\/paneles-solares\/canadian-solar\/canadian-solar-hiku6-3\/","name":"Canadian Solar HiKu6 | Vico Export Solar Energy","isPartOf":{"@id":"https:\/\/www.vicoexport.com\/#website"},"primaryImageOfPage":{"@id":"https:\/\/www.vicoexport.com\/home-es\/paneles-solares\/canadian-solar\/canadian-solar-hiku6-3\/#primaryimage"},"image":{"@id":"https:\/\/www.vicoexport.com\/home-es\/paneles-solares\/canadian-solar\/canadian-solar-hiku6-3\/#primaryimage"},"thumbnailUrl":"https:\/\/www.vicoexport.com\/wp-content\/uploads\/2023\/03\/Canadian_Solar_HiKu6_Vico_Export_Solar_energy.png","datePublished":"2023-03-08T12:42:10+00:00","dateModified":"2024-07-11T09:55:03+00:00","description":"Canadian Solar HiKu6 CS6R-MS 380W-405W(All Black), CS6R-MS 395W-420W(Black Frame), CS6R-MS 395W-420W, CS6W-MS 530W-555W, CS6L-MS 440W-565W.","breadcrumb":{"@id":"https:\/\/www.vicoexport.com\/home-es\/paneles-solares\/canadian-solar\/canadian-solar-hiku6-3\/#breadcrumb"},"inLanguage":"de","potentialAction":[{"@type":"ReadAction","target":["https:\/\/www.vicoexport.com\/home-es\/paneles-solares\/canadian-solar\/canadian-solar-hiku6-3\/"]}]},{"@type":"ImageObject","inLanguage":"de","@id":"https:\/\/www.vicoexport.com\/home-es\/paneles-solares\/canadian-solar\/canadian-solar-hiku6-3\/#primaryimage","url":"https:\/\/www.vicoexport.com\/wp-content\/uploads\/2023\/03\/Canadian_Solar_HiKu6_Vico_Export_Solar_energy.png","contentUrl":"https:\/\/www.vicoexport.com\/wp-content\/uploads\/2023\/03\/Canadian_Solar_HiKu6_Vico_Export_Solar_energy.png","width":600,"height":700,"caption":"Canadian Solar HiKu6"},{"@type":"BreadcrumbList","@id":"https:\/\/www.vicoexport.com\/home-es\/paneles-solares\/canadian-solar\/canadian-solar-hiku6-3\/#breadcrumb","itemListElement":[{"@type":"ListItem","position":1,"name":"Portada","item":"https:\/\/www.vicoexport.com\/de\/"},{"@type":"ListItem","position":2,"name":"Inicio","item":"https:\/\/www.vicoexport.com\/de\/"},{"@type":"ListItem","position":3,"name":"Solarmodule","item":"https:\/\/www.vicoexport.com\/de\/home-es\/solarmodule\/"},{"@type":"ListItem","position":4,"name":"Canadian Solar","item":"https:\/\/www.vicoexport.com\/home-es\/paneles-solares\/canadian-solar\/"},{"@type":"ListItem","position":5,"name":"Canadian Solar HiKu6"}]},{"@type":"WebSite","@id":"https:\/\/www.vicoexport.com\/#website","url":"https:\/\/www.vicoexport.com\/","name":"Vico Export Solar Energy","description":"Vico Export Solar Energy Distribuidor Mayorista de Paneles Solares Fotovoltaicos","publisher":{"@id":"https:\/\/www.vicoexport.com\/#organization"},"potentialAction":[{"@type":"SearchAction","target":{"@type":"EntryPoint","urlTemplate":"https:\/\/www.vicoexport.com\/?s={search_term_string}"},"query-input":{"@type":"PropertyValueSpecification","valueRequired":true,"valueName":"search_term_string"}}],"inLanguage":"de"},{"@type":"Organization","@id":"https:\/\/www.vicoexport.com\/#organization","name":"Vico Export Solar Energy","url":"https:\/\/www.vicoexport.com\/","logo":{"@type":"ImageObject","inLanguage":"de","@id":"https:\/\/www.vicoexport.com\/#\/schema\/logo\/image\/","url":"https:\/\/www.vicoexport.com\/wp-content\/uploads\/2018\/02\/Vico-Export-Solar-energy.jpg","contentUrl":"https:\/\/www.vicoexport.com\/wp-content\/uploads\/2018\/02\/Vico-Export-Solar-energy.jpg","width":1006,"height":1024,"caption":"Vico Export Solar Energy"},"image":{"@id":"https:\/\/www.vicoexport.com\/#\/schema\/logo\/image\/"},"sameAs":["https:\/\/www.facebook.com\/vicoexport.vicoexportsolar","https:\/\/x.com\/VicoExportSolar","https:\/\/www.instagram.com\/vico_export_solar_energy","https:\/\/www.linkedin.com\/in\/vicoexport","https:\/\/www.youtube.com\/user\/vicoexport\/"]}]}},"_links":{"self":[{"href":"https:\/\/www.vicoexport.com\/de\/wp-json\/wp\/v2\/pages\/43307","targetHints":{"allow":["GET"]}}],"collection":[{"href":"https:\/\/www.vicoexport.com\/de\/wp-json\/wp\/v2\/pages"}],"about":[{"href":"https:\/\/www.vicoexport.com\/de\/wp-json\/wp\/v2\/types\/page"}],"author":[{"embeddable":true,"href":"https:\/\/www.vicoexport.com\/de\/wp-json\/wp\/v2\/users\/1"}],"replies":[{"embeddable":true,"href":"https:\/\/www.vicoexport.com\/de\/wp-json\/wp\/v2\/comments?post=43307"}],"version-history":[{"count":0,"href":"https:\/\/www.vicoexport.com\/de\/wp-json\/wp\/v2\/pages\/43307\/revisions"}],"up":[{"embeddable":true,"href":"https:\/\/www.vicoexport.com\/de\/wp-json\/wp\/v2\/pages\/42902"}],"wp:featuredmedia":[{"embeddable":true,"href":"https:\/\/www.vicoexport.com\/de\/wp-json\/wp\/v2\/media\/43309"}],"wp:attachment":[{"href":"https:\/\/www.vicoexport.com\/de\/wp-json\/wp\/v2\/media?parent=43307"}],"curies":[{"name":"wp","href":"https:\/\/api.w.org\/{rel}","templated":true}]}}