{"id":43311,"date":"2023-03-13T10:49:12","date_gmt":"2023-03-13T09:49:12","guid":{"rendered":"https:\/\/www.vicoexport.com\/home\/solarmodulen\/canadian-solar\/canadian-solar-tophiku6\/"},"modified":"2024-10-07T17:14:34","modified_gmt":"2024-10-07T15:14:34","slug":"canadian-solar-tophiku6","status":"publish","type":"page","link":"https:\/\/www.vicoexport.com\/de\/home-es\/solarmodule\/canadian-solar\/canadian-solar-tophiku6\/","title":{"rendered":"Canadian Solar TOPHiKu6"},"content":{"rendered":"<div class=\"wpb-content-wrapper\"><p>[vc_row][vc_column][vc_single_image image=&#8221;43308&#8243; img_size=&#8221;medium&#8221; alignment=&#8221;center&#8221;][vc_column_text css=&#8221;.vc_custom_1678701053873{margin-top: 0px !important;padding-top: 0px !important;}&#8221;]<\/p>\n<h2 style=\"text-align: center;\"><strong>Canadian Solar<\/strong><strong> TOPHiKu6<\/strong><\/h2>\n<h4 class=\"has-text-align-left\" style=\"text-align: center;\"><span class=\"has-inline-color\">M\u00f3dulo monofacial N-Type TOPCon<\/span><\/h4>\n<p>[\/vc_column_text][vc_column_text]<\/p>\n<p style=\"text-align: center;\"><a href=\"https:\/\/www.vicoexport.com\/home-es\/paneles-solares\/canadian-solar\/\">Canadian Solar<\/a> TOPHiKu6 es otra l\u00ednea de paneles solares de alta eficiencia fabricados por Canadian Solar, uno de los principales fabricantes de paneles solares a nivel mundial. Estos paneles utilizan c\u00e9lulas solares de silicio monocristalino y cuentan con una tecnolog\u00eda de interconexi\u00f3n en barra que reduce las p\u00e9rdidas de energ\u00eda y mejora la eficiencia del panel.<\/p>\n<p style=\"text-align: center;\">Al igual que la l\u00ednea TOPBiHiKu6, los paneles TOPHiKu6 tambi\u00e9n est\u00e1n dise\u00f1ados para soportar condiciones clim\u00e1ticas adversas, como vientos fuertes y nieve. Est\u00e1n certificados para soportar cargas de nieve de hasta 5400 Pa y vientos de hasta 3600 Pa.<\/p>\n<p style=\"text-align: center;\">En resumen, los paneles Canadian Solar TOPHiKu6 son una excelente opci\u00f3n para aquellos que buscan una alta eficiencia y potencia en sus paneles solares.<\/p>\n<p>[\/vc_column_text][vc_empty_space][\/vc_column][\/vc_row][vc_row][vc_column width=&#8221;1\/2&#8243;][vc_single_image image=&#8221;43312&#8243; img_size=&#8221;320X400&#8243; alignment=&#8221;center&#8221;][\/vc_column][vc_column width=&#8221;1\/2&#8243;][vc_column_text]<strong>M\u00f3dulo de alta potencia<\/strong><\/p>\n<p>&#8211; Potencia del m\u00f3dulo de hasta 580W\uff0ceficiencia del m\u00f3dulo de hasta el 22,5%.<br \/>\n&#8211; Sin LID de boro-ox\u00edgeno y anti PID, menos degradaci\u00f3n<br \/>\n&#8211; Tecnolog\u00eda de c\u00e9lula 16BB, mejor captura de luz y recogida de corriente, mayor potencia de salida<\/p>\n<p><strong>Alto rendimiento energ\u00e9tico, bajo LCOE<\/strong><\/p>\n<p>&#8211; Bajo coeficiente de temperatura (Pmax): -0,29%\/\u2103, m\u00e1s energ\u00eda en clima c\u00e1lido<br \/>\n&#8211; Alta generaci\u00f3n de energ\u00eda<br \/>\n&#8211; BOS y LCOE bajos<\/p>\n<p><strong>Mayor fiabilidad<\/strong><\/p>\n<p>&#8211; Minimiza el impacto de las microfisuras en la fiabilidad del m\u00f3dulo<br \/>\n&#8211; Cargas de nieve de hasta 5.400Pa, cargas de viento de hasta 2.400Pa[\/vc_column_text][\/vc_column][\/vc_row][vc_row css=&#8221;.vc_custom_1678280377113{margin-top: 50px !important;}&#8221;][vc_column][vc_separator][vc_column_text css=&#8221;.vc_custom_1679991776942{padding-bottom: 5px !important;}&#8221;]<\/p>\n<h3 style=\"text-align: center;\"><strong><a href=\"https:\/\/www.canadiansolar.com\/\">Paneles Solares Canadian Solar<\/a><\/strong><\/h3>\n<p>[\/vc_column_text][\/vc_column][\/vc_row][vc_row][vc_column width=&#8221;1\/3&#8243;][vc_column_text]<\/p>\n<h4 style=\"text-align: center;\"><strong>TOPHiKu6 <\/strong><strong>CS6.2-48TD<br \/>\nPotencia: 435 W ~ 460 W<\/strong><\/h4>\n<p>[\/vc_column_text][vc_column_text]<\/p>\n<p style=\"text-align: center;\">CS6.2-48TD435\u00a0<strong>\u2013 435W<\/strong><\/p>\n<p style=\"text-align: center;\">CS6.2-48TD440\u00a0<strong>\u2013 440W<\/strong><\/p>\n<p style=\"text-align: center;\">CS6.2-48TD445\u00a0<strong>\u2013 445W<\/strong><\/p>\n<p style=\"text-align: center;\">CS6.2-48TD450\u00a0<strong>\u2013 450W<\/strong><\/p>\n<p style=\"text-align: center;\">CS6.2-48TD455\u00a0<strong>\u2013 455W<\/strong><\/p>\n<p style=\"text-align: center;\">CS6.2-48TD460\u00a0<strong>\u2013 460W<\/strong><\/p>\n<p>[\/vc_column_text][vc_btn title=&#8221;FICHA T\u00c9CNICA CS6.2-48TD-XXX&#8221; style=&#8221;custom&#8221; custom_background=&#8221;#558f98&#8243; custom_text=&#8221;#ffffff&#8221; size=&#8221;sm&#8221; align=&#8221;center&#8221; i_align=&#8221;right&#8221; i_icon_fontawesome=&#8221;fas fa-download&#8221; add_icon=&#8221;true&#8221; link=&#8221;url:https%3A%2F%2Fwww.vicoexport.com%2Fwp-content%2Fuploads%2F2024%2F10%2FCS-Datasheet-TOPHiKu6_CS6.2-48TD_Black-Frame_v1.1W25_F47_EN_435-460W_PREVico_Export_Solar_Energy.pdf|target:_blank&#8221;][\/vc_column][vc_column width=&#8221;1\/3&#8243;][vc_column_text]<\/p>\n<h4 style=\"text-align: center;\"><strong>TOPHiKu6 CS6.1-72TD<br \/>\nPotencia 595 W ~ 625 W<\/strong><\/h4>\n<p>[\/vc_column_text][vc_column_text]<\/p>\n<p style=\"text-align: center;\">CS6.1-72TD595 <strong>&#8211; 595W<\/strong><\/p>\n<p style=\"text-align: center;\">CS6.1-72TD600<strong> &#8211; 600W<\/strong><\/p>\n<p style=\"text-align: center;\">CS6.1-72TD605<strong> &#8211; 605W<\/strong><\/p>\n<p style=\"text-align: center;\">CS6.1-72TD610 <strong>&#8211; 610W<\/strong><\/p>\n<p style=\"text-align: center;\">CS6.1-72TD615 <strong>&#8211; 615W<\/strong><\/p>\n<p style=\"text-align: center;\">CS6.1-72TD620 <strong>&#8211; 620W<\/strong><\/p>\n<p style=\"text-align: center;\">CS6.1-72TD625 <strong>&#8211; 625W<\/strong><\/p>\n<p>[\/vc_column_text][vc_btn title=&#8221;FICHA T\u00c9CNICA CS6.1-72TD-XXX&#8221; style=&#8221;custom&#8221; custom_background=&#8221;#558f98&#8243; custom_text=&#8221;#ffffff&#8221; size=&#8221;sm&#8221; align=&#8221;center&#8221; i_align=&#8221;right&#8221; i_icon_fontawesome=&#8221;fas fa-download&#8221; add_icon=&#8221;true&#8221; link=&#8221;url:https%3A%2F%2Fwww.vicoexport.com%2Fwp-content%2Fuploads%2F2024%2F07%2FCS-Datasheet-TOPHiKu6_CS6.1-72TD_v1.6_F67_EN_595-625W_Vico_Export_Solar__Energy.pdf|target:_blank|&#8221;][\/vc_column][vc_column width=&#8221;1\/3&#8243;][vc_column_text]<\/p>\n<h4 style=\"text-align: center;\"><strong>TOPHiKu6 CS6W-T <\/strong><strong><br \/>\nPotencia 570 W ~ 600 W<\/strong><\/h4>\n<p>[\/vc_column_text][vc_column_text]<\/p>\n<p style=\"text-align: center;\">CS6W570T <strong>&#8211; 570W<\/strong><\/p>\n<p style=\"text-align: center;\">CS6W575T <strong>&#8211; 575W<\/strong><\/p>\n<p style=\"text-align: center;\">CS6W580T <strong>&#8211; 580W<\/strong><\/p>\n<p style=\"text-align: center;\">CS6W585T <strong>&#8211; 585W<\/strong><\/p>\n<p style=\"text-align: center;\">CS6W590T <strong>&#8211; 590W<\/strong><\/p>\n<p style=\"text-align: center;\">CS6W595T <strong>&#8211; 595W<\/strong><\/p>\n<p style=\"text-align: center;\">CS6W600T <strong>&#8211; 600W<\/strong><\/p>\n<p>[\/vc_column_text][vc_btn title=&#8221;FICHA T\u00c9CNICA CS6W-XXXT&#8221; style=&#8221;custom&#8221; custom_background=&#8221;#558f98&#8243; custom_text=&#8221;#ffffff&#8221; size=&#8221;sm&#8221; align=&#8221;center&#8221; i_align=&#8221;right&#8221; i_icon_fontawesome=&#8221;fas fa-download&#8221; add_icon=&#8221;true&#8221; link=&#8221;url:https%3A%2F%2Fwww.vicoexport.com%2Fwp-content%2Fuploads%2F2024%2F07%2FCS-Datasheet-TOPHiKu6-_CS6W-T_v1.9_F45_EN_570-600W_Vico_Export_Solar__Energy.pdf|target:_blank|&#8221;][\/vc_column][\/vc_row][vc_row css=&#8221;.vc_custom_1699008243481{margin-top: 35px !important;}&#8221;][vc_column width=&#8221;1\/3&#8243;][vc_column_text]<\/p>\n<h4 style=\"text-align: center;\"><strong>TOPHiKu6 <\/strong><strong>CS6.1-54TD<br \/>\nPotencia: 445 W ~ 470 W<\/strong><\/h4>\n<p>[\/vc_column_text][vc_column_text]<\/p>\n<p style=\"text-align: center;\">CS6.1-54TD445 <strong>&#8211; 445W<\/strong><\/p>\n<p style=\"text-align: center;\">CS6.1-54TD450 <strong>&#8211; 450W<\/strong><\/p>\n<p style=\"text-align: center;\">CS6.1-54TD455 <strong>&#8211; 455W<\/strong><\/p>\n<p style=\"text-align: center;\">CS6.1-54TD460 <strong>&#8211; 460W<\/strong><\/p>\n<p style=\"text-align: center;\">CS6.1-54TD465 <strong>&#8211;<\/strong> <strong>465W<\/strong><\/p>\n<p style=\"text-align: center;\">CS6.1-54TD470 <strong>&#8211;<\/strong> <strong>470W<\/strong><\/p>\n<p>[\/vc_column_text][vc_btn title=&#8221;FICHA T\u00c9CNICA CS6.1-54TD-XXX&#8221; style=&#8221;custom&#8221; custom_background=&#8221;#558f98&#8243; custom_text=&#8221;#ffffff&#8221; size=&#8221;sm&#8221; align=&#8221;center&#8221; i_align=&#8221;right&#8221; i_icon_fontawesome=&#8221;fas fa-download&#8221; add_icon=&#8221;true&#8221; link=&#8221;url:https%3A%2F%2Fwww.vicoexport.com%2Fwp-content%2Fuploads%2F2024%2F07%2FCS-Datasheet-TOPHiKu6_CS6.1-54TD_v1.4W12_F75_EN_445-470W_Vico_Export_Solar__Energy.pdf|target:_blank|&#8221;][\/vc_column][vc_column width=&#8221;1\/3&#8243;][vc_column_text]<\/p>\n<h4 style=\"text-align: center;\"><strong>TOPHiKu6 <\/strong><strong>CS6R-T\u00a0<\/strong><br \/>\n<strong>Potencia 425 W ~ 450W<br \/>\n(Silver Frame)<\/strong><\/h4>\n<p>[\/vc_column_text][vc_column_text]<\/p>\n<p style=\"text-align: center;\">CS6R425T &#8211;<strong> 425W<\/strong><\/p>\n<p style=\"text-align: center;\">CS6R430T<strong>\u00a0&#8211; 430W<\/strong><\/p>\n<p style=\"text-align: center;\">CS6R435T <strong>&#8211; 435W<\/strong><\/p>\n<p style=\"text-align: center;\">CS6R440T<strong> &#8211; 440W<\/strong><\/p>\n<p style=\"text-align: center;\">CS6R445T <strong>&#8211; 445W<\/strong><\/p>\n<p style=\"text-align: center;\">CS6R450T<strong> &#8211; 450W<\/strong><\/p>\n<p>[\/vc_column_text][vc_btn title=&#8221;FICHA T\u00c9CNICA CS6RXXXT&#8221; style=&#8221;custom&#8221; custom_background=&#8221;#558f98&#8243; custom_text=&#8221;#ffffff&#8221; size=&#8221;sm&#8221; align=&#8221;center&#8221; i_align=&#8221;right&#8221; i_icon_fontawesome=&#8221;fas fa-download&#8221; add_icon=&#8221;true&#8221; link=&#8221;url:https%3A%2F%2Fwww.vicoexport.com%2Fwp-content%2Fuploads%2F2024%2F07%2FCS-Datasheet-TOPHiKu6-_CS6R-T_v1.9W12_F55_EN_425-450W_Vico_Export_Solar_Energy.pdf|target:_blank|&#8221;][\/vc_column][vc_column width=&#8221;1\/3&#8243;][vc_column_text]<\/p>\n<h4 style=\"text-align: center;\"><strong>TOPHiKu6 <\/strong><strong>CS6R-T\u00a0<\/strong><br \/>\n<strong>Potencia 425 W ~ 450W<br \/>\n(Black Frame)<\/strong><\/h4>\n<p>[\/vc_column_text][vc_column_text]<\/p>\n<p style=\"text-align: center;\">CS6R425T &#8211;<strong> 425W<\/strong><\/p>\n<p style=\"text-align: center;\">CS6R430T<strong>\u00a0&#8211; 430W<\/strong><\/p>\n<p style=\"text-align: center;\">CS6R435T <strong>&#8211; 435W<\/strong><\/p>\n<p style=\"text-align: center;\">CS6R440T<strong> &#8211; 440W<\/strong><\/p>\n<p style=\"text-align: center;\">CS6R445T <strong>&#8211; 445W<\/strong><\/p>\n<p style=\"text-align: center;\">CS6R450T<strong> &#8211; 450W<\/strong><\/p>\n<p>[\/vc_column_text][vc_btn title=&#8221;FICHA T\u00c9CNICA CS6RXXXT&#8221; style=&#8221;custom&#8221; custom_background=&#8221;#558f98&#8243; custom_text=&#8221;#ffffff&#8221; size=&#8221;sm&#8221; align=&#8221;center&#8221; i_align=&#8221;right&#8221; i_icon_fontawesome=&#8221;fas fa-download&#8221; add_icon=&#8221;true&#8221; link=&#8221;url:https%3A%2F%2Fwww.vicoexport.com%2Fwp-content%2Fuploads%2F2024%2F07%2FCanadian-Solar-TOPHiKu6-CS6R-T-425-450W-Vico-export-Solar-energy.pdf|target:_blank|&#8221;][\/vc_column][\/vc_row][vc_row css=&#8221;.vc_custom_1699008243481{margin-top: 35px !important;}&#8221;][vc_column width=&#8221;1\/3&#8243;][vc_column_text]<\/p>\n<h4 style=\"text-align: center;\"><strong>TOPHiKu6 <\/strong><strong>CS6R-T-AB<br \/>\nPotencia 420 W ~ 440W<\/strong><\/h4>\n<p>[\/vc_column_text][vc_column_text]<\/p>\n<p style=\"text-align: center;\">CS6R420T AB <strong>&#8211; 420W<\/strong><\/p>\n<p style=\"text-align: center;\">CS6R425T AB<strong> &#8211; 425W<\/strong><\/p>\n<p style=\"text-align: center;\">CS6R430T AB\u00a0<strong> &#8211; 430W<\/strong><\/p>\n<p style=\"text-align: center;\">CS6R435T AB <strong>&#8211; 435W<\/strong><\/p>\n<p style=\"text-align: center;\">CS6R440T AB <strong>&#8211; 440W<\/strong><\/p>\n<p>[\/vc_column_text][vc_btn title=&#8221;FICHA T\u00c9CNICA CS6R-XXXT-AB&#8221; style=&#8221;custom&#8221; custom_background=&#8221;#558f98&#8243; custom_text=&#8221;#ffffff&#8221; size=&#8221;sm&#8221; align=&#8221;center&#8221; i_align=&#8221;right&#8221; i_icon_fontawesome=&#8221;fas fa-download&#8221; add_icon=&#8221;true&#8221; link=&#8221;url:https%3A%2F%2Fwww.vicoexport.com%2Fwp-content%2Fuploads%2F2024%2F07%2FCS-Datasheet-TOPHiKu6_CS6R-T-All-Black_v1.2W25_F55_EN_420-440W_Vico_Export_Solar_Energy.pdf|target:_blank|&#8221;][\/vc_column][vc_column width=&#8221;1\/3&#8243;][\/vc_column][vc_column width=&#8221;1\/3&#8243;][\/vc_column][\/vc_row][vc_row css=&#8221;.vc_custom_1678281791473{padding-top: 50px !important;}&#8221;][vc_column][vc_cta h2=&#8221;&#8221; h4=&#8221;12\/25 a\u00f1os garant\u00eda de producto y 30 a\u00f1os de garant\u00eda rendimiento&#8221; txt_align=&#8221;center&#8221; style=&#8221;3d&#8221; color=&#8221;grey&#8221;][\/vc_cta][\/vc_column][\/vc_row]<\/p>\n<\/div>","protected":false},"excerpt":{"rendered":"<p>[vc_row][vc_column][vc_single_image image=&#8221;43308&#8243; img_size=&#8221;medium&#8221; alignment=&#8221;center&#8221;][vc_column_text css=&#8221;.vc_custom_1678701053873{margin-top: 0px !important;padding-top: 0px !important;}&#8221;] Canadian Solar TOPHiKu6 M\u00f3dulo monofacial N-Type TOPCon [\/vc_column_text][vc_column_text] Canadian Solar TOPHiKu6 es otra l\u00ednea de paneles solares de alta eficiencia fabricados por Canadian Solar, uno de los principales fabricantes de paneles solares a nivel mundial. Estos paneles utilizan c\u00e9lulas solares de silicio monocristalino y cuentan con [&hellip;]<\/p>\n","protected":false},"author":1,"featured_media":44242,"parent":42902,"menu_order":0,"comment_status":"closed","ping_status":"closed","template":"","meta":{"_joinchat":[],"footnotes":""},"class_list":["post-43311","page","type-page","status-publish","has-post-thumbnail","hentry"],"yoast_head":"<!-- This site is optimized with the Yoast SEO plugin v27.3 - https:\/\/yoast.com\/product\/yoast-seo-wordpress\/ -->\n<title>Canadian Solar TOPHiKu6 | Vico Export Solar Energy<\/title>\n<meta name=\"description\" content=\"Canadian Solar TOPHiKu6 CS6.1-54TD (440W~460W), CS6.1-72TD (590W~615W), CS6W-T (560W~580W), CS6R-T (420W~435W), CS6R-T AB (420W~435W).\" \/>\n<meta name=\"robots\" content=\"index, follow, max-snippet:-1, max-image-preview:large, max-video-preview:-1\" \/>\n<link rel=\"canonical\" href=\"https:\/\/www.vicoexport.com\/home-es\/paneles-solares\/canadian-solar\/canadian-solar-tophiku6\/\" \/>\n<meta property=\"og:locale\" content=\"de_DE\" \/>\n<meta property=\"og:type\" content=\"article\" \/>\n<meta property=\"og:title\" content=\"Canadian Solar TOPHiKu6 | Vico Export Solar Energy\" \/>\n<meta property=\"og:description\" content=\"Canadian Solar TOPHiKu6 CS6.1-54TD (440W~460W), CS6.1-72TD (590W~615W), CS6W-T (560W~580W), CS6R-T (420W~435W), CS6R-T AB (420W~435W).\" \/>\n<meta property=\"og:url\" content=\"https:\/\/www.vicoexport.com\/home-es\/paneles-solares\/canadian-solar\/canadian-solar-tophiku6\/\" \/>\n<meta property=\"og:site_name\" content=\"Vico Export Solar Energy\" \/>\n<meta property=\"article:publisher\" content=\"https:\/\/www.facebook.com\/vicoexport.vicoexportsolar\" \/>\n<meta property=\"article:modified_time\" content=\"2024-10-07T15:14:34+00:00\" \/>\n<meta property=\"og:image\" content=\"https:\/\/www.vicoexport.com\/wp-content\/uploads\/2023\/11\/Canadian-Solar-1.jpg\" \/>\n\t<meta property=\"og:image:width\" content=\"200\" \/>\n\t<meta property=\"og:image:height\" content=\"200\" \/>\n\t<meta property=\"og:image:type\" content=\"image\/jpeg\" \/>\n<meta name=\"twitter:card\" content=\"summary_large_image\" \/>\n<meta name=\"twitter:site\" content=\"@VicoExportSolar\" \/>\n<script type=\"application\/ld+json\" class=\"yoast-schema-graph\">{\"@context\":\"https:\\\/\\\/schema.org\",\"@graph\":[{\"@type\":\"WebPage\",\"@id\":\"https:\\\/\\\/www.vicoexport.com\\\/home-es\\\/paneles-solares\\\/canadian-solar\\\/canadian-solar-tophiku6\\\/\",\"url\":\"https:\\\/\\\/www.vicoexport.com\\\/home-es\\\/paneles-solares\\\/canadian-solar\\\/canadian-solar-tophiku6\\\/\",\"name\":\"Canadian Solar TOPHiKu6 | Vico Export Solar Energy\",\"isPartOf\":{\"@id\":\"https:\\\/\\\/www.vicoexport.com\\\/#website\"},\"primaryImageOfPage\":{\"@id\":\"https:\\\/\\\/www.vicoexport.com\\\/home-es\\\/paneles-solares\\\/canadian-solar\\\/canadian-solar-tophiku6\\\/#primaryimage\"},\"image\":{\"@id\":\"https:\\\/\\\/www.vicoexport.com\\\/home-es\\\/paneles-solares\\\/canadian-solar\\\/canadian-solar-tophiku6\\\/#primaryimage\"},\"thumbnailUrl\":\"https:\\\/\\\/www.vicoexport.com\\\/wp-content\\\/uploads\\\/2023\\\/11\\\/Canadian-Solar-1.jpg\",\"datePublished\":\"2023-03-13T09:49:12+00:00\",\"dateModified\":\"2024-10-07T15:14:34+00:00\",\"description\":\"Canadian Solar TOPHiKu6 CS6.1-54TD (440W~460W), CS6.1-72TD (590W~615W), CS6W-T (560W~580W), CS6R-T (420W~435W), CS6R-T AB (420W~435W).\",\"breadcrumb\":{\"@id\":\"https:\\\/\\\/www.vicoexport.com\\\/home-es\\\/paneles-solares\\\/canadian-solar\\\/canadian-solar-tophiku6\\\/#breadcrumb\"},\"inLanguage\":\"de\",\"potentialAction\":[{\"@type\":\"ReadAction\",\"target\":[\"https:\\\/\\\/www.vicoexport.com\\\/home-es\\\/paneles-solares\\\/canadian-solar\\\/canadian-solar-tophiku6\\\/\"]}]},{\"@type\":\"ImageObject\",\"inLanguage\":\"de\",\"@id\":\"https:\\\/\\\/www.vicoexport.com\\\/home-es\\\/paneles-solares\\\/canadian-solar\\\/canadian-solar-tophiku6\\\/#primaryimage\",\"url\":\"https:\\\/\\\/www.vicoexport.com\\\/wp-content\\\/uploads\\\/2023\\\/11\\\/Canadian-Solar-1.jpg\",\"contentUrl\":\"https:\\\/\\\/www.vicoexport.com\\\/wp-content\\\/uploads\\\/2023\\\/11\\\/Canadian-Solar-1.jpg\",\"width\":200,\"height\":200,\"caption\":\"Canadian Solar TOPHiKu6\"},{\"@type\":\"BreadcrumbList\",\"@id\":\"https:\\\/\\\/www.vicoexport.com\\\/home-es\\\/paneles-solares\\\/canadian-solar\\\/canadian-solar-tophiku6\\\/#breadcrumb\",\"itemListElement\":[{\"@type\":\"ListItem\",\"position\":1,\"name\":\"Portada\",\"item\":\"https:\\\/\\\/www.vicoexport.com\\\/de\\\/\"},{\"@type\":\"ListItem\",\"position\":2,\"name\":\"Inicio\",\"item\":\"https:\\\/\\\/www.vicoexport.com\\\/de\\\/\"},{\"@type\":\"ListItem\",\"position\":3,\"name\":\"Solarmodule\",\"item\":\"https:\\\/\\\/www.vicoexport.com\\\/de\\\/home-es\\\/solarmodule\\\/\"},{\"@type\":\"ListItem\",\"position\":4,\"name\":\"Canadian Solar\",\"item\":\"https:\\\/\\\/www.vicoexport.com\\\/home-es\\\/paneles-solares\\\/canadian-solar\\\/\"},{\"@type\":\"ListItem\",\"position\":5,\"name\":\"Canadian Solar TOPHiKu6\"}]},{\"@type\":\"WebSite\",\"@id\":\"https:\\\/\\\/www.vicoexport.com\\\/#website\",\"url\":\"https:\\\/\\\/www.vicoexport.com\\\/\",\"name\":\"Vico Export Solar Energy\",\"description\":\"Vico Export Solar Energy Distribuidor Mayorista de Paneles Solares Fotovoltaicos\",\"publisher\":{\"@id\":\"https:\\\/\\\/www.vicoexport.com\\\/#organization\"},\"potentialAction\":[{\"@type\":\"SearchAction\",\"target\":{\"@type\":\"EntryPoint\",\"urlTemplate\":\"https:\\\/\\\/www.vicoexport.com\\\/?s={search_term_string}\"},\"query-input\":{\"@type\":\"PropertyValueSpecification\",\"valueRequired\":true,\"valueName\":\"search_term_string\"}}],\"inLanguage\":\"de\"},{\"@type\":\"Organization\",\"@id\":\"https:\\\/\\\/www.vicoexport.com\\\/#organization\",\"name\":\"Vico Export Solar Energy\",\"url\":\"https:\\\/\\\/www.vicoexport.com\\\/\",\"logo\":{\"@type\":\"ImageObject\",\"inLanguage\":\"de\",\"@id\":\"https:\\\/\\\/www.vicoexport.com\\\/#\\\/schema\\\/logo\\\/image\\\/\",\"url\":\"https:\\\/\\\/www.vicoexport.com\\\/wp-content\\\/uploads\\\/2018\\\/02\\\/Vico-Export-Solar-energy.jpg\",\"contentUrl\":\"https:\\\/\\\/www.vicoexport.com\\\/wp-content\\\/uploads\\\/2018\\\/02\\\/Vico-Export-Solar-energy.jpg\",\"width\":1006,\"height\":1024,\"caption\":\"Vico Export Solar Energy\"},\"image\":{\"@id\":\"https:\\\/\\\/www.vicoexport.com\\\/#\\\/schema\\\/logo\\\/image\\\/\"},\"sameAs\":[\"https:\\\/\\\/www.facebook.com\\\/vicoexport.vicoexportsolar\",\"https:\\\/\\\/x.com\\\/VicoExportSolar\",\"https:\\\/\\\/www.instagram.com\\\/vico_export_solar_energy\",\"https:\\\/\\\/www.linkedin.com\\\/in\\\/vicoexport\",\"https:\\\/\\\/www.youtube.com\\\/user\\\/vicoexport\\\/\"]}]}<\/script>\n<!-- \/ Yoast SEO plugin. -->","yoast_head_json":{"title":"Canadian Solar TOPHiKu6 | Vico Export Solar Energy","description":"Canadian Solar TOPHiKu6 CS6.1-54TD (440W~460W), CS6.1-72TD (590W~615W), CS6W-T (560W~580W), CS6R-T (420W~435W), CS6R-T AB (420W~435W).","robots":{"index":"index","follow":"follow","max-snippet":"max-snippet:-1","max-image-preview":"max-image-preview:large","max-video-preview":"max-video-preview:-1"},"canonical":"https:\/\/www.vicoexport.com\/home-es\/paneles-solares\/canadian-solar\/canadian-solar-tophiku6\/","og_locale":"de_DE","og_type":"article","og_title":"Canadian Solar TOPHiKu6 | Vico Export Solar Energy","og_description":"Canadian Solar TOPHiKu6 CS6.1-54TD (440W~460W), CS6.1-72TD (590W~615W), CS6W-T (560W~580W), CS6R-T (420W~435W), CS6R-T AB (420W~435W).","og_url":"https:\/\/www.vicoexport.com\/home-es\/paneles-solares\/canadian-solar\/canadian-solar-tophiku6\/","og_site_name":"Vico Export Solar Energy","article_publisher":"https:\/\/www.facebook.com\/vicoexport.vicoexportsolar","article_modified_time":"2024-10-07T15:14:34+00:00","og_image":[{"width":200,"height":200,"url":"https:\/\/www.vicoexport.com\/wp-content\/uploads\/2023\/11\/Canadian-Solar-1.jpg","type":"image\/jpeg"}],"twitter_card":"summary_large_image","twitter_site":"@VicoExportSolar","schema":{"@context":"https:\/\/schema.org","@graph":[{"@type":"WebPage","@id":"https:\/\/www.vicoexport.com\/home-es\/paneles-solares\/canadian-solar\/canadian-solar-tophiku6\/","url":"https:\/\/www.vicoexport.com\/home-es\/paneles-solares\/canadian-solar\/canadian-solar-tophiku6\/","name":"Canadian Solar TOPHiKu6 | Vico Export Solar Energy","isPartOf":{"@id":"https:\/\/www.vicoexport.com\/#website"},"primaryImageOfPage":{"@id":"https:\/\/www.vicoexport.com\/home-es\/paneles-solares\/canadian-solar\/canadian-solar-tophiku6\/#primaryimage"},"image":{"@id":"https:\/\/www.vicoexport.com\/home-es\/paneles-solares\/canadian-solar\/canadian-solar-tophiku6\/#primaryimage"},"thumbnailUrl":"https:\/\/www.vicoexport.com\/wp-content\/uploads\/2023\/11\/Canadian-Solar-1.jpg","datePublished":"2023-03-13T09:49:12+00:00","dateModified":"2024-10-07T15:14:34+00:00","description":"Canadian Solar TOPHiKu6 CS6.1-54TD (440W~460W), CS6.1-72TD (590W~615W), CS6W-T (560W~580W), CS6R-T (420W~435W), CS6R-T AB (420W~435W).","breadcrumb":{"@id":"https:\/\/www.vicoexport.com\/home-es\/paneles-solares\/canadian-solar\/canadian-solar-tophiku6\/#breadcrumb"},"inLanguage":"de","potentialAction":[{"@type":"ReadAction","target":["https:\/\/www.vicoexport.com\/home-es\/paneles-solares\/canadian-solar\/canadian-solar-tophiku6\/"]}]},{"@type":"ImageObject","inLanguage":"de","@id":"https:\/\/www.vicoexport.com\/home-es\/paneles-solares\/canadian-solar\/canadian-solar-tophiku6\/#primaryimage","url":"https:\/\/www.vicoexport.com\/wp-content\/uploads\/2023\/11\/Canadian-Solar-1.jpg","contentUrl":"https:\/\/www.vicoexport.com\/wp-content\/uploads\/2023\/11\/Canadian-Solar-1.jpg","width":200,"height":200,"caption":"Canadian Solar TOPHiKu6"},{"@type":"BreadcrumbList","@id":"https:\/\/www.vicoexport.com\/home-es\/paneles-solares\/canadian-solar\/canadian-solar-tophiku6\/#breadcrumb","itemListElement":[{"@type":"ListItem","position":1,"name":"Portada","item":"https:\/\/www.vicoexport.com\/de\/"},{"@type":"ListItem","position":2,"name":"Inicio","item":"https:\/\/www.vicoexport.com\/de\/"},{"@type":"ListItem","position":3,"name":"Solarmodule","item":"https:\/\/www.vicoexport.com\/de\/home-es\/solarmodule\/"},{"@type":"ListItem","position":4,"name":"Canadian Solar","item":"https:\/\/www.vicoexport.com\/home-es\/paneles-solares\/canadian-solar\/"},{"@type":"ListItem","position":5,"name":"Canadian Solar TOPHiKu6"}]},{"@type":"WebSite","@id":"https:\/\/www.vicoexport.com\/#website","url":"https:\/\/www.vicoexport.com\/","name":"Vico Export Solar Energy","description":"Vico Export Solar Energy Distribuidor Mayorista de Paneles Solares Fotovoltaicos","publisher":{"@id":"https:\/\/www.vicoexport.com\/#organization"},"potentialAction":[{"@type":"SearchAction","target":{"@type":"EntryPoint","urlTemplate":"https:\/\/www.vicoexport.com\/?s={search_term_string}"},"query-input":{"@type":"PropertyValueSpecification","valueRequired":true,"valueName":"search_term_string"}}],"inLanguage":"de"},{"@type":"Organization","@id":"https:\/\/www.vicoexport.com\/#organization","name":"Vico Export Solar Energy","url":"https:\/\/www.vicoexport.com\/","logo":{"@type":"ImageObject","inLanguage":"de","@id":"https:\/\/www.vicoexport.com\/#\/schema\/logo\/image\/","url":"https:\/\/www.vicoexport.com\/wp-content\/uploads\/2018\/02\/Vico-Export-Solar-energy.jpg","contentUrl":"https:\/\/www.vicoexport.com\/wp-content\/uploads\/2018\/02\/Vico-Export-Solar-energy.jpg","width":1006,"height":1024,"caption":"Vico Export Solar Energy"},"image":{"@id":"https:\/\/www.vicoexport.com\/#\/schema\/logo\/image\/"},"sameAs":["https:\/\/www.facebook.com\/vicoexport.vicoexportsolar","https:\/\/x.com\/VicoExportSolar","https:\/\/www.instagram.com\/vico_export_solar_energy","https:\/\/www.linkedin.com\/in\/vicoexport","https:\/\/www.youtube.com\/user\/vicoexport\/"]}]}},"_links":{"self":[{"href":"https:\/\/www.vicoexport.com\/de\/wp-json\/wp\/v2\/pages\/43311","targetHints":{"allow":["GET"]}}],"collection":[{"href":"https:\/\/www.vicoexport.com\/de\/wp-json\/wp\/v2\/pages"}],"about":[{"href":"https:\/\/www.vicoexport.com\/de\/wp-json\/wp\/v2\/types\/page"}],"author":[{"embeddable":true,"href":"https:\/\/www.vicoexport.com\/de\/wp-json\/wp\/v2\/users\/1"}],"replies":[{"embeddable":true,"href":"https:\/\/www.vicoexport.com\/de\/wp-json\/wp\/v2\/comments?post=43311"}],"version-history":[{"count":0,"href":"https:\/\/www.vicoexport.com\/de\/wp-json\/wp\/v2\/pages\/43311\/revisions"}],"up":[{"embeddable":true,"href":"https:\/\/www.vicoexport.com\/de\/wp-json\/wp\/v2\/pages\/42902"}],"wp:featuredmedia":[{"embeddable":true,"href":"https:\/\/www.vicoexport.com\/de\/wp-json\/wp\/v2\/media\/44242"}],"wp:attachment":[{"href":"https:\/\/www.vicoexport.com\/de\/wp-json\/wp\/v2\/media?parent=43311"}],"curies":[{"name":"wp","href":"https:\/\/api.w.org\/{rel}","templated":true}]}}