{"id":43334,"date":"2019-12-19T12:34:51","date_gmt":"2019-12-19T12:34:51","guid":{"rendered":"https:\/\/www.vicoexport.com\/jinko-solar-tiger-neo-monofacial\/"},"modified":"2024-07-11T10:33:46","modified_gmt":"2024-07-11T08:33:46","slug":"jinko-solar-tiger-neo-monofacial","status":"publish","type":"page","link":"https:\/\/www.vicoexport.com\/de\/jinko-solar-tiger-neo-monofacial\/","title":{"rendered":"Jinko Solar Tiger Neo Monofacial"},"content":{"rendered":"<div class=\"wpb-content-wrapper\"><p>[vc_row][vc_column][vc_column_text]<\/p>\n<h3 style=\"text-align: center;\"><img loading=\"lazy\" decoding=\"async\" class=\"aligncenter\" title=\"jinko solar\" src=\"https:\/\/www.vicoexport.com\/wp-content\/uploads\/2018\/02\/jinko-solar-vico-export-solar-energy-300x186.png\" sizes=\"auto, (max-width: 300px) 100vw, 300px\" srcset=\"https:\/\/www.vicoexport.com\/wp-content\/uploads\/2018\/02\/jinko-solar-vico-export-solar-energy-300x186.png 300w, https:\/\/www.vicoexport.com\/wp-content\/uploads\/2018\/02\/jinko-solar-vico-export-solar-energy-e1519419192663.png 100w\" alt=\"jinko solar\" width=\"248\" height=\"154\" \/><b><\/b><\/h3>\n<h3 style=\"text-align: center;\"><span style=\"color: #559198;\"><b>\u00a0JINKO SOLAR SOLARMODULE<\/b><\/span><\/h3>\n<h3 style=\"text-align: center;\"><span style=\"color: #559198;\"><b>Tiger Neo TOPCon Monofacial \/ Half Cell\u200b<\/b><\/span><\/h3>\n<p>[\/vc_column_text][vc_column_text]<strong><a href=\"https:\/\/www.jinkosolar.com\/en\/\">Jinko Solar <\/a>Tiger Neo TOPCon Monofacial<\/strong> Solarmodule bieten nicht nur eine au\u00dfergew\u00f6hnliche Energieeffizienz, sondern sind auch ein Beweis f\u00fcr das Engagement f\u00fcr Innovation und Nachhaltigkeit.<\/p>\n<p>Das Herzst\u00fcck dieser Module ist die <strong>TOPCon-Technologie,<\/strong> die eine extrem hohe Stromerzeugungskapazit\u00e4t bietet und sicherstellt, dass jeder Sonnenstrahl in nutzbare Energie umgewandelt wird. Verbesserte Zuverl\u00e4ssigkeit und geringe Degradation sind die Hauptmerkmale, die sicherstellen, dass die Paneele ihre Leistung im Laufe der Zeit beibehalten, mit einer Degradation von \u2264 1% im ersten Jahr und einer linearen Degradation von -0,4%.<\/p>\n<p>Der optimierte Temperaturkoeffizient von -0,29 %\/\u2103 bedeutet, dass die Module auch bei hohen Temperaturen effizient arbeiten. Dies ist von entscheidender Bedeutung f\u00fcr Gebiete mit hei\u00dfem Klima, in denen die Effizienz der Module durch Hitze beeintr\u00e4chtigt werden kann.<\/p>\n<p>Wenn Sie sich f\u00fcr Jinko Solar Tiger Neo TOPCon Monofacial Solarmodule entscheiden, investieren Sie nicht nur in modernste Technologie, sondern unterst\u00fctzen auch eine gr\u00fcnere Zukunft. <strong>Mit einer 30-j\u00e4hrigen<\/strong> <strong>Leistungsgarantie<\/strong> k\u00f6nnen Sie darauf vertrauen, dass Ihre Investition sicher ist und \u00fcber Jahrzehnte hinweg einen positiven Beitrag zum Umweltschutz leistet.[\/vc_column_text][vc_empty_space height=&#8221;62px&#8221;][\/vc_column][\/vc_row][vc_row][vc_column width=&#8221;1\/3&#8243;][vc_column_text]<\/p>\n<h4 style=\"text-align: center;\"><strong><span style=\"color: #559198;\">\u00a054HL4R-(V)<br \/>\nLeistung: 430W &#8211; 450W<\/span><\/strong><\/h4>\n<p style=\"text-align: center;\">Jinko Solar JKM430N-54HL4-V &#8211; <strong>430w<\/strong><\/p>\n<p style=\"text-align: center;\">Jinko Solar JKM435N-54HL4-V &#8211; <strong>435w<\/strong><\/p>\n<p style=\"text-align: center;\">Jinko Solar JKM440N-54HL4-V &#8211; <strong>440w<\/strong><\/p>\n<p style=\"text-align: center;\">Jinko Solar JKM445N-54HL4-V &#8211; <strong>445w<\/strong><\/p>\n<p style=\"text-align: center;\">Jinko Solar JKM450N-54HL4-V &#8211; <strong>450w<\/strong><\/p>\n<p>[\/vc_column_text][vc_btn title=&#8221;DATENBLATT JKMxxxN-54HL4R-(V)&#8221; style=&#8221;custom&#8221; custom_background=&#8221;#558f98&#8243; custom_text=&#8221;#ffffff&#8221; size=&#8221;sm&#8221; align=&#8221;center&#8221; i_align=&#8221;right&#8221; i_icon_fontawesome=&#8221;fas fa-download&#8221; add_icon=&#8221;true&#8221; link=&#8221;url:https%3A%2F%2Fwww.vicoexport.com%2Fwp-content%2Fuploads%2F2024%2F07%2FEU-JKM430-450N-54HL4R-V-F5-EN_Vico_Export_Solar_Energy.pdf|target:_blank&#8221;][\/vc_column][vc_column width=&#8221;1\/3&#8243;][vc_column_text]<\/p>\n<h4 style=\"text-align: center;\"><strong><span style=\"color: #559198;\">\u00a054HL4R-B All Black<br \/>\nLeistung: 425W &#8211; 445W<\/span><\/strong><\/h4>\n<p style=\"text-align: center;\">Jinko Solar JKM425N-54HL4R-B &#8211; <strong>425W<\/strong><\/p>\n<p style=\"text-align: center;\">Jinko Solar JKM430N-54HL4R-B &#8211; <strong>430W<\/strong><\/p>\n<p style=\"text-align: center;\">Jinko Solar JKM435N-54HL4R-B &#8211; <strong>435W<\/strong><\/p>\n<p style=\"text-align: center;\">Jinko Solar JKM440N-54HL4R-B &#8211; <strong>440W<\/strong><\/p>\n<p style=\"text-align: center;\">Jinko Solar JKM445N-54HL4R-B &#8211; <strong>445W<\/strong><\/p>\n<p>[\/vc_column_text][vc_btn title=&#8221;DATENBLATT JKMxxxN-54H4L4-B&#8221; style=&#8221;custom&#8221; custom_background=&#8221;#558f98&#8243; custom_text=&#8221;#ffffff&#8221; size=&#8221;sm&#8221; align=&#8221;center&#8221; i_align=&#8221;right&#8221; i_icon_fontawesome=&#8221;fas fa-download&#8221; add_icon=&#8221;true&#8221; link=&#8221;url:https%3A%2F%2Fwww.vicoexport.com%2Fwp-content%2Fuploads%2F2024%2F04%2FEU-JKM425-445N-54HL4R-B-F5-EN_Vico_Export_Solar_Energy.pdf|target:_blank&#8221;][\/vc_column][vc_column width=&#8221;1\/3&#8243;][vc_column_text]<\/p>\n<h4 style=\"text-align: center;\"><span style=\"color: #559198;\"><strong>\u00a060HL4-(V)<br \/>\nLeistung: 470W &#8211; 490W<\/strong><\/span><\/h4>\n<p style=\"text-align: center;\">Jinko Solar JKM470N-60HL4-V\u00a0 &#8211; <strong>470W<\/strong><\/p>\n<p style=\"text-align: center;\">Jinko Solar JKM475N-60HL4-V\u00a0 &#8211; <strong>475W<\/strong><\/p>\n<p style=\"text-align: center;\">Jinko Solar JKM480N-60HL4-V\u00a0 &#8211; <strong>480W<\/strong><\/p>\n<p style=\"text-align: center;\">Jinko Solar JKM485N-60HL4-V\u00a0 &#8211;<strong> 485W<\/strong><\/p>\n<p style=\"text-align: center;\">Jinko Solar JKM490N-60HL4-V\u00a0 &#8211; <strong>490W<\/strong><\/p>\n<p>[\/vc_column_text][vc_btn title=&#8221;DATENBLATT JKMxxxN-60HL4-(V)&#8221; style=&#8221;custom&#8221; custom_background=&#8221;#558f98&#8243; custom_text=&#8221;#ffffff&#8221; size=&#8221;sm&#8221; align=&#8221;center&#8221; i_align=&#8221;right&#8221; i_icon_fontawesome=&#8221;fas fa-download&#8221; add_icon=&#8221;true&#8221; link=&#8221;url:https%3A%2F%2Fwww.vicoexport.com%2Fwp-content%2Fuploads%2F2024%2F04%2FEU-JKM470-490N-60HL4-V-F6-EN_Vico_Export_Solar_Energy.pdf|target:_blank&#8221;][\/vc_column][\/vc_row][vc_row][vc_column][vc_separator][\/vc_column][\/vc_row][vc_row][vc_column width=&#8221;1\/3&#8243;][vc_column_text]<\/p>\n<h4 style=\"text-align: center;\"><strong><span style=\"color: #559198;\">66HL4M-(V)<br \/>\nLeistung: 605W &#8211; 630W<\/span><\/strong><\/h4>\n<p style=\"text-align: center;\">Jinko Solar JKM605N-66HL4M-V <strong>&#8211; 605w<\/strong><\/p>\n<p style=\"text-align: center;\">Jinko Solar JKM610N-66HL4M-V <strong>&#8211; 610w<\/strong><\/p>\n<p style=\"text-align: center;\">Jinko Solar JKM615N-66HL4M-V <strong>&#8211; 615w<\/strong><\/p>\n<p style=\"text-align: center;\">Jinko Solar JKM620N-66HL4M-V <strong>&#8211; 620w<\/strong><\/p>\n<p style=\"text-align: center;\">Jinko Solar JKM625N-66HL4M-V <strong>&#8211; 625w<\/strong><\/p>\n<p style=\"text-align: center;\">Jinko Solar JKM630N-66HL4M-V <strong>&#8211; 630w<\/strong><\/p>\n<p>[\/vc_column_text][vc_btn title=&#8221;DATENBLATT JKMxxxN-66HL4M-(V)&#8221; style=&#8221;custom&#8221; custom_background=&#8221;#558f98&#8243; custom_text=&#8221;#ffffff&#8221; size=&#8221;sm&#8221; align=&#8221;center&#8221; i_align=&#8221;right&#8221; i_icon_fontawesome=&#8221;fas fa-download&#8221; add_icon=&#8221;true&#8221; link=&#8221;url:https%3A%2F%2Fwww.vicoexport.com%2Fwp-content%2Fuploads%2F2024%2F04%2FEU-JKM605-630N-66HL4M-V-F1-EN_Vico_Export_Solar_Energy.pdf|target:_blank&#8221;][\/vc_column][vc_column width=&#8221;1\/3&#8243;][vc_column_text]<\/p>\n<h4 style=\"text-align: center;\"><strong><span style=\"color: #559198;\">\u00a072HL4-(V)<br \/>\nLeistung: 570W &#8211; 590W<\/span><\/strong><\/h4>\n<p style=\"text-align: center;\">Jinko Solar JKM570N-72HL4-V <strong>&#8211; 570w<\/strong><\/p>\n<p style=\"text-align: center;\">Jinko Solar JKM575N-72HL4-V <strong>&#8211; 575w<\/strong><\/p>\n<p style=\"text-align: center;\">Jinko Solar JKM580N-72HL4-V <strong>&#8211; 580w<\/strong><\/p>\n<p style=\"text-align: center;\">Jinko Solar JKM585N-72HL4-V <strong>&#8211; 585w<\/strong><\/p>\n<p style=\"text-align: center;\">Jinko Solar JKM590N-72HL4-V <strong>&#8211; 590w<\/strong><\/p>\n<p>[\/vc_column_text][vc_btn title=&#8221;DATENBLATT JKMxxxN-72HL4-(V)&#8221; style=&#8221;custom&#8221; custom_background=&#8221;#558f98&#8243; custom_text=&#8221;#ffffff&#8221; size=&#8221;sm&#8221; align=&#8221;center&#8221; i_align=&#8221;right&#8221; i_icon_fontawesome=&#8221;fas fa-download&#8221; add_icon=&#8221;true&#8221; link=&#8221;url:https%3A%2F%2Fwww.vicoexport.com%2Fwp-content%2Fuploads%2F2024%2F04%2FEU-JKM570-590N-72HL4-V-F7-EN_Vico_Export_Solar_Energy.pdf|target:_blank&#8221;][\/vc_column][vc_column width=&#8221;1\/3&#8243;][vc_column_text]<\/p>\n<h4 style=\"text-align: center;\"><strong><span style=\"color: #559198;\">\u00a078HL4-(V)<br \/>\nLeistung: 615W &#8211; 635W<\/span><\/strong><\/h4>\n<p style=\"text-align: center;\">Jinko Solar JKM615N-78HL4-V<strong> &#8211; 615W<\/strong><\/p>\n<p style=\"text-align: center;\">Jinko Solar JKM620N-78HL4-V &#8211; <strong>620W<\/strong><\/p>\n<p style=\"text-align: center;\">Jinko Solar JKM625N-78HL4-V &#8211;<strong> 625W<\/strong><\/p>\n<p style=\"text-align: center;\">Jinko Solar JKM630N-78HL4-V &#8211; <strong>630W<\/strong><\/p>\n<p style=\"text-align: center;\">Jinko Solar JKM635N-78HL4-V &#8211; <strong>635W<\/strong><\/p>\n<p>[\/vc_column_text][vc_btn title=&#8221;DATENBLATT JKMxxxN-78HL4-(V)&#8221; style=&#8221;custom&#8221; custom_background=&#8221;#558f98&#8243; custom_text=&#8221;#ffffff&#8221; size=&#8221;sm&#8221; align=&#8221;center&#8221; i_align=&#8221;right&#8221; i_icon_fontawesome=&#8221;fas fa-download&#8221; add_icon=&#8221;true&#8221; link=&#8221;url:https%3A%2F%2Fwww.vicoexport.com%2Fwp-content%2Fuploads%2F2024%2F04%2FEU-JKM615-635N-78HL4-V-F6-EN_Vico_Export_Solar_Energy.pdf|target:_blank&#8221;][\/vc_column][\/vc_row][vc_row][vc_column][vc_separator][\/vc_column][\/vc_row][vc_row][vc_column][vc_single_image image=&#8221;48816&#8243; img_size=&#8221;full&#8221;][\/vc_column][\/vc_row][vc_row][vc_column][\/vc_column][\/vc_row]<\/p>\n<\/div>","protected":false},"excerpt":{"rendered":"<p>[vc_row][vc_column][vc_column_text] \u00a0JINKO SOLAR SOLARMODULE Tiger Neo TOPCon Monofacial \/ Half Cell\u200b [\/vc_column_text][vc_column_text]Jinko Solar Tiger Neo TOPCon Monofacial Solarmodule bieten nicht nur eine au\u00dfergew\u00f6hnliche Energieeffizienz, sondern sind auch ein Beweis f\u00fcr das Engagement f\u00fcr Innovation und Nachhaltigkeit. Das Herzst\u00fcck dieser Module ist die TOPCon-Technologie, die eine extrem hohe Stromerzeugungskapazit\u00e4t bietet und sicherstellt, dass jeder Sonnenstrahl in [&hellip;]<\/p>\n","protected":false},"author":1,"featured_media":44079,"parent":0,"menu_order":0,"comment_status":"closed","ping_status":"closed","template":"","meta":{"_joinchat":[],"footnotes":""},"class_list":["post-43334","page","type-page","status-publish","has-post-thumbnail","hentry"],"yoast_head":"<!-- This site is optimized with the Yoast SEO plugin v27.2 - https:\/\/yoast.com\/product\/yoast-seo-wordpress\/ -->\n<title>Jinko Solar Tiger Neo | Vico Export Solar EnergY<\/title>\n<meta name=\"description\" content=\"Solarmodule Jinko Solar Tiger Neo N-Typ 54HL4R-(V), 54HL4-B, 60HL4-(V), 72HL4-(V), 72HL4-(V), 78HL4-(V). Offizielle Vertriebspartner.\" \/>\n<meta name=\"robots\" content=\"index, follow, max-snippet:-1, max-image-preview:large, max-video-preview:-1\" \/>\n<link rel=\"canonical\" href=\"https:\/\/www.vicoexport.com\/home-es\/paneles-solares\/jinko-solar\/jinko-solar-categorias\/jinko-solar-tiger-neo-monofacial\/\" \/>\n<meta property=\"og:locale\" content=\"de_DE\" \/>\n<meta property=\"og:type\" content=\"article\" \/>\n<meta property=\"og:title\" content=\"Jinko Solar Tiger Neo | Vico Export Solar EnergY\" \/>\n<meta property=\"og:description\" content=\"Solarmodule Jinko Solar Tiger Neo N-Typ 54HL4R-(V), 54HL4-B, 60HL4-(V), 72HL4-(V), 72HL4-(V), 78HL4-(V). Offizielle Vertriebspartner.\" \/>\n<meta property=\"og:url\" content=\"https:\/\/www.vicoexport.com\/home-es\/paneles-solares\/jinko-solar\/jinko-solar-categorias\/jinko-solar-tiger-neo-monofacial\/\" \/>\n<meta property=\"og:site_name\" content=\"Vico Export Solar Energy\" \/>\n<meta property=\"article:publisher\" content=\"https:\/\/www.facebook.com\/vicoexport.vicoexportsolar\" \/>\n<meta property=\"article:modified_time\" content=\"2024-07-11T08:33:46+00:00\" \/>\n<meta property=\"og:image\" content=\"https:\/\/www.vicoexport.com\/wp-content\/uploads\/2023\/11\/JINKO-SOLAR.jpg\" \/>\n\t<meta property=\"og:image:width\" content=\"200\" \/>\n\t<meta property=\"og:image:height\" content=\"200\" \/>\n\t<meta property=\"og:image:type\" content=\"image\/jpeg\" \/>\n<meta name=\"twitter:card\" content=\"summary_large_image\" \/>\n<meta name=\"twitter:site\" content=\"@VicoExportSolar\" \/>\n<script type=\"application\/ld+json\" class=\"yoast-schema-graph\">{\"@context\":\"https:\/\/schema.org\",\"@graph\":[{\"@type\":\"WebPage\",\"@id\":\"https:\/\/www.vicoexport.com\/home-es\/paneles-solares\/jinko-solar\/jinko-solar-categorias\/jinko-solar-tiger-neo-monofacial\/\",\"url\":\"https:\/\/www.vicoexport.com\/home-es\/paneles-solares\/jinko-solar\/jinko-solar-categorias\/jinko-solar-tiger-neo-monofacial\/\",\"name\":\"Jinko Solar Tiger Neo | Vico Export Solar EnergY\",\"isPartOf\":{\"@id\":\"https:\/\/www.vicoexport.com\/#website\"},\"primaryImageOfPage\":{\"@id\":\"https:\/\/www.vicoexport.com\/home-es\/paneles-solares\/jinko-solar\/jinko-solar-categorias\/jinko-solar-tiger-neo-monofacial\/#primaryimage\"},\"image\":{\"@id\":\"https:\/\/www.vicoexport.com\/home-es\/paneles-solares\/jinko-solar\/jinko-solar-categorias\/jinko-solar-tiger-neo-monofacial\/#primaryimage\"},\"thumbnailUrl\":\"https:\/\/www.vicoexport.com\/wp-content\/uploads\/2023\/11\/JINKO-SOLAR.jpg\",\"datePublished\":\"2019-12-19T12:34:51+00:00\",\"dateModified\":\"2024-07-11T08:33:46+00:00\",\"description\":\"Solarmodule Jinko Solar Tiger Neo N-Typ 54HL4R-(V), 54HL4-B, 60HL4-(V), 72HL4-(V), 72HL4-(V), 78HL4-(V). Offizielle Vertriebspartner.\",\"breadcrumb\":{\"@id\":\"https:\/\/www.vicoexport.com\/home-es\/paneles-solares\/jinko-solar\/jinko-solar-categorias\/jinko-solar-tiger-neo-monofacial\/#breadcrumb\"},\"inLanguage\":\"de\",\"potentialAction\":[{\"@type\":\"ReadAction\",\"target\":[\"https:\/\/www.vicoexport.com\/home-es\/paneles-solares\/jinko-solar\/jinko-solar-categorias\/jinko-solar-tiger-neo-monofacial\/\"]}]},{\"@type\":\"ImageObject\",\"inLanguage\":\"de\",\"@id\":\"https:\/\/www.vicoexport.com\/home-es\/paneles-solares\/jinko-solar\/jinko-solar-categorias\/jinko-solar-tiger-neo-monofacial\/#primaryimage\",\"url\":\"https:\/\/www.vicoexport.com\/wp-content\/uploads\/2023\/11\/JINKO-SOLAR.jpg\",\"contentUrl\":\"https:\/\/www.vicoexport.com\/wp-content\/uploads\/2023\/11\/JINKO-SOLAR.jpg\",\"width\":200,\"height\":200,\"caption\":\"Paneles solares Jinko Solar Tiger Neo\"},{\"@type\":\"BreadcrumbList\",\"@id\":\"https:\/\/www.vicoexport.com\/home-es\/paneles-solares\/jinko-solar\/jinko-solar-categorias\/jinko-solar-tiger-neo-monofacial\/#breadcrumb\",\"itemListElement\":[{\"@type\":\"ListItem\",\"position\":1,\"name\":\"Portada\",\"item\":\"https:\/\/www.vicoexport.com\/de\/\"},{\"@type\":\"ListItem\",\"position\":2,\"name\":\"Jinko Solar Tiger Neo Monofacial\"}]},{\"@type\":\"WebSite\",\"@id\":\"https:\/\/www.vicoexport.com\/#website\",\"url\":\"https:\/\/www.vicoexport.com\/\",\"name\":\"Vico Export Solar Energy\",\"description\":\"Vico Export Solar Energy Distribuidor Mayorista de Paneles Solares Fotovoltaicos\",\"publisher\":{\"@id\":\"https:\/\/www.vicoexport.com\/#organization\"},\"potentialAction\":[{\"@type\":\"SearchAction\",\"target\":{\"@type\":\"EntryPoint\",\"urlTemplate\":\"https:\/\/www.vicoexport.com\/?s={search_term_string}\"},\"query-input\":{\"@type\":\"PropertyValueSpecification\",\"valueRequired\":true,\"valueName\":\"search_term_string\"}}],\"inLanguage\":\"de\"},{\"@type\":\"Organization\",\"@id\":\"https:\/\/www.vicoexport.com\/#organization\",\"name\":\"Vico Export Solar Energy\",\"url\":\"https:\/\/www.vicoexport.com\/\",\"logo\":{\"@type\":\"ImageObject\",\"inLanguage\":\"de\",\"@id\":\"https:\/\/www.vicoexport.com\/#\/schema\/logo\/image\/\",\"url\":\"https:\/\/www.vicoexport.com\/wp-content\/uploads\/2018\/02\/Vico-Export-Solar-energy.jpg\",\"contentUrl\":\"https:\/\/www.vicoexport.com\/wp-content\/uploads\/2018\/02\/Vico-Export-Solar-energy.jpg\",\"width\":1006,\"height\":1024,\"caption\":\"Vico Export Solar Energy\"},\"image\":{\"@id\":\"https:\/\/www.vicoexport.com\/#\/schema\/logo\/image\/\"},\"sameAs\":[\"https:\/\/www.facebook.com\/vicoexport.vicoexportsolar\",\"https:\/\/x.com\/VicoExportSolar\",\"https:\/\/www.instagram.com\/vico_export_solar_energy\",\"https:\/\/www.linkedin.com\/in\/vicoexport\",\"https:\/\/www.youtube.com\/user\/vicoexport\/\"]}]}<\/script>\n<!-- \/ Yoast SEO plugin. -->","yoast_head_json":{"title":"Jinko Solar Tiger Neo | Vico Export Solar EnergY","description":"Solarmodule Jinko Solar Tiger Neo N-Typ 54HL4R-(V), 54HL4-B, 60HL4-(V), 72HL4-(V), 72HL4-(V), 78HL4-(V). Offizielle Vertriebspartner.","robots":{"index":"index","follow":"follow","max-snippet":"max-snippet:-1","max-image-preview":"max-image-preview:large","max-video-preview":"max-video-preview:-1"},"canonical":"https:\/\/www.vicoexport.com\/home-es\/paneles-solares\/jinko-solar\/jinko-solar-categorias\/jinko-solar-tiger-neo-monofacial\/","og_locale":"de_DE","og_type":"article","og_title":"Jinko Solar Tiger Neo | Vico Export Solar EnergY","og_description":"Solarmodule Jinko Solar Tiger Neo N-Typ 54HL4R-(V), 54HL4-B, 60HL4-(V), 72HL4-(V), 72HL4-(V), 78HL4-(V). Offizielle Vertriebspartner.","og_url":"https:\/\/www.vicoexport.com\/home-es\/paneles-solares\/jinko-solar\/jinko-solar-categorias\/jinko-solar-tiger-neo-monofacial\/","og_site_name":"Vico Export Solar Energy","article_publisher":"https:\/\/www.facebook.com\/vicoexport.vicoexportsolar","article_modified_time":"2024-07-11T08:33:46+00:00","og_image":[{"width":200,"height":200,"url":"https:\/\/www.vicoexport.com\/wp-content\/uploads\/2023\/11\/JINKO-SOLAR.jpg","type":"image\/jpeg"}],"twitter_card":"summary_large_image","twitter_site":"@VicoExportSolar","schema":{"@context":"https:\/\/schema.org","@graph":[{"@type":"WebPage","@id":"https:\/\/www.vicoexport.com\/home-es\/paneles-solares\/jinko-solar\/jinko-solar-categorias\/jinko-solar-tiger-neo-monofacial\/","url":"https:\/\/www.vicoexport.com\/home-es\/paneles-solares\/jinko-solar\/jinko-solar-categorias\/jinko-solar-tiger-neo-monofacial\/","name":"Jinko Solar Tiger Neo | Vico Export Solar EnergY","isPartOf":{"@id":"https:\/\/www.vicoexport.com\/#website"},"primaryImageOfPage":{"@id":"https:\/\/www.vicoexport.com\/home-es\/paneles-solares\/jinko-solar\/jinko-solar-categorias\/jinko-solar-tiger-neo-monofacial\/#primaryimage"},"image":{"@id":"https:\/\/www.vicoexport.com\/home-es\/paneles-solares\/jinko-solar\/jinko-solar-categorias\/jinko-solar-tiger-neo-monofacial\/#primaryimage"},"thumbnailUrl":"https:\/\/www.vicoexport.com\/wp-content\/uploads\/2023\/11\/JINKO-SOLAR.jpg","datePublished":"2019-12-19T12:34:51+00:00","dateModified":"2024-07-11T08:33:46+00:00","description":"Solarmodule Jinko Solar Tiger Neo N-Typ 54HL4R-(V), 54HL4-B, 60HL4-(V), 72HL4-(V), 72HL4-(V), 78HL4-(V). Offizielle Vertriebspartner.","breadcrumb":{"@id":"https:\/\/www.vicoexport.com\/home-es\/paneles-solares\/jinko-solar\/jinko-solar-categorias\/jinko-solar-tiger-neo-monofacial\/#breadcrumb"},"inLanguage":"de","potentialAction":[{"@type":"ReadAction","target":["https:\/\/www.vicoexport.com\/home-es\/paneles-solares\/jinko-solar\/jinko-solar-categorias\/jinko-solar-tiger-neo-monofacial\/"]}]},{"@type":"ImageObject","inLanguage":"de","@id":"https:\/\/www.vicoexport.com\/home-es\/paneles-solares\/jinko-solar\/jinko-solar-categorias\/jinko-solar-tiger-neo-monofacial\/#primaryimage","url":"https:\/\/www.vicoexport.com\/wp-content\/uploads\/2023\/11\/JINKO-SOLAR.jpg","contentUrl":"https:\/\/www.vicoexport.com\/wp-content\/uploads\/2023\/11\/JINKO-SOLAR.jpg","width":200,"height":200,"caption":"Paneles solares Jinko Solar Tiger Neo"},{"@type":"BreadcrumbList","@id":"https:\/\/www.vicoexport.com\/home-es\/paneles-solares\/jinko-solar\/jinko-solar-categorias\/jinko-solar-tiger-neo-monofacial\/#breadcrumb","itemListElement":[{"@type":"ListItem","position":1,"name":"Portada","item":"https:\/\/www.vicoexport.com\/de\/"},{"@type":"ListItem","position":2,"name":"Jinko Solar Tiger Neo Monofacial"}]},{"@type":"WebSite","@id":"https:\/\/www.vicoexport.com\/#website","url":"https:\/\/www.vicoexport.com\/","name":"Vico Export Solar Energy","description":"Vico Export Solar Energy Distribuidor Mayorista de Paneles Solares Fotovoltaicos","publisher":{"@id":"https:\/\/www.vicoexport.com\/#organization"},"potentialAction":[{"@type":"SearchAction","target":{"@type":"EntryPoint","urlTemplate":"https:\/\/www.vicoexport.com\/?s={search_term_string}"},"query-input":{"@type":"PropertyValueSpecification","valueRequired":true,"valueName":"search_term_string"}}],"inLanguage":"de"},{"@type":"Organization","@id":"https:\/\/www.vicoexport.com\/#organization","name":"Vico Export Solar Energy","url":"https:\/\/www.vicoexport.com\/","logo":{"@type":"ImageObject","inLanguage":"de","@id":"https:\/\/www.vicoexport.com\/#\/schema\/logo\/image\/","url":"https:\/\/www.vicoexport.com\/wp-content\/uploads\/2018\/02\/Vico-Export-Solar-energy.jpg","contentUrl":"https:\/\/www.vicoexport.com\/wp-content\/uploads\/2018\/02\/Vico-Export-Solar-energy.jpg","width":1006,"height":1024,"caption":"Vico Export Solar Energy"},"image":{"@id":"https:\/\/www.vicoexport.com\/#\/schema\/logo\/image\/"},"sameAs":["https:\/\/www.facebook.com\/vicoexport.vicoexportsolar","https:\/\/x.com\/VicoExportSolar","https:\/\/www.instagram.com\/vico_export_solar_energy","https:\/\/www.linkedin.com\/in\/vicoexport","https:\/\/www.youtube.com\/user\/vicoexport\/"]}]}},"_links":{"self":[{"href":"https:\/\/www.vicoexport.com\/de\/wp-json\/wp\/v2\/pages\/43334","targetHints":{"allow":["GET"]}}],"collection":[{"href":"https:\/\/www.vicoexport.com\/de\/wp-json\/wp\/v2\/pages"}],"about":[{"href":"https:\/\/www.vicoexport.com\/de\/wp-json\/wp\/v2\/types\/page"}],"author":[{"embeddable":true,"href":"https:\/\/www.vicoexport.com\/de\/wp-json\/wp\/v2\/users\/1"}],"replies":[{"embeddable":true,"href":"https:\/\/www.vicoexport.com\/de\/wp-json\/wp\/v2\/comments?post=43334"}],"version-history":[{"count":0,"href":"https:\/\/www.vicoexport.com\/de\/wp-json\/wp\/v2\/pages\/43334\/revisions"}],"wp:featuredmedia":[{"embeddable":true,"href":"https:\/\/www.vicoexport.com\/de\/wp-json\/wp\/v2\/media\/44079"}],"wp:attachment":[{"href":"https:\/\/www.vicoexport.com\/de\/wp-json\/wp\/v2\/media?parent=43334"}],"curies":[{"name":"wp","href":"https:\/\/api.w.org\/{rel}","templated":true}]}}