{"id":43343,"date":"2022-06-26T17:07:05","date_gmt":"2022-06-26T15:07:05","guid":{"rendered":"https:\/\/www.vicoexport.com\/home-1-paneles-solares-jinko-solar-distribuidor-oficial-jinko-solar-jinko-solar-categorias-jinko-solar-tiger-neo-bifacial\/"},"modified":"2024-04-22T17:29:48","modified_gmt":"2024-04-22T15:29:48","slug":"jinko-solar-tiger-neo-bifacial","status":"publish","type":"page","link":"https:\/\/www.vicoexport.com\/de\/home-es\/solarmodule\/jinko-solar\/jinko-solar-tiger-neo-bifacial\/","title":{"rendered":"Jinko Solar Tiger Neo Bifacial"},"content":{"rendered":"<div class=\"wpb-content-wrapper\"><p>[vc_row][vc_column][vc_column_text]<\/p>\n<h3 style=\"text-align: center;\"><a href=\"https:\/\/www.vicoexport.com\/wp-content\/uploads\/2021\/12\/Jinko-Solar-vico-export-solar-energy.png\"><img loading=\"lazy\" decoding=\"async\" class=\"aligncenter wp-image-29912 size-medium\" title=\"jinko solar\" src=\"https:\/\/www.vicoexport.com\/wp-content\/uploads\/2021\/12\/Jinko-Solar-vico-export-solar-energy-300x186.png\" alt=\"jinko solar\" width=\"300\" height=\"186\" srcset=\"https:\/\/www.vicoexport.com\/wp-content\/uploads\/2021\/12\/Jinko-Solar-vico-export-solar-energy-300x186.png 300w, https:\/\/www.vicoexport.com\/wp-content\/uploads\/2021\/12\/Jinko-Solar-vico-export-solar-energy-133x83.png 133w, https:\/\/www.vicoexport.com\/wp-content\/uploads\/2021\/12\/Jinko-Solar-vico-export-solar-energy-235x146.png 235w, https:\/\/www.vicoexport.com\/wp-content\/uploads\/2021\/12\/Jinko-Solar-vico-export-solar-energy-480x298.png 480w, https:\/\/www.vicoexport.com\/wp-content\/uploads\/2021\/12\/Jinko-Solar-vico-export-solar-energy-600x373.png 600w, https:\/\/www.vicoexport.com\/wp-content\/uploads\/2021\/12\/Jinko-Solar-vico-export-solar-energy.png 652w\" sizes=\"auto, (max-width: 300px) 100vw, 300px\" \/><\/a><\/h3>\n<h3 style=\"text-align: center;\"><span style=\"color: #558f98;\"><b>SOLARMODULE JINKO SOLAR<\/b><\/span><\/h3>\n<h3 style=\"text-align: center;\"><span style=\"color: #558f98;\"><b>Tiger Neo TOPCon\u00a0<\/b><b>Bifacial with Dual Glass \/ Half Cell\u200b<\/b><\/span><\/h3>\n<p>[\/vc_column_text][vc_column_text]<strong><a href=\"https:\/\/www.jinkosolar.com\/en\/\">Jinko Solar <\/a><\/strong>\u00a0setzt in seinen Solarmodulen die innovative <strong>TOPCon-Technologie<\/strong> ein, die den Wirkungsgrad maximiert und eine hohe Stromerzeugung garantiert. Das <strong>bifaciale<\/strong> Design erm\u00f6glicht es, das Licht von beiden Seiten einzufangen, was den Energiegewinn deutlich erh\u00f6ht. Die Konstruktion aus hochwertigen Materialien gew\u00e4hrleistet eine lange Lebensdauer und gleichbleibende Leistung. Durch die reduzierte licht- und temperaturbedingte Degradation bleibt die Effizienz \u00fcber lange Zeit erhalten.<\/p>\n<p>Einfache Integration in verschiedene Systeme und Montagekonfigurationen. Mit einem optimierten Temperaturkoeffizienten von -0,29%\/\u2103 arbeitet sie auch bei hohen Temperaturen effizient. H\u00e4lt die Betriebstemperatur niedrig, was die Effizienz und Sicherheit verbessert. Hervorragende Stabilit\u00e4t und Haltbarkeit mit einer linearen Verschlechterung von nur -0,4 % pro Jahr nach dem ersten Jahr. F\u00e4higkeit, auch bei schlechten Lichtverh\u00e4ltnissen Strom zu erzeugen. Schutz gegen potenzialbedingte Degradation, der eine zuverl\u00e4ssige Leistung gew\u00e4hrleistet.<\/p>\n<p>Branchenf\u00fchrende Leistungsgarantie mit weniger als 1 % Degradation im ersten Jahr, gefolgt von einer minimalen linearen Degradation, die eine sichere und rentable Investition f\u00fcr Solarstromprojekte gew\u00e4hrleistet. Das <strong>Tiger Neo TOPCon Bifacial Dual Glass<\/strong> ist eine Energiel\u00f6sung, die nicht nur leistungsstark und effizient, sondern auch nachhaltig und zuverl\u00e4ssig ist.[\/vc_column_text][\/vc_column][\/vc_row][vc_row][vc_column width=&#8221;1\/3&#8243;][vc_column_text]<\/p>\n<h4 style=\"text-align: center;\"><span style=\"color: #559198;\"><strong>54HL4R-BDV<br \/>\nLeistung: 420W &#8211; 440W<\/strong><\/span><\/h4>\n<p style=\"text-align: center;\">Jinko Solar JKM420N-54HL4R-BDV &#8211;<strong> 420w<\/strong><\/p>\n<p style=\"text-align: center;\">Jinko Solar JKM425N-54HL4R-BDV &#8211; <strong>425w<\/strong><\/p>\n<p style=\"text-align: center;\">Jinko Solar JKM430N-54HL4R-BDV &#8211;<strong> 430w<\/strong><\/p>\n<p style=\"text-align: center;\">Jinko Solar JKM435N-54HL4R-BDV &#8211;<strong> 435w<\/strong><\/p>\n<p style=\"text-align: center;\">Jinko Solar JKM440N-54HL4R-BDV &#8211;<strong> 440w<\/strong><\/p>\n<p>[\/vc_column_text][vc_btn title=&#8221;DATENBLATT JKMxxxN-54HL4R-BDV&#8221; style=&#8221;custom&#8221; custom_background=&#8221;#558f98&#8243; custom_text=&#8221;#ffffff&#8221; size=&#8221;sm&#8221; align=&#8221;center&#8221; i_align=&#8221;right&#8221; i_icon_fontawesome=&#8221;fas fa-download&#8221; add_icon=&#8221;true&#8221; link=&#8221;url:https%3A%2F%2Fwww.vicoexport.com%2Fwp-content%2Fuploads%2F2024%2F04%2FJKM420-440N-54HL4R-BDV-F1.2-EN-6_Vico_Export_Solar_Energy.pdf|target:_blank&#8221;][\/vc_column][vc_column width=&#8221;1\/3&#8243;][vc_column_text]<\/p>\n<h4 style=\"text-align: center;\"><span style=\"color: #559198;\"><strong>54HL4R-BDB<br \/>\nLeistung: 425W &#8211; 445W<\/strong><\/span><\/h4>\n<p style=\"text-align: center;\">Jinko Solar JKM425N-54HL4R-BDB &#8211; <strong>425w<\/strong><\/p>\n<p style=\"text-align: center;\">Jinko Solar JKM430N-54HL4R-BDB &#8211;<strong> 430w<\/strong><\/p>\n<p style=\"text-align: center;\">Jinko Solar JKM435N-54HL4R-BDB &#8211;<strong> 435w<\/strong><\/p>\n<p style=\"text-align: center;\">Jinko Solar JKM440N-54HL4R-BDB &#8211;<strong> 440w<\/strong><\/p>\n<p style=\"text-align: center;\">Jinko Solar JKM445N-54HL4R-BDB &#8211;<strong> 445w<\/strong><\/p>\n<p>[\/vc_column_text][vc_btn title=&#8221;DATENBLATT JKMxxxN-54HL4R-BDB&#8221; style=&#8221;custom&#8221; custom_background=&#8221;#558f98&#8243; custom_text=&#8221;#ffffff&#8221; size=&#8221;sm&#8221; align=&#8221;center&#8221; i_align=&#8221;right&#8221; i_icon_fontawesome=&#8221;fas fa-download&#8221; add_icon=&#8221;true&#8221; link=&#8221;url:https%3A%2F%2Fwww.vicoexport.com%2Fwp-content%2Fuploads%2F2024%2F04%2FEU-JKM425-445N-54HL4R-BDB-F1-EN-1_Vico_Export_Solar_Energy.pdf|target:_blank&#8221;][\/vc_column][vc_column width=&#8221;1\/3&#8243;][vc_column_text]<\/p>\n<h4 style=\"text-align: center;\"><span style=\"color: #559198;\"><strong>66HL4M-BDV<br \/>\nLeistung: 600W &#8211; 625W<\/strong><\/span><\/h4>\n<p style=\"text-align: center;\">Jinko Solar JKM600N-66HL4M-BDV <strong>&#8211; 600w<\/strong><\/p>\n<p style=\"text-align: center;\">Jinko Solar JKM605N-66HL4M-BDV <strong>&#8211; 605w<\/strong><\/p>\n<p style=\"text-align: center;\">Jinko Solar JKM610N-66HL4M-BDV <strong>&#8211; 610w<\/strong><\/p>\n<p style=\"text-align: center;\">Jinko Solar JKM615N-66HL4M-BDV <strong>&#8211; 615w<\/strong><\/p>\n<p style=\"text-align: center;\">Jinko Solar JKM620N-66HL4M-BDV <strong>&#8211; 620w<\/strong><\/p>\n<p style=\"text-align: center;\">Jinko Solar JKM625N-66HL4M-BDV <strong>&#8211; 625w<\/strong><\/p>\n<p>[\/vc_column_text][vc_btn title=&#8221;DATENBLATT JKMxxxN-66HL4M-BDV&#8221; style=&#8221;custom&#8221; custom_background=&#8221;#558f98&#8243; custom_text=&#8221;#ffffff&#8221; size=&#8221;sm&#8221; align=&#8221;center&#8221; i_align=&#8221;right&#8221; i_icon_fontawesome=&#8221;fas fa-download&#8221; add_icon=&#8221;true&#8221; link=&#8221;url:https%3A%2F%2Fwww.vicoexport.com%2Fwp-content%2Fuploads%2F2024%2F04%2FEU-JKM600-625N-66HL4M-BDV-F2-EN_Vico_Export_Solar_Energy.pdf|target:_blank&#8221;][\/vc_column][\/vc_row][vc_row css=&#8221;.vc_custom_1713516421263{padding-top: 35px !important;}&#8221;][vc_column width=&#8221;1\/2&#8243;][vc_column_text]<\/p>\n<h4 style=\"text-align: center;\"><span style=\"color: #559198;\"><strong>72HL4-BDV<br \/>\nLeistung: 570W &#8211; 590W<\/strong><\/span><\/h4>\n<p style=\"text-align: center;\">Jinko Solar JKM570N-72HL4-BDV <strong>&#8211; 570w<\/strong><\/p>\n<p style=\"text-align: center;\">Jinko Solar JKM575N-72HL4-BDV<strong> &#8211; 575w<\/strong><\/p>\n<p style=\"text-align: center;\">Jinko Solar JKM580N-72HL4-BDV<strong> &#8211; 580w<\/strong><\/p>\n<p style=\"text-align: center;\">Jinko Solar JKM585N-72HL4-BDV <strong>&#8211; 585w<\/strong><\/p>\n<p style=\"text-align: center;\">Jinko Solar JKM590N-72HL4-BDV <strong>&#8211; 590w<\/strong><\/p>\n<p>[\/vc_column_text][vc_btn title=&#8221;DATENBLATT JKMxxxN-72HL4-BDV&#8221; style=&#8221;custom&#8221; custom_background=&#8221;#558f98&#8243; custom_text=&#8221;#ffffff&#8221; size=&#8221;sm&#8221; align=&#8221;center&#8221; i_align=&#8221;right&#8221; i_icon_fontawesome=&#8221;fas fa-download&#8221; add_icon=&#8221;true&#8221; link=&#8221;url:https%3A%2F%2Fwww.vicoexport.com%2Fwp-content%2Fuploads%2F2024%2F04%2FEU-JKM570-590N-72HL4-BDV-F8-EN_Vico_Export_Solar_Energy.pdf|target:_blank&#8221;][\/vc_column][vc_column width=&#8221;1\/2&#8243;][vc_column_text]<\/p>\n<h4 style=\"text-align: center;\"><span style=\"color: #559198;\"><strong>78HL4-BDV<br \/>\nLeistung: 615W &#8211; 635W<\/strong><\/span><\/h4>\n<p style=\"text-align: center;\">Jinko Solar JKM615N-78HL4-BDV <strong>&#8211; 615w<\/strong><\/p>\n<p style=\"text-align: center;\">Jinko Solar JKM620N-78HL4-BDV <strong>&#8211; 620w<\/strong><\/p>\n<p style=\"text-align: center;\">Jinko Solar JKM625N-78HL4-BDV<strong> &#8211; 625w<\/strong><\/p>\n<p style=\"text-align: center;\">Jinko Solar JKM630N-78HL4-BDV <strong>&#8211; 630w<\/strong><\/p>\n<p style=\"text-align: center;\">Jinko Solar JKM635N-78HL4-BDV<strong> &#8211; 635w<\/strong><\/p>\n<p>[\/vc_column_text][vc_btn title=&#8221;DATENBLATT JKMxxxN-78HL4-BDV&#8221; style=&#8221;custom&#8221; custom_background=&#8221;#558f98&#8243; custom_text=&#8221;#ffffff&#8221; size=&#8221;sm&#8221; align=&#8221;center&#8221; i_align=&#8221;right&#8221; i_icon_fontawesome=&#8221;fas fa-download&#8221; add_icon=&#8221;true&#8221; link=&#8221;url:https%3A%2F%2Fwww.vicoexport.com%2Fwp-content%2Fuploads%2F2024%2F04%2FEU-JKM615-635N-78HL4-BDV-F8-EN_Vico_Export_Solar_Energy.pdf|target:_blank&#8221;][\/vc_column][\/vc_row][vc_row][vc_column][vc_empty_space][vc_single_image image=&#8221;48816&#8243; img_size=&#8221;full&#8221;][\/vc_column][\/vc_row]<\/p>\n<\/div>","protected":false},"excerpt":{"rendered":"<p>[vc_row][vc_column][vc_column_text] SOLARMODULE JINKO SOLAR Tiger Neo TOPCon\u00a0Bifacial with Dual Glass \/ Half Cell\u200b [\/vc_column_text][vc_column_text]Jinko Solar \u00a0setzt in seinen Solarmodulen die innovative TOPCon-Technologie ein, die den Wirkungsgrad maximiert und eine hohe Stromerzeugung garantiert. Das bifaciale Design erm\u00f6glicht es, das Licht von beiden Seiten einzufangen, was den Energiegewinn deutlich erh\u00f6ht. Die Konstruktion aus hochwertigen Materialien gew\u00e4hrleistet eine [&hellip;]<\/p>\n","protected":false},"author":1,"featured_media":44083,"parent":42916,"menu_order":0,"comment_status":"closed","ping_status":"closed","template":"","meta":{"_joinchat":[],"footnotes":""},"class_list":["post-43343","page","type-page","status-publish","has-post-thumbnail","hentry"],"yoast_head":"<!-- This site is optimized with the Yoast SEO plugin v27.5 - https:\/\/yoast.com\/product\/yoast-seo-wordpress\/ -->\n<title>Jinko Solar Tiger Bifacial | Vico Export Solar Energy<\/title>\n<meta name=\"description\" content=\"Jinko Solar Tiger Neo Bifacial, N-Typ maximaler Wirkungsgrad, 54HL4-BDV, 54HL4R-BDB, 66HL4M-BDV, 72HL4-BDV, 78HL4-BDV\" \/>\n<meta name=\"robots\" content=\"index, follow, max-snippet:-1, max-image-preview:large, max-video-preview:-1\" \/>\n<link rel=\"canonical\" href=\"https:\/\/www.vicoexport.com\/home-es\/paneles-solares\/jinko-solar\/jinko-solar-tiger-neo-bifacial\/\" \/>\n<meta property=\"og:locale\" content=\"de_DE\" \/>\n<meta property=\"og:type\" content=\"article\" \/>\n<meta property=\"og:title\" content=\"Jinko Solar Tiger Bifacial | Vico Export Solar Energy\" \/>\n<meta property=\"og:description\" content=\"Jinko Solar Tiger Neo Bifacial, N-Typ maximaler Wirkungsgrad, 54HL4-BDV, 54HL4R-BDB, 66HL4M-BDV, 72HL4-BDV, 78HL4-BDV\" \/>\n<meta property=\"og:url\" content=\"https:\/\/www.vicoexport.com\/home-es\/paneles-solares\/jinko-solar\/jinko-solar-tiger-neo-bifacial\/\" \/>\n<meta property=\"og:site_name\" content=\"Vico Export Solar Energy\" \/>\n<meta property=\"article:publisher\" content=\"https:\/\/www.facebook.com\/vicoexport.vicoexportsolar\" \/>\n<meta property=\"article:modified_time\" content=\"2024-04-22T15:29:48+00:00\" \/>\n<meta property=\"og:image\" content=\"https:\/\/www.vicoexport.com\/wp-content\/uploads\/2023\/11\/JINKO-SOLAR-1.jpg\" \/>\n\t<meta property=\"og:image:width\" content=\"200\" \/>\n\t<meta property=\"og:image:height\" content=\"200\" \/>\n\t<meta property=\"og:image:type\" content=\"image\/jpeg\" \/>\n<meta name=\"twitter:card\" content=\"summary_large_image\" \/>\n<meta name=\"twitter:site\" content=\"@VicoExportSolar\" \/>\n<script type=\"application\/ld+json\" class=\"yoast-schema-graph\">{\"@context\":\"https:\\\/\\\/schema.org\",\"@graph\":[{\"@type\":\"WebPage\",\"@id\":\"https:\\\/\\\/www.vicoexport.com\\\/home-es\\\/paneles-solares\\\/jinko-solar\\\/jinko-solar-tiger-neo-bifacial\\\/\",\"url\":\"https:\\\/\\\/www.vicoexport.com\\\/home-es\\\/paneles-solares\\\/jinko-solar\\\/jinko-solar-tiger-neo-bifacial\\\/\",\"name\":\"Jinko Solar Tiger Bifacial | Vico Export Solar Energy\",\"isPartOf\":{\"@id\":\"https:\\\/\\\/www.vicoexport.com\\\/#website\"},\"primaryImageOfPage\":{\"@id\":\"https:\\\/\\\/www.vicoexport.com\\\/home-es\\\/paneles-solares\\\/jinko-solar\\\/jinko-solar-tiger-neo-bifacial\\\/#primaryimage\"},\"image\":{\"@id\":\"https:\\\/\\\/www.vicoexport.com\\\/home-es\\\/paneles-solares\\\/jinko-solar\\\/jinko-solar-tiger-neo-bifacial\\\/#primaryimage\"},\"thumbnailUrl\":\"https:\\\/\\\/www.vicoexport.com\\\/wp-content\\\/uploads\\\/2023\\\/11\\\/JINKO-SOLAR-1.jpg\",\"datePublished\":\"2022-06-26T15:07:05+00:00\",\"dateModified\":\"2024-04-22T15:29:48+00:00\",\"description\":\"Jinko Solar Tiger Neo Bifacial, N-Typ maximaler Wirkungsgrad, 54HL4-BDV, 54HL4R-BDB, 66HL4M-BDV, 72HL4-BDV, 78HL4-BDV\",\"breadcrumb\":{\"@id\":\"https:\\\/\\\/www.vicoexport.com\\\/home-es\\\/paneles-solares\\\/jinko-solar\\\/jinko-solar-tiger-neo-bifacial\\\/#breadcrumb\"},\"inLanguage\":\"de\",\"potentialAction\":[{\"@type\":\"ReadAction\",\"target\":[\"https:\\\/\\\/www.vicoexport.com\\\/home-es\\\/paneles-solares\\\/jinko-solar\\\/jinko-solar-tiger-neo-bifacial\\\/\"]}]},{\"@type\":\"ImageObject\",\"inLanguage\":\"de\",\"@id\":\"https:\\\/\\\/www.vicoexport.com\\\/home-es\\\/paneles-solares\\\/jinko-solar\\\/jinko-solar-tiger-neo-bifacial\\\/#primaryimage\",\"url\":\"https:\\\/\\\/www.vicoexport.com\\\/wp-content\\\/uploads\\\/2023\\\/11\\\/JINKO-SOLAR-1.jpg\",\"contentUrl\":\"https:\\\/\\\/www.vicoexport.com\\\/wp-content\\\/uploads\\\/2023\\\/11\\\/JINKO-SOLAR-1.jpg\",\"width\":200,\"height\":200,\"caption\":\"Jinko Solar Tiger Bifacial\"},{\"@type\":\"BreadcrumbList\",\"@id\":\"https:\\\/\\\/www.vicoexport.com\\\/home-es\\\/paneles-solares\\\/jinko-solar\\\/jinko-solar-tiger-neo-bifacial\\\/#breadcrumb\",\"itemListElement\":[{\"@type\":\"ListItem\",\"position\":1,\"name\":\"Portada\",\"item\":\"https:\\\/\\\/www.vicoexport.com\\\/de\\\/\"},{\"@type\":\"ListItem\",\"position\":2,\"name\":\"Inicio\",\"item\":\"https:\\\/\\\/www.vicoexport.com\\\/de\\\/\"},{\"@type\":\"ListItem\",\"position\":3,\"name\":\"Solarmodule\",\"item\":\"https:\\\/\\\/www.vicoexport.com\\\/de\\\/home-es\\\/solarmodule\\\/\"},{\"@type\":\"ListItem\",\"position\":4,\"name\":\"Jinko Solar\",\"item\":\"https:\\\/\\\/www.vicoexport.com\\\/home-es\\\/paneles-solares\\\/jinko-solar\\\/\"},{\"@type\":\"ListItem\",\"position\":5,\"name\":\"Jinko Solar Tiger Neo Bifacial\"}]},{\"@type\":\"WebSite\",\"@id\":\"https:\\\/\\\/www.vicoexport.com\\\/#website\",\"url\":\"https:\\\/\\\/www.vicoexport.com\\\/\",\"name\":\"Vico Export Solar Energy\",\"description\":\"Vico Export Solar Energy Distribuidor Mayorista de Paneles Solares Fotovoltaicos\",\"publisher\":{\"@id\":\"https:\\\/\\\/www.vicoexport.com\\\/#organization\"},\"potentialAction\":[{\"@type\":\"SearchAction\",\"target\":{\"@type\":\"EntryPoint\",\"urlTemplate\":\"https:\\\/\\\/www.vicoexport.com\\\/?s={search_term_string}\"},\"query-input\":{\"@type\":\"PropertyValueSpecification\",\"valueRequired\":true,\"valueName\":\"search_term_string\"}}],\"inLanguage\":\"de\"},{\"@type\":\"Organization\",\"@id\":\"https:\\\/\\\/www.vicoexport.com\\\/#organization\",\"name\":\"Vico Export Solar Energy\",\"url\":\"https:\\\/\\\/www.vicoexport.com\\\/\",\"logo\":{\"@type\":\"ImageObject\",\"inLanguage\":\"de\",\"@id\":\"https:\\\/\\\/www.vicoexport.com\\\/#\\\/schema\\\/logo\\\/image\\\/\",\"url\":\"https:\\\/\\\/www.vicoexport.com\\\/wp-content\\\/uploads\\\/2018\\\/02\\\/Vico-Export-Solar-energy.jpg\",\"contentUrl\":\"https:\\\/\\\/www.vicoexport.com\\\/wp-content\\\/uploads\\\/2018\\\/02\\\/Vico-Export-Solar-energy.jpg\",\"width\":1006,\"height\":1024,\"caption\":\"Vico Export Solar Energy\"},\"image\":{\"@id\":\"https:\\\/\\\/www.vicoexport.com\\\/#\\\/schema\\\/logo\\\/image\\\/\"},\"sameAs\":[\"https:\\\/\\\/www.facebook.com\\\/vicoexport.vicoexportsolar\",\"https:\\\/\\\/x.com\\\/VicoExportSolar\",\"https:\\\/\\\/www.instagram.com\\\/vico_export_solar_energy\",\"https:\\\/\\\/www.linkedin.com\\\/in\\\/vicoexport\",\"https:\\\/\\\/www.youtube.com\\\/user\\\/vicoexport\\\/\"]}]}<\/script>\n<!-- \/ Yoast SEO plugin. -->","yoast_head_json":{"title":"Jinko Solar Tiger Bifacial | Vico Export Solar Energy","description":"Jinko Solar Tiger Neo Bifacial, N-Typ maximaler Wirkungsgrad, 54HL4-BDV, 54HL4R-BDB, 66HL4M-BDV, 72HL4-BDV, 78HL4-BDV","robots":{"index":"index","follow":"follow","max-snippet":"max-snippet:-1","max-image-preview":"max-image-preview:large","max-video-preview":"max-video-preview:-1"},"canonical":"https:\/\/www.vicoexport.com\/home-es\/paneles-solares\/jinko-solar\/jinko-solar-tiger-neo-bifacial\/","og_locale":"de_DE","og_type":"article","og_title":"Jinko Solar Tiger Bifacial | Vico Export Solar Energy","og_description":"Jinko Solar Tiger Neo Bifacial, N-Typ maximaler Wirkungsgrad, 54HL4-BDV, 54HL4R-BDB, 66HL4M-BDV, 72HL4-BDV, 78HL4-BDV","og_url":"https:\/\/www.vicoexport.com\/home-es\/paneles-solares\/jinko-solar\/jinko-solar-tiger-neo-bifacial\/","og_site_name":"Vico Export Solar Energy","article_publisher":"https:\/\/www.facebook.com\/vicoexport.vicoexportsolar","article_modified_time":"2024-04-22T15:29:48+00:00","og_image":[{"width":200,"height":200,"url":"https:\/\/www.vicoexport.com\/wp-content\/uploads\/2023\/11\/JINKO-SOLAR-1.jpg","type":"image\/jpeg"}],"twitter_card":"summary_large_image","twitter_site":"@VicoExportSolar","schema":{"@context":"https:\/\/schema.org","@graph":[{"@type":"WebPage","@id":"https:\/\/www.vicoexport.com\/home-es\/paneles-solares\/jinko-solar\/jinko-solar-tiger-neo-bifacial\/","url":"https:\/\/www.vicoexport.com\/home-es\/paneles-solares\/jinko-solar\/jinko-solar-tiger-neo-bifacial\/","name":"Jinko Solar Tiger Bifacial | Vico Export Solar Energy","isPartOf":{"@id":"https:\/\/www.vicoexport.com\/#website"},"primaryImageOfPage":{"@id":"https:\/\/www.vicoexport.com\/home-es\/paneles-solares\/jinko-solar\/jinko-solar-tiger-neo-bifacial\/#primaryimage"},"image":{"@id":"https:\/\/www.vicoexport.com\/home-es\/paneles-solares\/jinko-solar\/jinko-solar-tiger-neo-bifacial\/#primaryimage"},"thumbnailUrl":"https:\/\/www.vicoexport.com\/wp-content\/uploads\/2023\/11\/JINKO-SOLAR-1.jpg","datePublished":"2022-06-26T15:07:05+00:00","dateModified":"2024-04-22T15:29:48+00:00","description":"Jinko Solar Tiger Neo Bifacial, N-Typ maximaler Wirkungsgrad, 54HL4-BDV, 54HL4R-BDB, 66HL4M-BDV, 72HL4-BDV, 78HL4-BDV","breadcrumb":{"@id":"https:\/\/www.vicoexport.com\/home-es\/paneles-solares\/jinko-solar\/jinko-solar-tiger-neo-bifacial\/#breadcrumb"},"inLanguage":"de","potentialAction":[{"@type":"ReadAction","target":["https:\/\/www.vicoexport.com\/home-es\/paneles-solares\/jinko-solar\/jinko-solar-tiger-neo-bifacial\/"]}]},{"@type":"ImageObject","inLanguage":"de","@id":"https:\/\/www.vicoexport.com\/home-es\/paneles-solares\/jinko-solar\/jinko-solar-tiger-neo-bifacial\/#primaryimage","url":"https:\/\/www.vicoexport.com\/wp-content\/uploads\/2023\/11\/JINKO-SOLAR-1.jpg","contentUrl":"https:\/\/www.vicoexport.com\/wp-content\/uploads\/2023\/11\/JINKO-SOLAR-1.jpg","width":200,"height":200,"caption":"Jinko Solar Tiger Bifacial"},{"@type":"BreadcrumbList","@id":"https:\/\/www.vicoexport.com\/home-es\/paneles-solares\/jinko-solar\/jinko-solar-tiger-neo-bifacial\/#breadcrumb","itemListElement":[{"@type":"ListItem","position":1,"name":"Portada","item":"https:\/\/www.vicoexport.com\/de\/"},{"@type":"ListItem","position":2,"name":"Inicio","item":"https:\/\/www.vicoexport.com\/de\/"},{"@type":"ListItem","position":3,"name":"Solarmodule","item":"https:\/\/www.vicoexport.com\/de\/home-es\/solarmodule\/"},{"@type":"ListItem","position":4,"name":"Jinko Solar","item":"https:\/\/www.vicoexport.com\/home-es\/paneles-solares\/jinko-solar\/"},{"@type":"ListItem","position":5,"name":"Jinko Solar Tiger Neo Bifacial"}]},{"@type":"WebSite","@id":"https:\/\/www.vicoexport.com\/#website","url":"https:\/\/www.vicoexport.com\/","name":"Vico Export Solar Energy","description":"Vico Export Solar Energy Distribuidor Mayorista de Paneles Solares Fotovoltaicos","publisher":{"@id":"https:\/\/www.vicoexport.com\/#organization"},"potentialAction":[{"@type":"SearchAction","target":{"@type":"EntryPoint","urlTemplate":"https:\/\/www.vicoexport.com\/?s={search_term_string}"},"query-input":{"@type":"PropertyValueSpecification","valueRequired":true,"valueName":"search_term_string"}}],"inLanguage":"de"},{"@type":"Organization","@id":"https:\/\/www.vicoexport.com\/#organization","name":"Vico Export Solar Energy","url":"https:\/\/www.vicoexport.com\/","logo":{"@type":"ImageObject","inLanguage":"de","@id":"https:\/\/www.vicoexport.com\/#\/schema\/logo\/image\/","url":"https:\/\/www.vicoexport.com\/wp-content\/uploads\/2018\/02\/Vico-Export-Solar-energy.jpg","contentUrl":"https:\/\/www.vicoexport.com\/wp-content\/uploads\/2018\/02\/Vico-Export-Solar-energy.jpg","width":1006,"height":1024,"caption":"Vico Export Solar Energy"},"image":{"@id":"https:\/\/www.vicoexport.com\/#\/schema\/logo\/image\/"},"sameAs":["https:\/\/www.facebook.com\/vicoexport.vicoexportsolar","https:\/\/x.com\/VicoExportSolar","https:\/\/www.instagram.com\/vico_export_solar_energy","https:\/\/www.linkedin.com\/in\/vicoexport","https:\/\/www.youtube.com\/user\/vicoexport\/"]}]}},"_links":{"self":[{"href":"https:\/\/www.vicoexport.com\/de\/wp-json\/wp\/v2\/pages\/43343","targetHints":{"allow":["GET"]}}],"collection":[{"href":"https:\/\/www.vicoexport.com\/de\/wp-json\/wp\/v2\/pages"}],"about":[{"href":"https:\/\/www.vicoexport.com\/de\/wp-json\/wp\/v2\/types\/page"}],"author":[{"embeddable":true,"href":"https:\/\/www.vicoexport.com\/de\/wp-json\/wp\/v2\/users\/1"}],"replies":[{"embeddable":true,"href":"https:\/\/www.vicoexport.com\/de\/wp-json\/wp\/v2\/comments?post=43343"}],"version-history":[{"count":0,"href":"https:\/\/www.vicoexport.com\/de\/wp-json\/wp\/v2\/pages\/43343\/revisions"}],"up":[{"embeddable":true,"href":"https:\/\/www.vicoexport.com\/de\/wp-json\/wp\/v2\/pages\/42916"}],"wp:featuredmedia":[{"embeddable":true,"href":"https:\/\/www.vicoexport.com\/de\/wp-json\/wp\/v2\/media\/44083"}],"wp:attachment":[{"href":"https:\/\/www.vicoexport.com\/de\/wp-json\/wp\/v2\/media?parent=43343"}],"curies":[{"name":"wp","href":"https:\/\/api.w.org\/{rel}","templated":true}]}}