{"id":43345,"date":"2022-06-26T17:28:49","date_gmt":"2022-06-26T15:28:49","guid":{"rendered":"https:\/\/www.vicoexport.com\/home-1-paneles-solares-jinko-solar-distribuidor-oficial-jinko-solar-jinko-solar-categorias-jinko-solar-tiger\/"},"modified":"2024-04-22T17:01:06","modified_gmt":"2024-04-22T15:01:06","slug":"jinko-solar-tiger-pro-bifacial","status":"publish","type":"page","link":"https:\/\/www.vicoexport.com\/de\/home-es\/solarmodule\/jinko-solar\/jinko-solar-tiger-pro-bifacial\/","title":{"rendered":"Jinko Solar Tiger Pro Bifacial"},"content":{"rendered":"<div class=\"wpb-content-wrapper\"><p>[vc_row][vc_column][vc_column_text]<\/p>\n<h3 style=\"text-align: center;\"><a href=\"https:\/\/www.vicoexport.com\/wp-content\/uploads\/2021\/12\/Jinko-Solar-vico-export-solar-energy.png\"><img loading=\"lazy\" decoding=\"async\" class=\"aligncenter wp-image-29912 size-medium\" title=\"jinko solar\" src=\"https:\/\/www.vicoexport.com\/wp-content\/uploads\/2021\/12\/Jinko-Solar-vico-export-solar-energy-300x186.png\" alt=\"jinko solar\" width=\"300\" height=\"186\" srcset=\"https:\/\/www.vicoexport.com\/wp-content\/uploads\/2021\/12\/Jinko-Solar-vico-export-solar-energy-300x186.png 300w, https:\/\/www.vicoexport.com\/wp-content\/uploads\/2021\/12\/Jinko-Solar-vico-export-solar-energy-133x83.png 133w, https:\/\/www.vicoexport.com\/wp-content\/uploads\/2021\/12\/Jinko-Solar-vico-export-solar-energy-235x146.png 235w, https:\/\/www.vicoexport.com\/wp-content\/uploads\/2021\/12\/Jinko-Solar-vico-export-solar-energy-480x298.png 480w, https:\/\/www.vicoexport.com\/wp-content\/uploads\/2021\/12\/Jinko-Solar-vico-export-solar-energy-600x373.png 600w, https:\/\/www.vicoexport.com\/wp-content\/uploads\/2021\/12\/Jinko-Solar-vico-export-solar-energy.png 652w\" sizes=\"auto, (max-width: 300px) 100vw, 300px\" \/><\/a><\/h3>\n<h3 style=\"text-align: center;\"><span style=\"color: #558f98;\"><b>SOLARMODULE JINKO SOLAR<\/b><\/span><\/h3>\n<h3 style=\"text-align: center;\"><span style=\"color: #558f98;\"><b>Tiger Pro P-Type <\/b><b>Bifacial with Dual Glass \/ Half Cell\u200b<\/b><\/span><\/h3>\n<p>[\/vc_column_text][vc_column_text]Das bifaciale Solarmodul <strong>Tiger Pro P-Type von JINKO SOLAR<\/strong> ist der neueste Stand der Photovoltaik-Technologie. Dieses bifaciale Solarmodul wurde entwickelt, um den Wirkungsgrad und die Energieproduktion zu maximieren. Es nutzt das Licht von beiden Seiten und steigert so die Energieausbeute erheblich.<\/p>\n<p>Mit seinem hohen Wirkungsgrad ist dieses Modul eine der leistungsst\u00e4rksten Optionen auf dem Markt. Die Halbzellentechnologie reduziert den Leistungsverlust und verbessert die Abschattungstoleranz, w\u00e4hrend die Mosaikbandtechnologie den Zwischenraum zwischen den Zellen eliminiert, um die Moduleffizienz weiter zu erh\u00f6hen.<\/p>\n<p>Die Verwendung von Doppelglas sorgt nicht nur <strong>f\u00fcr eine l\u00e4ngere Haltbarkeit und Lebensdauer<\/strong>, sondern erm\u00f6glicht es dem Panel auch, reflektiertes Licht einzufangen, was zu einem zus\u00e4tzlichen Energiegewinn f\u00fchrt. Dar\u00fcber hinaus erm\u00f6glicht das Design des Moduls einen effizienteren Betrieb auch bei schlechten Lichtverh\u00e4ltnissen.<\/p>\n<p>Die <strong>Tiger Pro P-Type Bifacial<\/strong> eignet sich ideal f\u00fcr Wohngeb\u00e4ude, gewerbliche und industrielle Anwendungen und ist eine ausgezeichnete Wahl f\u00fcr alle, die nach einer nachhaltigen, leistungsstarken Energiel\u00f6sung suchen.[\/vc_column_text][\/vc_column][\/vc_row][vc_row][vc_column][vc_column_text]<\/p>\n<p style=\"text-align: center;\"><span style=\"color: #559198;\"><strong>72HC-BDVP<br \/>\nLeistung: 535W &#8211; 555W<\/strong><\/span><\/p>\n<p style=\"text-align: center;\">Jinko Solar JKM535N-72HC-BDVP &#8211; <strong>535w<\/strong><\/p>\n<p style=\"text-align: center;\">Jinko Solar JKM540N-72HC-BDVP &#8211; <strong>540w<\/strong><\/p>\n<p style=\"text-align: center;\">Jinko Solar JKM545N-72HC-BDVP &#8211; <strong>545w<\/strong><\/p>\n<p style=\"text-align: center;\">Jinko Solar JKM550N-72HC-BDVP &#8211; <strong>550w<\/strong><\/p>\n<p style=\"text-align: center;\">Jinko Solar JKM555N-72HC-BDVP &#8211; <strong>555w<\/strong><\/p>\n<p>[\/vc_column_text][vc_btn title=&#8221;DATENBLATT JKMxxxN-72HC-BDVP&#8221; style=&#8221;custom&#8221; custom_background=&#8221;#558f98&#8243; custom_text=&#8221;#ffffff&#8221; size=&#8221;sm&#8221; align=&#8221;center&#8221; i_align=&#8221;right&#8221; i_icon_fontawesome=&#8221;fas fa-download&#8221; add_icon=&#8221;true&#8221; link=&#8221;url:https%3A%2F%2Fwww.vicoexport.com%2Fwp-content%2Fuploads%2F2024%2F04%2FJKM535-555M-72HL4-BDVP-F6-EN_Vico_Export_Solar_Energy.pdf|target:_blank&#8221;][\/vc_column][\/vc_row][vc_row content_placement=&#8221;top&#8221;][vc_column][vc_single_image image=&#8221;48820&#8243; img_size=&#8221;full&#8221;][\/vc_column][\/vc_row]<\/p>\n<\/div>","protected":false},"excerpt":{"rendered":"<p>[vc_row][vc_column][vc_column_text] SOLARMODULE JINKO SOLAR Tiger Pro P-Type Bifacial with Dual Glass \/ Half Cell\u200b [\/vc_column_text][vc_column_text]Das bifaciale Solarmodul Tiger Pro P-Type von JINKO SOLAR ist der neueste Stand der Photovoltaik-Technologie. Dieses bifaciale Solarmodul wurde entwickelt, um den Wirkungsgrad und die Energieproduktion zu maximieren. Es nutzt das Licht von beiden Seiten und steigert so die Energieausbeute erheblich. [&hellip;]<\/p>\n","protected":false},"author":1,"featured_media":0,"parent":42916,"menu_order":0,"comment_status":"closed","ping_status":"closed","template":"","meta":{"_joinchat":[],"footnotes":""},"class_list":["post-43345","page","type-page","status-publish","hentry"],"yoast_head":"<!-- This site is optimized with the Yoast SEO plugin v27.5 - https:\/\/yoast.com\/product\/yoast-seo-wordpress\/ -->\n<title>Jinko Solar Tiger | Vico Export Solar Energy<\/title>\n<meta name=\"description\" content=\"Jinko Solar Tiger Pro P-Type Bifacial with Dual Glass, vertrieben von Vico Export Solar Energy in Europa..\" \/>\n<meta name=\"robots\" content=\"index, follow, max-snippet:-1, max-image-preview:large, max-video-preview:-1\" \/>\n<link rel=\"canonical\" href=\"https:\/\/www.vicoexport.com\/home-es\/paneles-solares\/jinko-solar\/jinko-solar-tiger-pro-bifacial\/\" \/>\n<meta property=\"og:locale\" content=\"de_DE\" \/>\n<meta property=\"og:type\" content=\"article\" \/>\n<meta property=\"og:title\" content=\"Jinko Solar Tiger | Vico Export Solar Energy\" \/>\n<meta property=\"og:description\" content=\"Jinko Solar Tiger Pro P-Type Bifacial with Dual Glass, vertrieben von Vico Export Solar Energy in Europa..\" \/>\n<meta property=\"og:url\" content=\"https:\/\/www.vicoexport.com\/home-es\/paneles-solares\/jinko-solar\/jinko-solar-tiger-pro-bifacial\/\" \/>\n<meta property=\"og:site_name\" content=\"Vico Export Solar Energy\" \/>\n<meta property=\"article:publisher\" content=\"https:\/\/www.facebook.com\/vicoexport.vicoexportsolar\" \/>\n<meta property=\"article:modified_time\" content=\"2024-04-22T15:01:06+00:00\" \/>\n<meta property=\"og:image\" content=\"https:\/\/www.vicoexport.com\/wp-content\/uploads\/2021\/12\/Jinko-Solar-vico-export-solar-energy-300x186.png\" \/>\n<meta name=\"twitter:card\" content=\"summary_large_image\" \/>\n<meta name=\"twitter:site\" content=\"@VicoExportSolar\" \/>\n<script type=\"application\/ld+json\" class=\"yoast-schema-graph\">{\"@context\":\"https:\\\/\\\/schema.org\",\"@graph\":[{\"@type\":\"WebPage\",\"@id\":\"https:\\\/\\\/www.vicoexport.com\\\/home-es\\\/paneles-solares\\\/jinko-solar\\\/jinko-solar-tiger-pro-bifacial\\\/\",\"url\":\"https:\\\/\\\/www.vicoexport.com\\\/home-es\\\/paneles-solares\\\/jinko-solar\\\/jinko-solar-tiger-pro-bifacial\\\/\",\"name\":\"Jinko Solar Tiger | Vico Export Solar Energy\",\"isPartOf\":{\"@id\":\"https:\\\/\\\/www.vicoexport.com\\\/#website\"},\"primaryImageOfPage\":{\"@id\":\"https:\\\/\\\/www.vicoexport.com\\\/home-es\\\/paneles-solares\\\/jinko-solar\\\/jinko-solar-tiger-pro-bifacial\\\/#primaryimage\"},\"image\":{\"@id\":\"https:\\\/\\\/www.vicoexport.com\\\/home-es\\\/paneles-solares\\\/jinko-solar\\\/jinko-solar-tiger-pro-bifacial\\\/#primaryimage\"},\"thumbnailUrl\":\"https:\\\/\\\/www.vicoexport.com\\\/wp-content\\\/uploads\\\/2021\\\/12\\\/Jinko-Solar-vico-export-solar-energy-300x186.png\",\"datePublished\":\"2022-06-26T15:28:49+00:00\",\"dateModified\":\"2024-04-22T15:01:06+00:00\",\"description\":\"Jinko Solar Tiger Pro P-Type Bifacial with Dual Glass, vertrieben von Vico Export Solar Energy in Europa..\",\"breadcrumb\":{\"@id\":\"https:\\\/\\\/www.vicoexport.com\\\/home-es\\\/paneles-solares\\\/jinko-solar\\\/jinko-solar-tiger-pro-bifacial\\\/#breadcrumb\"},\"inLanguage\":\"de\",\"potentialAction\":[{\"@type\":\"ReadAction\",\"target\":[\"https:\\\/\\\/www.vicoexport.com\\\/home-es\\\/paneles-solares\\\/jinko-solar\\\/jinko-solar-tiger-pro-bifacial\\\/\"]}]},{\"@type\":\"ImageObject\",\"inLanguage\":\"de\",\"@id\":\"https:\\\/\\\/www.vicoexport.com\\\/home-es\\\/paneles-solares\\\/jinko-solar\\\/jinko-solar-tiger-pro-bifacial\\\/#primaryimage\",\"url\":\"https:\\\/\\\/www.vicoexport.com\\\/wp-content\\\/uploads\\\/2021\\\/12\\\/Jinko-Solar-vico-export-solar-energy-300x186.png\",\"contentUrl\":\"https:\\\/\\\/www.vicoexport.com\\\/wp-content\\\/uploads\\\/2021\\\/12\\\/Jinko-Solar-vico-export-solar-energy-300x186.png\"},{\"@type\":\"BreadcrumbList\",\"@id\":\"https:\\\/\\\/www.vicoexport.com\\\/home-es\\\/paneles-solares\\\/jinko-solar\\\/jinko-solar-tiger-pro-bifacial\\\/#breadcrumb\",\"itemListElement\":[{\"@type\":\"ListItem\",\"position\":1,\"name\":\"Portada\",\"item\":\"https:\\\/\\\/www.vicoexport.com\\\/de\\\/\"},{\"@type\":\"ListItem\",\"position\":2,\"name\":\"Inicio\",\"item\":\"https:\\\/\\\/www.vicoexport.com\\\/de\\\/\"},{\"@type\":\"ListItem\",\"position\":3,\"name\":\"Solarmodule\",\"item\":\"https:\\\/\\\/www.vicoexport.com\\\/de\\\/home-es\\\/solarmodule\\\/\"},{\"@type\":\"ListItem\",\"position\":4,\"name\":\"Jinko Solar\",\"item\":\"https:\\\/\\\/www.vicoexport.com\\\/home-es\\\/paneles-solares\\\/jinko-solar\\\/\"},{\"@type\":\"ListItem\",\"position\":5,\"name\":\"Jinko Solar Tiger Pro Bifacial\"}]},{\"@type\":\"WebSite\",\"@id\":\"https:\\\/\\\/www.vicoexport.com\\\/#website\",\"url\":\"https:\\\/\\\/www.vicoexport.com\\\/\",\"name\":\"Vico Export Solar Energy\",\"description\":\"Vico Export Solar Energy Distribuidor Mayorista de Paneles Solares Fotovoltaicos\",\"publisher\":{\"@id\":\"https:\\\/\\\/www.vicoexport.com\\\/#organization\"},\"potentialAction\":[{\"@type\":\"SearchAction\",\"target\":{\"@type\":\"EntryPoint\",\"urlTemplate\":\"https:\\\/\\\/www.vicoexport.com\\\/?s={search_term_string}\"},\"query-input\":{\"@type\":\"PropertyValueSpecification\",\"valueRequired\":true,\"valueName\":\"search_term_string\"}}],\"inLanguage\":\"de\"},{\"@type\":\"Organization\",\"@id\":\"https:\\\/\\\/www.vicoexport.com\\\/#organization\",\"name\":\"Vico Export Solar Energy\",\"url\":\"https:\\\/\\\/www.vicoexport.com\\\/\",\"logo\":{\"@type\":\"ImageObject\",\"inLanguage\":\"de\",\"@id\":\"https:\\\/\\\/www.vicoexport.com\\\/#\\\/schema\\\/logo\\\/image\\\/\",\"url\":\"https:\\\/\\\/www.vicoexport.com\\\/wp-content\\\/uploads\\\/2018\\\/02\\\/Vico-Export-Solar-energy.jpg\",\"contentUrl\":\"https:\\\/\\\/www.vicoexport.com\\\/wp-content\\\/uploads\\\/2018\\\/02\\\/Vico-Export-Solar-energy.jpg\",\"width\":1006,\"height\":1024,\"caption\":\"Vico Export Solar Energy\"},\"image\":{\"@id\":\"https:\\\/\\\/www.vicoexport.com\\\/#\\\/schema\\\/logo\\\/image\\\/\"},\"sameAs\":[\"https:\\\/\\\/www.facebook.com\\\/vicoexport.vicoexportsolar\",\"https:\\\/\\\/x.com\\\/VicoExportSolar\",\"https:\\\/\\\/www.instagram.com\\\/vico_export_solar_energy\",\"https:\\\/\\\/www.linkedin.com\\\/in\\\/vicoexport\",\"https:\\\/\\\/www.youtube.com\\\/user\\\/vicoexport\\\/\"]}]}<\/script>\n<!-- \/ Yoast SEO plugin. -->","yoast_head_json":{"title":"Jinko Solar Tiger | Vico Export Solar Energy","description":"Jinko Solar Tiger Pro P-Type Bifacial with Dual Glass, vertrieben von Vico Export Solar Energy in Europa..","robots":{"index":"index","follow":"follow","max-snippet":"max-snippet:-1","max-image-preview":"max-image-preview:large","max-video-preview":"max-video-preview:-1"},"canonical":"https:\/\/www.vicoexport.com\/home-es\/paneles-solares\/jinko-solar\/jinko-solar-tiger-pro-bifacial\/","og_locale":"de_DE","og_type":"article","og_title":"Jinko Solar Tiger | Vico Export Solar Energy","og_description":"Jinko Solar Tiger Pro P-Type Bifacial with Dual Glass, vertrieben von Vico Export Solar Energy in Europa..","og_url":"https:\/\/www.vicoexport.com\/home-es\/paneles-solares\/jinko-solar\/jinko-solar-tiger-pro-bifacial\/","og_site_name":"Vico Export Solar Energy","article_publisher":"https:\/\/www.facebook.com\/vicoexport.vicoexportsolar","article_modified_time":"2024-04-22T15:01:06+00:00","og_image":[{"url":"https:\/\/www.vicoexport.com\/wp-content\/uploads\/2021\/12\/Jinko-Solar-vico-export-solar-energy-300x186.png","type":"","width":"","height":""}],"twitter_card":"summary_large_image","twitter_site":"@VicoExportSolar","schema":{"@context":"https:\/\/schema.org","@graph":[{"@type":"WebPage","@id":"https:\/\/www.vicoexport.com\/home-es\/paneles-solares\/jinko-solar\/jinko-solar-tiger-pro-bifacial\/","url":"https:\/\/www.vicoexport.com\/home-es\/paneles-solares\/jinko-solar\/jinko-solar-tiger-pro-bifacial\/","name":"Jinko Solar Tiger | Vico Export Solar Energy","isPartOf":{"@id":"https:\/\/www.vicoexport.com\/#website"},"primaryImageOfPage":{"@id":"https:\/\/www.vicoexport.com\/home-es\/paneles-solares\/jinko-solar\/jinko-solar-tiger-pro-bifacial\/#primaryimage"},"image":{"@id":"https:\/\/www.vicoexport.com\/home-es\/paneles-solares\/jinko-solar\/jinko-solar-tiger-pro-bifacial\/#primaryimage"},"thumbnailUrl":"https:\/\/www.vicoexport.com\/wp-content\/uploads\/2021\/12\/Jinko-Solar-vico-export-solar-energy-300x186.png","datePublished":"2022-06-26T15:28:49+00:00","dateModified":"2024-04-22T15:01:06+00:00","description":"Jinko Solar Tiger Pro P-Type Bifacial with Dual Glass, vertrieben von Vico Export Solar Energy in Europa..","breadcrumb":{"@id":"https:\/\/www.vicoexport.com\/home-es\/paneles-solares\/jinko-solar\/jinko-solar-tiger-pro-bifacial\/#breadcrumb"},"inLanguage":"de","potentialAction":[{"@type":"ReadAction","target":["https:\/\/www.vicoexport.com\/home-es\/paneles-solares\/jinko-solar\/jinko-solar-tiger-pro-bifacial\/"]}]},{"@type":"ImageObject","inLanguage":"de","@id":"https:\/\/www.vicoexport.com\/home-es\/paneles-solares\/jinko-solar\/jinko-solar-tiger-pro-bifacial\/#primaryimage","url":"https:\/\/www.vicoexport.com\/wp-content\/uploads\/2021\/12\/Jinko-Solar-vico-export-solar-energy-300x186.png","contentUrl":"https:\/\/www.vicoexport.com\/wp-content\/uploads\/2021\/12\/Jinko-Solar-vico-export-solar-energy-300x186.png"},{"@type":"BreadcrumbList","@id":"https:\/\/www.vicoexport.com\/home-es\/paneles-solares\/jinko-solar\/jinko-solar-tiger-pro-bifacial\/#breadcrumb","itemListElement":[{"@type":"ListItem","position":1,"name":"Portada","item":"https:\/\/www.vicoexport.com\/de\/"},{"@type":"ListItem","position":2,"name":"Inicio","item":"https:\/\/www.vicoexport.com\/de\/"},{"@type":"ListItem","position":3,"name":"Solarmodule","item":"https:\/\/www.vicoexport.com\/de\/home-es\/solarmodule\/"},{"@type":"ListItem","position":4,"name":"Jinko Solar","item":"https:\/\/www.vicoexport.com\/home-es\/paneles-solares\/jinko-solar\/"},{"@type":"ListItem","position":5,"name":"Jinko Solar Tiger Pro Bifacial"}]},{"@type":"WebSite","@id":"https:\/\/www.vicoexport.com\/#website","url":"https:\/\/www.vicoexport.com\/","name":"Vico Export Solar Energy","description":"Vico Export Solar Energy Distribuidor Mayorista de Paneles Solares Fotovoltaicos","publisher":{"@id":"https:\/\/www.vicoexport.com\/#organization"},"potentialAction":[{"@type":"SearchAction","target":{"@type":"EntryPoint","urlTemplate":"https:\/\/www.vicoexport.com\/?s={search_term_string}"},"query-input":{"@type":"PropertyValueSpecification","valueRequired":true,"valueName":"search_term_string"}}],"inLanguage":"de"},{"@type":"Organization","@id":"https:\/\/www.vicoexport.com\/#organization","name":"Vico Export Solar Energy","url":"https:\/\/www.vicoexport.com\/","logo":{"@type":"ImageObject","inLanguage":"de","@id":"https:\/\/www.vicoexport.com\/#\/schema\/logo\/image\/","url":"https:\/\/www.vicoexport.com\/wp-content\/uploads\/2018\/02\/Vico-Export-Solar-energy.jpg","contentUrl":"https:\/\/www.vicoexport.com\/wp-content\/uploads\/2018\/02\/Vico-Export-Solar-energy.jpg","width":1006,"height":1024,"caption":"Vico Export Solar Energy"},"image":{"@id":"https:\/\/www.vicoexport.com\/#\/schema\/logo\/image\/"},"sameAs":["https:\/\/www.facebook.com\/vicoexport.vicoexportsolar","https:\/\/x.com\/VicoExportSolar","https:\/\/www.instagram.com\/vico_export_solar_energy","https:\/\/www.linkedin.com\/in\/vicoexport","https:\/\/www.youtube.com\/user\/vicoexport\/"]}]}},"_links":{"self":[{"href":"https:\/\/www.vicoexport.com\/de\/wp-json\/wp\/v2\/pages\/43345","targetHints":{"allow":["GET"]}}],"collection":[{"href":"https:\/\/www.vicoexport.com\/de\/wp-json\/wp\/v2\/pages"}],"about":[{"href":"https:\/\/www.vicoexport.com\/de\/wp-json\/wp\/v2\/types\/page"}],"author":[{"embeddable":true,"href":"https:\/\/www.vicoexport.com\/de\/wp-json\/wp\/v2\/users\/1"}],"replies":[{"embeddable":true,"href":"https:\/\/www.vicoexport.com\/de\/wp-json\/wp\/v2\/comments?post=43345"}],"version-history":[{"count":0,"href":"https:\/\/www.vicoexport.com\/de\/wp-json\/wp\/v2\/pages\/43345\/revisions"}],"up":[{"embeddable":true,"href":"https:\/\/www.vicoexport.com\/de\/wp-json\/wp\/v2\/pages\/42916"}],"wp:attachment":[{"href":"https:\/\/www.vicoexport.com\/de\/wp-json\/wp\/v2\/media?parent=43345"}],"curies":[{"name":"wp","href":"https:\/\/api.w.org\/{rel}","templated":true}]}}