{"id":43347,"date":"2020-05-31T18:06:32","date_gmt":"2020-05-31T18:06:32","guid":{"rendered":"https:\/\/www.vicoexport.com\/jinko-solar-tigerpro\/"},"modified":"2024-04-22T17:16:38","modified_gmt":"2024-04-22T15:16:38","slug":"jinko-solar-tiger-pro-monofacial","status":"publish","type":"page","link":"https:\/\/www.vicoexport.com\/de\/home-es\/solarmodule\/jinko-solar\/jinko-solar-tiger-pro-monofacial\/","title":{"rendered":"Jinko Solar Tiger Pro Monofacial"},"content":{"rendered":"<div class=\"wpb-content-wrapper\"><p>[vc_row][vc_column][vc_column_text]<\/p>\n<h3 style=\"text-align: center;\"><img loading=\"lazy\" decoding=\"async\" class=\"alignnone\" title=\"jinko solar\" src=\"https:\/\/www.vicoexport.com\/wp-content\/uploads\/2018\/02\/jinko-solar-vico-export-solar-energy-300x186.png\" sizes=\"auto, (max-width: 300px) 100vw, 300px\" srcset=\"https:\/\/www.vicoexport.com\/wp-content\/uploads\/2018\/02\/jinko-solar-vico-export-solar-energy-300x186.png 300w, https:\/\/www.vicoexport.com\/wp-content\/uploads\/2018\/02\/jinko-solar-vico-export-solar-energy-e1519419192663.png 100w\" alt=\"Jinko Solar\" width=\"272\" height=\"168\" \/><\/h3>\n<h3 style=\"text-align: center;\"><span style=\"color: #559198;\"><b>SOLARMODULE JINKO SOLAR<\/b><\/span><\/h3>\n<h3 style=\"text-align: center;\"><span style=\"color: #559198;\"><b>Tiger Pro P-Type Monofacial \/ Half Cell\u200b<\/b><\/span><\/h3>\n<p>[\/vc_column_text][\/vc_column][\/vc_row][vc_row][vc_column][vc_column_text]<a href=\"https:\/\/www.jinkosolar.com\/en\/\">Jinko Tiger Pro P-Type Monofacial<\/a>\u00a0stellen eine der fortschrittlichsten Technologien auf dem Solarenergiemarkt dar. Diese Paneele bieten eine extrem hohe Leistungsabgabe und einen au\u00dfergew\u00f6hnlichen Wirkungsgrad von 21,4 %1, was sie zu einer idealen Wahl f\u00fcr die Maximierung der Kapitalrendite (IRR) und die Minimierung der Stromgestehungskosten (LCOE) macht.<\/p>\n<p>Eines der herausragendsten Merkmale der <strong>Tiger Pro<\/strong>-Paneele ist die Tiling Tape Technology (TR), die den Zellenabstand eliminiert und so die Effizienz der Module deutlich erh\u00f6ht. Dar\u00fcber hinaus reduziert die Multi Busbar Technology (MBB) den Widerstandsverlust, was zu ihrer hervorragenden Leistung beitr\u00e4gt.<\/p>\n<p>Diese Paneele weisen au\u00dferdem eine positive Leistungstoleranz von 0~+3% auf und sind nach den Qualit\u00e4tsstandards ISO9001:2015, ISO14001:2015 f\u00fcr das Umweltmanagement und ISO45001:2018 f\u00fcr das Arbeitsschutzmanagementsystem2 zertifiziert. Mit der Kombination dieser Technologien und Zertifizierungen sind die <strong>Jinko Tiger Pro P-Type Monofacial \/ Half Cell<\/strong> Panels eine robuste und zuverl\u00e4ssige L\u00f6sung f\u00fcr gro\u00dfe Solarstromprojekte und f\u00fcr Nutzer, die maximale Effizienz und Kosteneffizienz suchen.[\/vc_column_text][\/vc_column][\/vc_row][vc_row css=&#8221;.vc_custom_1698917549657{margin-top: 35px !important;}&#8221;][vc_column width=&#8221;1\/3&#8243;][vc_column_text]<\/p>\n<h4 style=\"text-align: center;\"><strong><a>54 HC<br \/>\nLeistung: 395W &#8211; 415W<\/a><\/strong><\/h4>\n<p style=\"text-align: center;\">JKM395M-54HC &#8211;<strong> 395w<\/strong><\/p>\n<p style=\"text-align: center;\">JKM400M-54HC &#8211;<strong> 400w<\/strong><\/p>\n<p style=\"text-align: center;\">JKM405M-54HC &#8211; <strong>405w<\/strong><\/p>\n<p style=\"text-align: center;\">JKM410M-54HC &#8211;<strong> 410w<\/strong><\/p>\n<p style=\"text-align: center;\">JKM415M-54HC &#8211;<strong> 415w<\/strong><\/p>\n<p>[\/vc_column_text][vc_btn title=&#8221;DATENBLATT JKMxxxM-54 HC&#8221; style=&#8221;custom&#8221; custom_background=&#8221;#558f98&#8243; custom_text=&#8221;#ffffff&#8221; size=&#8221;sm&#8221; align=&#8221;center&#8221; i_align=&#8221;right&#8221; i_icon_fontawesome=&#8221;fas fa-download&#8221; add_icon=&#8221;true&#8221; link=&#8221;url:https%3A%2F%2Fwww.vicoexport.com%2Fwp-content%2Fuploads%2F2024%2F04%2FEU-JKM395-415M-54HL4-V-F2.1-EN_Vico_Export_Solar_Energy.pdf|target:_blank&#8221;][\/vc_column][vc_column width=&#8221;1\/3&#8243;][vc_column_text]<\/p>\n<h4 style=\"text-align: center;\"><strong><a>\u00a060HC <\/a><\/strong><strong><br \/>\n<a>Leistung: <\/a><\/strong><strong><a> 450W &#8211; 470W<\/a><\/strong><\/h4>\n<p style=\"text-align: center;\">JKM450M-60HC <strong>&#8211; 450W<\/strong><\/p>\n<p style=\"text-align: center;\">JKM455M-60HC <strong>&#8211; 455W<\/strong><\/p>\n<p style=\"text-align: center;\">JKM460M-60HC <strong>&#8211; 460W<\/strong><\/p>\n<p style=\"text-align: center;\">JKM465M-60HC <strong>&#8211; 465W<\/strong><\/p>\n<p style=\"text-align: center;\">JKM470M-60HC <strong>&#8211; 470W<\/strong><\/p>\n<p>[\/vc_column_text][vc_btn title=&#8221;DATENBLATT JKMxxxM-60 HC&#8221; style=&#8221;custom&#8221; custom_background=&#8221;#558f98&#8243; custom_text=&#8221;#ffffff&#8221; size=&#8221;sm&#8221; align=&#8221;center&#8221; i_align=&#8221;right&#8221; i_icon_fontawesome=&#8221;fas fa-download&#8221; add_icon=&#8221;true&#8221; link=&#8221;url:https%3A%2F%2Fwww.vicoexport.com%2Fwp-content%2Fuploads%2F2024%2F04%2FEU-JKM450-470M-60HL4-V-F1.1-EN-1_Vico_Export_Solar_Energy.pdf|target:_blank&#8221;][\/vc_column][vc_column width=&#8221;1\/3&#8243;][vc_column_text]<\/p>\n<h4 style=\"text-align: center;\"><strong><a>72 HC<br \/>\nLeistung: 550W &#8211; 570W<\/a><\/strong><\/h4>\n<p style=\"text-align: center;\">JKM550M-72HC <strong>&#8211; 550w<\/strong><\/p>\n<p style=\"text-align: center;\">JKM555M-72HC <strong>&#8211; 555w<\/strong><\/p>\n<p style=\"text-align: center;\">JKM560M-72HC <strong>&#8211; 560w<\/strong><\/p>\n<p style=\"text-align: center;\">JKM565M-72HC <strong>&#8211; 565w<\/strong><\/p>\n<p style=\"text-align: center;\">JKM570M-72HC <strong>&#8211; 570w<\/strong><\/p>\n<p>[\/vc_column_text][vc_btn title=&#8221;DATENBLATT JKMxxxM-72 HC&#8221; style=&#8221;custom&#8221; custom_background=&#8221;#558f98&#8243; custom_text=&#8221;#ffffff&#8221; size=&#8221;sm&#8221; align=&#8221;center&#8221; i_align=&#8221;right&#8221; i_icon_fontawesome=&#8221;fas fa-download&#8221; add_icon=&#8221;true&#8221; link=&#8221;url:https%3A%2F%2Fwww.vicoexport.com%2Fwp-content%2Fuploads%2F2024%2F04%2FJKM550-570M-72HL4-V-F5-EN_Vico_Export_Solar_Energy.pdf|target:_blank&#8221;][\/vc_column][\/vc_row][vc_row][vc_column css=&#8221;.vc_custom_1670846690118{padding-top: 50px !important;}&#8221;][vc_single_image image=&#8221;48820&#8243; img_size=&#8221;large&#8221; alignment=&#8221;center&#8221;][\/vc_column][\/vc_row]<\/p>\n<\/div>","protected":false},"excerpt":{"rendered":"<p>[vc_row][vc_column][vc_column_text] SOLARMODULE JINKO SOLAR Tiger Pro P-Type Monofacial \/ Half Cell\u200b [\/vc_column_text][\/vc_column][\/vc_row][vc_row][vc_column][vc_column_text]Jinko Tiger Pro P-Type Monofacial\u00a0stellen eine der fortschrittlichsten Technologien auf dem Solarenergiemarkt dar. Diese Paneele bieten eine extrem hohe Leistungsabgabe und einen au\u00dfergew\u00f6hnlichen Wirkungsgrad von 21,4 %1, was sie zu einer idealen Wahl f\u00fcr die Maximierung der Kapitalrendite (IRR) und die Minimierung der Stromgestehungskosten [&hellip;]<\/p>\n","protected":false},"author":1,"featured_media":44092,"parent":42916,"menu_order":0,"comment_status":"closed","ping_status":"closed","template":"","meta":{"_joinchat":[],"footnotes":""},"class_list":["post-43347","page","type-page","status-publish","has-post-thumbnail","hentry"],"yoast_head":"<!-- This site is optimized with the Yoast SEO plugin v27.2 - https:\/\/yoast.com\/product\/yoast-seo-wordpress\/ -->\n<title>Jinko Solar Tiger Pro Monofacial | Vico Export Solar Energy<\/title>\n<meta name=\"description\" content=\"Jinko Solar Tiger Pro Monofacial, maximale Kraft, hohe Leistung und Haltbarkeit. Tiger Pro 54HC, Tiger Pro 60HC, Tiger Pro 72HC.\" \/>\n<meta name=\"robots\" content=\"index, follow, max-snippet:-1, max-image-preview:large, max-video-preview:-1\" \/>\n<link rel=\"canonical\" href=\"https:\/\/www.vicoexport.com\/de\/home-es\/solarmodule\/jinko-solar\/jinko-solar-tiger-pro-monofacial\/\" \/>\n<meta property=\"og:locale\" content=\"de_DE\" \/>\n<meta property=\"og:type\" content=\"article\" \/>\n<meta property=\"og:title\" content=\"Jinko Solar Tiger Pro Monofacial | Vico Export Solar Energy\" \/>\n<meta property=\"og:description\" content=\"Jinko Solar Tiger Pro Monofacial, maximale Kraft, hohe Leistung und Haltbarkeit. Tiger Pro 54HC, Tiger Pro 60HC, Tiger Pro 72HC.\" \/>\n<meta property=\"og:url\" content=\"https:\/\/www.vicoexport.com\/de\/home-es\/solarmodule\/jinko-solar\/jinko-solar-tiger-pro-monofacial\/\" \/>\n<meta property=\"og:site_name\" content=\"Vico Export Solar Energy\" \/>\n<meta property=\"article:publisher\" content=\"https:\/\/www.facebook.com\/vicoexport.vicoexportsolar\" \/>\n<meta property=\"article:modified_time\" content=\"2024-04-22T15:16:38+00:00\" \/>\n<meta property=\"og:image\" content=\"https:\/\/www.vicoexport.com\/wp-content\/uploads\/2023\/11\/JINKO-SOLAR-2.jpg\" \/>\n\t<meta property=\"og:image:width\" content=\"200\" \/>\n\t<meta property=\"og:image:height\" content=\"200\" \/>\n\t<meta property=\"og:image:type\" content=\"image\/jpeg\" \/>\n<meta name=\"twitter:card\" content=\"summary_large_image\" \/>\n<meta name=\"twitter:site\" content=\"@VicoExportSolar\" \/>\n<script type=\"application\/ld+json\" class=\"yoast-schema-graph\">{\"@context\":\"https:\/\/schema.org\",\"@graph\":[{\"@type\":\"WebPage\",\"@id\":\"https:\/\/www.vicoexport.com\/de\/home-es\/solarmodule\/jinko-solar\/jinko-solar-tiger-pro-monofacial\/\",\"url\":\"https:\/\/www.vicoexport.com\/de\/home-es\/solarmodule\/jinko-solar\/jinko-solar-tiger-pro-monofacial\/\",\"name\":\"Jinko Solar Tiger Pro Monofacial | Vico Export Solar Energy\",\"isPartOf\":{\"@id\":\"https:\/\/www.vicoexport.com\/#website\"},\"primaryImageOfPage\":{\"@id\":\"https:\/\/www.vicoexport.com\/de\/home-es\/solarmodule\/jinko-solar\/jinko-solar-tiger-pro-monofacial\/#primaryimage\"},\"image\":{\"@id\":\"https:\/\/www.vicoexport.com\/de\/home-es\/solarmodule\/jinko-solar\/jinko-solar-tiger-pro-monofacial\/#primaryimage\"},\"thumbnailUrl\":\"https:\/\/www.vicoexport.com\/wp-content\/uploads\/2023\/11\/JINKO-SOLAR-2.jpg\",\"datePublished\":\"2020-05-31T18:06:32+00:00\",\"dateModified\":\"2024-04-22T15:16:38+00:00\",\"description\":\"Jinko Solar Tiger Pro Monofacial, maximale Kraft, hohe Leistung und Haltbarkeit. Tiger Pro 54HC, Tiger Pro 60HC, Tiger Pro 72HC.\",\"breadcrumb\":{\"@id\":\"https:\/\/www.vicoexport.com\/de\/home-es\/solarmodule\/jinko-solar\/jinko-solar-tiger-pro-monofacial\/#breadcrumb\"},\"inLanguage\":\"de\",\"potentialAction\":[{\"@type\":\"ReadAction\",\"target\":[\"https:\/\/www.vicoexport.com\/de\/home-es\/solarmodule\/jinko-solar\/jinko-solar-tiger-pro-monofacial\/\"]}]},{\"@type\":\"ImageObject\",\"inLanguage\":\"de\",\"@id\":\"https:\/\/www.vicoexport.com\/de\/home-es\/solarmodule\/jinko-solar\/jinko-solar-tiger-pro-monofacial\/#primaryimage\",\"url\":\"https:\/\/www.vicoexport.com\/wp-content\/uploads\/2023\/11\/JINKO-SOLAR-2.jpg\",\"contentUrl\":\"https:\/\/www.vicoexport.com\/wp-content\/uploads\/2023\/11\/JINKO-SOLAR-2.jpg\",\"width\":200,\"height\":200,\"caption\":\"Jinko Solar Tiger Pro\"},{\"@type\":\"BreadcrumbList\",\"@id\":\"https:\/\/www.vicoexport.com\/de\/home-es\/solarmodule\/jinko-solar\/jinko-solar-tiger-pro-monofacial\/#breadcrumb\",\"itemListElement\":[{\"@type\":\"ListItem\",\"position\":1,\"name\":\"Portada\",\"item\":\"https:\/\/www.vicoexport.com\/de\/\"},{\"@type\":\"ListItem\",\"position\":2,\"name\":\"Inicio\",\"item\":\"https:\/\/www.vicoexport.com\/de\/\"},{\"@type\":\"ListItem\",\"position\":3,\"name\":\"Solarmodule\",\"item\":\"https:\/\/www.vicoexport.com\/de\/home-es\/solarmodule\/\"},{\"@type\":\"ListItem\",\"position\":4,\"name\":\"Jinko Solar\",\"item\":\"https:\/\/www.vicoexport.com\/de\/home-es\/solarmodule\/jinko-solar\/\"},{\"@type\":\"ListItem\",\"position\":5,\"name\":\"Jinko Solar Tiger Pro Monofacial\"}]},{\"@type\":\"WebSite\",\"@id\":\"https:\/\/www.vicoexport.com\/#website\",\"url\":\"https:\/\/www.vicoexport.com\/\",\"name\":\"Vico Export Solar Energy\",\"description\":\"Vico Export Solar Energy Distribuidor Mayorista de Paneles Solares Fotovoltaicos\",\"publisher\":{\"@id\":\"https:\/\/www.vicoexport.com\/#organization\"},\"potentialAction\":[{\"@type\":\"SearchAction\",\"target\":{\"@type\":\"EntryPoint\",\"urlTemplate\":\"https:\/\/www.vicoexport.com\/?s={search_term_string}\"},\"query-input\":{\"@type\":\"PropertyValueSpecification\",\"valueRequired\":true,\"valueName\":\"search_term_string\"}}],\"inLanguage\":\"de\"},{\"@type\":\"Organization\",\"@id\":\"https:\/\/www.vicoexport.com\/#organization\",\"name\":\"Vico Export Solar Energy\",\"url\":\"https:\/\/www.vicoexport.com\/\",\"logo\":{\"@type\":\"ImageObject\",\"inLanguage\":\"de\",\"@id\":\"https:\/\/www.vicoexport.com\/#\/schema\/logo\/image\/\",\"url\":\"https:\/\/www.vicoexport.com\/wp-content\/uploads\/2018\/02\/Vico-Export-Solar-energy.jpg\",\"contentUrl\":\"https:\/\/www.vicoexport.com\/wp-content\/uploads\/2018\/02\/Vico-Export-Solar-energy.jpg\",\"width\":1006,\"height\":1024,\"caption\":\"Vico Export Solar Energy\"},\"image\":{\"@id\":\"https:\/\/www.vicoexport.com\/#\/schema\/logo\/image\/\"},\"sameAs\":[\"https:\/\/www.facebook.com\/vicoexport.vicoexportsolar\",\"https:\/\/x.com\/VicoExportSolar\",\"https:\/\/www.instagram.com\/vico_export_solar_energy\",\"https:\/\/www.linkedin.com\/in\/vicoexport\",\"https:\/\/www.youtube.com\/user\/vicoexport\/\"]}]}<\/script>\n<!-- \/ Yoast SEO plugin. -->","yoast_head_json":{"title":"Jinko Solar Tiger Pro Monofacial | Vico Export Solar Energy","description":"Jinko Solar Tiger Pro Monofacial, maximale Kraft, hohe Leistung und Haltbarkeit. Tiger Pro 54HC, Tiger Pro 60HC, Tiger Pro 72HC.","robots":{"index":"index","follow":"follow","max-snippet":"max-snippet:-1","max-image-preview":"max-image-preview:large","max-video-preview":"max-video-preview:-1"},"canonical":"https:\/\/www.vicoexport.com\/de\/home-es\/solarmodule\/jinko-solar\/jinko-solar-tiger-pro-monofacial\/","og_locale":"de_DE","og_type":"article","og_title":"Jinko Solar Tiger Pro Monofacial | Vico Export Solar Energy","og_description":"Jinko Solar Tiger Pro Monofacial, maximale Kraft, hohe Leistung und Haltbarkeit. Tiger Pro 54HC, Tiger Pro 60HC, Tiger Pro 72HC.","og_url":"https:\/\/www.vicoexport.com\/de\/home-es\/solarmodule\/jinko-solar\/jinko-solar-tiger-pro-monofacial\/","og_site_name":"Vico Export Solar Energy","article_publisher":"https:\/\/www.facebook.com\/vicoexport.vicoexportsolar","article_modified_time":"2024-04-22T15:16:38+00:00","og_image":[{"width":200,"height":200,"url":"https:\/\/www.vicoexport.com\/wp-content\/uploads\/2023\/11\/JINKO-SOLAR-2.jpg","type":"image\/jpeg"}],"twitter_card":"summary_large_image","twitter_site":"@VicoExportSolar","schema":{"@context":"https:\/\/schema.org","@graph":[{"@type":"WebPage","@id":"https:\/\/www.vicoexport.com\/de\/home-es\/solarmodule\/jinko-solar\/jinko-solar-tiger-pro-monofacial\/","url":"https:\/\/www.vicoexport.com\/de\/home-es\/solarmodule\/jinko-solar\/jinko-solar-tiger-pro-monofacial\/","name":"Jinko Solar Tiger Pro Monofacial | Vico Export Solar Energy","isPartOf":{"@id":"https:\/\/www.vicoexport.com\/#website"},"primaryImageOfPage":{"@id":"https:\/\/www.vicoexport.com\/de\/home-es\/solarmodule\/jinko-solar\/jinko-solar-tiger-pro-monofacial\/#primaryimage"},"image":{"@id":"https:\/\/www.vicoexport.com\/de\/home-es\/solarmodule\/jinko-solar\/jinko-solar-tiger-pro-monofacial\/#primaryimage"},"thumbnailUrl":"https:\/\/www.vicoexport.com\/wp-content\/uploads\/2023\/11\/JINKO-SOLAR-2.jpg","datePublished":"2020-05-31T18:06:32+00:00","dateModified":"2024-04-22T15:16:38+00:00","description":"Jinko Solar Tiger Pro Monofacial, maximale Kraft, hohe Leistung und Haltbarkeit. Tiger Pro 54HC, Tiger Pro 60HC, Tiger Pro 72HC.","breadcrumb":{"@id":"https:\/\/www.vicoexport.com\/de\/home-es\/solarmodule\/jinko-solar\/jinko-solar-tiger-pro-monofacial\/#breadcrumb"},"inLanguage":"de","potentialAction":[{"@type":"ReadAction","target":["https:\/\/www.vicoexport.com\/de\/home-es\/solarmodule\/jinko-solar\/jinko-solar-tiger-pro-monofacial\/"]}]},{"@type":"ImageObject","inLanguage":"de","@id":"https:\/\/www.vicoexport.com\/de\/home-es\/solarmodule\/jinko-solar\/jinko-solar-tiger-pro-monofacial\/#primaryimage","url":"https:\/\/www.vicoexport.com\/wp-content\/uploads\/2023\/11\/JINKO-SOLAR-2.jpg","contentUrl":"https:\/\/www.vicoexport.com\/wp-content\/uploads\/2023\/11\/JINKO-SOLAR-2.jpg","width":200,"height":200,"caption":"Jinko Solar Tiger Pro"},{"@type":"BreadcrumbList","@id":"https:\/\/www.vicoexport.com\/de\/home-es\/solarmodule\/jinko-solar\/jinko-solar-tiger-pro-monofacial\/#breadcrumb","itemListElement":[{"@type":"ListItem","position":1,"name":"Portada","item":"https:\/\/www.vicoexport.com\/de\/"},{"@type":"ListItem","position":2,"name":"Inicio","item":"https:\/\/www.vicoexport.com\/de\/"},{"@type":"ListItem","position":3,"name":"Solarmodule","item":"https:\/\/www.vicoexport.com\/de\/home-es\/solarmodule\/"},{"@type":"ListItem","position":4,"name":"Jinko Solar","item":"https:\/\/www.vicoexport.com\/de\/home-es\/solarmodule\/jinko-solar\/"},{"@type":"ListItem","position":5,"name":"Jinko Solar Tiger Pro Monofacial"}]},{"@type":"WebSite","@id":"https:\/\/www.vicoexport.com\/#website","url":"https:\/\/www.vicoexport.com\/","name":"Vico Export Solar Energy","description":"Vico Export Solar Energy Distribuidor Mayorista de Paneles Solares Fotovoltaicos","publisher":{"@id":"https:\/\/www.vicoexport.com\/#organization"},"potentialAction":[{"@type":"SearchAction","target":{"@type":"EntryPoint","urlTemplate":"https:\/\/www.vicoexport.com\/?s={search_term_string}"},"query-input":{"@type":"PropertyValueSpecification","valueRequired":true,"valueName":"search_term_string"}}],"inLanguage":"de"},{"@type":"Organization","@id":"https:\/\/www.vicoexport.com\/#organization","name":"Vico Export Solar Energy","url":"https:\/\/www.vicoexport.com\/","logo":{"@type":"ImageObject","inLanguage":"de","@id":"https:\/\/www.vicoexport.com\/#\/schema\/logo\/image\/","url":"https:\/\/www.vicoexport.com\/wp-content\/uploads\/2018\/02\/Vico-Export-Solar-energy.jpg","contentUrl":"https:\/\/www.vicoexport.com\/wp-content\/uploads\/2018\/02\/Vico-Export-Solar-energy.jpg","width":1006,"height":1024,"caption":"Vico Export Solar Energy"},"image":{"@id":"https:\/\/www.vicoexport.com\/#\/schema\/logo\/image\/"},"sameAs":["https:\/\/www.facebook.com\/vicoexport.vicoexportsolar","https:\/\/x.com\/VicoExportSolar","https:\/\/www.instagram.com\/vico_export_solar_energy","https:\/\/www.linkedin.com\/in\/vicoexport","https:\/\/www.youtube.com\/user\/vicoexport\/"]}]}},"_links":{"self":[{"href":"https:\/\/www.vicoexport.com\/de\/wp-json\/wp\/v2\/pages\/43347","targetHints":{"allow":["GET"]}}],"collection":[{"href":"https:\/\/www.vicoexport.com\/de\/wp-json\/wp\/v2\/pages"}],"about":[{"href":"https:\/\/www.vicoexport.com\/de\/wp-json\/wp\/v2\/types\/page"}],"author":[{"embeddable":true,"href":"https:\/\/www.vicoexport.com\/de\/wp-json\/wp\/v2\/users\/1"}],"replies":[{"embeddable":true,"href":"https:\/\/www.vicoexport.com\/de\/wp-json\/wp\/v2\/comments?post=43347"}],"version-history":[{"count":0,"href":"https:\/\/www.vicoexport.com\/de\/wp-json\/wp\/v2\/pages\/43347\/revisions"}],"up":[{"embeddable":true,"href":"https:\/\/www.vicoexport.com\/de\/wp-json\/wp\/v2\/pages\/42916"}],"wp:featuredmedia":[{"embeddable":true,"href":"https:\/\/www.vicoexport.com\/de\/wp-json\/wp\/v2\/media\/44092"}],"wp:attachment":[{"href":"https:\/\/www.vicoexport.com\/de\/wp-json\/wp\/v2\/media?parent=43347"}],"curies":[{"name":"wp","href":"https:\/\/api.w.org\/{rel}","templated":true}]}}