{"id":43354,"date":"2018-10-15T16:01:56","date_gmt":"2018-10-15T16:01:56","guid":{"rendered":"https:\/\/www.vicoexport.com\/paneles-solares-eagle-policristalino\/"},"modified":"2023-09-28T17:07:09","modified_gmt":"2023-09-28T15:07:09","slug":"jinko-solar-polykristallin","status":"publish","type":"page","link":"https:\/\/www.vicoexport.com\/de\/home-es\/solarmodule\/jinko-solar\/jinko-solar-polykristallin\/","title":{"rendered":"Jinko Solar Polykristallin"},"content":{"rendered":"<div class=\"wpb-content-wrapper\"><p>[vc_row][vc_column][vc_column_text]<\/p>\n<h3 style=\"text-align: center;\"><img loading=\"lazy\" decoding=\"async\" class=\"aligncenter\" src=\"https:\/\/www.vicoexport.com\/wp-content\/uploads\/2018\/02\/jinko-solar-vico-export-solar-energy-300x186.png\" sizes=\"auto, (max-width: 300px) 100vw, 300px\" srcset=\"https:\/\/www.vicoexport.com\/wp-content\/uploads\/2018\/02\/jinko-solar-vico-export-solar-energy-300x186.png 300w, https:\/\/www.vicoexport.com\/wp-content\/uploads\/2018\/02\/jinko-solar-vico-export-solar-energy-e1519419192663.png 100w\" alt=\"\" width=\"277\" height=\"172\" \/><b><\/b><span style=\"color: #559198;\"><b>Paneles Solares Eagle Policristalino PERC<\/b><\/span><\/h3>\n<p>[\/vc_column_text][vc_column_text]Los paneles solares <strong>Eagle Policristalino PERC<\/strong> de <a href=\"https:\/\/www.jinkosolar.com\/en\/\">Jinko Solar<\/a> son una tecnolog\u00eda avanzada en paneles solares fotovoltaicos. Los paneles solares PERC (Passivated Emitter Rear Cell) utilizan una capa de pasivaci\u00f3n en la parte trasera de la celda para evitar la recombinaci\u00f3n de los iones solares, lo que aumenta la eficiencia de conversi\u00f3n de energ\u00eda y reduce las p\u00e9rdidas de energ\u00eda. Esta tecnolog\u00eda permite que los paneles solares produzcan m\u00e1s energ\u00eda por unidad de \u00e1rea y sean m\u00e1s eficientes que los paneles solares convencionales.<\/p>\n<p>Adem\u00e1s, los paneles solares Eagle Policristalino PERC est\u00e1n dise\u00f1ados con materiales de alta calidad, lo que los hace resistentes a la intemperie y duraderos. La tecnolog\u00eda PERC tambi\u00e9n reduce la degradaci\u00f3n de la energ\u00eda a lo largo del tiempo, lo que significa que se mantendr\u00e1n eficientes durante gran parte de su vida \u00fatil.<\/p>\n<p>En general, estos paneles son una excelente opci\u00f3n para aquellos que desean invertir en paneles solares que son altamente eficientes, duraderos y resistentes a la intemperie. Adem\u00e1s, su tecnolog\u00eda avanzada garantiza un alto rendimiento y una tasa de conversi\u00f3n de energ\u00eda \u00f3ptima.[\/vc_column_text][\/vc_column][\/vc_row][vc_row][vc_column width=&#8221;1\/3&#8243;][vc_single_image image=&#8221;5793&#8243; img_size=&#8221;large&#8221; alignment=&#8221;center&#8221;][\/vc_column][vc_column width=&#8221;1\/3&#8243;][vc_column_text]<\/p>\n<h4><span style=\"color: #559198;\"><strong><a style=\"color: #559198;\">265- 285 w 60 c\u00e9lulas 1000 V<\/a><\/strong><\/span><\/h4>\n<ul>\n<li><a href=\"https:\/\/www.vicoexport.com\/wp-content\/uploads\/2019\/12\/Eagle-JKM265-285PP-60-A2-EN-Vico-Export-Solar-Energy.pdf\" target=\"_blank\" rel=\"noopener\">JKM265PP-60<\/a><\/li>\n<li><a href=\"https:\/\/www.vicoexport.com\/wp-content\/uploads\/2019\/12\/Eagle-JKM265-285PP-60-A2-EN-Vico-Export-Solar-Energy.pdf\" target=\"_blank\" rel=\"noopener\">JKM270PP-60<\/a><\/li>\n<li><a href=\"https:\/\/www.vicoexport.com\/wp-content\/uploads\/2019\/12\/Eagle-JKM265-285PP-60-A2-EN-Vico-Export-Solar-Energy.pdf\" target=\"_blank\" rel=\"noopener\">JKM275PP-60<\/a><\/li>\n<li><a href=\"https:\/\/www.vicoexport.com\/wp-content\/uploads\/2019\/12\/Eagle-JKM265-285PP-60-A2-EN-Vico-Export-Solar-Energy.pdf\" target=\"_blank\" rel=\"noopener\">JKM280PP-60<\/a><\/li>\n<li><a href=\"https:\/\/www.vicoexport.com\/wp-content\/uploads\/2019\/12\/Eagle-JKM265-285PP-60-A2-EN-Vico-Export-Solar-Energy.pdf\" target=\"_blank\" rel=\"noopener\">JKM285PP-60<\/a><\/li>\n<\/ul>\n<p>[\/vc_column_text][vc_column_text]<\/p>\n<h4><span style=\"color: #559198;\"><strong><a style=\"color: #559198;\">320- 340 w 72 c\u00e9lulas 1000 V<\/a><\/strong><\/span><\/h4>\n<ul>\n<li><a href=\"https:\/\/www.vicoexport.com\/wp-content\/uploads\/2019\/12\/Eagle-JKM320-340PP-72-A2-EN-Vico-Export-Solar-Energy.pdf\" target=\"_blank\" rel=\"noopener\">JKM320PP-72<\/a><\/li>\n<li><a href=\"https:\/\/www.vicoexport.com\/wp-content\/uploads\/2019\/12\/Eagle-JKM320-340PP-72-A2-EN-Vico-Export-Solar-Energy.pdf\" target=\"_blank\" rel=\"noopener\">JKM325PP-72<\/a><\/li>\n<li><a href=\"https:\/\/www.vicoexport.com\/wp-content\/uploads\/2019\/12\/Eagle-JKM320-340PP-72-A2-EN-Vico-Export-Solar-Energy.pdf\">JKM330PP-72<\/a><\/li>\n<li><a href=\"https:\/\/www.vicoexport.com\/wp-content\/uploads\/2019\/12\/Eagle-JKM320-340PP-72-A2-EN-Vico-Export-Solar-Energy.pdf\" target=\"_blank\" rel=\"noopener\">JKM335PP-72<\/a><\/li>\n<li><a href=\"https:\/\/www.vicoexport.com\/wp-content\/uploads\/2019\/12\/Eagle-JKM320-340PP-72-A2-EN-Vico-Export-Solar-Energy.pdf\" target=\"_blank\" rel=\"noopener\">JKM340PP-72<\/a><\/li>\n<\/ul>\n<p>[\/vc_column_text][\/vc_column][vc_column width=&#8221;1\/3&#8243;][vc_column_text]<\/p>\n<h4><span style=\"color: #559198;\"><strong><a style=\"color: #559198;\">265-285 w 60 c\u00e9lulas 1500 V<\/a><\/strong><\/span><\/h4>\n<ul>\n<li><a href=\"https:\/\/www.vicoexport.com\/wp-content\/uploads\/2019\/12\/Eagle-JKM265-285PP-60-V-A2-EN-Vico-Export-Solar-Energy.pdf\" target=\"_blank\" rel=\"noopener\">JKM265PP-60-V<\/a><\/li>\n<li><a href=\"https:\/\/www.vicoexport.com\/wp-content\/uploads\/2019\/12\/Eagle-JKM265-285PP-60-V-A2-EN-Vico-Export-Solar-Energy.pdf\" target=\"_blank\" rel=\"noopener\">JKM270PP-60-V<\/a><\/li>\n<li><a href=\"https:\/\/www.vicoexport.com\/wp-content\/uploads\/2019\/12\/Eagle-JKM265-285PP-60-V-A2-EN-Vico-Export-Solar-Energy.pdf\" target=\"_blank\" rel=\"noopener\">JKM275PP-60-V<\/a><\/li>\n<li><a href=\"https:\/\/www.vicoexport.com\/wp-content\/uploads\/2019\/12\/Eagle-JKM265-285PP-60-V-A2-EN-Vico-Export-Solar-Energy.pdf\">JKM280PP-60-V<\/a><\/li>\n<li><a href=\"https:\/\/www.vicoexport.com\/wp-content\/uploads\/2019\/12\/Eagle-JKM265-285PP-60-V-A2-EN-Vico-Export-Solar-Energy.pdf\" target=\"_blank\" rel=\"noopener\">JKM285PP-60-V<\/a><\/li>\n<\/ul>\n<p>[\/vc_column_text][vc_column_text]<\/p>\n<h4><span style=\"color: #559198;\"><strong><a style=\"color: #559198;\">320- 340 w 72 c\u00e9lulas 1500 V<\/a><\/strong><\/span><\/h4>\n<ul>\n<li><a href=\"https:\/\/www.vicoexport.com\/wp-content\/uploads\/2019\/12\/Eagle-JKM320-340PP-72-V-A2-EN-Vico-Export-Solar-Energy.pdf\" target=\"_blank\" rel=\"noopener\">JKM320PP-72-V<\/a><\/li>\n<li><a href=\"https:\/\/www.vicoexport.com\/wp-content\/uploads\/2019\/12\/Eagle-JKM320-340PP-72-V-A2-EN-Vico-Export-Solar-Energy.pdf\" target=\"_blank\" rel=\"noopener\">JKM325PP-72-V<\/a><\/li>\n<li><a href=\"https:\/\/www.vicoexport.com\/wp-content\/uploads\/2019\/12\/Eagle-JKM320-340PP-72-V-A2-EN-Vico-Export-Solar-Energy.pdf\" target=\"_blank\" rel=\"noopener\">JKM330PP-72-V<\/a><\/li>\n<li><a href=\"https:\/\/www.vicoexport.com\/wp-content\/uploads\/2019\/12\/Eagle-JKM320-340PP-72-V-A2-EN-Vico-Export-Solar-Energy.pdf\" target=\"_blank\" rel=\"noopener\">JKM335PP-72-V<\/a><\/li>\n<li><a href=\"https:\/\/www.vicoexport.com\/wp-content\/uploads\/2019\/12\/Eagle-JKM320-340PP-72-V-A2-EN-Vico-Export-Solar-Energy.pdf\" target=\"_blank\" rel=\"noopener\">JKM340PP-72-V<\/a><\/li>\n<\/ul>\n<p>[\/vc_column_text][\/vc_column][\/vc_row]<\/p>\n<\/div>","protected":false},"excerpt":{"rendered":"<p>[vc_row][vc_column][vc_column_text] Paneles Solares Eagle Policristalino PERC [\/vc_column_text][vc_column_text]Los paneles solares Eagle Policristalino PERC de Jinko Solar son una tecnolog\u00eda avanzada en paneles solares fotovoltaicos. Los paneles solares PERC (Passivated Emitter Rear Cell) utilizan una capa de pasivaci\u00f3n en la parte trasera de la celda para evitar la recombinaci\u00f3n de los iones solares, lo que aumenta la [&hellip;]<\/p>\n","protected":false},"author":1,"featured_media":43355,"parent":42916,"menu_order":24,"comment_status":"closed","ping_status":"closed","template":"","meta":{"_joinchat":[],"footnotes":""},"class_list":["post-43354","page","type-page","status-publish","has-post-thumbnail","hentry"],"yoast_head":"<!-- This site is optimized with the Yoast SEO plugin v27.2 - https:\/\/yoast.com\/product\/yoast-seo-wordpress\/ -->\n<title>Jinko Solar Polykristallin | Vico Export Solar Energy<\/title>\n<meta name=\"description\" content=\"Eagle Polykristalline PERC-Solarmodule von Jinko Solar. Eagle 60P 265\u2013285W, Eagle 60P-V 265\u2013285W, Eagle 72P 320\u2013340W, Eagle 72P-V 320\u2013340W.\" \/>\n<meta name=\"robots\" content=\"index, follow, max-snippet:-1, max-image-preview:large, max-video-preview:-1\" \/>\n<link rel=\"canonical\" href=\"https:\/\/www.vicoexport.com\/de\/jinko-solar-polykristallin\/\" \/>\n<meta property=\"og:locale\" content=\"de_DE\" \/>\n<meta property=\"og:type\" content=\"article\" \/>\n<meta property=\"og:title\" content=\"Jinko Solar Polykristallin | Vico Export Solar Energy\" \/>\n<meta property=\"og:description\" content=\"Eagle Polykristalline PERC-Solarmodule von Jinko Solar. Eagle 60P 265\u2013285W, Eagle 60P-V 265\u2013285W, Eagle 72P 320\u2013340W, Eagle 72P-V 320\u2013340W.\" \/>\n<meta property=\"og:url\" content=\"https:\/\/www.vicoexport.com\/de\/jinko-solar-polykristallin\/\" \/>\n<meta property=\"og:site_name\" content=\"Vico Export Solar Energy\" \/>\n<meta property=\"article:publisher\" content=\"https:\/\/www.facebook.com\/vicoexport.vicoexportsolar\" \/>\n<meta property=\"article:modified_time\" content=\"2023-09-28T15:07:09+00:00\" \/>\n<meta property=\"og:image\" content=\"https:\/\/www.vicoexport.com\/wp-content\/uploads\/2023\/03\/Jinko-solar-Paneles-Solares-Eagle-Policristalino-vico-export-solar-energy.jpg\" \/>\n\t<meta property=\"og:image:width\" content=\"240\" \/>\n\t<meta property=\"og:image:height\" content=\"300\" \/>\n\t<meta property=\"og:image:type\" content=\"image\/jpeg\" \/>\n<meta name=\"twitter:card\" content=\"summary_large_image\" \/>\n<meta name=\"twitter:site\" content=\"@VicoExportSolar\" \/>\n<script type=\"application\/ld+json\" class=\"yoast-schema-graph\">{\"@context\":\"https:\/\/schema.org\",\"@graph\":[{\"@type\":\"WebPage\",\"@id\":\"https:\/\/www.vicoexport.com\/de\/jinko-solar-polykristallin\/\",\"url\":\"https:\/\/www.vicoexport.com\/de\/jinko-solar-polykristallin\/\",\"name\":\"Jinko Solar Polykristallin | Vico Export Solar Energy\",\"isPartOf\":{\"@id\":\"https:\/\/www.vicoexport.com\/#website\"},\"primaryImageOfPage\":{\"@id\":\"https:\/\/www.vicoexport.com\/de\/jinko-solar-polykristallin\/#primaryimage\"},\"image\":{\"@id\":\"https:\/\/www.vicoexport.com\/de\/jinko-solar-polykristallin\/#primaryimage\"},\"thumbnailUrl\":\"https:\/\/www.vicoexport.com\/wp-content\/uploads\/2023\/03\/Jinko-solar-Paneles-Solares-Eagle-Policristalino-vico-export-solar-energy.jpg\",\"datePublished\":\"2018-10-15T16:01:56+00:00\",\"dateModified\":\"2023-09-28T15:07:09+00:00\",\"description\":\"Eagle Polykristalline PERC-Solarmodule von Jinko Solar. Eagle 60P 265\u2013285W, Eagle 60P-V 265\u2013285W, Eagle 72P 320\u2013340W, Eagle 72P-V 320\u2013340W.\",\"breadcrumb\":{\"@id\":\"https:\/\/www.vicoexport.com\/de\/jinko-solar-polykristallin\/#breadcrumb\"},\"inLanguage\":\"de\",\"potentialAction\":[{\"@type\":\"ReadAction\",\"target\":[\"https:\/\/www.vicoexport.com\/de\/jinko-solar-polykristallin\/\"]}]},{\"@type\":\"ImageObject\",\"inLanguage\":\"de\",\"@id\":\"https:\/\/www.vicoexport.com\/de\/jinko-solar-polykristallin\/#primaryimage\",\"url\":\"https:\/\/www.vicoexport.com\/wp-content\/uploads\/2023\/03\/Jinko-solar-Paneles-Solares-Eagle-Policristalino-vico-export-solar-energy.jpg\",\"contentUrl\":\"https:\/\/www.vicoexport.com\/wp-content\/uploads\/2023\/03\/Jinko-solar-Paneles-Solares-Eagle-Policristalino-vico-export-solar-energy.jpg\",\"width\":240,\"height\":300},{\"@type\":\"BreadcrumbList\",\"@id\":\"https:\/\/www.vicoexport.com\/de\/jinko-solar-polykristallin\/#breadcrumb\",\"itemListElement\":[{\"@type\":\"ListItem\",\"position\":1,\"name\":\"Portada\",\"item\":\"https:\/\/www.vicoexport.com\/de\/\"},{\"@type\":\"ListItem\",\"position\":2,\"name\":\"Jinko Solar Polykristallin\"}]},{\"@type\":\"WebSite\",\"@id\":\"https:\/\/www.vicoexport.com\/#website\",\"url\":\"https:\/\/www.vicoexport.com\/\",\"name\":\"Vico Export Solar Energy\",\"description\":\"Vico Export Solar Energy Distribuidor Mayorista de Paneles Solares Fotovoltaicos\",\"publisher\":{\"@id\":\"https:\/\/www.vicoexport.com\/#organization\"},\"potentialAction\":[{\"@type\":\"SearchAction\",\"target\":{\"@type\":\"EntryPoint\",\"urlTemplate\":\"https:\/\/www.vicoexport.com\/?s={search_term_string}\"},\"query-input\":{\"@type\":\"PropertyValueSpecification\",\"valueRequired\":true,\"valueName\":\"search_term_string\"}}],\"inLanguage\":\"de\"},{\"@type\":\"Organization\",\"@id\":\"https:\/\/www.vicoexport.com\/#organization\",\"name\":\"Vico Export Solar Energy\",\"url\":\"https:\/\/www.vicoexport.com\/\",\"logo\":{\"@type\":\"ImageObject\",\"inLanguage\":\"de\",\"@id\":\"https:\/\/www.vicoexport.com\/#\/schema\/logo\/image\/\",\"url\":\"https:\/\/www.vicoexport.com\/wp-content\/uploads\/2018\/02\/Vico-Export-Solar-energy.jpg\",\"contentUrl\":\"https:\/\/www.vicoexport.com\/wp-content\/uploads\/2018\/02\/Vico-Export-Solar-energy.jpg\",\"width\":1006,\"height\":1024,\"caption\":\"Vico Export Solar Energy\"},\"image\":{\"@id\":\"https:\/\/www.vicoexport.com\/#\/schema\/logo\/image\/\"},\"sameAs\":[\"https:\/\/www.facebook.com\/vicoexport.vicoexportsolar\",\"https:\/\/x.com\/VicoExportSolar\",\"https:\/\/www.instagram.com\/vico_export_solar_energy\",\"https:\/\/www.linkedin.com\/in\/vicoexport\",\"https:\/\/www.youtube.com\/user\/vicoexport\/\"]}]}<\/script>\n<!-- \/ Yoast SEO plugin. -->","yoast_head_json":{"title":"Jinko Solar Polykristallin | Vico Export Solar Energy","description":"Eagle Polykristalline PERC-Solarmodule von Jinko Solar. Eagle 60P 265\u2013285W, Eagle 60P-V 265\u2013285W, Eagle 72P 320\u2013340W, Eagle 72P-V 320\u2013340W.","robots":{"index":"index","follow":"follow","max-snippet":"max-snippet:-1","max-image-preview":"max-image-preview:large","max-video-preview":"max-video-preview:-1"},"canonical":"https:\/\/www.vicoexport.com\/de\/jinko-solar-polykristallin\/","og_locale":"de_DE","og_type":"article","og_title":"Jinko Solar Polykristallin | Vico Export Solar Energy","og_description":"Eagle Polykristalline PERC-Solarmodule von Jinko Solar. Eagle 60P 265\u2013285W, Eagle 60P-V 265\u2013285W, Eagle 72P 320\u2013340W, Eagle 72P-V 320\u2013340W.","og_url":"https:\/\/www.vicoexport.com\/de\/jinko-solar-polykristallin\/","og_site_name":"Vico Export Solar Energy","article_publisher":"https:\/\/www.facebook.com\/vicoexport.vicoexportsolar","article_modified_time":"2023-09-28T15:07:09+00:00","og_image":[{"width":240,"height":300,"url":"https:\/\/www.vicoexport.com\/wp-content\/uploads\/2023\/03\/Jinko-solar-Paneles-Solares-Eagle-Policristalino-vico-export-solar-energy.jpg","type":"image\/jpeg"}],"twitter_card":"summary_large_image","twitter_site":"@VicoExportSolar","schema":{"@context":"https:\/\/schema.org","@graph":[{"@type":"WebPage","@id":"https:\/\/www.vicoexport.com\/de\/jinko-solar-polykristallin\/","url":"https:\/\/www.vicoexport.com\/de\/jinko-solar-polykristallin\/","name":"Jinko Solar Polykristallin | Vico Export Solar Energy","isPartOf":{"@id":"https:\/\/www.vicoexport.com\/#website"},"primaryImageOfPage":{"@id":"https:\/\/www.vicoexport.com\/de\/jinko-solar-polykristallin\/#primaryimage"},"image":{"@id":"https:\/\/www.vicoexport.com\/de\/jinko-solar-polykristallin\/#primaryimage"},"thumbnailUrl":"https:\/\/www.vicoexport.com\/wp-content\/uploads\/2023\/03\/Jinko-solar-Paneles-Solares-Eagle-Policristalino-vico-export-solar-energy.jpg","datePublished":"2018-10-15T16:01:56+00:00","dateModified":"2023-09-28T15:07:09+00:00","description":"Eagle Polykristalline PERC-Solarmodule von Jinko Solar. Eagle 60P 265\u2013285W, Eagle 60P-V 265\u2013285W, Eagle 72P 320\u2013340W, Eagle 72P-V 320\u2013340W.","breadcrumb":{"@id":"https:\/\/www.vicoexport.com\/de\/jinko-solar-polykristallin\/#breadcrumb"},"inLanguage":"de","potentialAction":[{"@type":"ReadAction","target":["https:\/\/www.vicoexport.com\/de\/jinko-solar-polykristallin\/"]}]},{"@type":"ImageObject","inLanguage":"de","@id":"https:\/\/www.vicoexport.com\/de\/jinko-solar-polykristallin\/#primaryimage","url":"https:\/\/www.vicoexport.com\/wp-content\/uploads\/2023\/03\/Jinko-solar-Paneles-Solares-Eagle-Policristalino-vico-export-solar-energy.jpg","contentUrl":"https:\/\/www.vicoexport.com\/wp-content\/uploads\/2023\/03\/Jinko-solar-Paneles-Solares-Eagle-Policristalino-vico-export-solar-energy.jpg","width":240,"height":300},{"@type":"BreadcrumbList","@id":"https:\/\/www.vicoexport.com\/de\/jinko-solar-polykristallin\/#breadcrumb","itemListElement":[{"@type":"ListItem","position":1,"name":"Portada","item":"https:\/\/www.vicoexport.com\/de\/"},{"@type":"ListItem","position":2,"name":"Jinko Solar Polykristallin"}]},{"@type":"WebSite","@id":"https:\/\/www.vicoexport.com\/#website","url":"https:\/\/www.vicoexport.com\/","name":"Vico Export Solar Energy","description":"Vico Export Solar Energy Distribuidor Mayorista de Paneles Solares Fotovoltaicos","publisher":{"@id":"https:\/\/www.vicoexport.com\/#organization"},"potentialAction":[{"@type":"SearchAction","target":{"@type":"EntryPoint","urlTemplate":"https:\/\/www.vicoexport.com\/?s={search_term_string}"},"query-input":{"@type":"PropertyValueSpecification","valueRequired":true,"valueName":"search_term_string"}}],"inLanguage":"de"},{"@type":"Organization","@id":"https:\/\/www.vicoexport.com\/#organization","name":"Vico Export Solar Energy","url":"https:\/\/www.vicoexport.com\/","logo":{"@type":"ImageObject","inLanguage":"de","@id":"https:\/\/www.vicoexport.com\/#\/schema\/logo\/image\/","url":"https:\/\/www.vicoexport.com\/wp-content\/uploads\/2018\/02\/Vico-Export-Solar-energy.jpg","contentUrl":"https:\/\/www.vicoexport.com\/wp-content\/uploads\/2018\/02\/Vico-Export-Solar-energy.jpg","width":1006,"height":1024,"caption":"Vico Export Solar Energy"},"image":{"@id":"https:\/\/www.vicoexport.com\/#\/schema\/logo\/image\/"},"sameAs":["https:\/\/www.facebook.com\/vicoexport.vicoexportsolar","https:\/\/x.com\/VicoExportSolar","https:\/\/www.instagram.com\/vico_export_solar_energy","https:\/\/www.linkedin.com\/in\/vicoexport","https:\/\/www.youtube.com\/user\/vicoexport\/"]}]}},"_links":{"self":[{"href":"https:\/\/www.vicoexport.com\/de\/wp-json\/wp\/v2\/pages\/43354","targetHints":{"allow":["GET"]}}],"collection":[{"href":"https:\/\/www.vicoexport.com\/de\/wp-json\/wp\/v2\/pages"}],"about":[{"href":"https:\/\/www.vicoexport.com\/de\/wp-json\/wp\/v2\/types\/page"}],"author":[{"embeddable":true,"href":"https:\/\/www.vicoexport.com\/de\/wp-json\/wp\/v2\/users\/1"}],"replies":[{"embeddable":true,"href":"https:\/\/www.vicoexport.com\/de\/wp-json\/wp\/v2\/comments?post=43354"}],"version-history":[{"count":0,"href":"https:\/\/www.vicoexport.com\/de\/wp-json\/wp\/v2\/pages\/43354\/revisions"}],"up":[{"embeddable":true,"href":"https:\/\/www.vicoexport.com\/de\/wp-json\/wp\/v2\/pages\/42916"}],"wp:featuredmedia":[{"embeddable":true,"href":"https:\/\/www.vicoexport.com\/de\/wp-json\/wp\/v2\/media\/43355"}],"wp:attachment":[{"href":"https:\/\/www.vicoexport.com\/de\/wp-json\/wp\/v2\/media?parent=43354"}],"curies":[{"name":"wp","href":"https:\/\/api.w.org\/{rel}","templated":true}]}}