{"id":43421,"date":"2019-04-15T16:09:28","date_gmt":"2019-04-15T16:09:28","guid":{"rendered":"https:\/\/www.vicoexport.com\/home\/solarmodulen\/iberian-solar-solarmodule\/iberian-solar-monocristalinos\/"},"modified":"2023-09-29T14:04:04","modified_gmt":"2023-09-29T12:04:04","slug":"monokristallin-iberian-solar","status":"publish","type":"page","link":"https:\/\/www.vicoexport.com\/de\/home-es\/solarmodule\/iberian-solar-solarmodule\/monokristallin-iberian-solar\/","title":{"rendered":"Iberian Solar Monokristallin"},"content":{"rendered":"<div class=\"wpb-content-wrapper\"><p>[vc_row][vc_column][vc_single_image image=&#8221;39593&#8243; img_size=&#8221;450&#215;150&#8243; alignment=&#8221;center&#8221;][vc_column_text]<a href=\"https:\/\/www.iberiansolar.com\/\">Iberian Solar<\/a>, ein Hersteller von Solarmodulen mit Sitz in Spanien. Die monokristallinen Module von Iberian Solar werden mit einem hohen Wirkungsgrad und hochwertigen monokristallinen Solarzellen f\u00fcr optimale Leistung und lange Lebensdauer hergestellt.<\/p>\n<p>Diese Solarmodule sind ideal f\u00fcr den Einbau in Photovoltaikanlagen jeder Gr\u00f6\u00dfe, sowohl in Privath\u00e4usern als auch in gewerblichen und industriellen Anlagen. Ihr \u00e4sthetisches und elegantes Design macht sie au\u00dferdem zu einer guten Wahl f\u00fcr architektonische Projekte, bei denen eine unauff\u00e4llige visuelle Integration erforderlich ist.<\/p>\n<p>Einer der Hauptvorteile dieser Paneele ist ihre hohe Energieeffizienz, dank ihrer monokristallinen Solarzellentechnologie, die eine gr\u00f6\u00dfere Erfassung der Sonnenenergie und somit eine gr\u00f6\u00dfere Produktion von elektrischer Energie erm\u00f6glicht. Dar\u00fcber hinaus verf\u00fcgt die Marke Iberian Solar \u00fcber umfangreiche Erfahrungen in diesem Bereich und bietet Qualit\u00e4ts- und Leistungsgarantien f\u00fcr alle Produkte.<\/p>\n<p>Kurzum, die monokristallinen Paneele von Iberian Solar sind eine ausgezeichnete Wahl f\u00fcr alle, die eine effiziente, dauerhafte und \u00e4sthetisch ansprechende L\u00f6sung f\u00fcr die Erzeugung sauberer, erneuerbarer Energie aus der Sonne suchen.[\/vc_column_text][\/vc_column][\/vc_row][vc_row][vc_column][vc_column_text css=&#8221;.vc_custom_1695988661338{padding-bottom: 5px !important;}&#8221;]<\/p>\n<h4 style=\"text-align: center;\"><strong>Iberian Solar Spanische Marken-Photovoltaik-Solarmodule mit monokristallinen Zellen.<\/strong><\/h4>\n<p>[\/vc_column_text][vc_column_text css=&#8221;.vc_custom_1695988641067{padding-bottom: 25px !important;}&#8221;]<\/p>\n<h4 style=\"text-align: center;\"><strong>Technisches Datenblatt<br \/>\n<\/strong><\/h4>\n<p>[\/vc_column_text][\/vc_column][\/vc_row][vc_row][vc_column width=&#8221;1\/4&#8243;][vc_column_text]<\/p>\n<h4 style=\"text-align: center;\"><strong>IBS108M\u00a0<\/strong><\/h4>\n<p style=\"text-align: center;\"><a href=\"https:\/\/www.vicoexport.com\/wp-content\/uploads\/2023\/01\/IBS108M2AB-410W-All-Black-30MM-V.07p_12_25_VICO_EXPORT_SOLAR_ENERGY.pdf\">Iberian Solar All Black 410W<\/a><\/p>\n<p>[\/vc_column_text][\/vc_column][vc_column width=&#8221;1\/4&#8243;][vc_column_text]<\/p>\n<h4 style=\"text-align: center;\"><strong>IBS114M<\/strong><\/h4>\n<p style=\"text-align: center;\"><a href=\"https:\/\/www.vicoexport.com\/wp-content\/uploads\/2020\/08\/Iberian-Solar-IBS144M-430W-435W-440W-445W-450W-Mono-144-cells-40mm_v7.0a_12_25_EN.pdf\" target=\"_blank\" rel=\"noopener noreferrer\">Iberian Solar IBS144M 435w<\/a><\/p>\n<p style=\"text-align: center;\"><a href=\"https:\/\/www.vicoexport.com\/wp-content\/uploads\/2020\/08\/Iberian-Solar-IBS144M-430W-435W-440W-445W-450W-Mono-144-cells-40mm_v7.0a_12_25_EN.pdf\" target=\"_blank\" rel=\"noopener noreferrer\">Iberian Solar IBS144M 440w<\/a><\/p>\n<p style=\"text-align: center;\"><a href=\"https:\/\/www.vicoexport.com\/wp-content\/uploads\/2020\/08\/Iberian-Solar-IBS144M-430W-435W-440W-445W-450W-Mono-144-cells-40mm_v7.0a_12_25_EN.pdf\" target=\"_blank\" rel=\"noopener noreferrer\">Iberian Solar IBS144M 445w<\/a><\/p>\n<p style=\"text-align: center;\"><a href=\"https:\/\/www.vicoexport.com\/wp-content\/uploads\/2022\/03\/Iberian-Solar-IBS144M450BF-450W-Mono-Black-Frame-44-cells-35mm_v7.0a_12_25.pdf\" target=\"_blank\" rel=\"noopener noreferrer\">Iberian Solar IBS144M Black Frame 450w<\/a><\/p>\n<p style=\"text-align: center;\"><a href=\"https:\/\/www.vicoexport.com\/wp-content\/uploads\/2023\/01\/IBS144MBF-460W-Mono-Black-Frame-30mm-v7.0p_12_25_VICO_EXPORT_SOLAR_ENERGY.pdf\" target=\"_blank\" rel=\"noopener noreferrer\">Iberian Solar IBS144M Black Frame 460w<\/a><\/p>\n<p style=\"text-align: center;\"><a href=\"https:\/\/www.vicoexport.com\/wp-content\/uploads\/2022\/11\/Iberian-Solar-IBS144MBF-540W-545W-550W-Mono-Black-Frame-35mm-v7.0a_12_25-Vico_Export_Solar_Energy.pdf\" target=\"_blank\" rel=\"noopener\">Iberian Solar IBS144M Black Frame 540w<\/a><\/p>\n<p style=\"text-align: center;\"><a href=\"https:\/\/www.vicoexport.com\/wp-content\/uploads\/2022\/11\/Iberian-Solar-IBS144MBF-540W-545W-550W-Mono-Black-Frame-35mm-v7.0a_12_25-Vico_Export_Solar_Energy.pdf\" target=\"_blank\" rel=\"noopener\">Iberian Solar IBS144M Black Frame 545w<\/a><\/p>\n<p style=\"text-align: center;\"><a href=\"https:\/\/www.vicoexport.com\/wp-content\/uploads\/2022\/11\/Iberian-Solar-IBS144MBF-540W-545W-550W-Mono-Black-Frame-35mm-v7.0a_12_25-Vico_Export_Solar_Energy.pdf\" target=\"_blank\" rel=\"noopener\">Iberian Solar IBS144M Black Frame 550w<\/a><\/p>\n<p>&nbsp;[\/vc_column_text][\/vc_column][vc_column width=&#8221;1\/4&#8243;][vc_column_text]<\/p>\n<h4 style=\"text-align: center;\"><strong>IBS60M<\/strong><\/h4>\n<p style=\"text-align: center;\"><a href=\"https:\/\/www.vicoexport.com\/wp-content\/uploads\/2019\/04\/Iberian-Solar-IBS60M-275w-280w-285w-290w-295w-300w-Mono-60-cells_v6.0a_EN.pdf\" target=\"_blank\" rel=\"noopener noreferrer\">Iberian Solar IBS60M 275w<\/a><\/p>\n<p style=\"text-align: center;\"><a href=\"https:\/\/www.vicoexport.com\/wp-content\/uploads\/2019\/04\/Iberian-Solar-IBS60M-275w-280w-285w-290w-295w-300w-Mono-60-cells_v6.0a_EN.pdf\" target=\"_blank\" rel=\"noopener noreferrer\">Iberian Solar IBS60M 280w<\/a><\/p>\n<p style=\"text-align: center;\"><a href=\"https:\/\/www.vicoexport.com\/wp-content\/uploads\/2019\/04\/Iberian-Solar-IBS60M-275w-280w-285w-290w-295w-300w-Mono-60-cells_v6.0a_EN.pdf\" target=\"_blank\" rel=\"noopener noreferrer\">Iberian Solar IBS60M 285w<\/a><\/p>\n<p style=\"text-align: center;\"><a href=\"https:\/\/www.vicoexport.com\/wp-content\/uploads\/2019\/04\/Iberian-Solar-IBS60M-275w-280w-285w-290w-295w-300w-Mono-60-cells_v6.0a_EN.pdf\" target=\"_blank\" rel=\"noopener noreferrer\">Iberian Solar IBS60M 290w<\/a><\/p>\n<p style=\"text-align: center;\"><a href=\"https:\/\/www.vicoexport.com\/wp-content\/uploads\/2019\/04\/Iberian-Solar-IBS60M-275w-280w-285w-290w-295w-300w-Mono-60-cells_v6.0a_EN.pdf\" target=\"_blank\" rel=\"noopener noreferrer\">Iberian Solar IBS60M 295w<\/a><\/p>\n<p style=\"text-align: center;\"><a href=\"https:\/\/www.vicoexport.com\/wp-content\/uploads\/2019\/04\/Iberian-Solar-IBS60M-275w-280w-285w-290w-295w-300w-Mono-60-cells_v6.0a_EN.pdf\" target=\"_blank\" rel=\"noopener noreferrer\">Iberian Solar IBS60M 300w<\/a><\/p>\n<p style=\"text-align: center;\"><a href=\"https:\/\/www.vicoexport.com\/wp-content\/uploads\/2020\/05\/Iberian-Solar-IBS60M-295w-300w-305w-Mono-60-cells_v6.0a_EN.pdf\" target=\"_blank\" rel=\"noopener noreferrer\">Iberian Solar IBS60M305w<\/a><\/p>\n<p>[\/vc_column_text][\/vc_column][vc_column width=&#8221;1\/4&#8243;][vc_column_text]<\/p>\n<h4 style=\"text-align: center;\"><strong>IBS72M\u00a0<\/strong><\/h4>\n<p style=\"text-align: center;\"><a href=\"https:\/\/www.vicoexport.com\/wp-content\/uploads\/2019\/04\/Iberian-Solar-IBS72M-330w-335w-340w-345w-350w-Mono-72-cells-40mm_v6.0a_EN.pdf\" target=\"_blank\" rel=\"noopener noreferrer\">Iberian Solar IBS72M 330w<\/a><\/p>\n<p style=\"text-align: center;\"><a href=\"https:\/\/www.vicoexport.com\/wp-content\/uploads\/2019\/04\/Iberian-Solar-IBS72M-330w-335w-340w-345w-350w-Mono-72-cells-40mm_v6.0a_EN.pdf\" target=\"_blank\" rel=\"noopener noreferrer\">Iberian Solar IBS72M 335w<\/a><\/p>\n<p style=\"text-align: center;\"><a href=\"https:\/\/www.vicoexport.com\/wp-content\/uploads\/2019\/04\/Iberian-Solar-IBS72M-330w-335w-340w-345w-350w-Mono-72-cells-40mm_v6.0a_EN.pdf\" target=\"_blank\" rel=\"noopener noreferrer\">Iberian Solar IBS72M 340w<\/a><\/p>\n<p style=\"text-align: center;\"><a href=\"https:\/\/www.vicoexport.com\/wp-content\/uploads\/2019\/04\/Iberian-Solar-IBS72M-330w-335w-340w-345w-350w-Mono-72-cells-40mm_v6.0a_EN.pdf\" target=\"_blank\" rel=\"noopener noreferrer\">Iberian Solar IBS72M 345w<\/a><\/p>\n<p style=\"text-align: center;\"><a href=\"https:\/\/www.vicoexport.com\/wp-content\/uploads\/2019\/04\/Iberian-Solar-IBS72M-330w-335w-340w-345w-350w-Mono-72-cells-40mm_v6.0a_EN.pdf\" target=\"_blank\" rel=\"noopener noreferrer\">Iberian Solar IBS72M 350w<\/a><\/p>\n<p style=\"text-align: center;\"><a href=\"https:\/\/www.vicoexport.com\/wp-content\/uploads\/2019\/07\/Iberian-Solar-IBS72M-365w-370w-Mono-72-cells-40mm_v6.0o_EN.pdf\" target=\"_blank\" rel=\"noopener noreferrer\">Iberian Solar IBS72M 365w<\/a><\/p>\n<p style=\"text-align: center;\"><a href=\"https:\/\/www.vicoexport.com\/wp-content\/uploads\/2019\/07\/Iberian-Solar-IBS72M-365w-370w-Mono-72-cells-40mm_v6.0o_EN.pdf\" target=\"_blank\" rel=\"noopener noreferrer\">Iberian Solar IBS72M 370w<\/a><\/p>\n<p style=\"text-align: center;\"><a href=\"https:\/\/www.vicoexport.com\/wp-content\/uploads\/2020\/01\/Iberian-Solar-IBS72M-375w-380w-Mono-72-cells-40mm_v6.0a_20_25_EN-Vico-Export-Solar-Energy.pdf\" target=\"_blank\" rel=\"noopener noreferrer\">Iberian Solar IBS72M 375w<\/a><\/p>\n<p style=\"text-align: center;\"><a href=\"https:\/\/www.vicoexport.com\/wp-content\/uploads\/2020\/01\/Iberian-Solar-IBS72M-375w-380w-Mono-72-cells-40mm_v6.0a_20_25_EN-Vico-Export-Solar-Energy.pdf\" target=\"_blank\" rel=\"noopener noreferrer\">Iberian Solar IBS72M 380w<\/a><\/p>\n<p style=\"text-align: center;\"><a href=\"https:\/\/www.vicoexport.com\/wp-content\/uploads\/2020\/05\/Iberian-Solar-IBS72M-375w-380w-385w-390w-Mono-72-cells-35mm_v6.0a_10_25_EN.pdf\" target=\"_blank\" rel=\"noopener noreferrer\">Iberian Solar IBS72M 385<\/a><\/p>\n<p style=\"text-align: center;\"><a href=\"https:\/\/www.vicoexport.com\/wp-content\/uploads\/2020\/05\/Iberian-Solar-IBS72M-375w-380w-385w-390w-Mono-72-cells-35mm_v6.0a_10_25_EN.pdf\" target=\"_blank\" rel=\"noopener noreferrer\">Iberian Solar IBS72M 390w<\/a><\/p>\n<p style=\"text-align: center;\"><a href=\"https:\/\/www.vicoexport.com\/wp-content\/uploads\/2020\/05\/Iberian-Solar-IBS72M-All-Black-380w-385w-390w-10-25y_v6.0a.pdf\" target=\"_blank\" rel=\"noopener noreferrer\">Iberian Solar IBS72M 390w Black<\/a><\/p>\n<p>[\/vc_column_text][\/vc_column][\/vc_row]<\/p>\n<\/div>","protected":false},"excerpt":{"rendered":"<p>[vc_row][vc_column][vc_single_image image=&#8221;39593&#8243; img_size=&#8221;450&#215;150&#8243; alignment=&#8221;center&#8221;][vc_column_text]Iberian Solar, ein Hersteller von Solarmodulen mit Sitz in Spanien. Die monokristallinen Module von Iberian Solar werden mit einem hohen Wirkungsgrad und hochwertigen monokristallinen Solarzellen f\u00fcr optimale Leistung und lange Lebensdauer hergestellt. Diese Solarmodule sind ideal f\u00fcr den Einbau in Photovoltaikanlagen jeder Gr\u00f6\u00dfe, sowohl in Privath\u00e4usern als auch in gewerblichen und industriellen [&hellip;]<\/p>\n","protected":false},"author":1,"featured_media":0,"parent":42843,"menu_order":0,"comment_status":"closed","ping_status":"closed","template":"","meta":{"_joinchat":[],"footnotes":""},"class_list":["post-43421","page","type-page","status-publish","hentry"],"yoast_head":"<!-- This site is optimized with the Yoast SEO plugin v27.3 - https:\/\/yoast.com\/product\/yoast-seo-wordpress\/ -->\n<title>Iberian Solar Monokristallin | Vico Export Solar Energy<\/title>\n<meta name=\"description\" content=\"Iberian Solar Monokristallin Solarmodule. IBS144M PERC 430 - 450W, IBS144M BF 450W, IBS60M 275 - 300W, IBS72M 330 - 350W\" \/>\n<meta name=\"robots\" content=\"index, follow, max-snippet:-1, max-image-preview:large, max-video-preview:-1\" \/>\n<link rel=\"canonical\" href=\"https:\/\/www.vicoexport.com\/de\/home-es\/solarmodule\/iberian-solar-solarmodule\/monokristallin-iberian-solar\/\" \/>\n<meta property=\"og:locale\" content=\"de_DE\" \/>\n<meta property=\"og:type\" content=\"article\" \/>\n<meta property=\"og:title\" content=\"Iberian Solar Monokristallin | Vico Export Solar Energy\" \/>\n<meta property=\"og:description\" content=\"Iberian Solar Monokristallin Solarmodule. IBS144M PERC 430 - 450W, IBS144M BF 450W, IBS60M 275 - 300W, IBS72M 330 - 350W\" \/>\n<meta property=\"og:url\" content=\"https:\/\/www.vicoexport.com\/de\/home-es\/solarmodule\/iberian-solar-solarmodule\/monokristallin-iberian-solar\/\" \/>\n<meta property=\"og:site_name\" content=\"Vico Export Solar Energy\" \/>\n<meta property=\"article:publisher\" content=\"https:\/\/www.facebook.com\/vicoexport.vicoexportsolar\" \/>\n<meta property=\"article:modified_time\" content=\"2023-09-29T12:04:04+00:00\" \/>\n<meta property=\"og:image\" content=\"https:\/\/www.vicoexport.com\/wp-content\/uploads\/2021\/01\/LOGO-Vico-Export-Solar-energy-CH-www.vicoexport.com_.jpg\" \/>\n\t<meta property=\"og:image:width\" content=\"1259\" \/>\n\t<meta property=\"og:image:height\" content=\"1278\" \/>\n\t<meta property=\"og:image:type\" content=\"image\/jpeg\" \/>\n<meta name=\"twitter:card\" content=\"summary_large_image\" \/>\n<meta name=\"twitter:site\" content=\"@VicoExportSolar\" \/>\n<script type=\"application\/ld+json\" class=\"yoast-schema-graph\">{\"@context\":\"https:\\\/\\\/schema.org\",\"@graph\":[{\"@type\":\"WebPage\",\"@id\":\"https:\\\/\\\/www.vicoexport.com\\\/de\\\/home-es\\\/solarmodule\\\/iberian-solar-solarmodule\\\/monokristallin-iberian-solar\\\/\",\"url\":\"https:\\\/\\\/www.vicoexport.com\\\/de\\\/home-es\\\/solarmodule\\\/iberian-solar-solarmodule\\\/monokristallin-iberian-solar\\\/\",\"name\":\"Iberian Solar Monokristallin | Vico Export Solar Energy\",\"isPartOf\":{\"@id\":\"https:\\\/\\\/www.vicoexport.com\\\/#website\"},\"datePublished\":\"2019-04-15T16:09:28+00:00\",\"dateModified\":\"2023-09-29T12:04:04+00:00\",\"description\":\"Iberian Solar Monokristallin Solarmodule. IBS144M PERC 430 - 450W, IBS144M BF 450W, IBS60M 275 - 300W, IBS72M 330 - 350W\",\"breadcrumb\":{\"@id\":\"https:\\\/\\\/www.vicoexport.com\\\/de\\\/home-es\\\/solarmodule\\\/iberian-solar-solarmodule\\\/monokristallin-iberian-solar\\\/#breadcrumb\"},\"inLanguage\":\"de\",\"potentialAction\":[{\"@type\":\"ReadAction\",\"target\":[\"https:\\\/\\\/www.vicoexport.com\\\/de\\\/home-es\\\/solarmodule\\\/iberian-solar-solarmodule\\\/monokristallin-iberian-solar\\\/\"]}]},{\"@type\":\"BreadcrumbList\",\"@id\":\"https:\\\/\\\/www.vicoexport.com\\\/de\\\/home-es\\\/solarmodule\\\/iberian-solar-solarmodule\\\/monokristallin-iberian-solar\\\/#breadcrumb\",\"itemListElement\":[{\"@type\":\"ListItem\",\"position\":1,\"name\":\"Portada\",\"item\":\"https:\\\/\\\/www.vicoexport.com\\\/de\\\/\"},{\"@type\":\"ListItem\",\"position\":2,\"name\":\"Inicio\",\"item\":\"https:\\\/\\\/www.vicoexport.com\\\/de\\\/\"},{\"@type\":\"ListItem\",\"position\":3,\"name\":\"Solarmodule\",\"item\":\"https:\\\/\\\/www.vicoexport.com\\\/de\\\/home-es\\\/solarmodule\\\/\"},{\"@type\":\"ListItem\",\"position\":4,\"name\":\"Iberian Solar\",\"item\":\"https:\\\/\\\/www.vicoexport.com\\\/de\\\/home-es\\\/solarmodule\\\/iberian-solar-solarmodule\\\/\"},{\"@type\":\"ListItem\",\"position\":5,\"name\":\"Iberian Solar Monokristallin\"}]},{\"@type\":\"WebSite\",\"@id\":\"https:\\\/\\\/www.vicoexport.com\\\/#website\",\"url\":\"https:\\\/\\\/www.vicoexport.com\\\/\",\"name\":\"Vico Export Solar Energy\",\"description\":\"Vico Export Solar Energy Distribuidor Mayorista de Paneles Solares Fotovoltaicos\",\"publisher\":{\"@id\":\"https:\\\/\\\/www.vicoexport.com\\\/#organization\"},\"potentialAction\":[{\"@type\":\"SearchAction\",\"target\":{\"@type\":\"EntryPoint\",\"urlTemplate\":\"https:\\\/\\\/www.vicoexport.com\\\/?s={search_term_string}\"},\"query-input\":{\"@type\":\"PropertyValueSpecification\",\"valueRequired\":true,\"valueName\":\"search_term_string\"}}],\"inLanguage\":\"de\"},{\"@type\":\"Organization\",\"@id\":\"https:\\\/\\\/www.vicoexport.com\\\/#organization\",\"name\":\"Vico Export Solar Energy\",\"url\":\"https:\\\/\\\/www.vicoexport.com\\\/\",\"logo\":{\"@type\":\"ImageObject\",\"inLanguage\":\"de\",\"@id\":\"https:\\\/\\\/www.vicoexport.com\\\/#\\\/schema\\\/logo\\\/image\\\/\",\"url\":\"https:\\\/\\\/www.vicoexport.com\\\/wp-content\\\/uploads\\\/2018\\\/02\\\/Vico-Export-Solar-energy.jpg\",\"contentUrl\":\"https:\\\/\\\/www.vicoexport.com\\\/wp-content\\\/uploads\\\/2018\\\/02\\\/Vico-Export-Solar-energy.jpg\",\"width\":1006,\"height\":1024,\"caption\":\"Vico Export Solar Energy\"},\"image\":{\"@id\":\"https:\\\/\\\/www.vicoexport.com\\\/#\\\/schema\\\/logo\\\/image\\\/\"},\"sameAs\":[\"https:\\\/\\\/www.facebook.com\\\/vicoexport.vicoexportsolar\",\"https:\\\/\\\/x.com\\\/VicoExportSolar\",\"https:\\\/\\\/www.instagram.com\\\/vico_export_solar_energy\",\"https:\\\/\\\/www.linkedin.com\\\/in\\\/vicoexport\",\"https:\\\/\\\/www.youtube.com\\\/user\\\/vicoexport\\\/\"]}]}<\/script>\n<!-- \/ Yoast SEO plugin. -->","yoast_head_json":{"title":"Iberian Solar Monokristallin | Vico Export Solar Energy","description":"Iberian Solar Monokristallin Solarmodule. IBS144M PERC 430 - 450W, IBS144M BF 450W, IBS60M 275 - 300W, IBS72M 330 - 350W","robots":{"index":"index","follow":"follow","max-snippet":"max-snippet:-1","max-image-preview":"max-image-preview:large","max-video-preview":"max-video-preview:-1"},"canonical":"https:\/\/www.vicoexport.com\/de\/home-es\/solarmodule\/iberian-solar-solarmodule\/monokristallin-iberian-solar\/","og_locale":"de_DE","og_type":"article","og_title":"Iberian Solar Monokristallin | Vico Export Solar Energy","og_description":"Iberian Solar Monokristallin Solarmodule. IBS144M PERC 430 - 450W, IBS144M BF 450W, IBS60M 275 - 300W, IBS72M 330 - 350W","og_url":"https:\/\/www.vicoexport.com\/de\/home-es\/solarmodule\/iberian-solar-solarmodule\/monokristallin-iberian-solar\/","og_site_name":"Vico Export Solar Energy","article_publisher":"https:\/\/www.facebook.com\/vicoexport.vicoexportsolar","article_modified_time":"2023-09-29T12:04:04+00:00","og_image":[{"width":1259,"height":1278,"url":"https:\/\/www.vicoexport.com\/wp-content\/uploads\/2021\/01\/LOGO-Vico-Export-Solar-energy-CH-www.vicoexport.com_.jpg","type":"image\/jpeg"}],"twitter_card":"summary_large_image","twitter_site":"@VicoExportSolar","schema":{"@context":"https:\/\/schema.org","@graph":[{"@type":"WebPage","@id":"https:\/\/www.vicoexport.com\/de\/home-es\/solarmodule\/iberian-solar-solarmodule\/monokristallin-iberian-solar\/","url":"https:\/\/www.vicoexport.com\/de\/home-es\/solarmodule\/iberian-solar-solarmodule\/monokristallin-iberian-solar\/","name":"Iberian Solar Monokristallin | Vico Export Solar Energy","isPartOf":{"@id":"https:\/\/www.vicoexport.com\/#website"},"datePublished":"2019-04-15T16:09:28+00:00","dateModified":"2023-09-29T12:04:04+00:00","description":"Iberian Solar Monokristallin Solarmodule. IBS144M PERC 430 - 450W, IBS144M BF 450W, IBS60M 275 - 300W, IBS72M 330 - 350W","breadcrumb":{"@id":"https:\/\/www.vicoexport.com\/de\/home-es\/solarmodule\/iberian-solar-solarmodule\/monokristallin-iberian-solar\/#breadcrumb"},"inLanguage":"de","potentialAction":[{"@type":"ReadAction","target":["https:\/\/www.vicoexport.com\/de\/home-es\/solarmodule\/iberian-solar-solarmodule\/monokristallin-iberian-solar\/"]}]},{"@type":"BreadcrumbList","@id":"https:\/\/www.vicoexport.com\/de\/home-es\/solarmodule\/iberian-solar-solarmodule\/monokristallin-iberian-solar\/#breadcrumb","itemListElement":[{"@type":"ListItem","position":1,"name":"Portada","item":"https:\/\/www.vicoexport.com\/de\/"},{"@type":"ListItem","position":2,"name":"Inicio","item":"https:\/\/www.vicoexport.com\/de\/"},{"@type":"ListItem","position":3,"name":"Solarmodule","item":"https:\/\/www.vicoexport.com\/de\/home-es\/solarmodule\/"},{"@type":"ListItem","position":4,"name":"Iberian Solar","item":"https:\/\/www.vicoexport.com\/de\/home-es\/solarmodule\/iberian-solar-solarmodule\/"},{"@type":"ListItem","position":5,"name":"Iberian Solar Monokristallin"}]},{"@type":"WebSite","@id":"https:\/\/www.vicoexport.com\/#website","url":"https:\/\/www.vicoexport.com\/","name":"Vico Export Solar Energy","description":"Vico Export Solar Energy Distribuidor Mayorista de Paneles Solares Fotovoltaicos","publisher":{"@id":"https:\/\/www.vicoexport.com\/#organization"},"potentialAction":[{"@type":"SearchAction","target":{"@type":"EntryPoint","urlTemplate":"https:\/\/www.vicoexport.com\/?s={search_term_string}"},"query-input":{"@type":"PropertyValueSpecification","valueRequired":true,"valueName":"search_term_string"}}],"inLanguage":"de"},{"@type":"Organization","@id":"https:\/\/www.vicoexport.com\/#organization","name":"Vico Export Solar Energy","url":"https:\/\/www.vicoexport.com\/","logo":{"@type":"ImageObject","inLanguage":"de","@id":"https:\/\/www.vicoexport.com\/#\/schema\/logo\/image\/","url":"https:\/\/www.vicoexport.com\/wp-content\/uploads\/2018\/02\/Vico-Export-Solar-energy.jpg","contentUrl":"https:\/\/www.vicoexport.com\/wp-content\/uploads\/2018\/02\/Vico-Export-Solar-energy.jpg","width":1006,"height":1024,"caption":"Vico Export Solar Energy"},"image":{"@id":"https:\/\/www.vicoexport.com\/#\/schema\/logo\/image\/"},"sameAs":["https:\/\/www.facebook.com\/vicoexport.vicoexportsolar","https:\/\/x.com\/VicoExportSolar","https:\/\/www.instagram.com\/vico_export_solar_energy","https:\/\/www.linkedin.com\/in\/vicoexport","https:\/\/www.youtube.com\/user\/vicoexport\/"]}]}},"_links":{"self":[{"href":"https:\/\/www.vicoexport.com\/de\/wp-json\/wp\/v2\/pages\/43421","targetHints":{"allow":["GET"]}}],"collection":[{"href":"https:\/\/www.vicoexport.com\/de\/wp-json\/wp\/v2\/pages"}],"about":[{"href":"https:\/\/www.vicoexport.com\/de\/wp-json\/wp\/v2\/types\/page"}],"author":[{"embeddable":true,"href":"https:\/\/www.vicoexport.com\/de\/wp-json\/wp\/v2\/users\/1"}],"replies":[{"embeddable":true,"href":"https:\/\/www.vicoexport.com\/de\/wp-json\/wp\/v2\/comments?post=43421"}],"version-history":[{"count":0,"href":"https:\/\/www.vicoexport.com\/de\/wp-json\/wp\/v2\/pages\/43421\/revisions"}],"up":[{"embeddable":true,"href":"https:\/\/www.vicoexport.com\/de\/wp-json\/wp\/v2\/pages\/42843"}],"wp:attachment":[{"href":"https:\/\/www.vicoexport.com\/de\/wp-json\/wp\/v2\/media?parent=43421"}],"curies":[{"name":"wp","href":"https:\/\/api.w.org\/{rel}","templated":true}]}}