{"id":43426,"date":"2019-04-15T16:07:18","date_gmt":"2019-04-15T16:07:18","guid":{"rendered":"https:\/\/www.vicoexport.com\/home\/solarmodulen\/iberian-solar-solarmodule\/iberian-solar-policristalinos\/"},"modified":"2023-09-29T14:11:16","modified_gmt":"2023-09-29T12:11:16","slug":"polycristallin-iberian-solar","status":"publish","type":"page","link":"https:\/\/www.vicoexport.com\/de\/home-es\/solarmodule\/iberian-solar-solarmodule\/polycristallin-iberian-solar\/","title":{"rendered":"Iberian Solar Policristalinos"},"content":{"rendered":"<div class=\"wpb-content-wrapper\"><p>[vc_row][vc_column][vc_single_image image=&#8221;43428&#8243; img_size=&#8221;450&#215;150&#8243; alignment=&#8221;center&#8221;][vc_column_text]<a href=\"https:\/\/www.iberiansolar.com\/\">Iberian Solar<\/a>,\u00a0ein Hersteller von Solarmodulen mit Sitz in Spanien. Polykristalline Module von Iberian Solar werden durch Verschmelzen mehrerer Siliziumfragmente zu Wafern hergestellt, die dann zu Solarzellen zusammengesetzt werden.<\/p>\n<p>Diese Solarmodule haben mehrere Vorteile gegen\u00fcber anderen Arten von Solarmodulen, darunter ihre Kosteneffizienz, ihr relativ hoher Wirkungsgrad und ihre F\u00e4higkeit, auch bei schlechten Lichtverh\u00e4ltnissen Strom zu erzeugen. Polykristalline Solarmodule sind au\u00dferdem umweltfreundlicher als Energiequellen auf der Basis fossiler Brennstoffe und haben eine l\u00e4ngere Lebensdauer.<\/p>\n<p>Insgesamt tragen die Fortschritte in der Solartechnologie und die Herstellung hochwertiger Solarmodule, wie die von Iberian Solar Polycrystalline, dazu bei, die Einf\u00fchrung erneuerbarer Energiequellen zu f\u00f6rdern und den \u00dcbergang zu einer nachhaltigeren und umweltfreundlicheren Energielandschaft zu beschleunigen.[\/vc_column_text][\/vc_column][\/vc_row][vc_row][vc_column][vc_column_text]<\/p>\n<h4 style=\"text-align: center;\"><strong>Iberian Solar Spanische Marken-Photovoltaik-Solarmodule mit polykristallinen Zellen.<br \/>\n<\/strong><\/h4>\n<p>[\/vc_column_text][vc_column_text css=&#8221;.vc_custom_1695989340112{padding-top: 20px !important;padding-bottom: 10px !important;}&#8221;]<\/p>\n<h3 style=\"text-align: center;\"><strong>Technisches Datenblatt<br \/>\n<\/strong><\/h3>\n<p>[\/vc_column_text][\/vc_column][\/vc_row][vc_row][vc_column width=&#8221;1\/3&#8243;][vc_single_image image=&#8221;18271&#8243; img_size=&#8221;medium&#8221; alignment=&#8221;center&#8221;][\/vc_column][vc_column width=&#8221;1\/3&#8243;][vc_column_text]<strong>Polykristalline 60 Zellen<\/strong><\/p>\n<ul style=\"list-style-type: circle;\">\n<li><a href=\"https:\/\/www.vicoexport.com\/wp-content\/uploads\/2019\/04\/Iberian-Solar-IBS60P-265w-270w-275w-280w-285w-Poly-60-cells_v6.0a_EN.pdf\" target=\"_blank\" rel=\"noopener noreferrer\">Iberian Solar IBS60P 265w<\/a><\/li>\n<li><a href=\"https:\/\/www.vicoexport.com\/wp-content\/uploads\/2019\/04\/Iberian-Solar-IBS60P-265w-270w-275w-280w-285w-Poly-60-cells_v6.0a_EN.pdf\" target=\"_blank\" rel=\"noopener noreferrer\">Iberian Solar IBS60P 270w<\/a><\/li>\n<li><a href=\"https:\/\/www.vicoexport.com\/wp-content\/uploads\/2019\/04\/Iberian-Solar-IBS60P-265w-270w-275w-280w-285w-Poly-60-cells_v6.0a_EN.pdf\" target=\"_blank\" rel=\"noopener noreferrer\">Iberian Solar IBS60P 275w<\/a><\/li>\n<li><a href=\"https:\/\/www.vicoexport.com\/wp-content\/uploads\/2019\/04\/Iberian-Solar-IBS60P-265w-270w-275w-280w-285w-Poly-60-cells_v6.0a_EN.pdf\" target=\"_blank\" rel=\"noopener noreferrer\">Iberian Solar IBS60P 280w<\/a><\/li>\n<li><a href=\"https:\/\/www.vicoexport.com\/wp-content\/uploads\/2019\/04\/Iberian-Solar-IBS60P-265w-270w-275w-280w-285w-Poly-60-cells_v6.0a_EN.pdf\" target=\"_blank\" rel=\"noopener noreferrer\">Iberian Solar IBS60P 285w<\/a><\/li>\n<\/ul>\n<p>[\/vc_column_text][\/vc_column][vc_column width=&#8221;1\/3&#8243;][vc_column_text]<strong>Polykristalline 72 Zellen<\/strong><\/p>\n<ul style=\"list-style-type: circle;\">\n<li><a href=\"https:\/\/www.vicoexport.com\/wp-content\/uploads\/2020\/06\/Iberian-Solar-IBS72P-330w-335w-340w-Poly-72-cells-35mm_v6.0a_EN8.pdf\" target=\"_blank\" rel=\"noopener noreferrer\">Iberian Solar IBS72P 320w<\/a><\/li>\n<li><a href=\"https:\/\/www.vicoexport.com\/wp-content\/uploads\/2020\/06\/Iberian-Solar-IBS72P-330w-335w-340w-Poly-72-cells-35mm_v6.0a_EN8.pdf\" target=\"_blank\" rel=\"noopener noreferrer\">Iberian Solar IBS72P 325w (35mm)<\/a><\/li>\n<li><a href=\"https:\/\/www.vicoexport.com\/wp-content\/uploads\/2021\/10\/Iberian-Solar-IBS72P-330w-335w-340w-Poly-72-cells-35mm_v7.0a_EN.pdf\" target=\"_blank\" rel=\"noopener noreferrer\">Iberian Solar IBS72P 330w (35mm)<\/a><\/li>\n<li><a href=\"https:\/\/www.vicoexport.com\/wp-content\/uploads\/2021\/10\/Iberian-Solar-IBS72P-330w-335w-340w-Poly-72-cells-35mm_v7.0a_EN.pdf\" target=\"_blank\" rel=\"noopener noreferrer\">Iberian Solar IBS72P 335w (35mm)<\/a><\/li>\n<li><a href=\"https:\/\/www.vicoexport.com\/wp-content\/uploads\/2021\/07\/Iberian-Solar-IBS72P-330w-335w-340w-Poly-72-cells-35mm_v7.0a_EN.pdf\" target=\"_blank\" rel=\"noopener noreferrer\">Iberian Solar IBS72P 340w (35mm)<\/a><\/li>\n<li><a href=\"https:\/\/www.vicoexport.com\/wp-content\/uploads\/2021\/02\/Iberian-Solar-IBS72P-330w-335w-340w-Poly-72-cells-40mm_v6.0a_EN.pdf\" target=\"_blank\" rel=\"noopener\">Iberian Solar IBS72P 340w (40mm)<\/a><\/li>\n<\/ul>\n<p>[\/vc_column_text][\/vc_column][\/vc_row]<\/p>\n<\/div>","protected":false},"excerpt":{"rendered":"<p>[vc_row][vc_column][vc_single_image image=&#8221;43428&#8243; img_size=&#8221;450&#215;150&#8243; alignment=&#8221;center&#8221;][vc_column_text]Iberian Solar,\u00a0ein Hersteller von Solarmodulen mit Sitz in Spanien. Polykristalline Module von Iberian Solar werden durch Verschmelzen mehrerer Siliziumfragmente zu Wafern hergestellt, die dann zu Solarzellen zusammengesetzt werden. Diese Solarmodule haben mehrere Vorteile gegen\u00fcber anderen Arten von Solarmodulen, darunter ihre Kosteneffizienz, ihr relativ hoher Wirkungsgrad und ihre F\u00e4higkeit, auch bei schlechten Lichtverh\u00e4ltnissen [&hellip;]<\/p>\n","protected":false},"author":1,"featured_media":43428,"parent":42843,"menu_order":0,"comment_status":"closed","ping_status":"closed","template":"","meta":{"_joinchat":[],"footnotes":""},"class_list":["post-43426","page","type-page","status-publish","has-post-thumbnail","hentry"],"yoast_head":"<!-- This site is optimized with the Yoast SEO plugin v27.3 - https:\/\/yoast.com\/product\/yoast-seo-wordpress\/ -->\n<title>Iberian Solar Polykristallin | Vico Export Solar Energy<\/title>\n<meta name=\"description\" content=\"Iberian Solar Polykristallin. Photovoltaische Solarmodule der spanischen Marke. IBS60P , IBS72P. 265W - 285W, 320W - 340W\" \/>\n<meta name=\"robots\" content=\"index, follow, max-snippet:-1, max-image-preview:large, max-video-preview:-1\" \/>\n<link rel=\"canonical\" href=\"https:\/\/www.vicoexport.com\/de\/home-es\/solarmodule\/iberian-solar-solarmodule\/polycristallin-iberian-solar\/\" \/>\n<meta property=\"og:locale\" content=\"de_DE\" \/>\n<meta property=\"og:type\" content=\"article\" \/>\n<meta property=\"og:title\" content=\"Iberian Solar Polykristallin | Vico Export Solar Energy\" \/>\n<meta property=\"og:description\" content=\"Iberian Solar Polykristallin. Photovoltaische Solarmodule der spanischen Marke. IBS60P , IBS72P. 265W - 285W, 320W - 340W\" \/>\n<meta property=\"og:url\" content=\"https:\/\/www.vicoexport.com\/de\/home-es\/solarmodule\/iberian-solar-solarmodule\/polycristallin-iberian-solar\/\" \/>\n<meta property=\"og:site_name\" content=\"Vico Export Solar Energy\" \/>\n<meta property=\"article:publisher\" content=\"https:\/\/www.facebook.com\/vicoexport.vicoexportsolar\" \/>\n<meta property=\"article:modified_time\" content=\"2023-09-29T12:11:16+00:00\" \/>\n<meta property=\"og:image\" content=\"https:\/\/www.vicoexport.com\/wp-content\/uploads\/2023\/03\/IBERIAN-SOLAR-2.png\" \/>\n\t<meta property=\"og:image:width\" content=\"2128\" \/>\n\t<meta property=\"og:image:height\" content=\"797\" \/>\n\t<meta property=\"og:image:type\" content=\"image\/png\" \/>\n<meta name=\"twitter:card\" content=\"summary_large_image\" \/>\n<meta name=\"twitter:site\" content=\"@VicoExportSolar\" \/>\n<script type=\"application\/ld+json\" class=\"yoast-schema-graph\">{\"@context\":\"https:\\\/\\\/schema.org\",\"@graph\":[{\"@type\":\"WebPage\",\"@id\":\"https:\\\/\\\/www.vicoexport.com\\\/de\\\/home-es\\\/solarmodule\\\/iberian-solar-solarmodule\\\/polycristallin-iberian-solar\\\/\",\"url\":\"https:\\\/\\\/www.vicoexport.com\\\/de\\\/home-es\\\/solarmodule\\\/iberian-solar-solarmodule\\\/polycristallin-iberian-solar\\\/\",\"name\":\"Iberian Solar Polykristallin | Vico Export Solar Energy\",\"isPartOf\":{\"@id\":\"https:\\\/\\\/www.vicoexport.com\\\/#website\"},\"primaryImageOfPage\":{\"@id\":\"https:\\\/\\\/www.vicoexport.com\\\/de\\\/home-es\\\/solarmodule\\\/iberian-solar-solarmodule\\\/polycristallin-iberian-solar\\\/#primaryimage\"},\"image\":{\"@id\":\"https:\\\/\\\/www.vicoexport.com\\\/de\\\/home-es\\\/solarmodule\\\/iberian-solar-solarmodule\\\/polycristallin-iberian-solar\\\/#primaryimage\"},\"thumbnailUrl\":\"https:\\\/\\\/www.vicoexport.com\\\/wp-content\\\/uploads\\\/2023\\\/03\\\/IBERIAN-SOLAR-2.png\",\"datePublished\":\"2019-04-15T16:07:18+00:00\",\"dateModified\":\"2023-09-29T12:11:16+00:00\",\"description\":\"Iberian Solar Polykristallin. Photovoltaische Solarmodule der spanischen Marke. IBS60P , IBS72P. 265W - 285W, 320W - 340W\",\"breadcrumb\":{\"@id\":\"https:\\\/\\\/www.vicoexport.com\\\/de\\\/home-es\\\/solarmodule\\\/iberian-solar-solarmodule\\\/polycristallin-iberian-solar\\\/#breadcrumb\"},\"inLanguage\":\"de\",\"potentialAction\":[{\"@type\":\"ReadAction\",\"target\":[\"https:\\\/\\\/www.vicoexport.com\\\/de\\\/home-es\\\/solarmodule\\\/iberian-solar-solarmodule\\\/polycristallin-iberian-solar\\\/\"]}]},{\"@type\":\"ImageObject\",\"inLanguage\":\"de\",\"@id\":\"https:\\\/\\\/www.vicoexport.com\\\/de\\\/home-es\\\/solarmodule\\\/iberian-solar-solarmodule\\\/polycristallin-iberian-solar\\\/#primaryimage\",\"url\":\"https:\\\/\\\/www.vicoexport.com\\\/wp-content\\\/uploads\\\/2023\\\/03\\\/IBERIAN-SOLAR-2.png\",\"contentUrl\":\"https:\\\/\\\/www.vicoexport.com\\\/wp-content\\\/uploads\\\/2023\\\/03\\\/IBERIAN-SOLAR-2.png\",\"width\":2128,\"height\":797},{\"@type\":\"BreadcrumbList\",\"@id\":\"https:\\\/\\\/www.vicoexport.com\\\/de\\\/home-es\\\/solarmodule\\\/iberian-solar-solarmodule\\\/polycristallin-iberian-solar\\\/#breadcrumb\",\"itemListElement\":[{\"@type\":\"ListItem\",\"position\":1,\"name\":\"Portada\",\"item\":\"https:\\\/\\\/www.vicoexport.com\\\/de\\\/\"},{\"@type\":\"ListItem\",\"position\":2,\"name\":\"Inicio\",\"item\":\"https:\\\/\\\/www.vicoexport.com\\\/de\\\/\"},{\"@type\":\"ListItem\",\"position\":3,\"name\":\"Solarmodule\",\"item\":\"https:\\\/\\\/www.vicoexport.com\\\/de\\\/home-es\\\/solarmodule\\\/\"},{\"@type\":\"ListItem\",\"position\":4,\"name\":\"Iberian Solar\",\"item\":\"https:\\\/\\\/www.vicoexport.com\\\/de\\\/home-es\\\/solarmodule\\\/iberian-solar-solarmodule\\\/\"},{\"@type\":\"ListItem\",\"position\":5,\"name\":\"Iberian Solar Policristalinos\"}]},{\"@type\":\"WebSite\",\"@id\":\"https:\\\/\\\/www.vicoexport.com\\\/#website\",\"url\":\"https:\\\/\\\/www.vicoexport.com\\\/\",\"name\":\"Vico Export Solar Energy\",\"description\":\"Vico Export Solar Energy Distribuidor Mayorista de Paneles Solares Fotovoltaicos\",\"publisher\":{\"@id\":\"https:\\\/\\\/www.vicoexport.com\\\/#organization\"},\"potentialAction\":[{\"@type\":\"SearchAction\",\"target\":{\"@type\":\"EntryPoint\",\"urlTemplate\":\"https:\\\/\\\/www.vicoexport.com\\\/?s={search_term_string}\"},\"query-input\":{\"@type\":\"PropertyValueSpecification\",\"valueRequired\":true,\"valueName\":\"search_term_string\"}}],\"inLanguage\":\"de\"},{\"@type\":\"Organization\",\"@id\":\"https:\\\/\\\/www.vicoexport.com\\\/#organization\",\"name\":\"Vico Export Solar Energy\",\"url\":\"https:\\\/\\\/www.vicoexport.com\\\/\",\"logo\":{\"@type\":\"ImageObject\",\"inLanguage\":\"de\",\"@id\":\"https:\\\/\\\/www.vicoexport.com\\\/#\\\/schema\\\/logo\\\/image\\\/\",\"url\":\"https:\\\/\\\/www.vicoexport.com\\\/wp-content\\\/uploads\\\/2018\\\/02\\\/Vico-Export-Solar-energy.jpg\",\"contentUrl\":\"https:\\\/\\\/www.vicoexport.com\\\/wp-content\\\/uploads\\\/2018\\\/02\\\/Vico-Export-Solar-energy.jpg\",\"width\":1006,\"height\":1024,\"caption\":\"Vico Export Solar Energy\"},\"image\":{\"@id\":\"https:\\\/\\\/www.vicoexport.com\\\/#\\\/schema\\\/logo\\\/image\\\/\"},\"sameAs\":[\"https:\\\/\\\/www.facebook.com\\\/vicoexport.vicoexportsolar\",\"https:\\\/\\\/x.com\\\/VicoExportSolar\",\"https:\\\/\\\/www.instagram.com\\\/vico_export_solar_energy\",\"https:\\\/\\\/www.linkedin.com\\\/in\\\/vicoexport\",\"https:\\\/\\\/www.youtube.com\\\/user\\\/vicoexport\\\/\"]}]}<\/script>\n<!-- \/ Yoast SEO plugin. -->","yoast_head_json":{"title":"Iberian Solar Polykristallin | Vico Export Solar Energy","description":"Iberian Solar Polykristallin. Photovoltaische Solarmodule der spanischen Marke. IBS60P , IBS72P. 265W - 285W, 320W - 340W","robots":{"index":"index","follow":"follow","max-snippet":"max-snippet:-1","max-image-preview":"max-image-preview:large","max-video-preview":"max-video-preview:-1"},"canonical":"https:\/\/www.vicoexport.com\/de\/home-es\/solarmodule\/iberian-solar-solarmodule\/polycristallin-iberian-solar\/","og_locale":"de_DE","og_type":"article","og_title":"Iberian Solar Polykristallin | Vico Export Solar Energy","og_description":"Iberian Solar Polykristallin. Photovoltaische Solarmodule der spanischen Marke. IBS60P , IBS72P. 265W - 285W, 320W - 340W","og_url":"https:\/\/www.vicoexport.com\/de\/home-es\/solarmodule\/iberian-solar-solarmodule\/polycristallin-iberian-solar\/","og_site_name":"Vico Export Solar Energy","article_publisher":"https:\/\/www.facebook.com\/vicoexport.vicoexportsolar","article_modified_time":"2023-09-29T12:11:16+00:00","og_image":[{"width":2128,"height":797,"url":"https:\/\/www.vicoexport.com\/wp-content\/uploads\/2023\/03\/IBERIAN-SOLAR-2.png","type":"image\/png"}],"twitter_card":"summary_large_image","twitter_site":"@VicoExportSolar","schema":{"@context":"https:\/\/schema.org","@graph":[{"@type":"WebPage","@id":"https:\/\/www.vicoexport.com\/de\/home-es\/solarmodule\/iberian-solar-solarmodule\/polycristallin-iberian-solar\/","url":"https:\/\/www.vicoexport.com\/de\/home-es\/solarmodule\/iberian-solar-solarmodule\/polycristallin-iberian-solar\/","name":"Iberian Solar Polykristallin | Vico Export Solar Energy","isPartOf":{"@id":"https:\/\/www.vicoexport.com\/#website"},"primaryImageOfPage":{"@id":"https:\/\/www.vicoexport.com\/de\/home-es\/solarmodule\/iberian-solar-solarmodule\/polycristallin-iberian-solar\/#primaryimage"},"image":{"@id":"https:\/\/www.vicoexport.com\/de\/home-es\/solarmodule\/iberian-solar-solarmodule\/polycristallin-iberian-solar\/#primaryimage"},"thumbnailUrl":"https:\/\/www.vicoexport.com\/wp-content\/uploads\/2023\/03\/IBERIAN-SOLAR-2.png","datePublished":"2019-04-15T16:07:18+00:00","dateModified":"2023-09-29T12:11:16+00:00","description":"Iberian Solar Polykristallin. Photovoltaische Solarmodule der spanischen Marke. IBS60P , IBS72P. 265W - 285W, 320W - 340W","breadcrumb":{"@id":"https:\/\/www.vicoexport.com\/de\/home-es\/solarmodule\/iberian-solar-solarmodule\/polycristallin-iberian-solar\/#breadcrumb"},"inLanguage":"de","potentialAction":[{"@type":"ReadAction","target":["https:\/\/www.vicoexport.com\/de\/home-es\/solarmodule\/iberian-solar-solarmodule\/polycristallin-iberian-solar\/"]}]},{"@type":"ImageObject","inLanguage":"de","@id":"https:\/\/www.vicoexport.com\/de\/home-es\/solarmodule\/iberian-solar-solarmodule\/polycristallin-iberian-solar\/#primaryimage","url":"https:\/\/www.vicoexport.com\/wp-content\/uploads\/2023\/03\/IBERIAN-SOLAR-2.png","contentUrl":"https:\/\/www.vicoexport.com\/wp-content\/uploads\/2023\/03\/IBERIAN-SOLAR-2.png","width":2128,"height":797},{"@type":"BreadcrumbList","@id":"https:\/\/www.vicoexport.com\/de\/home-es\/solarmodule\/iberian-solar-solarmodule\/polycristallin-iberian-solar\/#breadcrumb","itemListElement":[{"@type":"ListItem","position":1,"name":"Portada","item":"https:\/\/www.vicoexport.com\/de\/"},{"@type":"ListItem","position":2,"name":"Inicio","item":"https:\/\/www.vicoexport.com\/de\/"},{"@type":"ListItem","position":3,"name":"Solarmodule","item":"https:\/\/www.vicoexport.com\/de\/home-es\/solarmodule\/"},{"@type":"ListItem","position":4,"name":"Iberian Solar","item":"https:\/\/www.vicoexport.com\/de\/home-es\/solarmodule\/iberian-solar-solarmodule\/"},{"@type":"ListItem","position":5,"name":"Iberian Solar Policristalinos"}]},{"@type":"WebSite","@id":"https:\/\/www.vicoexport.com\/#website","url":"https:\/\/www.vicoexport.com\/","name":"Vico Export Solar Energy","description":"Vico Export Solar Energy Distribuidor Mayorista de Paneles Solares Fotovoltaicos","publisher":{"@id":"https:\/\/www.vicoexport.com\/#organization"},"potentialAction":[{"@type":"SearchAction","target":{"@type":"EntryPoint","urlTemplate":"https:\/\/www.vicoexport.com\/?s={search_term_string}"},"query-input":{"@type":"PropertyValueSpecification","valueRequired":true,"valueName":"search_term_string"}}],"inLanguage":"de"},{"@type":"Organization","@id":"https:\/\/www.vicoexport.com\/#organization","name":"Vico Export Solar Energy","url":"https:\/\/www.vicoexport.com\/","logo":{"@type":"ImageObject","inLanguage":"de","@id":"https:\/\/www.vicoexport.com\/#\/schema\/logo\/image\/","url":"https:\/\/www.vicoexport.com\/wp-content\/uploads\/2018\/02\/Vico-Export-Solar-energy.jpg","contentUrl":"https:\/\/www.vicoexport.com\/wp-content\/uploads\/2018\/02\/Vico-Export-Solar-energy.jpg","width":1006,"height":1024,"caption":"Vico Export Solar Energy"},"image":{"@id":"https:\/\/www.vicoexport.com\/#\/schema\/logo\/image\/"},"sameAs":["https:\/\/www.facebook.com\/vicoexport.vicoexportsolar","https:\/\/x.com\/VicoExportSolar","https:\/\/www.instagram.com\/vico_export_solar_energy","https:\/\/www.linkedin.com\/in\/vicoexport","https:\/\/www.youtube.com\/user\/vicoexport\/"]}]}},"_links":{"self":[{"href":"https:\/\/www.vicoexport.com\/de\/wp-json\/wp\/v2\/pages\/43426","targetHints":{"allow":["GET"]}}],"collection":[{"href":"https:\/\/www.vicoexport.com\/de\/wp-json\/wp\/v2\/pages"}],"about":[{"href":"https:\/\/www.vicoexport.com\/de\/wp-json\/wp\/v2\/types\/page"}],"author":[{"embeddable":true,"href":"https:\/\/www.vicoexport.com\/de\/wp-json\/wp\/v2\/users\/1"}],"replies":[{"embeddable":true,"href":"https:\/\/www.vicoexport.com\/de\/wp-json\/wp\/v2\/comments?post=43426"}],"version-history":[{"count":0,"href":"https:\/\/www.vicoexport.com\/de\/wp-json\/wp\/v2\/pages\/43426\/revisions"}],"up":[{"embeddable":true,"href":"https:\/\/www.vicoexport.com\/de\/wp-json\/wp\/v2\/pages\/42843"}],"wp:featuredmedia":[{"embeddable":true,"href":"https:\/\/www.vicoexport.com\/de\/wp-json\/wp\/v2\/media\/43428"}],"wp:attachment":[{"href":"https:\/\/www.vicoexport.com\/de\/wp-json\/wp\/v2\/media?parent=43426"}],"curies":[{"name":"wp","href":"https:\/\/api.w.org\/{rel}","templated":true}]}}