{"id":65639,"date":"2026-02-26T16:53:03","date_gmt":"2026-02-26T15:53:03","guid":{"rendered":"https:\/\/www.vicoexport.com\/sistemas-fotovoltaicos-flotantes\/"},"modified":"2026-02-27T10:53:58","modified_gmt":"2026-02-27T09:53:58","slug":"schwimmende-photovoltaikanlagen","status":"publish","type":"page","link":"https:\/\/www.vicoexport.com\/de\/schwimmende-photovoltaikanlagen\/","title":{"rendered":"SCHWIMMENDE PHOTOVOLTAIKANLAGEN"},"content":{"rendered":"<div class=\"wpb-content-wrapper\"><p>[vc_row][vc_column][vc_single_image image=&#8221;65610&#8243; img_size=&#8221;&#8221; alignment=&#8221;center&#8221; css=&#8221;.vc_custom_1772121804519{margin-top: 50px !important;margin-bottom: 20px !important;}&#8221;][vc_column_text css=&#8221;.vc_custom_1772185561789{margin-bottom: 0px !important;}&#8221;]<\/p>\n<h1 style=\"text-align: center;\"><span style=\"color: #ed780c;\"><strong>SUNGROW Schwimmendes Photovoltaiksystem (FPV)<\/strong><br \/>\n<em>Offizieller Vertriebspartner Vico Export Solar Energy<\/em><\/span><\/h1>\n<p>[\/vc_column_text][vc_column_text css=&#8221;.vc_custom_1772185764446{margin-top: 20px !important;margin-bottom: 0px !important;padding-top: 10px !important;}&#8221;]<\/p>\n<h2 style=\"text-align: center;\" data-start=\"486\" data-end=\"567\"><em>Floating-PV-L\u00f6sungen f\u00fcr Utility-Scale-Projekte auf Wasserfl\u00e4chen<\/em><\/h2>\n<p data-start=\"569\" data-end=\"829\">Die <strong>Floating Photovoltaics<\/strong> (FPV)-Technologie erm\u00f6glicht die Entwicklung von Photovoltaikanlagen auf Stauseen, Seen, Industriebecken, Bergsenkungsgebieten und anderen Wasserfl\u00e4chen mithilfe von schwimmenden Systemen, die f\u00fcr anspruchsvolle Umweltbedingungen ausgelegt sind.<\/p>\n<p data-start=\"831\" data-end=\"1017\">Die Systeme sind daf\u00fcr konzipiert, Wind, Wellen, Str\u00f6mungen, Wasserstandsschwankungen und Schneelasten gem\u00e4\u00df den vom Hersteller angegebenen Auslegungsparametern standzuhalten.<\/p>\n<p>[\/vc_column_text][\/vc_column][\/vc_row][vc_row el_class=&#8221;FORMULARIO&#8221; css=&#8221;.vc_custom_1772119586199{background-color: #FFFFFF !important;}&#8221;][vc_column][vc_column_text css=&#8221;.vc_custom_1772185791900{padding-top: 30px !important;border-color: #FFFFFF !important;}&#8221;]<\/p>\n<h1 class=\"vw-text-[52] whitespace-pre-wrap text-system-gray absolute top-[30%] vw-left-[100] -translate-y-1\/2 !vw-text-[36] leading-loose font-medium empty:hidden\" style=\"text-align: center;\"><strong>SGF-TS30M<\/strong><\/h1>\n<h2 style=\"text-align: center;\"><em>SUNGROW Floating-PV-System<\/em><\/h2>\n<p>[\/vc_column_text][vc_single_image image=&#8221;65560&#8243; img_size=&#8221;FULL&#8221; css=&#8221;.vc_custom_1772119947248{margin-bottom: 0px !important;}&#8221;][\/vc_column][\/vc_row][vc_row equal_height=&#8221;yes&#8221; css=&#8221;.vc_custom_1772119839273{padding-top: 30px !important;padding-right: 10px !important;padding-bottom: 20px !important;padding-left: 10px !important;background-color: #FFFFFF !important;border-color: #FFFFFF !important;}&#8221;][vc_column width=&#8221;1\/3&#8243; css=&#8221;.vc_custom_1772119808615{border-top-width: 5px !important;border-right-width: 5px !important;border-bottom-width: 5px !important;border-left-width: 5px !important;background-color: #F2F2F2 !important;border-left-style: solid !important;border-right-style: solid !important;border-top-style: solid !important;border-bottom-style: solid !important;border-color: #FFFFFF !important;}&#8221;][vc_column_text css=&#8221;&#8221;]<\/p>\n<h3 style=\"text-align: center;\" data-start=\"1329\" data-end=\"1360\"><strong>Hauptmerkmale<\/strong><\/h3>\n<ul>\n<li data-start=\"1364\" data-end=\"1418\">Schwimmk\u00f6rpermaterial: Modifiziertes HDPE mit UV-Schutz<\/li>\n<li data-start=\"1421\" data-end=\"1451\">Auslegungslebensdauer: 25 Jahre<\/li>\n<li data-start=\"1454\" data-end=\"1500\">Standardgarantie: 5 Jahre (erweiterbar)<\/li>\n<li data-start=\"1503\" data-end=\"1569\">Neigungswinkel: 5\u00b0\u201315\u00b0<\/li>\n<li data-start=\"1572\" data-end=\"1608\">Systemausrichtung: S\u2013N \/ E\u2013W<\/li>\n<li data-start=\"1611\" data-end=\"1658\">Maximale Modulgr\u00f6\u00dfe: bis zu 2500 \u00d7 1350 mm<\/li>\n<li data-start=\"1661\" data-end=\"1699\">Mindestabstand zur Wasseroberfl\u00e4che: 200\u2013250 mm<\/li>\n<li data-start=\"1702\" data-end=\"1738\">Direkte Wasserbelegung: 20,6 %<\/li>\n<li data-start=\"1741\" data-end=\"1776\">Tragf\u00e4higkeit: 157\u2013196 kg\/m\u00b2<\/li>\n<\/ul>\n<p>[\/vc_column_text][\/vc_column][vc_column width=&#8221;1\/3&#8243; css=&#8221;.vc_custom_1772119785363{border-top-width: 5px !important;border-right-width: 5px !important;border-bottom-width: 5px !important;border-left-width: 5px !important;background-color: #F2F2F2F2 !important;border-left-style: solid !important;border-right-style: solid !important;border-top-style: solid !important;border-bottom-style: solid !important;border-color: #FFFFFF !important;}&#8221;][vc_column_text css=&#8221;&#8221;]<\/p>\n<h3 style=\"text-align: center;\" data-start=\"1783\" data-end=\"1811\"><strong>Strukturelle Parameter<\/strong><\/h3>\n<ul>\n<li data-start=\"1815\" data-end=\"1928\">Durchschnittliche Windgeschwindigkeit: 180\u2013260 km\/h<br data-start=\"1854\" data-end=\"1857\" \/><em>(Option f\u00fcr h\u00f6here Lasten durch projektspezifische Auslegung)<\/em><\/li>\n<li data-start=\"1931\" data-end=\"2036\">Schneelast: 0,25\u20131,65 kN\/m\u00b2<br data-start=\"1962\" data-end=\"1965\" \/><em>(Option f\u00fcr h\u00f6here Lasten durch projektspezifische Auslegung)<\/em><\/li>\n<li data-start=\"2039\" data-end=\"2132\">Verankerungsl\u00e4nge: bis zu 100 m<br data-start=\"2071\" data-end=\"2074\" \/><em>(Option f\u00fcr gr\u00f6\u00dfere Tiefen gem\u00e4\u00df projektspezifischer Auslegung)<\/em><\/li>\n<\/ul>\n<p>[\/vc_column_text][\/vc_column][vc_column width=&#8221;1\/3&#8243; css=&#8221;.vc_custom_1772119771660{border-top-width: 5px !important;border-right-width: 5px !important;border-bottom-width: 5px !important;border-left-width: 5px !important;background-color: #F2F2F2F2 !important;border-left-style: solid !important;border-right-style: solid !important;border-top-style: solid !important;border-bottom-style: solid !important;border-color: #FFFFFF !important;}&#8221;][vc_column_text css=&#8221;&#8221;]<\/p>\n<h3 style=\"text-align: center;\" data-start=\"2139\" data-end=\"2153\"><strong>Materialien<\/strong><\/h3>\n<ul>\n<li data-start=\"2157\" data-end=\"2224\">Stahlunterkonstruktion mit Korrosionsschutzbeschichtung und Aluminiumkomponenten<\/li>\n<li data-start=\"2227\" data-end=\"2281\">HDPE-Schwimmk\u00f6rper mit hochwirksamem UV-Schutzadditiv<\/li>\n<li data-start=\"2284\" data-end=\"2360\">Materialien gem\u00e4\u00df internationalen Standards f\u00fcr Anwendungen auf Wasserfl\u00e4chen<\/li>\n<\/ul>\n<p>[\/vc_column_text][\/vc_column][vc_column][vc_btn title=&#8221;Technisches Datenblatt SGF-TS30M herunterladen&#8221; style=&#8221;outline-custom&#8221; outline_custom_color=&#8221;#EE7202&#8243; outline_custom_hover_background=&#8221;#EE7202&#8243; outline_custom_hover_text=&#8221;#ffffff&#8221; size=&#8221;sm&#8221; align=&#8221;center&#8221; i_align=&#8221;right&#8221; i_icon_fontawesome=&#8221;fa fa-solid fa-cloud-arrow-down&#8221; css=&#8221;.vc_custom_1772185917662{margin-top: 20px !important;padding-bottom: 5px !important;}&#8221; button_block=&#8221;true&#8221; add_icon=&#8221;true&#8221; link=&#8221;url:https%3A%2F%2Fwww.vicoexport.com%2Fwp-content%2Fuploads%2F2026%2F02%2FSGF-TS30-datasheet-vico-export-solar-energy.pdf|target:_blank&#8221;][\/vc_column][\/vc_row][vc_row css=&#8221;.vc_custom_1772109478013{margin-top: 30px !important;}&#8221;][vc_column][vc_column_text css=&#8221;&#8221;]<\/p>\n<h2 data-start=\"2374\" data-end=\"2397\"><strong>FPV Technische L\u00f6sung<\/strong><\/h2>\n<p data-start=\"702\" data-end=\"796\">Die L\u00f6sung umfasst ein schwimmendes System, eine technische Plattform sowie ein Kabelsystem, ausgelegt f\u00fcr:<\/p>\n<ul>\n<li data-start=\"800\" data-end=\"858\">Korrosionsschutz und Widerstandsf\u00e4higkeit gegen Wind- und Wellenbelastungen<\/li>\n<li data-start=\"861\" data-end=\"920\">Anpassung an langfristige Wasserstandsschwankungen<\/li>\n<li data-start=\"923\" data-end=\"972\">Mehrkammer-Design mit Sicherheitsredundanz<\/li>\n<li data-start=\"975\" data-end=\"1039\">Interne Kabelf\u00fchrung und Ausg\u00e4nge f\u00fcr DC- und Niederspannungs-AC-Verkabelung<\/li>\n<li data-start=\"1042\" data-end=\"1111\">Standard-Marinebeschichtung mit ausgewiesener Best\u00e4ndigkeit von 25 Jahren<\/li>\n<\/ul>\n<h2 data-start=\"2939\" data-end=\"2984\"><strong>Verankerungstechnik und Strukturelles Design<\/strong><\/h2>\n<p data-start=\"1634\" data-end=\"1666\">Das Systemdesign ber\u00fccksichtigt:<\/p>\n<ul>\n<li data-start=\"1670\" data-end=\"1701\">Auslegungswindgeschwindigkeit<\/li>\n<li data-start=\"1704\" data-end=\"1719\">Wellenh\u00f6he<\/li>\n<li data-start=\"1722\" data-end=\"1746\">Str\u00f6mungsgeschwindigkeit<\/li>\n<li data-start=\"1749\" data-end=\"1774\">Reservoirtiefe<\/li>\n<li data-start=\"1777\" data-end=\"1807\">Wasserstandsschwankungen<\/li>\n<li data-start=\"1810\" data-end=\"1827\">Schneelasten<\/li>\n<li data-start=\"1830\" data-end=\"1853\">Extreme Temperaturen<\/li>\n<li data-start=\"1856\" data-end=\"1874\">Wasserqualit\u00e4t<\/li>\n<\/ul>\n<p data-start=\"1876\" data-end=\"2021\">Das System beinhaltet Umweltlastberechnungen, CFD-Simulationen sowie hydrodynamische Analysen einschlie\u00dflich gekoppelter Wind-Wellen-Str\u00f6mungs-Berechnungen.<\/p>\n<p data-start=\"2023\" data-end=\"2125\">Die Auslegung kann gem\u00e4\u00df Normen wie ASCE 7-2016, BS EN 1991-4-2005 oder MS1553-2006 erfolgen.<\/p>\n<h2 data-start=\"3530\" data-end=\"3545\"><strong>Anwendungen<\/strong><\/h2>\n<p data-start=\"3547\" data-end=\"3588\">FPV-Systeme k\u00f6nnen eingesetzt werden in:<\/p>\n<ul>\n<li data-start=\"2355\" data-end=\"2365\">Stauseen<\/li>\n<li data-start=\"2368\" data-end=\"2400\">Nat\u00fcrlichen oder k\u00fcnstlichen Seen<\/li>\n<li data-start=\"2403\" data-end=\"2424\">Industriebecken<\/li>\n<li data-start=\"2427\" data-end=\"2445\">Bergbauseen<\/li>\n<li data-start=\"2448\" data-end=\"2499\">Gebieten mit saisonalen Wasserstandsschwankungen<\/li>\n<li data-start=\"2502\" data-end=\"2550\">Umgebungen mit hohen Wind- oder Schneelasten<\/li>\n<li data-start=\"2553\" data-end=\"2590\">Technisch geeigneten K\u00fcstengebieten<\/li>\n<\/ul>\n<p>[\/vc_column_text][\/vc_column][\/vc_row][vc_row][vc_column][vc_column_text css=&#8221;.vc_custom_1772185996221{padding-bottom: 5px !important;}&#8221;]<\/p>\n<h2 data-start=\"4359\" data-end=\"4399\"><strong>Internationale Referenzprojekte<\/strong><\/h2>\n<p>[\/vc_column_text][\/vc_column][\/vc_row][vc_row][vc_column][vc_images_carousel images=&#8221;65589,65593,65597,65601,65605,65627,65581,65585&#8243; img_size=&#8221;full&#8221; onclick=&#8221;link_no&#8221; speed=&#8221;1500&#8243; slides_per_view=&#8221;3&#8243; autoplay=&#8221;yes&#8221; wrap=&#8221;yes&#8221; css=&#8221;&#8221;][\/vc_column][\/vc_row][vc_row][vc_column][vc_video link=&#8221;https:\/\/youtu.be\/v0NLwpioyQ0&#8243; align=&#8221;center&#8221; css=&#8221;&#8221;][\/vc_column][\/vc_row]<\/p>\n<\/div>","protected":false},"excerpt":{"rendered":"<p>[vc_row][vc_column][vc_single_image image=&#8221;65610&#8243; img_size=&#8221;&#8221; alignment=&#8221;center&#8221; css=&#8221;.vc_custom_1772121804519{margin-top: 50px !important;margin-bottom: 20px !important;}&#8221;][vc_column_text css=&#8221;.vc_custom_1772185561789{margin-bottom: 0px !important;}&#8221;] SUNGROW Schwimmendes Photovoltaiksystem (FPV) Offizieller Vertriebspartner Vico Export Solar Energy [\/vc_column_text][vc_column_text css=&#8221;.vc_custom_1772185764446{margin-top: 20px !important;margin-bottom: 0px !important;padding-top: 10px !important;}&#8221;] Floating-PV-L\u00f6sungen f\u00fcr Utility-Scale-Projekte auf Wasserfl\u00e4chen Die Floating Photovoltaics (FPV)-Technologie erm\u00f6glicht die Entwicklung von Photovoltaikanlagen auf Stauseen, Seen, Industriebecken, Bergsenkungsgebieten und anderen Wasserfl\u00e4chen mithilfe von schwimmenden [&hellip;]<\/p>\n","protected":false},"author":1,"featured_media":65000,"parent":0,"menu_order":0,"comment_status":"closed","ping_status":"closed","template":"","meta":{"_joinchat":[],"footnotes":""},"class_list":["post-65639","page","type-page","status-publish","has-post-thumbnail","hentry"],"yoast_head":"<!-- This site is optimized with the Yoast SEO plugin v27.3 - https:\/\/yoast.com\/product\/yoast-seo-wordpress\/ -->\n<title>Sungrow Floating PV | Schwimmende Photovoltaikanlagen<\/title>\n<meta name=\"description\" content=\"Sungrow Floating PV Systems f\u00fcr Solarprojekte auf Gew\u00e4ssern Schwimmende Systeme mit struktureller Konstruktion f\u00fcr den Einsatz im Versorgungsma\u00dfstab\" \/>\n<meta name=\"robots\" content=\"index, follow, max-snippet:-1, max-image-preview:large, max-video-preview:-1\" \/>\n<link rel=\"canonical\" href=\"https:\/\/www.vicoexport.com\/de\/schwimmende-photovoltaikanlagen\/\" \/>\n<meta property=\"og:locale\" content=\"de_DE\" \/>\n<meta property=\"og:type\" content=\"article\" \/>\n<meta property=\"og:title\" content=\"Sungrow Floating PV | Schwimmende Photovoltaikanlagen\" \/>\n<meta property=\"og:description\" content=\"Sungrow Floating PV Systems f\u00fcr Solarprojekte auf Gew\u00e4ssern Schwimmende Systeme mit struktureller Konstruktion f\u00fcr den Einsatz im Versorgungsma\u00dfstab\" \/>\n<meta property=\"og:url\" content=\"https:\/\/www.vicoexport.com\/de\/schwimmende-photovoltaikanlagen\/\" \/>\n<meta property=\"og:site_name\" content=\"Vico Export Solar Energy\" \/>\n<meta property=\"article:publisher\" content=\"https:\/\/www.facebook.com\/vicoexport.vicoexportsolar\" \/>\n<meta property=\"article:modified_time\" content=\"2026-02-27T09:53:58+00:00\" \/>\n<meta property=\"og:image\" content=\"https:\/\/www.vicoexport.com\/wp-content\/uploads\/2026\/02\/Slider-Aiko.png\" \/>\n\t<meta property=\"og:image:width\" content=\"1920\" \/>\n\t<meta property=\"og:image:height\" content=\"600\" \/>\n\t<meta property=\"og:image:type\" content=\"image\/png\" \/>\n<meta name=\"twitter:card\" content=\"summary_large_image\" \/>\n<meta name=\"twitter:site\" content=\"@VicoExportSolar\" \/>\n<script type=\"application\/ld+json\" class=\"yoast-schema-graph\">{\"@context\":\"https:\\\/\\\/schema.org\",\"@graph\":[{\"@type\":\"WebPage\",\"@id\":\"https:\\\/\\\/www.vicoexport.com\\\/de\\\/schwimmende-photovoltaikanlagen\\\/\",\"url\":\"https:\\\/\\\/www.vicoexport.com\\\/de\\\/schwimmende-photovoltaikanlagen\\\/\",\"name\":\"Sungrow Floating PV | Schwimmende Photovoltaikanlagen\",\"isPartOf\":{\"@id\":\"https:\\\/\\\/www.vicoexport.com\\\/#website\"},\"primaryImageOfPage\":{\"@id\":\"https:\\\/\\\/www.vicoexport.com\\\/de\\\/schwimmende-photovoltaikanlagen\\\/#primaryimage\"},\"image\":{\"@id\":\"https:\\\/\\\/www.vicoexport.com\\\/de\\\/schwimmende-photovoltaikanlagen\\\/#primaryimage\"},\"thumbnailUrl\":\"https:\\\/\\\/www.vicoexport.com\\\/wp-content\\\/uploads\\\/2026\\\/02\\\/Slider-Aiko.png\",\"datePublished\":\"2026-02-26T15:53:03+00:00\",\"dateModified\":\"2026-02-27T09:53:58+00:00\",\"description\":\"Sungrow Floating PV Systems f\u00fcr Solarprojekte auf Gew\u00e4ssern Schwimmende Systeme mit struktureller Konstruktion f\u00fcr den Einsatz im Versorgungsma\u00dfstab\",\"breadcrumb\":{\"@id\":\"https:\\\/\\\/www.vicoexport.com\\\/de\\\/schwimmende-photovoltaikanlagen\\\/#breadcrumb\"},\"inLanguage\":\"de\",\"potentialAction\":[{\"@type\":\"ReadAction\",\"target\":[\"https:\\\/\\\/www.vicoexport.com\\\/de\\\/schwimmende-photovoltaikanlagen\\\/\"]}]},{\"@type\":\"ImageObject\",\"inLanguage\":\"de\",\"@id\":\"https:\\\/\\\/www.vicoexport.com\\\/de\\\/schwimmende-photovoltaikanlagen\\\/#primaryimage\",\"url\":\"https:\\\/\\\/www.vicoexport.com\\\/wp-content\\\/uploads\\\/2026\\\/02\\\/Slider-Aiko.png\",\"contentUrl\":\"https:\\\/\\\/www.vicoexport.com\\\/wp-content\\\/uploads\\\/2026\\\/02\\\/Slider-Aiko.png\",\"width\":1920,\"height\":600,\"caption\":\"modulo-ABC-670W-Aiko\"},{\"@type\":\"BreadcrumbList\",\"@id\":\"https:\\\/\\\/www.vicoexport.com\\\/de\\\/schwimmende-photovoltaikanlagen\\\/#breadcrumb\",\"itemListElement\":[{\"@type\":\"ListItem\",\"position\":1,\"name\":\"Portada\",\"item\":\"https:\\\/\\\/www.vicoexport.com\\\/de\\\/\"},{\"@type\":\"ListItem\",\"position\":2,\"name\":\"SCHWIMMENDE PHOTOVOLTAIKANLAGEN\"}]},{\"@type\":\"WebSite\",\"@id\":\"https:\\\/\\\/www.vicoexport.com\\\/#website\",\"url\":\"https:\\\/\\\/www.vicoexport.com\\\/\",\"name\":\"Vico Export Solar Energy\",\"description\":\"Vico Export Solar Energy Distribuidor Mayorista de Paneles Solares Fotovoltaicos\",\"publisher\":{\"@id\":\"https:\\\/\\\/www.vicoexport.com\\\/#organization\"},\"potentialAction\":[{\"@type\":\"SearchAction\",\"target\":{\"@type\":\"EntryPoint\",\"urlTemplate\":\"https:\\\/\\\/www.vicoexport.com\\\/?s={search_term_string}\"},\"query-input\":{\"@type\":\"PropertyValueSpecification\",\"valueRequired\":true,\"valueName\":\"search_term_string\"}}],\"inLanguage\":\"de\"},{\"@type\":\"Organization\",\"@id\":\"https:\\\/\\\/www.vicoexport.com\\\/#organization\",\"name\":\"Vico Export Solar Energy\",\"url\":\"https:\\\/\\\/www.vicoexport.com\\\/\",\"logo\":{\"@type\":\"ImageObject\",\"inLanguage\":\"de\",\"@id\":\"https:\\\/\\\/www.vicoexport.com\\\/#\\\/schema\\\/logo\\\/image\\\/\",\"url\":\"https:\\\/\\\/www.vicoexport.com\\\/wp-content\\\/uploads\\\/2018\\\/02\\\/Vico-Export-Solar-energy.jpg\",\"contentUrl\":\"https:\\\/\\\/www.vicoexport.com\\\/wp-content\\\/uploads\\\/2018\\\/02\\\/Vico-Export-Solar-energy.jpg\",\"width\":1006,\"height\":1024,\"caption\":\"Vico Export Solar Energy\"},\"image\":{\"@id\":\"https:\\\/\\\/www.vicoexport.com\\\/#\\\/schema\\\/logo\\\/image\\\/\"},\"sameAs\":[\"https:\\\/\\\/www.facebook.com\\\/vicoexport.vicoexportsolar\",\"https:\\\/\\\/x.com\\\/VicoExportSolar\",\"https:\\\/\\\/www.instagram.com\\\/vico_export_solar_energy\",\"https:\\\/\\\/www.linkedin.com\\\/in\\\/vicoexport\",\"https:\\\/\\\/www.youtube.com\\\/user\\\/vicoexport\\\/\"]}]}<\/script>\n<!-- \/ Yoast SEO plugin. -->","yoast_head_json":{"title":"Sungrow Floating PV | Schwimmende Photovoltaikanlagen","description":"Sungrow Floating PV Systems f\u00fcr Solarprojekte auf Gew\u00e4ssern Schwimmende Systeme mit struktureller Konstruktion f\u00fcr den Einsatz im Versorgungsma\u00dfstab","robots":{"index":"index","follow":"follow","max-snippet":"max-snippet:-1","max-image-preview":"max-image-preview:large","max-video-preview":"max-video-preview:-1"},"canonical":"https:\/\/www.vicoexport.com\/de\/schwimmende-photovoltaikanlagen\/","og_locale":"de_DE","og_type":"article","og_title":"Sungrow Floating PV | Schwimmende Photovoltaikanlagen","og_description":"Sungrow Floating PV Systems f\u00fcr Solarprojekte auf Gew\u00e4ssern Schwimmende Systeme mit struktureller Konstruktion f\u00fcr den Einsatz im Versorgungsma\u00dfstab","og_url":"https:\/\/www.vicoexport.com\/de\/schwimmende-photovoltaikanlagen\/","og_site_name":"Vico Export Solar Energy","article_publisher":"https:\/\/www.facebook.com\/vicoexport.vicoexportsolar","article_modified_time":"2026-02-27T09:53:58+00:00","og_image":[{"width":1920,"height":600,"url":"https:\/\/www.vicoexport.com\/wp-content\/uploads\/2026\/02\/Slider-Aiko.png","type":"image\/png"}],"twitter_card":"summary_large_image","twitter_site":"@VicoExportSolar","schema":{"@context":"https:\/\/schema.org","@graph":[{"@type":"WebPage","@id":"https:\/\/www.vicoexport.com\/de\/schwimmende-photovoltaikanlagen\/","url":"https:\/\/www.vicoexport.com\/de\/schwimmende-photovoltaikanlagen\/","name":"Sungrow Floating PV | Schwimmende Photovoltaikanlagen","isPartOf":{"@id":"https:\/\/www.vicoexport.com\/#website"},"primaryImageOfPage":{"@id":"https:\/\/www.vicoexport.com\/de\/schwimmende-photovoltaikanlagen\/#primaryimage"},"image":{"@id":"https:\/\/www.vicoexport.com\/de\/schwimmende-photovoltaikanlagen\/#primaryimage"},"thumbnailUrl":"https:\/\/www.vicoexport.com\/wp-content\/uploads\/2026\/02\/Slider-Aiko.png","datePublished":"2026-02-26T15:53:03+00:00","dateModified":"2026-02-27T09:53:58+00:00","description":"Sungrow Floating PV Systems f\u00fcr Solarprojekte auf Gew\u00e4ssern Schwimmende Systeme mit struktureller Konstruktion f\u00fcr den Einsatz im Versorgungsma\u00dfstab","breadcrumb":{"@id":"https:\/\/www.vicoexport.com\/de\/schwimmende-photovoltaikanlagen\/#breadcrumb"},"inLanguage":"de","potentialAction":[{"@type":"ReadAction","target":["https:\/\/www.vicoexport.com\/de\/schwimmende-photovoltaikanlagen\/"]}]},{"@type":"ImageObject","inLanguage":"de","@id":"https:\/\/www.vicoexport.com\/de\/schwimmende-photovoltaikanlagen\/#primaryimage","url":"https:\/\/www.vicoexport.com\/wp-content\/uploads\/2026\/02\/Slider-Aiko.png","contentUrl":"https:\/\/www.vicoexport.com\/wp-content\/uploads\/2026\/02\/Slider-Aiko.png","width":1920,"height":600,"caption":"modulo-ABC-670W-Aiko"},{"@type":"BreadcrumbList","@id":"https:\/\/www.vicoexport.com\/de\/schwimmende-photovoltaikanlagen\/#breadcrumb","itemListElement":[{"@type":"ListItem","position":1,"name":"Portada","item":"https:\/\/www.vicoexport.com\/de\/"},{"@type":"ListItem","position":2,"name":"SCHWIMMENDE PHOTOVOLTAIKANLAGEN"}]},{"@type":"WebSite","@id":"https:\/\/www.vicoexport.com\/#website","url":"https:\/\/www.vicoexport.com\/","name":"Vico Export Solar Energy","description":"Vico Export Solar Energy Distribuidor Mayorista de Paneles Solares Fotovoltaicos","publisher":{"@id":"https:\/\/www.vicoexport.com\/#organization"},"potentialAction":[{"@type":"SearchAction","target":{"@type":"EntryPoint","urlTemplate":"https:\/\/www.vicoexport.com\/?s={search_term_string}"},"query-input":{"@type":"PropertyValueSpecification","valueRequired":true,"valueName":"search_term_string"}}],"inLanguage":"de"},{"@type":"Organization","@id":"https:\/\/www.vicoexport.com\/#organization","name":"Vico Export Solar Energy","url":"https:\/\/www.vicoexport.com\/","logo":{"@type":"ImageObject","inLanguage":"de","@id":"https:\/\/www.vicoexport.com\/#\/schema\/logo\/image\/","url":"https:\/\/www.vicoexport.com\/wp-content\/uploads\/2018\/02\/Vico-Export-Solar-energy.jpg","contentUrl":"https:\/\/www.vicoexport.com\/wp-content\/uploads\/2018\/02\/Vico-Export-Solar-energy.jpg","width":1006,"height":1024,"caption":"Vico Export Solar Energy"},"image":{"@id":"https:\/\/www.vicoexport.com\/#\/schema\/logo\/image\/"},"sameAs":["https:\/\/www.facebook.com\/vicoexport.vicoexportsolar","https:\/\/x.com\/VicoExportSolar","https:\/\/www.instagram.com\/vico_export_solar_energy","https:\/\/www.linkedin.com\/in\/vicoexport","https:\/\/www.youtube.com\/user\/vicoexport\/"]}]}},"_links":{"self":[{"href":"https:\/\/www.vicoexport.com\/de\/wp-json\/wp\/v2\/pages\/65639","targetHints":{"allow":["GET"]}}],"collection":[{"href":"https:\/\/www.vicoexport.com\/de\/wp-json\/wp\/v2\/pages"}],"about":[{"href":"https:\/\/www.vicoexport.com\/de\/wp-json\/wp\/v2\/types\/page"}],"author":[{"embeddable":true,"href":"https:\/\/www.vicoexport.com\/de\/wp-json\/wp\/v2\/users\/1"}],"replies":[{"embeddable":true,"href":"https:\/\/www.vicoexport.com\/de\/wp-json\/wp\/v2\/comments?post=65639"}],"version-history":[{"count":4,"href":"https:\/\/www.vicoexport.com\/de\/wp-json\/wp\/v2\/pages\/65639\/revisions"}],"predecessor-version":[{"id":65644,"href":"https:\/\/www.vicoexport.com\/de\/wp-json\/wp\/v2\/pages\/65639\/revisions\/65644"}],"wp:featuredmedia":[{"embeddable":true,"href":"https:\/\/www.vicoexport.com\/de\/wp-json\/wp\/v2\/media\/65000"}],"wp:attachment":[{"href":"https:\/\/www.vicoexport.com\/de\/wp-json\/wp\/v2\/media?parent=65639"}],"curies":[{"name":"wp","href":"https:\/\/api.w.org\/{rel}","templated":true}]}}