{"id":24364,"date":"2017-03-21T10:48:41","date_gmt":"2017-03-21T10:48:41","guid":{"rendered":"http:\/\/nuevo.vicoexport.com\/home-1-ingles\/baterias-solares\/"},"modified":"2021-01-27T13:20:23","modified_gmt":"2021-01-27T13:20:23","slug":"solar-batteries","status":"publish","type":"page","link":"https:\/\/www.vicoexport.com\/en\/home-es\/solar-batteries\/","title":{"rendered":"Solar batteries"},"content":{"rendered":"<div class=\"wpb-content-wrapper\"><p>[vc_row][vc_column][vc_empty_space height=&#8221;50px&#8221;][\/vc_column][\/vc_row][vc_row][vc_column width=&#8221;1\/2&#8243;][vc_column_text]<\/p>\n<h4><strong>Battery lithium LG<\/strong><\/h4>\n<p>Compatibilities with inverters\u00a0 <a href=\"https:\/\/www.vicoexport.com\/wp-content\/uploads\/2019\/07\/RESU-batteries-Product-Book_EN_V1.4_190715-Vico-Export-Solar-Energy.pdf\" target=\"_blank\" rel=\"noopener\"><strong>Compatibilities List<\/strong><\/a><\/p>\n<p><a href=\"https:\/\/www.vicoexport.com\/wp-content\/uploads\/2019\/07\/RESU-Product-Book_EN_V1.4_190715-Vico-Export-Solar-Energy.pdf\" target=\"_blank\" rel=\"noopener noreferrer\">\u00a0LG Resu 3.3 <\/a><\/p>\n<p><a href=\"https:\/\/www.vicoexport.com\/wp-content\/uploads\/2017\/03\/RESU6.5-Vico-Export-Solar-Energy.pdf\" target=\"_blank\" rel=\"noopener noreferrer\">\u00a0LG Resu 6.5<\/a><\/p>\n<p><a href=\"https:\/\/www.vicoexport.com\/wp-content\/uploads\/2017\/03\/LG-RESU10-Vico-Export-Solar-Energy.pdf\" target=\"_blank\" rel=\"noopener noreferrer\">LG Resu 10<\/a>[\/vc_column_text][vc_column_text]<\/p>\n<h4><strong>Battery lithium Pylontech<\/strong><\/h4>\n<p><a href=\"https:\/\/www.vicoexport.com\/wp-content\/uploads\/2020\/05\/PYLONTECH-BATERIAS-LITIO-US2000B-Y-US3000-VICO-EXPORT-SOLAR-ENERGY.pdf\" target=\"_blank\" rel=\"noopener\">US2000B Plus<\/a><\/p>\n<p><a href=\"https:\/\/www.vicoexport.com\/wp-content\/uploads\/2020\/05\/PYLONTECH-BATERIAS-LITIO-US2000B-Y-US3000-VICO-EXPORT-SOLAR-ENERGY.pdf\" target=\"_blank\" rel=\"noopener\">US3000<\/a>[\/vc_column_text][vc_column_text]<\/p>\n<h4><strong>Battery lithium SolaX T58<br \/>\n<\/strong><\/h4>\n<p><a href=\"https:\/\/www.vicoexport.com\/wp-content\/uploads\/2020\/05\/triple-power-battery-T-BAT-H-5.8-t58-solaX-vico-export-solar-energy.pdf\" target=\"_blank\" rel=\"noopener\">Triple Power T58<\/a>[\/vc_column_text][\/vc_column][vc_column width=&#8221;1\/2&#8243;][vc_column_text]<\/p>\n<h4><strong>Battery lithium BYD<\/strong><\/h4>\n<p><a href=\"https:\/\/www.vicoexport.com\/wp-content\/uploads\/2020\/05\/bater\u00edas-litio-BYD-vico-export-solar-energy.pdf\" target=\"_blank\" rel=\"noopener\">B-BOX PRO 2,5 48V<\/a><br \/>\n<a href=\"https:\/\/www.vicoexport.com\/wp-content\/uploads\/2020\/05\/bater\u00edas-litio-BYD-vico-export-solar-energy.pdf\" target=\"_blank\" rel=\"noopener\">B-BOX PRO 5 48V<\/a><br \/>\n<a href=\"https:\/\/www.vicoexport.com\/wp-content\/uploads\/2020\/05\/bater\u00edas-litio-BYD-vico-export-solar-energy.pdf\" target=\"_blank\" rel=\"noopener\">B-BOX PRO 7,5 48V<\/a><br \/>\n<a href=\"https:\/\/www.vicoexport.com\/wp-content\/uploads\/2020\/05\/bater\u00edas-litio-BYD-vico-export-solar-energy.pdf\" target=\"_blank\" rel=\"noopener\">B-BOX PRO 10 48V<\/a><br \/>\n<a href=\"https:\/\/www.vicoexport.com\/wp-content\/uploads\/2020\/05\/bater\u00edas-litio-BYD-vico-export-solar-energy.pdf\" target=\"_blank\" rel=\"noopener\">B-BOX PRO 13,8 48VB-BOX L 3,5 48V<\/a><br \/>\n<a href=\"https:\/\/www.vicoexport.com\/wp-content\/uploads\/2020\/05\/bater\u00edas-litio-BYD-vico-export-solar-energy.pdf\" target=\"_blank\" rel=\"noopener\">B-BOX L 7 48V<\/a><br \/>\n<a href=\"https:\/\/www.vicoexport.com\/wp-content\/uploads\/2020\/05\/bater\u00edas-litio-BYD-vico-export-solar-energy.pdf\" target=\"_blank\" rel=\"noopener\">B-BOX L 10,5 48V<\/a><br \/>\n<a href=\"https:\/\/www.vicoexport.com\/wp-content\/uploads\/2020\/05\/bater\u00edas-litio-BYD-vico-export-solar-energy.pdf\" target=\"_blank\" rel=\"noopener\">B-BOX L 14 48VB-BOX H 6,4 200\/282V<\/a><br \/>\n<a href=\"https:\/\/www.vicoexport.com\/wp-content\/uploads\/2020\/05\/bater\u00edas-litio-BYD-vico-export-solar-energy.pdf\" target=\"_blank\" rel=\"noopener\">B-BOX H 7,7 240\/338V<\/a><br \/>\n<a href=\"https:\/\/www.vicoexport.com\/wp-content\/uploads\/2020\/05\/bater\u00edas-litio-BYD-vico-export-solar-energy.pdf\" target=\"_blank\" rel=\"noopener\">B-BOX H 9 280\/395V<\/a><br \/>\n<a href=\"https:\/\/www.vicoexport.com\/wp-content\/uploads\/2020\/05\/bater\u00edas-litio-BYD-vico-export-solar-energy.pdf\" target=\"_blank\" rel=\"noopener\">B-BOX H 10,2 320\/451V<\/a><br \/>\n<a href=\"https:\/\/www.vicoexport.com\/wp-content\/uploads\/2020\/05\/bater\u00edas-litio-BYD-vico-export-solar-energy.pdf\" target=\"_blank\" rel=\"noopener\">B-BOX H 11,5 360\/500<\/a>[\/vc_column_text][\/vc_column][\/vc_row]<\/p>\n<\/div>","protected":false},"excerpt":{"rendered":"<p>[vc_row][vc_column][vc_empty_space height=&#8221;50px&#8221;][\/vc_column][\/vc_row][vc_row][vc_column width=&#8221;1\/2&#8243;][vc_column_text] Battery lithium LG Compatibilities with inverters\u00a0 Compatibilities List \u00a0LG Resu 3.3 \u00a0LG Resu 6.5 LG Resu 10[\/vc_column_text][vc_column_text] Battery lithium Pylontech US2000B Plus US3000[\/vc_column_text][vc_column_text] Battery lithium SolaX T58 Triple Power T58[\/vc_column_text][\/vc_column][vc_column width=&#8221;1\/2&#8243;][vc_column_text] Battery lithium BYD B-BOX PRO 2,5 48V B-BOX PRO 5 48V B-BOX PRO 7,5 48V B-BOX PRO 10 48V B-BOX PRO [&hellip;]<\/p>\n","protected":false},"author":1,"featured_media":0,"parent":23458,"menu_order":3,"comment_status":"closed","ping_status":"closed","template":"","meta":{"_joinchat":[],"footnotes":""},"class_list":["post-24364","page","type-page","status-publish","hentry"],"yoast_head":"<!-- This site is optimized with the Yoast SEO plugin v27.5 - https:\/\/yoast.com\/product\/yoast-seo-wordpress\/ -->\n<title>Solar batteries &#8212; Vico Export Solar Energy<\/title>\n<meta name=\"description\" content=\"bater\u00edas de litio triple power t58 SolaX, BYD, Pylontecg, LG resu Chem, Bater\u00edas LG de Litio Resu 3.3 Bater\u00eda Litio de 3.3kWh LG Resu 3.3 Resu 6.5 Bater\u00eda de Litio de 6.5kWh LG Resu 6.5 Resu 10 Bater\u00eda de Litio de 9.8kWh LG Resu 10 baterias de litio BYD.\" \/>\n<meta name=\"robots\" content=\"index, follow, max-snippet:-1, max-image-preview:large, max-video-preview:-1\" \/>\n<link rel=\"canonical\" href=\"https:\/\/www.vicoexport.com\/en\/home-es\/solar-batteries\/\" \/>\n<meta property=\"og:locale\" content=\"en_US\" \/>\n<meta property=\"og:type\" content=\"article\" \/>\n<meta property=\"og:title\" content=\"Solar batteries &#8212; Vico Export Solar Energy\" \/>\n<meta property=\"og:description\" content=\"bater\u00edas de litio triple power t58 SolaX, BYD, Pylontecg, LG resu Chem, Bater\u00edas LG de Litio Resu 3.3 Bater\u00eda Litio de 3.3kWh LG Resu 3.3 Resu 6.5 Bater\u00eda de Litio de 6.5kWh LG Resu 6.5 Resu 10 Bater\u00eda de Litio de 9.8kWh LG Resu 10 baterias de litio BYD.\" \/>\n<meta property=\"og:url\" content=\"https:\/\/www.vicoexport.com\/en\/home-es\/solar-batteries\/\" \/>\n<meta property=\"og:site_name\" content=\"Vico Export Solar Energy\" \/>\n<meta property=\"article:publisher\" content=\"https:\/\/www.facebook.com\/vicoexport.vicoexportsolar\" \/>\n<meta property=\"article:modified_time\" content=\"2021-01-27T13:20:23+00:00\" \/>\n<meta property=\"og:image\" content=\"https:\/\/www.vicoexport.com\/wp-content\/uploads\/2021\/01\/LOGO-Vico-Export-Solar-energy-CH-www.vicoexport.com_.jpg\" \/>\n\t<meta property=\"og:image:width\" content=\"1259\" \/>\n\t<meta property=\"og:image:height\" content=\"1278\" \/>\n\t<meta property=\"og:image:type\" content=\"image\/jpeg\" \/>\n<meta name=\"twitter:card\" content=\"summary_large_image\" \/>\n<meta name=\"twitter:site\" content=\"@VicoExportSolar\" \/>\n<script type=\"application\/ld+json\" class=\"yoast-schema-graph\">{\"@context\":\"https:\\\/\\\/schema.org\",\"@graph\":[{\"@type\":\"WebPage\",\"@id\":\"https:\\\/\\\/www.vicoexport.com\\\/en\\\/home-es\\\/solar-batteries\\\/\",\"url\":\"https:\\\/\\\/www.vicoexport.com\\\/en\\\/home-es\\\/solar-batteries\\\/\",\"name\":\"Solar batteries &#8212; Vico Export Solar Energy\",\"isPartOf\":{\"@id\":\"https:\\\/\\\/www.vicoexport.com\\\/#website\"},\"datePublished\":\"2017-03-21T10:48:41+00:00\",\"dateModified\":\"2021-01-27T13:20:23+00:00\",\"description\":\"bater\u00edas de litio triple power t58 SolaX, BYD, Pylontecg, LG resu Chem, Bater\u00edas LG de Litio Resu 3.3 Bater\u00eda Litio de 3.3kWh LG Resu 3.3 Resu 6.5 Bater\u00eda de Litio de 6.5kWh LG Resu 6.5 Resu 10 Bater\u00eda de Litio de 9.8kWh LG Resu 10 baterias de litio BYD.\",\"breadcrumb\":{\"@id\":\"https:\\\/\\\/www.vicoexport.com\\\/en\\\/home-es\\\/solar-batteries\\\/#breadcrumb\"},\"inLanguage\":\"en-US\",\"potentialAction\":[{\"@type\":\"ReadAction\",\"target\":[\"https:\\\/\\\/www.vicoexport.com\\\/en\\\/home-es\\\/solar-batteries\\\/\"]}]},{\"@type\":\"BreadcrumbList\",\"@id\":\"https:\\\/\\\/www.vicoexport.com\\\/en\\\/home-es\\\/solar-batteries\\\/#breadcrumb\",\"itemListElement\":[{\"@type\":\"ListItem\",\"position\":1,\"name\":\"Portada\",\"item\":\"https:\\\/\\\/www.vicoexport.com\\\/en\\\/\"},{\"@type\":\"ListItem\",\"position\":2,\"name\":\"Home\",\"item\":\"https:\\\/\\\/www.vicoexport.com\\\/en\\\/\"},{\"@type\":\"ListItem\",\"position\":3,\"name\":\"Solar batteries\"}]},{\"@type\":\"WebSite\",\"@id\":\"https:\\\/\\\/www.vicoexport.com\\\/#website\",\"url\":\"https:\\\/\\\/www.vicoexport.com\\\/\",\"name\":\"Vico Export Solar Energy\",\"description\":\"Vico Export Solar Energy Distribuidor Mayorista de Paneles Solares Fotovoltaicos\",\"publisher\":{\"@id\":\"https:\\\/\\\/www.vicoexport.com\\\/#organization\"},\"potentialAction\":[{\"@type\":\"SearchAction\",\"target\":{\"@type\":\"EntryPoint\",\"urlTemplate\":\"https:\\\/\\\/www.vicoexport.com\\\/?s={search_term_string}\"},\"query-input\":{\"@type\":\"PropertyValueSpecification\",\"valueRequired\":true,\"valueName\":\"search_term_string\"}}],\"inLanguage\":\"en-US\"},{\"@type\":\"Organization\",\"@id\":\"https:\\\/\\\/www.vicoexport.com\\\/#organization\",\"name\":\"Vico Export Solar Energy\",\"url\":\"https:\\\/\\\/www.vicoexport.com\\\/\",\"logo\":{\"@type\":\"ImageObject\",\"inLanguage\":\"en-US\",\"@id\":\"https:\\\/\\\/www.vicoexport.com\\\/#\\\/schema\\\/logo\\\/image\\\/\",\"url\":\"https:\\\/\\\/www.vicoexport.com\\\/wp-content\\\/uploads\\\/2018\\\/02\\\/Vico-Export-Solar-energy.jpg\",\"contentUrl\":\"https:\\\/\\\/www.vicoexport.com\\\/wp-content\\\/uploads\\\/2018\\\/02\\\/Vico-Export-Solar-energy.jpg\",\"width\":1006,\"height\":1024,\"caption\":\"Vico Export Solar Energy\"},\"image\":{\"@id\":\"https:\\\/\\\/www.vicoexport.com\\\/#\\\/schema\\\/logo\\\/image\\\/\"},\"sameAs\":[\"https:\\\/\\\/www.facebook.com\\\/vicoexport.vicoexportsolar\",\"https:\\\/\\\/x.com\\\/VicoExportSolar\",\"https:\\\/\\\/www.instagram.com\\\/vico_export_solar_energy\",\"https:\\\/\\\/www.linkedin.com\\\/in\\\/vicoexport\",\"https:\\\/\\\/www.youtube.com\\\/user\\\/vicoexport\\\/\"]}]}<\/script>\n<!-- \/ Yoast SEO plugin. -->","yoast_head_json":{"title":"Solar batteries &#8212; Vico Export Solar Energy","description":"bater\u00edas de litio triple power t58 SolaX, BYD, Pylontecg, LG resu Chem, Bater\u00edas LG de Litio Resu 3.3 Bater\u00eda Litio de 3.3kWh LG Resu 3.3 Resu 6.5 Bater\u00eda de Litio de 6.5kWh LG Resu 6.5 Resu 10 Bater\u00eda de Litio de 9.8kWh LG Resu 10 baterias de litio BYD.","robots":{"index":"index","follow":"follow","max-snippet":"max-snippet:-1","max-image-preview":"max-image-preview:large","max-video-preview":"max-video-preview:-1"},"canonical":"https:\/\/www.vicoexport.com\/en\/home-es\/solar-batteries\/","og_locale":"en_US","og_type":"article","og_title":"Solar batteries &#8212; Vico Export Solar Energy","og_description":"bater\u00edas de litio triple power t58 SolaX, BYD, Pylontecg, LG resu Chem, Bater\u00edas LG de Litio Resu 3.3 Bater\u00eda Litio de 3.3kWh LG Resu 3.3 Resu 6.5 Bater\u00eda de Litio de 6.5kWh LG Resu 6.5 Resu 10 Bater\u00eda de Litio de 9.8kWh LG Resu 10 baterias de litio BYD.","og_url":"https:\/\/www.vicoexport.com\/en\/home-es\/solar-batteries\/","og_site_name":"Vico Export Solar Energy","article_publisher":"https:\/\/www.facebook.com\/vicoexport.vicoexportsolar","article_modified_time":"2021-01-27T13:20:23+00:00","og_image":[{"width":1259,"height":1278,"url":"https:\/\/www.vicoexport.com\/wp-content\/uploads\/2021\/01\/LOGO-Vico-Export-Solar-energy-CH-www.vicoexport.com_.jpg","type":"image\/jpeg"}],"twitter_card":"summary_large_image","twitter_site":"@VicoExportSolar","schema":{"@context":"https:\/\/schema.org","@graph":[{"@type":"WebPage","@id":"https:\/\/www.vicoexport.com\/en\/home-es\/solar-batteries\/","url":"https:\/\/www.vicoexport.com\/en\/home-es\/solar-batteries\/","name":"Solar batteries &#8212; Vico Export Solar Energy","isPartOf":{"@id":"https:\/\/www.vicoexport.com\/#website"},"datePublished":"2017-03-21T10:48:41+00:00","dateModified":"2021-01-27T13:20:23+00:00","description":"bater\u00edas de litio triple power t58 SolaX, BYD, Pylontecg, LG resu Chem, Bater\u00edas LG de Litio Resu 3.3 Bater\u00eda Litio de 3.3kWh LG Resu 3.3 Resu 6.5 Bater\u00eda de Litio de 6.5kWh LG Resu 6.5 Resu 10 Bater\u00eda de Litio de 9.8kWh LG Resu 10 baterias de litio BYD.","breadcrumb":{"@id":"https:\/\/www.vicoexport.com\/en\/home-es\/solar-batteries\/#breadcrumb"},"inLanguage":"en-US","potentialAction":[{"@type":"ReadAction","target":["https:\/\/www.vicoexport.com\/en\/home-es\/solar-batteries\/"]}]},{"@type":"BreadcrumbList","@id":"https:\/\/www.vicoexport.com\/en\/home-es\/solar-batteries\/#breadcrumb","itemListElement":[{"@type":"ListItem","position":1,"name":"Portada","item":"https:\/\/www.vicoexport.com\/en\/"},{"@type":"ListItem","position":2,"name":"Home","item":"https:\/\/www.vicoexport.com\/en\/"},{"@type":"ListItem","position":3,"name":"Solar batteries"}]},{"@type":"WebSite","@id":"https:\/\/www.vicoexport.com\/#website","url":"https:\/\/www.vicoexport.com\/","name":"Vico Export Solar Energy","description":"Vico Export Solar Energy Distribuidor Mayorista de Paneles Solares Fotovoltaicos","publisher":{"@id":"https:\/\/www.vicoexport.com\/#organization"},"potentialAction":[{"@type":"SearchAction","target":{"@type":"EntryPoint","urlTemplate":"https:\/\/www.vicoexport.com\/?s={search_term_string}"},"query-input":{"@type":"PropertyValueSpecification","valueRequired":true,"valueName":"search_term_string"}}],"inLanguage":"en-US"},{"@type":"Organization","@id":"https:\/\/www.vicoexport.com\/#organization","name":"Vico Export Solar Energy","url":"https:\/\/www.vicoexport.com\/","logo":{"@type":"ImageObject","inLanguage":"en-US","@id":"https:\/\/www.vicoexport.com\/#\/schema\/logo\/image\/","url":"https:\/\/www.vicoexport.com\/wp-content\/uploads\/2018\/02\/Vico-Export-Solar-energy.jpg","contentUrl":"https:\/\/www.vicoexport.com\/wp-content\/uploads\/2018\/02\/Vico-Export-Solar-energy.jpg","width":1006,"height":1024,"caption":"Vico Export Solar Energy"},"image":{"@id":"https:\/\/www.vicoexport.com\/#\/schema\/logo\/image\/"},"sameAs":["https:\/\/www.facebook.com\/vicoexport.vicoexportsolar","https:\/\/x.com\/VicoExportSolar","https:\/\/www.instagram.com\/vico_export_solar_energy","https:\/\/www.linkedin.com\/in\/vicoexport","https:\/\/www.youtube.com\/user\/vicoexport\/"]}]}},"_links":{"self":[{"href":"https:\/\/www.vicoexport.com\/en\/wp-json\/wp\/v2\/pages\/24364","targetHints":{"allow":["GET"]}}],"collection":[{"href":"https:\/\/www.vicoexport.com\/en\/wp-json\/wp\/v2\/pages"}],"about":[{"href":"https:\/\/www.vicoexport.com\/en\/wp-json\/wp\/v2\/types\/page"}],"author":[{"embeddable":true,"href":"https:\/\/www.vicoexport.com\/en\/wp-json\/wp\/v2\/users\/1"}],"replies":[{"embeddable":true,"href":"https:\/\/www.vicoexport.com\/en\/wp-json\/wp\/v2\/comments?post=24364"}],"version-history":[{"count":0,"href":"https:\/\/www.vicoexport.com\/en\/wp-json\/wp\/v2\/pages\/24364\/revisions"}],"up":[{"embeddable":true,"href":"https:\/\/www.vicoexport.com\/en\/wp-json\/wp\/v2\/pages\/23458"}],"wp:attachment":[{"href":"https:\/\/www.vicoexport.com\/en\/wp-json\/wp\/v2\/media?parent=24364"}],"curies":[{"name":"wp","href":"https:\/\/api.w.org\/{rel}","templated":true}]}}