{"id":39240,"date":"2023-03-08T16:31:26","date_gmt":"2023-03-08T15:31:26","guid":{"rendered":"https:\/\/www.vicoexport.com\/home-1-ingles\/solar-panels\/canadian-solar-2\/canadian-solar-hiku7\/"},"modified":"2024-07-11T10:56:17","modified_gmt":"2024-07-11T08:56:17","slug":"canadian-solar-hiku7","status":"publish","type":"page","link":"https:\/\/www.vicoexport.com\/en\/home-es\/solar-panels\/canadian-solar\/canadian-solar-hiku7\/","title":{"rendered":"Canadian Solar HiKu7"},"content":{"rendered":"<div class=\"wpb-content-wrapper\"><p>[vc_row][vc_column][vc_single_image image=&#8221;38921&#8243; img_size=&#8221;medium&#8221; alignment=&#8221;center&#8221;][vc_column_text css=&#8221;.vc_custom_1678289593614{margin-top: 0px !important;padding-top: 0px !important;}&#8221;]<\/p>\n<h2 style=\"text-align: center;\"><strong>Canadian Solar<\/strong><strong> HiKu7<\/strong><\/h2>\n<h4 class=\"has-text-align-left\" style=\"text-align: center;\"><span class=\"has-inline-color\">M\u00f3dulo PERC de doble c\u00e9lula de alta potencia<\/span><\/h4>\n<p>[\/vc_column_text][vc_column_text]Los paneles Canadian Solar HiKu7 son una excelente opci\u00f3n para instalaciones solares residenciales y comerciales. Estos paneles de alta eficiencia utilizan tecnolog\u00eda de media celda para aumentar su rendimiento y son mucho m\u00e1s duraderos que los paneles solares tradicionales. La serie HiKu7 es una de las opciones de panel con mayor eficiencia energ\u00e9tica disponibles en el mercado actual.<\/p>\n<p>Estos paneles tambi\u00e9n est\u00e1n hechos para durar, con una garant\u00eda de 12 a\u00f1os de producto y 20 a\u00f1os de garant\u00eda de rendimiento. Esto los convierte en una excelente inversi\u00f3n a largo plazo para cualquier hogar o negocio que busque reducir sus costos de energ\u00eda y ser m\u00e1s sostenible. Adem\u00e1s, la serie HiKu7 est\u00e1 dise\u00f1ada para resistir condiciones clim\u00e1ticas extremas, incluidas fuertes nevadas y fuertes vientos, lo que las convierte en una excelente opci\u00f3n para lugares con climas extremos.<\/p>\n<p>En general, los paneles Canadian Solar HiKu7 ofrecen un rendimiento excepcional, durabilidad y valor a largo plazo para aquellos que buscan invertir en soluciones de energ\u00eda renovable.[\/vc_column_text][vc_empty_space][\/vc_column][\/vc_row][vc_row][vc_column width=&#8221;1\/2&#8243;][vc_single_image image=&#8221;38944&#8243; img_size=&#8221;400X500&#8243; alignment=&#8221;center&#8221;][\/vc_column][vc_column width=&#8221;1\/2&#8243;][vc_column_text]<strong>M\u00f3dulo PERC de doble c\u00e9lula y alta potencia<\/strong><\/p>\n<p>&#8211; Oblea de 210 mm + c\u00e9lula dual 132 \/ 120 + tecnolog\u00eda PERC<br \/>\n&#8211; Potencia del m\u00f3dulo de hasta 675 W<br \/>\n&#8211; 0,4% m\u00e1s de rendimiento energ\u00e9tico durante la vida \u00fatil del m\u00f3dulo<\/p>\n<p><strong>Reducci\u00f3n de los costes BOS y LCOE<\/strong><\/p>\n<p>&#8211; Reducci\u00f3n del 5,7% del coste BOS<br \/>\n&#8211; 3,5% menor LCOE<br \/>\n&#8211; Compatible con los principales inversores<\/p>\n<p><strong>Mayor fiabilidad<\/strong><\/p>\n<p>&#8211; Tecnolog\u00eda integral de mitigaci\u00f3n LID \/ LeTID, hasta un 50% menos de degradaci\u00f3n<br \/>\n&#8211; Excelente rendimiento en puntos calientes<br \/>\n&#8211; Mejor tolerancia a las sombras<\/p>\n<p><a href=\"https:\/\/www.vicoexport.com\/wp-content\/uploads\/2020\/11\/Canadian-Solar-webinar-slides-Hiku-series-7-Vico-Export-Solar-Energy.pdf\" target=\"_blank\" rel=\"noopener noreferrer\">* Canadian Solar HiKu Serie 7 *<\/a>[\/vc_column_text][\/vc_column][\/vc_row][vc_row css=&#8221;.vc_custom_1678280377113{margin-top: 50px !important;}&#8221;][vc_column][vc_separator][vc_column_text]<\/p>\n<h3 style=\"text-align: center;\"><strong><a href=\"https:\/\/www.canadiansolar.com\/\">Paneles Solares Canadian Solar<\/a><\/strong><\/h3>\n<p>[\/vc_column_text][\/vc_column][\/vc_row][vc_row][vc_column width=&#8221;1\/3&#8243;][vc_column_text]<\/p>\n<h4 style=\"text-align: center;\"><strong>HiKu 7 CS7N-MS PERC<br \/>\nPotencia: 645 W ~ 675 W<\/strong><\/h4>\n<p>[\/vc_column_text][vc_column_text]<\/p>\n<p style=\"text-align: center;\">CS7N-645MS <strong>&#8211; 645w<\/strong><\/p>\n<p style=\"text-align: center;\">CS7N-650MS <strong>&#8211; 650w<\/strong><\/p>\n<p style=\"text-align: center;\">CS7N-655MS <strong>&#8211; 655w<\/strong><\/p>\n<p style=\"text-align: center;\">CS7N-660MS <strong>&#8211; 660w<\/strong><\/p>\n<p style=\"text-align: center;\">CS7N-665MS <strong>&#8211; 665w<\/strong><\/p>\n<p style=\"text-align: center;\">CS7N-670MS <strong>&#8211; 670w<\/strong><\/p>\n<p style=\"text-align: center;\">CS7N-675MS <strong>&#8211; 675w<\/strong><\/p>\n<p>[\/vc_column_text][vc_btn title=&#8221;FICHA T\u00c9CNICA CS7NxxxMS&#8221; style=&#8221;custom&#8221; custom_background=&#8221;#558f98&#8243; custom_text=&#8221;#ffffff&#8221; size=&#8221;sm&#8221; align=&#8221;center&#8221; i_align=&#8221;right&#8221; i_icon_fontawesome=&#8221;fas fa-download&#8221; add_icon=&#8221;true&#8221; link=&#8221;url:https%3A%2F%2Fwww.vicoexport.com%2Fwp-content%2Fuploads%2F2023%2F11%2FCS-Datasheet-HiKu7_CS7N-MS_v2.5_F63_EN_645-675_Vico_Export_Solar_Energy.pdf|target:_blank|&#8221;][\/vc_column][vc_column width=&#8221;1\/3&#8243;][vc_column_text]<\/p>\n<h4 style=\"text-align: center;\"><strong>HiKu 7 CS7L-MS PERC<br \/>\nPotencia: 585 W ~ 615 W<\/strong><\/h4>\n<p>[\/vc_column_text][vc_column_text]<\/p>\n<p style=\"text-align: center;\">CS7L-585MS <strong>&#8211; 585w<\/strong><\/p>\n<p style=\"text-align: center;\">CS7L-590MS <strong>&#8211; 590w<\/strong><\/p>\n<p style=\"text-align: center;\">CS7L-595MS <strong>&#8211; 595w<\/strong><\/p>\n<p style=\"text-align: center;\">CS7L-600MS <strong>&#8211; 600w<\/strong><\/p>\n<p style=\"text-align: center;\">CS7L-605MS <strong>&#8211; 605w<\/strong><\/p>\n<p style=\"text-align: center;\">CS7L-610MS <strong>&#8211; 610w<\/strong><\/p>\n<p style=\"text-align: center;\">CS7L-615MS <strong>&#8211; 615w<\/strong><\/p>\n<p>[\/vc_column_text][vc_btn title=&#8221;FICHA T\u00c9CNICA CS7LxxxMS&#8221; style=&#8221;custom&#8221; custom_background=&#8221;#558f98&#8243; custom_text=&#8221;#ffffff&#8221; size=&#8221;sm&#8221; align=&#8221;center&#8221; i_align=&#8221;right&#8221; i_icon_fontawesome=&#8221;fas fa-download&#8221; add_icon=&#8221;true&#8221; link=&#8221;url:https%3A%2F%2Fwww.vicoexport.com%2Fwp-content%2Fuploads%2F2024%2F07%2FCS-Datasheet-HiKu7_CS7L-MS_v2.71_F63_EN_585-615W_Vico_Export_Solar_Energy.pdf|target:_blank|&#8221;][\/vc_column][vc_column width=&#8221;1\/3&#8243;][vc_column_text]<\/p>\n<h4 style=\"text-align: center;\"><strong>HiKu 7 <\/strong><strong>CS7L-MS-R\u00a0 PERC <\/strong><br \/>\n<strong>Potencia: 580 W ~ 610 W<\/strong><\/h4>\n<h4 style=\"text-align: left;\"><\/h4>\n<p>[\/vc_column_text][vc_column_text]<\/p>\n<p style=\"text-align: center;\">CS7L-580MS-R <strong>&#8211; 580w<\/strong><\/p>\n<p style=\"text-align: center;\">CS7L-585MS-R<strong> &#8211; 585w<\/strong><\/p>\n<p style=\"text-align: center;\">CS7L-595MS-R <strong>&#8211; 590w<\/strong><\/p>\n<p style=\"text-align: center;\">CS7L-595MS-R <strong>&#8211; 595w<\/strong><\/p>\n<p style=\"text-align: center;\">CS7L-600MS-R <strong>&#8211; 600w<\/strong><\/p>\n<p style=\"text-align: center;\">CS7L-605MS-R<strong> &#8211; 605w<\/strong><\/p>\n<p style=\"text-align: center;\">CS7L-610MS-R <strong>&#8211; 610w<\/strong><\/p>\n<p>[\/vc_column_text][vc_btn title=&#8221;FICHA T\u00c9CNICA CS7LxxxMS-R&#8221; style=&#8221;custom&#8221; custom_background=&#8221;#558f98&#8243; custom_text=&#8221;#ffffff&#8221; size=&#8221;sm&#8221; align=&#8221;center&#8221; i_align=&#8221;right&#8221; i_icon_fontawesome=&#8221;fas fa-download&#8221; add_icon=&#8221;true&#8221; link=&#8221;url:https%3A%2F%2Fwww.vicoexport.com%2Fwp-content%2Fuploads%2F2023%2F11%2FCanadian-Solar-HiKu7_CS7L-MS-R_v1.8_EN_580-610-vico-export-solar-energy.pdf|target:_blank|&#8221;][\/vc_column][\/vc_row][vc_row css=&#8221;.vc_custom_1678281791473{padding-top: 50px !important;}&#8221;][vc_column][vc_cta h2=&#8221;&#8221; h4=&#8221;12 a\u00f1os garant\u00eda de producto y 25 a\u00f1os de garant\u00eda rendimiento&#8221; txt_align=&#8221;center&#8221; style=&#8221;3d&#8221; color=&#8221;grey&#8221;][\/vc_cta][\/vc_column][\/vc_row]<\/p>\n<\/div>","protected":false},"excerpt":{"rendered":"<p>[vc_row][vc_column][vc_single_image image=&#8221;38921&#8243; img_size=&#8221;medium&#8221; alignment=&#8221;center&#8221;][vc_column_text css=&#8221;.vc_custom_1678289593614{margin-top: 0px !important;padding-top: 0px !important;}&#8221;] Canadian Solar HiKu7 M\u00f3dulo PERC de doble c\u00e9lula de alta potencia [\/vc_column_text][vc_column_text]Los paneles Canadian Solar HiKu7 son una excelente opci\u00f3n para instalaciones solares residenciales y comerciales. Estos paneles de alta eficiencia utilizan tecnolog\u00eda de media celda para aumentar su rendimiento y son mucho m\u00e1s duraderos que [&hellip;]<\/p>\n","protected":false},"author":1,"featured_media":44339,"parent":39191,"menu_order":0,"comment_status":"closed","ping_status":"closed","template":"","meta":{"_joinchat":[],"footnotes":""},"class_list":["post-39240","page","type-page","status-publish","has-post-thumbnail","hentry"],"yoast_head":"<!-- This site is optimized with the Yoast SEO plugin v27.3 - https:\/\/yoast.com\/product\/yoast-seo-wordpress\/ -->\n<title>Canadian Solar HiKu7 | Vico Export Solar Energy<\/title>\n<meta name=\"description\" content=\"Canadian Solar HiKu7 photovoltaic modules CS7N 640W ~ 670W, CS7L-MS 580W ~ 600W, CS7L-MS-R 580W ~ 610W. Official distributors.\" \/>\n<meta name=\"robots\" content=\"index, follow, max-snippet:-1, max-image-preview:large, max-video-preview:-1\" \/>\n<link rel=\"canonical\" href=\"https:\/\/www.vicoexport.com\/home-es\/paneles-solares\/canadian-solar\/canadian-solar-hiku7\/\" \/>\n<meta property=\"og:locale\" content=\"en_US\" \/>\n<meta property=\"og:type\" content=\"article\" \/>\n<meta property=\"og:title\" content=\"Canadian Solar HiKu7 | Vico Export Solar Energy\" \/>\n<meta property=\"og:description\" content=\"Canadian Solar HiKu7 photovoltaic modules CS7N 640W ~ 670W, CS7L-MS 580W ~ 600W, CS7L-MS-R 580W ~ 610W. Official distributors.\" \/>\n<meta property=\"og:url\" content=\"https:\/\/www.vicoexport.com\/home-es\/paneles-solares\/canadian-solar\/canadian-solar-hiku7\/\" \/>\n<meta property=\"og:site_name\" content=\"Vico Export Solar Energy\" \/>\n<meta property=\"article:publisher\" content=\"https:\/\/www.facebook.com\/vicoexport.vicoexportsolar\" \/>\n<meta property=\"article:modified_time\" content=\"2024-07-11T08:56:17+00:00\" \/>\n<meta property=\"og:image\" content=\"https:\/\/www.vicoexport.com\/wp-content\/uploads\/2023\/11\/Canadian-Solar-2.jpg\" \/>\n\t<meta property=\"og:image:width\" content=\"200\" \/>\n\t<meta property=\"og:image:height\" content=\"200\" \/>\n\t<meta property=\"og:image:type\" content=\"image\/jpeg\" \/>\n<meta name=\"twitter:card\" content=\"summary_large_image\" \/>\n<meta name=\"twitter:site\" content=\"@VicoExportSolar\" \/>\n<script type=\"application\/ld+json\" class=\"yoast-schema-graph\">{\"@context\":\"https:\\\/\\\/schema.org\",\"@graph\":[{\"@type\":\"WebPage\",\"@id\":\"https:\\\/\\\/www.vicoexport.com\\\/home-es\\\/paneles-solares\\\/canadian-solar\\\/canadian-solar-hiku7\\\/\",\"url\":\"https:\\\/\\\/www.vicoexport.com\\\/home-es\\\/paneles-solares\\\/canadian-solar\\\/canadian-solar-hiku7\\\/\",\"name\":\"Canadian Solar HiKu7 | Vico Export Solar Energy\",\"isPartOf\":{\"@id\":\"https:\\\/\\\/www.vicoexport.com\\\/#website\"},\"primaryImageOfPage\":{\"@id\":\"https:\\\/\\\/www.vicoexport.com\\\/home-es\\\/paneles-solares\\\/canadian-solar\\\/canadian-solar-hiku7\\\/#primaryimage\"},\"image\":{\"@id\":\"https:\\\/\\\/www.vicoexport.com\\\/home-es\\\/paneles-solares\\\/canadian-solar\\\/canadian-solar-hiku7\\\/#primaryimage\"},\"thumbnailUrl\":\"https:\\\/\\\/www.vicoexport.com\\\/wp-content\\\/uploads\\\/2023\\\/11\\\/Canadian-Solar-2.jpg\",\"datePublished\":\"2023-03-08T15:31:26+00:00\",\"dateModified\":\"2024-07-11T08:56:17+00:00\",\"description\":\"Canadian Solar HiKu7 photovoltaic modules CS7N 640W ~ 670W, CS7L-MS 580W ~ 600W, CS7L-MS-R 580W ~ 610W. Official distributors.\",\"breadcrumb\":{\"@id\":\"https:\\\/\\\/www.vicoexport.com\\\/home-es\\\/paneles-solares\\\/canadian-solar\\\/canadian-solar-hiku7\\\/#breadcrumb\"},\"inLanguage\":\"en-US\",\"potentialAction\":[{\"@type\":\"ReadAction\",\"target\":[\"https:\\\/\\\/www.vicoexport.com\\\/home-es\\\/paneles-solares\\\/canadian-solar\\\/canadian-solar-hiku7\\\/\"]}]},{\"@type\":\"ImageObject\",\"inLanguage\":\"en-US\",\"@id\":\"https:\\\/\\\/www.vicoexport.com\\\/home-es\\\/paneles-solares\\\/canadian-solar\\\/canadian-solar-hiku7\\\/#primaryimage\",\"url\":\"https:\\\/\\\/www.vicoexport.com\\\/wp-content\\\/uploads\\\/2023\\\/11\\\/Canadian-Solar-2.jpg\",\"contentUrl\":\"https:\\\/\\\/www.vicoexport.com\\\/wp-content\\\/uploads\\\/2023\\\/11\\\/Canadian-Solar-2.jpg\",\"width\":200,\"height\":200,\"caption\":\"Canadian Solar HiKu7\"},{\"@type\":\"BreadcrumbList\",\"@id\":\"https:\\\/\\\/www.vicoexport.com\\\/home-es\\\/paneles-solares\\\/canadian-solar\\\/canadian-solar-hiku7\\\/#breadcrumb\",\"itemListElement\":[{\"@type\":\"ListItem\",\"position\":1,\"name\":\"Portada\",\"item\":\"https:\\\/\\\/www.vicoexport.com\\\/en\\\/\"},{\"@type\":\"ListItem\",\"position\":2,\"name\":\"Home\",\"item\":\"https:\\\/\\\/www.vicoexport.com\\\/en\\\/\"},{\"@type\":\"ListItem\",\"position\":3,\"name\":\"Solar Panels\",\"item\":\"https:\\\/\\\/www.vicoexport.com\\\/en\\\/home-es\\\/solar-panels\\\/\"},{\"@type\":\"ListItem\",\"position\":4,\"name\":\"Canadian Solar\",\"item\":\"https:\\\/\\\/www.vicoexport.com\\\/home-es\\\/paneles-solares\\\/canadian-solar\\\/\"},{\"@type\":\"ListItem\",\"position\":5,\"name\":\"Canadian Solar HiKu7\"}]},{\"@type\":\"WebSite\",\"@id\":\"https:\\\/\\\/www.vicoexport.com\\\/#website\",\"url\":\"https:\\\/\\\/www.vicoexport.com\\\/\",\"name\":\"Vico Export Solar Energy\",\"description\":\"Vico Export Solar Energy Distribuidor Mayorista de Paneles Solares Fotovoltaicos\",\"publisher\":{\"@id\":\"https:\\\/\\\/www.vicoexport.com\\\/#organization\"},\"potentialAction\":[{\"@type\":\"SearchAction\",\"target\":{\"@type\":\"EntryPoint\",\"urlTemplate\":\"https:\\\/\\\/www.vicoexport.com\\\/?s={search_term_string}\"},\"query-input\":{\"@type\":\"PropertyValueSpecification\",\"valueRequired\":true,\"valueName\":\"search_term_string\"}}],\"inLanguage\":\"en-US\"},{\"@type\":\"Organization\",\"@id\":\"https:\\\/\\\/www.vicoexport.com\\\/#organization\",\"name\":\"Vico Export Solar Energy\",\"url\":\"https:\\\/\\\/www.vicoexport.com\\\/\",\"logo\":{\"@type\":\"ImageObject\",\"inLanguage\":\"en-US\",\"@id\":\"https:\\\/\\\/www.vicoexport.com\\\/#\\\/schema\\\/logo\\\/image\\\/\",\"url\":\"https:\\\/\\\/www.vicoexport.com\\\/wp-content\\\/uploads\\\/2018\\\/02\\\/Vico-Export-Solar-energy.jpg\",\"contentUrl\":\"https:\\\/\\\/www.vicoexport.com\\\/wp-content\\\/uploads\\\/2018\\\/02\\\/Vico-Export-Solar-energy.jpg\",\"width\":1006,\"height\":1024,\"caption\":\"Vico Export Solar Energy\"},\"image\":{\"@id\":\"https:\\\/\\\/www.vicoexport.com\\\/#\\\/schema\\\/logo\\\/image\\\/\"},\"sameAs\":[\"https:\\\/\\\/www.facebook.com\\\/vicoexport.vicoexportsolar\",\"https:\\\/\\\/x.com\\\/VicoExportSolar\",\"https:\\\/\\\/www.instagram.com\\\/vico_export_solar_energy\",\"https:\\\/\\\/www.linkedin.com\\\/in\\\/vicoexport\",\"https:\\\/\\\/www.youtube.com\\\/user\\\/vicoexport\\\/\"]}]}<\/script>\n<!-- \/ Yoast SEO plugin. -->","yoast_head_json":{"title":"Canadian Solar HiKu7 | Vico Export Solar Energy","description":"Canadian Solar HiKu7 photovoltaic modules CS7N 640W ~ 670W, CS7L-MS 580W ~ 600W, CS7L-MS-R 580W ~ 610W. Official distributors.","robots":{"index":"index","follow":"follow","max-snippet":"max-snippet:-1","max-image-preview":"max-image-preview:large","max-video-preview":"max-video-preview:-1"},"canonical":"https:\/\/www.vicoexport.com\/home-es\/paneles-solares\/canadian-solar\/canadian-solar-hiku7\/","og_locale":"en_US","og_type":"article","og_title":"Canadian Solar HiKu7 | Vico Export Solar Energy","og_description":"Canadian Solar HiKu7 photovoltaic modules CS7N 640W ~ 670W, CS7L-MS 580W ~ 600W, CS7L-MS-R 580W ~ 610W. Official distributors.","og_url":"https:\/\/www.vicoexport.com\/home-es\/paneles-solares\/canadian-solar\/canadian-solar-hiku7\/","og_site_name":"Vico Export Solar Energy","article_publisher":"https:\/\/www.facebook.com\/vicoexport.vicoexportsolar","article_modified_time":"2024-07-11T08:56:17+00:00","og_image":[{"width":200,"height":200,"url":"https:\/\/www.vicoexport.com\/wp-content\/uploads\/2023\/11\/Canadian-Solar-2.jpg","type":"image\/jpeg"}],"twitter_card":"summary_large_image","twitter_site":"@VicoExportSolar","schema":{"@context":"https:\/\/schema.org","@graph":[{"@type":"WebPage","@id":"https:\/\/www.vicoexport.com\/home-es\/paneles-solares\/canadian-solar\/canadian-solar-hiku7\/","url":"https:\/\/www.vicoexport.com\/home-es\/paneles-solares\/canadian-solar\/canadian-solar-hiku7\/","name":"Canadian Solar HiKu7 | Vico Export Solar Energy","isPartOf":{"@id":"https:\/\/www.vicoexport.com\/#website"},"primaryImageOfPage":{"@id":"https:\/\/www.vicoexport.com\/home-es\/paneles-solares\/canadian-solar\/canadian-solar-hiku7\/#primaryimage"},"image":{"@id":"https:\/\/www.vicoexport.com\/home-es\/paneles-solares\/canadian-solar\/canadian-solar-hiku7\/#primaryimage"},"thumbnailUrl":"https:\/\/www.vicoexport.com\/wp-content\/uploads\/2023\/11\/Canadian-Solar-2.jpg","datePublished":"2023-03-08T15:31:26+00:00","dateModified":"2024-07-11T08:56:17+00:00","description":"Canadian Solar HiKu7 photovoltaic modules CS7N 640W ~ 670W, CS7L-MS 580W ~ 600W, CS7L-MS-R 580W ~ 610W. Official distributors.","breadcrumb":{"@id":"https:\/\/www.vicoexport.com\/home-es\/paneles-solares\/canadian-solar\/canadian-solar-hiku7\/#breadcrumb"},"inLanguage":"en-US","potentialAction":[{"@type":"ReadAction","target":["https:\/\/www.vicoexport.com\/home-es\/paneles-solares\/canadian-solar\/canadian-solar-hiku7\/"]}]},{"@type":"ImageObject","inLanguage":"en-US","@id":"https:\/\/www.vicoexport.com\/home-es\/paneles-solares\/canadian-solar\/canadian-solar-hiku7\/#primaryimage","url":"https:\/\/www.vicoexport.com\/wp-content\/uploads\/2023\/11\/Canadian-Solar-2.jpg","contentUrl":"https:\/\/www.vicoexport.com\/wp-content\/uploads\/2023\/11\/Canadian-Solar-2.jpg","width":200,"height":200,"caption":"Canadian Solar HiKu7"},{"@type":"BreadcrumbList","@id":"https:\/\/www.vicoexport.com\/home-es\/paneles-solares\/canadian-solar\/canadian-solar-hiku7\/#breadcrumb","itemListElement":[{"@type":"ListItem","position":1,"name":"Portada","item":"https:\/\/www.vicoexport.com\/en\/"},{"@type":"ListItem","position":2,"name":"Home","item":"https:\/\/www.vicoexport.com\/en\/"},{"@type":"ListItem","position":3,"name":"Solar Panels","item":"https:\/\/www.vicoexport.com\/en\/home-es\/solar-panels\/"},{"@type":"ListItem","position":4,"name":"Canadian Solar","item":"https:\/\/www.vicoexport.com\/home-es\/paneles-solares\/canadian-solar\/"},{"@type":"ListItem","position":5,"name":"Canadian Solar HiKu7"}]},{"@type":"WebSite","@id":"https:\/\/www.vicoexport.com\/#website","url":"https:\/\/www.vicoexport.com\/","name":"Vico Export Solar Energy","description":"Vico Export Solar Energy Distribuidor Mayorista de Paneles Solares Fotovoltaicos","publisher":{"@id":"https:\/\/www.vicoexport.com\/#organization"},"potentialAction":[{"@type":"SearchAction","target":{"@type":"EntryPoint","urlTemplate":"https:\/\/www.vicoexport.com\/?s={search_term_string}"},"query-input":{"@type":"PropertyValueSpecification","valueRequired":true,"valueName":"search_term_string"}}],"inLanguage":"en-US"},{"@type":"Organization","@id":"https:\/\/www.vicoexport.com\/#organization","name":"Vico Export Solar Energy","url":"https:\/\/www.vicoexport.com\/","logo":{"@type":"ImageObject","inLanguage":"en-US","@id":"https:\/\/www.vicoexport.com\/#\/schema\/logo\/image\/","url":"https:\/\/www.vicoexport.com\/wp-content\/uploads\/2018\/02\/Vico-Export-Solar-energy.jpg","contentUrl":"https:\/\/www.vicoexport.com\/wp-content\/uploads\/2018\/02\/Vico-Export-Solar-energy.jpg","width":1006,"height":1024,"caption":"Vico Export Solar Energy"},"image":{"@id":"https:\/\/www.vicoexport.com\/#\/schema\/logo\/image\/"},"sameAs":["https:\/\/www.facebook.com\/vicoexport.vicoexportsolar","https:\/\/x.com\/VicoExportSolar","https:\/\/www.instagram.com\/vico_export_solar_energy","https:\/\/www.linkedin.com\/in\/vicoexport","https:\/\/www.youtube.com\/user\/vicoexport\/"]}]}},"_links":{"self":[{"href":"https:\/\/www.vicoexport.com\/en\/wp-json\/wp\/v2\/pages\/39240","targetHints":{"allow":["GET"]}}],"collection":[{"href":"https:\/\/www.vicoexport.com\/en\/wp-json\/wp\/v2\/pages"}],"about":[{"href":"https:\/\/www.vicoexport.com\/en\/wp-json\/wp\/v2\/types\/page"}],"author":[{"embeddable":true,"href":"https:\/\/www.vicoexport.com\/en\/wp-json\/wp\/v2\/users\/1"}],"replies":[{"embeddable":true,"href":"https:\/\/www.vicoexport.com\/en\/wp-json\/wp\/v2\/comments?post=39240"}],"version-history":[{"count":0,"href":"https:\/\/www.vicoexport.com\/en\/wp-json\/wp\/v2\/pages\/39240\/revisions"}],"up":[{"embeddable":true,"href":"https:\/\/www.vicoexport.com\/en\/wp-json\/wp\/v2\/pages\/39191"}],"wp:featuredmedia":[{"embeddable":true,"href":"https:\/\/www.vicoexport.com\/en\/wp-json\/wp\/v2\/media\/44339"}],"wp:attachment":[{"href":"https:\/\/www.vicoexport.com\/en\/wp-json\/wp\/v2\/media?parent=39240"}],"curies":[{"name":"wp","href":"https:\/\/api.w.org\/{rel}","templated":true}]}}