{"id":65968,"date":"2026-03-10T17:02:44","date_gmt":"2026-03-10T16:02:44","guid":{"rendered":"https:\/\/www.vicoexport.com\/?post_type=product&#038;p=65968"},"modified":"2026-03-10T17:13:24","modified_gmt":"2026-03-10T16:13:24","slug":"sungrow-sh6-0rs-inverter-sbs050-battery","status":"publish","type":"product","link":"https:\/\/www.vicoexport.com\/en\/product\/sungrow-sh6-0rs-inverter-sbs050-battery\/","title":{"rendered":"Sungrow SH6.0RS Inverter + SBS050 Battery"},"content":{"rendered":"<h2><strong>Sungrow SH6.0RS + SBS050 Storage System | Residential Hybrid Pack<\/strong><\/h2>\n<p>The pack composed of the <strong>Sungrow SH6.0RS hybrid inverter<\/strong> and the <strong>Sungrow SBS050 lithium battery<\/strong> provides a complete solution for residential photovoltaic systems with energy storage.<\/p>\n<p>This system allows users to <strong>intelligently manage the solar energy produced<\/strong>, storing excess energy in the battery for later use and reducing dependence on the electrical grid.<\/p>\n<p>The hybrid inverter <strong>SH6.0RS<\/strong>, designed for single-phase installations, incorporates advanced energy management technology and full compatibility with Sungrow high-voltage batteries. In combination with the <strong>SBS050<\/strong> battery, the system provides <strong>high efficiency, safety and flexible expansion<\/strong>, adapting to different energy consumption needs.<\/p>\n<p>The <strong>SBS050<\/strong> battery uses LFP lithium technology (LiFePO\u2084), recognized for its high safety, long lifespan and thermal stability. Its modular design allows the storage capacity to be expanded if the project requires it.<\/p>\n<p>This pack is designed for installers looking for a <strong>reliable, compact and easy-to-install solution<\/strong> for residential self-consumption projects with energy storage.<\/p>\n<p><strong>KEY FEATURES<\/strong><\/p>\n<p><strong>Complete hybrid system<\/strong><br \/>\nSingle-phase Sungrow SH6.0RS hybrid inverter combined with the SBS050 battery for integrated solar energy generation and storage management.<\/p>\n<p><strong>Self-consumption optimization<\/strong><br \/>\nAllows energy generated during the day to be stored and used when needed, reducing reliance on the electrical grid.<\/p>\n<p><strong>High energy efficiency<\/strong><br \/>\nAdvanced conversion technology that maximizes the performance of the photovoltaic system.<\/p>\n<p><strong>Safe and durable LFP lithium battery<\/strong><br \/>\nThe SBS050 battery uses LiFePO\u2084 chemistry, providing greater safety, stability and a long service life.<\/p>\n<p><strong>Expandable system<\/strong><br \/>\nThe battery can be expanded by adding additional modules to increase storage capacity.<\/p>\n<p><strong>Compact design and easy installation<\/strong><br \/>\nOptimized solution for residential installations with simple integration and fast commissioning.<\/p>\n","protected":false},"excerpt":{"rendered":"<p><strong>Sungrow SH6.0RS + SBS050 Storage System | Residential Hybrid Pack<\/strong><\/p>\n<ul>\n<li>Sungrow Datasheet <a href=\"https:\/\/www.vicoexport.com\/wp-content\/uploads\/2026\/03\/SH3.0_3.6_4.0_5.0_6.0RS_Vico_Export_Solar_Energy-1.pdf\"><strong>SH6.0RS<\/strong><\/a><\/li>\n<li>Sungrow Datasheet <a href=\"https:\/\/www.vicoexport.com\/wp-content\/uploads\/2025\/04\/EN_DS_SBS050_Datasheet_V3_202501_vico_export_solar_energy.pdf\"><strong>SBS050<\/strong><\/a><\/li>\n<li>More info: <strong><a href=\"mailto:info@vicoexport.com\">info@vicoexport.com<\/a><\/strong><\/li>\n<\/ul>\n","protected":false},"featured_media":65962,"template":"","meta":{"_joinchat":[]},"product_brand":[],"product_cat":[769,771,1254,770],"product_tag":[1491,1672,927],"class_list":{"0":"post-65968","1":"product","2":"type-product","3":"status-publish","4":"has-post-thumbnail","6":"product_cat-electrical-inverters","7":"product_cat-lithium-battery-en","8":"product_cat-outlet-en","9":"product_cat-sungrow-en","10":"product_tag-sbs050-en","11":"product_tag-sh6-0rs","12":"product_tag-sungrow-en","13":"product_shipping_class-cotizar-en","14":"pa_disponibilidad-immediate-delivery","16":"first","17":"instock","18":"sale","19":"taxable","20":"shipping-taxable","21":"purchasable","22":"product-type-simple"},"yoast_head":"<!-- This site is optimized with the Yoast SEO plugin v27.5 - https:\/\/yoast.com\/product\/yoast-seo-wordpress\/ -->\n<title>Inversor Sungrow SH6.0RS + Bater\u00eda SBS050 | Pack Promoci\u00f3n<\/title>\n<meta name=\"description\" content=\"Sistema de autoconsumo con almacenamiento Sungrow: inversor h\u00edbrido SH6.0RS + bater\u00eda SBS050 de 5.12 kWh. Soluci\u00f3n eficiente para energ\u00eda solar residencial.\" \/>\n<meta name=\"robots\" content=\"index, follow, max-snippet:-1, max-image-preview:large, max-video-preview:-1\" \/>\n<link rel=\"canonical\" href=\"https:\/\/www.vicoexport.com\/en\/product\/sungrow-sh6-0rs-inverter-sbs050-battery\/\" \/>\n<meta property=\"og:locale\" content=\"en_US\" \/>\n<meta property=\"og:type\" content=\"article\" \/>\n<meta property=\"og:title\" content=\"Inversor Sungrow SH6.0RS + Bater\u00eda SBS050 | Pack Promoci\u00f3n\" \/>\n<meta property=\"og:description\" content=\"Sistema de autoconsumo con almacenamiento Sungrow: inversor h\u00edbrido SH6.0RS + bater\u00eda SBS050 de 5.12 kWh. Soluci\u00f3n eficiente para energ\u00eda solar residencial.\" \/>\n<meta property=\"og:url\" content=\"https:\/\/www.vicoexport.com\/en\/product\/sungrow-sh6-0rs-inverter-sbs050-battery\/\" \/>\n<meta property=\"og:site_name\" content=\"Vico Export Solar Energy\" \/>\n<meta property=\"article:publisher\" content=\"https:\/\/www.facebook.com\/vicoexport.vicoexportsolar\" \/>\n<meta property=\"article:modified_time\" content=\"2026-03-10T16:13:24+00:00\" \/>\n<meta property=\"og:image\" content=\"https:\/\/www.vicoexport.com\/wp-content\/uploads\/2023\/03\/SH6.0RS-SBS050.png\" \/>\n\t<meta property=\"og:image:width\" content=\"1080\" \/>\n\t<meta property=\"og:image:height\" content=\"1080\" \/>\n\t<meta property=\"og:image:type\" content=\"image\/png\" \/>\n<meta name=\"twitter:card\" content=\"summary_large_image\" \/>\n<meta name=\"twitter:site\" content=\"@VicoExportSolar\" \/>\n<script type=\"application\/ld+json\" class=\"yoast-schema-graph\">{\"@context\":\"https:\\\/\\\/schema.org\",\"@graph\":[{\"@type\":\"WebPage\",\"@id\":\"https:\\\/\\\/www.vicoexport.com\\\/en\\\/product\\\/sungrow-sh6-0rs-inverter-sbs050-battery\\\/\",\"url\":\"https:\\\/\\\/www.vicoexport.com\\\/en\\\/product\\\/sungrow-sh6-0rs-inverter-sbs050-battery\\\/\",\"name\":\"Inversor Sungrow SH6.0RS + Bater\u00eda SBS050 | Pack Promoci\u00f3n\",\"isPartOf\":{\"@id\":\"https:\\\/\\\/www.vicoexport.com\\\/#website\"},\"primaryImageOfPage\":{\"@id\":\"https:\\\/\\\/www.vicoexport.com\\\/en\\\/product\\\/sungrow-sh6-0rs-inverter-sbs050-battery\\\/#primaryimage\"},\"image\":{\"@id\":\"https:\\\/\\\/www.vicoexport.com\\\/en\\\/product\\\/sungrow-sh6-0rs-inverter-sbs050-battery\\\/#primaryimage\"},\"thumbnailUrl\":\"https:\\\/\\\/www.vicoexport.com\\\/wp-content\\\/uploads\\\/2023\\\/03\\\/SH6.0RS-SBS050.png\",\"datePublished\":\"2026-03-10T16:02:44+00:00\",\"dateModified\":\"2026-03-10T16:13:24+00:00\",\"description\":\"Sistema de autoconsumo con almacenamiento Sungrow: inversor h\u00edbrido SH6.0RS + bater\u00eda SBS050 de 5.12 kWh. Soluci\u00f3n eficiente para energ\u00eda solar residencial.\",\"breadcrumb\":{\"@id\":\"https:\\\/\\\/www.vicoexport.com\\\/en\\\/product\\\/sungrow-sh6-0rs-inverter-sbs050-battery\\\/#breadcrumb\"},\"inLanguage\":\"en-US\",\"potentialAction\":[{\"@type\":\"ReadAction\",\"target\":[\"https:\\\/\\\/www.vicoexport.com\\\/en\\\/product\\\/sungrow-sh6-0rs-inverter-sbs050-battery\\\/\"]}]},{\"@type\":\"ImageObject\",\"inLanguage\":\"en-US\",\"@id\":\"https:\\\/\\\/www.vicoexport.com\\\/en\\\/product\\\/sungrow-sh6-0rs-inverter-sbs050-battery\\\/#primaryimage\",\"url\":\"https:\\\/\\\/www.vicoexport.com\\\/wp-content\\\/uploads\\\/2023\\\/03\\\/SH6.0RS-SBS050.png\",\"contentUrl\":\"https:\\\/\\\/www.vicoexport.com\\\/wp-content\\\/uploads\\\/2023\\\/03\\\/SH6.0RS-SBS050.png\",\"width\":1080,\"height\":1080,\"caption\":\"SH6.0RS + SBS050\"},{\"@type\":\"BreadcrumbList\",\"@id\":\"https:\\\/\\\/www.vicoexport.com\\\/en\\\/product\\\/sungrow-sh6-0rs-inverter-sbs050-battery\\\/#breadcrumb\",\"itemListElement\":[{\"@type\":\"ListItem\",\"position\":1,\"name\":\"Portada\",\"item\":\"https:\\\/\\\/www.vicoexport.com\\\/en\\\/\"},{\"@type\":\"ListItem\",\"position\":2,\"name\":\"Pedido Online\",\"item\":\"https:\\\/\\\/www.vicoexport.com\\\/en\\\/home-es\\\/tiendaonline\\\/\"},{\"@type\":\"ListItem\",\"position\":3,\"name\":\"Sungrow SH6.0RS Inverter + SBS050 Battery\"}]},{\"@type\":\"WebSite\",\"@id\":\"https:\\\/\\\/www.vicoexport.com\\\/#website\",\"url\":\"https:\\\/\\\/www.vicoexport.com\\\/\",\"name\":\"Vico Export Solar Energy\",\"description\":\"Vico Export Solar Energy Distribuidor Mayorista de Paneles Solares Fotovoltaicos\",\"publisher\":{\"@id\":\"https:\\\/\\\/www.vicoexport.com\\\/#organization\"},\"potentialAction\":[{\"@type\":\"SearchAction\",\"target\":{\"@type\":\"EntryPoint\",\"urlTemplate\":\"https:\\\/\\\/www.vicoexport.com\\\/?s={search_term_string}\"},\"query-input\":{\"@type\":\"PropertyValueSpecification\",\"valueRequired\":true,\"valueName\":\"search_term_string\"}}],\"inLanguage\":\"en-US\"},{\"@type\":\"Organization\",\"@id\":\"https:\\\/\\\/www.vicoexport.com\\\/#organization\",\"name\":\"Vico Export Solar Energy\",\"url\":\"https:\\\/\\\/www.vicoexport.com\\\/\",\"logo\":{\"@type\":\"ImageObject\",\"inLanguage\":\"en-US\",\"@id\":\"https:\\\/\\\/www.vicoexport.com\\\/#\\\/schema\\\/logo\\\/image\\\/\",\"url\":\"https:\\\/\\\/www.vicoexport.com\\\/wp-content\\\/uploads\\\/2018\\\/02\\\/Vico-Export-Solar-energy.jpg\",\"contentUrl\":\"https:\\\/\\\/www.vicoexport.com\\\/wp-content\\\/uploads\\\/2018\\\/02\\\/Vico-Export-Solar-energy.jpg\",\"width\":1006,\"height\":1024,\"caption\":\"Vico Export Solar Energy\"},\"image\":{\"@id\":\"https:\\\/\\\/www.vicoexport.com\\\/#\\\/schema\\\/logo\\\/image\\\/\"},\"sameAs\":[\"https:\\\/\\\/www.facebook.com\\\/vicoexport.vicoexportsolar\",\"https:\\\/\\\/x.com\\\/VicoExportSolar\",\"https:\\\/\\\/www.instagram.com\\\/vico_export_solar_energy\",\"https:\\\/\\\/www.linkedin.com\\\/in\\\/vicoexport\",\"https:\\\/\\\/www.youtube.com\\\/user\\\/vicoexport\\\/\"]}]}<\/script>\n<!-- \/ Yoast SEO plugin. -->","yoast_head_json":{"title":"Inversor Sungrow SH6.0RS + Bater\u00eda SBS050 | Pack Promoci\u00f3n","description":"Sistema de autoconsumo con almacenamiento Sungrow: inversor h\u00edbrido SH6.0RS + bater\u00eda SBS050 de 5.12 kWh. Soluci\u00f3n eficiente para energ\u00eda solar residencial.","robots":{"index":"index","follow":"follow","max-snippet":"max-snippet:-1","max-image-preview":"max-image-preview:large","max-video-preview":"max-video-preview:-1"},"canonical":"https:\/\/www.vicoexport.com\/en\/product\/sungrow-sh6-0rs-inverter-sbs050-battery\/","og_locale":"en_US","og_type":"article","og_title":"Inversor Sungrow SH6.0RS + Bater\u00eda SBS050 | Pack Promoci\u00f3n","og_description":"Sistema de autoconsumo con almacenamiento Sungrow: inversor h\u00edbrido SH6.0RS + bater\u00eda SBS050 de 5.12 kWh. Soluci\u00f3n eficiente para energ\u00eda solar residencial.","og_url":"https:\/\/www.vicoexport.com\/en\/product\/sungrow-sh6-0rs-inverter-sbs050-battery\/","og_site_name":"Vico Export Solar Energy","article_publisher":"https:\/\/www.facebook.com\/vicoexport.vicoexportsolar","article_modified_time":"2026-03-10T16:13:24+00:00","og_image":[{"width":1080,"height":1080,"url":"https:\/\/www.vicoexport.com\/wp-content\/uploads\/2023\/03\/SH6.0RS-SBS050.png","type":"image\/png"}],"twitter_card":"summary_large_image","twitter_site":"@VicoExportSolar","schema":{"@context":"https:\/\/schema.org","@graph":[{"@type":"WebPage","@id":"https:\/\/www.vicoexport.com\/en\/product\/sungrow-sh6-0rs-inverter-sbs050-battery\/","url":"https:\/\/www.vicoexport.com\/en\/product\/sungrow-sh6-0rs-inverter-sbs050-battery\/","name":"Inversor Sungrow SH6.0RS + Bater\u00eda SBS050 | Pack Promoci\u00f3n","isPartOf":{"@id":"https:\/\/www.vicoexport.com\/#website"},"primaryImageOfPage":{"@id":"https:\/\/www.vicoexport.com\/en\/product\/sungrow-sh6-0rs-inverter-sbs050-battery\/#primaryimage"},"image":{"@id":"https:\/\/www.vicoexport.com\/en\/product\/sungrow-sh6-0rs-inverter-sbs050-battery\/#primaryimage"},"thumbnailUrl":"https:\/\/www.vicoexport.com\/wp-content\/uploads\/2023\/03\/SH6.0RS-SBS050.png","datePublished":"2026-03-10T16:02:44+00:00","dateModified":"2026-03-10T16:13:24+00:00","description":"Sistema de autoconsumo con almacenamiento Sungrow: inversor h\u00edbrido SH6.0RS + bater\u00eda SBS050 de 5.12 kWh. Soluci\u00f3n eficiente para energ\u00eda solar residencial.","breadcrumb":{"@id":"https:\/\/www.vicoexport.com\/en\/product\/sungrow-sh6-0rs-inverter-sbs050-battery\/#breadcrumb"},"inLanguage":"en-US","potentialAction":[{"@type":"ReadAction","target":["https:\/\/www.vicoexport.com\/en\/product\/sungrow-sh6-0rs-inverter-sbs050-battery\/"]}]},{"@type":"ImageObject","inLanguage":"en-US","@id":"https:\/\/www.vicoexport.com\/en\/product\/sungrow-sh6-0rs-inverter-sbs050-battery\/#primaryimage","url":"https:\/\/www.vicoexport.com\/wp-content\/uploads\/2023\/03\/SH6.0RS-SBS050.png","contentUrl":"https:\/\/www.vicoexport.com\/wp-content\/uploads\/2023\/03\/SH6.0RS-SBS050.png","width":1080,"height":1080,"caption":"SH6.0RS + SBS050"},{"@type":"BreadcrumbList","@id":"https:\/\/www.vicoexport.com\/en\/product\/sungrow-sh6-0rs-inverter-sbs050-battery\/#breadcrumb","itemListElement":[{"@type":"ListItem","position":1,"name":"Portada","item":"https:\/\/www.vicoexport.com\/en\/"},{"@type":"ListItem","position":2,"name":"Pedido Online","item":"https:\/\/www.vicoexport.com\/en\/home-es\/tiendaonline\/"},{"@type":"ListItem","position":3,"name":"Sungrow SH6.0RS Inverter + SBS050 Battery"}]},{"@type":"WebSite","@id":"https:\/\/www.vicoexport.com\/#website","url":"https:\/\/www.vicoexport.com\/","name":"Vico Export Solar Energy","description":"Vico Export Solar Energy Distribuidor Mayorista de Paneles Solares Fotovoltaicos","publisher":{"@id":"https:\/\/www.vicoexport.com\/#organization"},"potentialAction":[{"@type":"SearchAction","target":{"@type":"EntryPoint","urlTemplate":"https:\/\/www.vicoexport.com\/?s={search_term_string}"},"query-input":{"@type":"PropertyValueSpecification","valueRequired":true,"valueName":"search_term_string"}}],"inLanguage":"en-US"},{"@type":"Organization","@id":"https:\/\/www.vicoexport.com\/#organization","name":"Vico Export Solar Energy","url":"https:\/\/www.vicoexport.com\/","logo":{"@type":"ImageObject","inLanguage":"en-US","@id":"https:\/\/www.vicoexport.com\/#\/schema\/logo\/image\/","url":"https:\/\/www.vicoexport.com\/wp-content\/uploads\/2018\/02\/Vico-Export-Solar-energy.jpg","contentUrl":"https:\/\/www.vicoexport.com\/wp-content\/uploads\/2018\/02\/Vico-Export-Solar-energy.jpg","width":1006,"height":1024,"caption":"Vico Export Solar Energy"},"image":{"@id":"https:\/\/www.vicoexport.com\/#\/schema\/logo\/image\/"},"sameAs":["https:\/\/www.facebook.com\/vicoexport.vicoexportsolar","https:\/\/x.com\/VicoExportSolar","https:\/\/www.instagram.com\/vico_export_solar_energy","https:\/\/www.linkedin.com\/in\/vicoexport","https:\/\/www.youtube.com\/user\/vicoexport\/"]}]}},"_links":{"self":[{"href":"https:\/\/www.vicoexport.com\/en\/wp-json\/wp\/v2\/product\/65968","targetHints":{"allow":["GET"]}}],"collection":[{"href":"https:\/\/www.vicoexport.com\/en\/wp-json\/wp\/v2\/product"}],"about":[{"href":"https:\/\/www.vicoexport.com\/en\/wp-json\/wp\/v2\/types\/product"}],"wp:featuredmedia":[{"embeddable":true,"href":"https:\/\/www.vicoexport.com\/en\/wp-json\/wp\/v2\/media\/65962"}],"wp:attachment":[{"href":"https:\/\/www.vicoexport.com\/en\/wp-json\/wp\/v2\/media?parent=65968"}],"wp:term":[{"taxonomy":"product_brand","embeddable":true,"href":"https:\/\/www.vicoexport.com\/en\/wp-json\/wp\/v2\/product_brand?post=65968"},{"taxonomy":"product_cat","embeddable":true,"href":"https:\/\/www.vicoexport.com\/en\/wp-json\/wp\/v2\/product_cat?post=65968"},{"taxonomy":"product_tag","embeddable":true,"href":"https:\/\/www.vicoexport.com\/en\/wp-json\/wp\/v2\/product_tag?post=65968"}],"curies":[{"name":"wp","href":"https:\/\/api.w.org\/{rel}","templated":true}]}}