{"id":44516,"date":"2017-05-12T11:16:57","date_gmt":"2017-05-12T11:16:57","guid":{"rendered":"https:\/\/www.vicoexport.com\/iberian-solar\/"},"modified":"2024-04-26T12:24:11","modified_gmt":"2024-04-26T10:24:11","slug":"iberian-solar","status":"publish","type":"page","link":"https:\/\/www.vicoexport.com\/ro\/home-es-3\/panouri-solare\/iberian-solar\/","title":{"rendered":"Iberian Solar"},"content":{"rendered":"<div class=\"wpb-content-wrapper\"><p>[vc_row][vc_column][vc_single_image image=&#8221;44816&#8243; img_size=&#8221;&#8221; alignment=&#8221;center&#8221;][vc_column_text]<\/p>\n<h3 style=\"text-align: center;\"><span style=\"color: #e53743;\"><a style=\"color: #e53743;\" href=\"https:\/\/www.vicoexport.com\/wp-content\/uploads\/2023\/02\/Certificado-Vico-Export-solar-energy-de-Iberian-Solar.pdf\"><strong>Vico Export Solar Energy este un Distribuitor Oficial Iberian Solar<\/strong><\/a><\/span><\/h3>\n<p>[\/vc_column_text][vc_column_text css=&#8221;.vc_custom_1680103519119{padding-bottom: 3px !important;}&#8221;]<\/p>\n<h4 style=\"text-align: center;\"><strong>WHEN THE SUN NEVER SETS<\/strong><\/h4>\n<p>[\/vc_column_text][vc_column_text]<\/p>\n<p style=\"text-align: left;\"><a href=\"https:\/\/www.iberiansolar.com\/\"><strong>Iberian Solar<\/strong><\/a> este considerat\u0103 drept marca lider \u00een Spania \u00een produc\u021bia de module fotovoltaice de \u00eenalt\u0103 calitate. Panourile solare Iberian Solar sunt proiectate \u00een Spania \u0219i fabricate \u00een Europa \u0219i Asia, respect\u00e2nd cele mai \u00eenalte standarde de calitate. Aceste panouri sunt realizate din materiale de calitate superioar\u0103 \u0219i sunt concepute pentru a fi eficiente \u0219i fiabile. Ofer\u0103 o gam\u0103 de produse de panouri solare pentru clien\u021bi reziden\u021biali, comerciali \u0219i industriali.<\/p>\n<p style=\"text-align: left;\">Panourile solare Iberian Solar acoper\u0103 puteri cuprinse \u00eentre 5w \u0219i 550w. Acestea includ module monocristaline PERC \u0219i policristaline. Modulele fotovoltaice respect\u0103 toate garan\u021biile \u0219i sunt fabricate conform tuturor certific\u0103rilor necesare \u00een fiecare \u021bar\u0103.<\/p>\n<p>Toate panourile Iberian se remarc\u0103 prin eficien\u021b\u0103 ridicat\u0103 de conversie, durabilitate \u0219i performan\u021b\u0103 \u00eenalt\u0103.<\/p>\n<p>Unul dintre principalele beneficii ale utiliz\u0103rii produselor Iberian Solar este angajamentul lor fa\u021b\u0103 de sustenabilitate. Panourile solare sunt proiectate pentru a reduce emisiile de carbon \u0219i pentru a diminua costurile de energie.<\/p>\n<p>\u00cen general, Iberian Solar este o companie respectat\u0103, cu o reputa\u021bie solid\u0103 \u00een furnizarea de produse \u0219i servicii de \u00eenalt\u0103 calitate \u00een domeniul panourilor solare. Angajamentul lor fa\u021b\u0103 de sustenabilitate \u0219i satisfac\u021bia clien\u021bilor \u00eei face o alegere excelent\u0103 pentru oricine caut\u0103 s\u0103 investeasc\u0103 \u00een energie solar\u0103.<\/p>\n<p>Descoper\u0103 gama de panouri fotovoltaice monocristaline \u0219i policristaline de \u00eenalt\u0103 calitate \u0219i ob\u021bine performan\u021be maxime \u00een instala\u021biile tale fotovoltaice.[\/vc_column_text][vc_btn title=&#8221;FACE\u021aI O REZERVARE DE ECHIPAMENT ONLINE&#8221; style=&#8221;custom&#8221; custom_background=&#8221;#558f98&#8243; custom_text=&#8221;#ffffff&#8221; align=&#8221;center&#8221; i_align=&#8221;right&#8221; i_icon_fontawesome=&#8221;fas fa-shopping-cart&#8221; button_block=&#8221;true&#8221; add_icon=&#8221;true&#8221; link=&#8221;url:https%3A%2F%2Fwww.vicoexport.com%2Fhome-4%2Fpedido-online%2F|target:_blank&#8221;][\/vc_column][\/vc_row][vc_row][vc_column][vc_single_image image=&#8221;44816&#8243; img_size=&#8221;&#8221; alignment=&#8221;center&#8221;][vc_column_text]<\/p>\n<h5 style=\"text-align: center;\"><a href=\"https:\/\/www.vicoexport.com\/wp-content\/uploads\/2023\/02\/Certificado-Vico-Export-solar-energy-de-Iberian-Solar.pdf\"><span style=\"color: #e53743;\"><strong>Vico Export Solar Energy este un Distribuitor Oficial\u00a0 Iberian Solar<\/strong><\/span><\/a><\/h5>\n<p>[\/vc_column_text][vc_column_text css=&#8221;.vc_custom_1699612193014{padding-top: 50px !important;}&#8221;]<\/p>\n<h1 style=\"text-align: center;\">Panouri Solare Fotovoltaice<\/h1>\n<h3 style=\"text-align: center;\">Fi\u0219e tehnice<\/h3>\n<p>[\/vc_column_text][\/vc_column][\/vc_row][vc_row][vc_column width=&#8221;1\/3&#8243;][vc_column_text]<\/p>\n<p style=\"text-align: center;\"><a href=\"https:\/\/www.vicoexport.com\/home-4\/distribuidor-paneles-solares\/distribuidor-oficial-iberian-solar-placas-solares-iberian-solar-marca-espanola-placas-solares\/iberian-solar-policristalinos\/\" target=\"_blank\" rel=\"noopener\">Policristaline<\/a><\/p>\n<p>[\/vc_column_text][vc_single_image image=&#8221;18269&#8243; img_size=&#8221;medium&#8221; alignment=&#8221;center&#8221; onclick=&#8221;custom_link&#8221; img_link_target=&#8221;_blank&#8221; link=&#8221;https:\/\/www.vicoexport.com\/home-4\/distribuidor-paneles-solares\/distribuidor-oficial-iberian-solar-placas-solares-iberian-solar-marca-espanola-placas-solares\/iberian-solar-policristalinos\/&#8221;][\/vc_column][vc_column width=&#8221;1\/3&#8243;][vc_column_text]<\/p>\n<p style=\"text-align: center;\"><a href=\"https:\/\/www.vicoexport.com\/home-4\/distribuidor-paneles-solares\/distribuidor-oficial-iberian-solar-placas-solares-iberian-solar-marca-espanola-placas-solares\/iberian-solar-monocristalinos\/\" target=\"_blank\" rel=\"noopener\">Monocristaline<\/a><\/p>\n<p>[\/vc_column_text][vc_single_image image=&#8221;5746&#8243; img_size=&#8221;medium&#8221; alignment=&#8221;center&#8221; onclick=&#8221;custom_link&#8221; img_link_target=&#8221;_blank&#8221; link=&#8221;https:\/\/www.vicoexport.com\/home-4\/distribuidor-paneles-solares\/distribuidor-oficial-iberian-solar-placas-solares-iberian-solar-marca-espanola-placas-solares\/iberian-solar-monocristalinos\/&#8221;][\/vc_column][vc_column width=&#8221;1\/3&#8243;][vc_column_text]<\/p>\n<p style=\"text-align: center;\"><a href=\"https:\/\/www.vicoexport.com\/wp-content\/uploads\/2019\/05\/Datasheet_iberianSolar-IBS36P-1.pdf\">Panouri 12v 36 celule<\/a><\/p>\n<p>[\/vc_column_text][vc_single_image image=&#8221;11566&#8243; img_size=&#8221;medium&#8221; alignment=&#8221;center&#8221; onclick=&#8221;custom_link&#8221; img_link_target=&#8221;_blank&#8221; link=&#8221;https:\/\/www.vicoexport.com\/wp-content\/uploads\/2019\/05\/Datasheet_iberianSolar-IBS36P-1.pdf&#8221;][\/vc_column][\/vc_row][vc_row][vc_column][vc_empty_space][\/vc_column][\/vc_row][vc_row][vc_column width=&#8221;1\/2&#8243;][vc_btn title=&#8221;Manual de instalare a panourilor solare Iberian Solar&#8221; style=&#8221;custom&#8221; custom_background=&#8221;#558f98&#8243; custom_text=&#8221;#ffffff&#8221; align=&#8221;center&#8221; i_icon_fontawesome=&#8221;fas fa-cloud-download-alt&#8221; add_icon=&#8221;true&#8221; link=&#8221;url:https%3A%2F%2Fwww.vicoexport.com%2Fwp-content%2Fuploads%2F2021%2F06%2FIberian-Solar-Installation-Manual-protected.pdf|target:_blank&#8221;][\/vc_column][vc_column width=&#8221;1\/2&#8243;][vc_btn title=&#8221;Iberian Solar Europe Certificat CE&#8221; style=&#8221;custom&#8221; custom_background=&#8221;#558f98&#8243; custom_text=&#8221;#ffffff&#8221; align=&#8221;center&#8221; i_icon_fontawesome=&#8221;fas fa-cloud-download-alt&#8221; add_icon=&#8221;true&#8221; link=&#8221;url:https%3A%2F%2Fwww.vicoexport.com%2Fwp-content%2Fuploads%2F2023%2F08%2FCertificado-CE-Iberian-Solar-Europe-2022.pdf|target:_blank&#8221;][\/vc_column][\/vc_row][vc_row][vc_column][vc_btn title=&#8221;FACE\u021aI O REZERVARE DE ECHIPAMENT ONLINE&#8221; style=&#8221;custom&#8221; custom_background=&#8221;#558f98&#8243; custom_text=&#8221;#ffffff&#8221; align=&#8221;center&#8221; i_align=&#8221;right&#8221; i_icon_fontawesome=&#8221;fas fa-shopping-cart&#8221; button_block=&#8221;true&#8221; add_icon=&#8221;true&#8221; link=&#8221;url:https%3A%2F%2Fwww.vicoexport.com%2Fhome-4%2Fpedido-online%2F|target:_blank&#8221;][\/vc_column][\/vc_row]<\/p>\n<\/div>","protected":false},"excerpt":{"rendered":"<p>[vc_row][vc_column][vc_single_image image=&#8221;44816&#8243; img_size=&#8221;&#8221; alignment=&#8221;center&#8221;][vc_column_text] Vico Export Solar Energy este un Distribuitor Oficial Iberian Solar [\/vc_column_text][vc_column_text css=&#8221;.vc_custom_1680103519119{padding-bottom: 3px !important;}&#8221;] WHEN THE SUN NEVER SETS [\/vc_column_text][vc_column_text] Iberian Solar este considerat\u0103 drept marca lider \u00een Spania \u00een produc\u021bia de module fotovoltaice de \u00eenalt\u0103 calitate. Panourile solare Iberian Solar sunt proiectate \u00een Spania \u0219i fabricate \u00een Europa \u0219i Asia, [&hellip;]<\/p>\n","protected":false},"author":1,"featured_media":44517,"parent":44544,"menu_order":41,"comment_status":"closed","ping_status":"closed","template":"","meta":{"_joinchat":[],"footnotes":""},"class_list":["post-44516","page","type-page","status-publish","has-post-thumbnail","hentry"],"yoast_head":"<!-- This site is optimized with the Yoast SEO plugin v27.3 - https:\/\/yoast.com\/product\/yoast-seo-wordpress\/ -->\n<title>Panouri Solare Iberian Solar | Vico Export Solar Energy<\/title>\n<meta name=\"description\" content=\"Panouri solare Iberian Solar &#x1f31e; Distribuim panouri solare fotovoltaice policristaline, monocristaline \u0219i panouri 12v 36 celule.\" \/>\n<meta name=\"robots\" content=\"index, follow, max-snippet:-1, max-image-preview:large, max-video-preview:-1\" \/>\n<link rel=\"canonical\" href=\"https:\/\/www.vicoexport.com\/ro\/home-es-3\/panouri-solare\/iberian-solar\/\" \/>\n<meta property=\"og:locale\" content=\"ro_RO\" \/>\n<meta property=\"og:type\" content=\"article\" \/>\n<meta property=\"og:title\" content=\"Panouri Solare Iberian Solar | Vico Export Solar Energy\" \/>\n<meta property=\"og:description\" content=\"Panouri solare Iberian Solar &#x1f31e; Distribuim panouri solare fotovoltaice policristaline, monocristaline \u0219i panouri 12v 36 celule.\" \/>\n<meta property=\"og:url\" content=\"https:\/\/www.vicoexport.com\/ro\/home-es-3\/panouri-solare\/iberian-solar\/\" \/>\n<meta property=\"og:site_name\" content=\"Vico Export Solar Energy\" \/>\n<meta property=\"article:publisher\" content=\"https:\/\/www.facebook.com\/vicoexport.vicoexportsolar\" \/>\n<meta property=\"article:modified_time\" content=\"2024-04-26T10:24:11+00:00\" \/>\n<meta property=\"og:image\" content=\"https:\/\/www.vicoexport.com\/wp-content\/uploads\/2020\/12\/IBERIAN-SOLAR-vico-export-solar-energy.jpg\" \/>\n\t<meta property=\"og:image:width\" content=\"2128\" \/>\n\t<meta property=\"og:image:height\" content=\"797\" \/>\n\t<meta property=\"og:image:type\" content=\"image\/jpeg\" \/>\n<meta name=\"twitter:card\" content=\"summary_large_image\" \/>\n<meta name=\"twitter:site\" content=\"@VicoExportSolar\" \/>\n<script type=\"application\/ld+json\" class=\"yoast-schema-graph\">{\"@context\":\"https:\\\/\\\/schema.org\",\"@graph\":[{\"@type\":\"WebPage\",\"@id\":\"https:\\\/\\\/www.vicoexport.com\\\/ro\\\/home-es-3\\\/panouri-solare\\\/iberian-solar\\\/\",\"url\":\"https:\\\/\\\/www.vicoexport.com\\\/ro\\\/home-es-3\\\/panouri-solare\\\/iberian-solar\\\/\",\"name\":\"Panouri Solare Iberian Solar | Vico Export Solar Energy\",\"isPartOf\":{\"@id\":\"https:\\\/\\\/www.vicoexport.com\\\/#website\"},\"primaryImageOfPage\":{\"@id\":\"https:\\\/\\\/www.vicoexport.com\\\/ro\\\/home-es-3\\\/panouri-solare\\\/iberian-solar\\\/#primaryimage\"},\"image\":{\"@id\":\"https:\\\/\\\/www.vicoexport.com\\\/ro\\\/home-es-3\\\/panouri-solare\\\/iberian-solar\\\/#primaryimage\"},\"thumbnailUrl\":\"https:\\\/\\\/www.vicoexport.com\\\/wp-content\\\/uploads\\\/2020\\\/12\\\/IBERIAN-SOLAR-vico-export-solar-energy.jpg\",\"datePublished\":\"2017-05-12T11:16:57+00:00\",\"dateModified\":\"2024-04-26T10:24:11+00:00\",\"description\":\"Panouri solare Iberian Solar &#x1f31e; Distribuim panouri solare fotovoltaice policristaline, monocristaline \u0219i panouri 12v 36 celule.\",\"breadcrumb\":{\"@id\":\"https:\\\/\\\/www.vicoexport.com\\\/ro\\\/home-es-3\\\/panouri-solare\\\/iberian-solar\\\/#breadcrumb\"},\"inLanguage\":\"ro-RO\",\"potentialAction\":[{\"@type\":\"ReadAction\",\"target\":[\"https:\\\/\\\/www.vicoexport.com\\\/ro\\\/home-es-3\\\/panouri-solare\\\/iberian-solar\\\/\"]}]},{\"@type\":\"ImageObject\",\"inLanguage\":\"ro-RO\",\"@id\":\"https:\\\/\\\/www.vicoexport.com\\\/ro\\\/home-es-3\\\/panouri-solare\\\/iberian-solar\\\/#primaryimage\",\"url\":\"https:\\\/\\\/www.vicoexport.com\\\/wp-content\\\/uploads\\\/2020\\\/12\\\/IBERIAN-SOLAR-vico-export-solar-energy.jpg\",\"contentUrl\":\"https:\\\/\\\/www.vicoexport.com\\\/wp-content\\\/uploads\\\/2020\\\/12\\\/IBERIAN-SOLAR-vico-export-solar-energy.jpg\",\"width\":2128,\"height\":797},{\"@type\":\"BreadcrumbList\",\"@id\":\"https:\\\/\\\/www.vicoexport.com\\\/ro\\\/home-es-3\\\/panouri-solare\\\/iberian-solar\\\/#breadcrumb\",\"itemListElement\":[{\"@type\":\"ListItem\",\"position\":1,\"name\":\"Portada\",\"item\":\"https:\\\/\\\/www.vicoexport.com\\\/ro\\\/\"},{\"@type\":\"ListItem\",\"position\":2,\"name\":\"Acas\u0103\",\"item\":\"https:\\\/\\\/www.vicoexport.com\\\/ro\\\/\"},{\"@type\":\"ListItem\",\"position\":3,\"name\":\"Panouri solare\",\"item\":\"https:\\\/\\\/www.vicoexport.com\\\/ro\\\/home-es-3\\\/panouri-solare\\\/\"},{\"@type\":\"ListItem\",\"position\":4,\"name\":\"Iberian Solar\"}]},{\"@type\":\"WebSite\",\"@id\":\"https:\\\/\\\/www.vicoexport.com\\\/#website\",\"url\":\"https:\\\/\\\/www.vicoexport.com\\\/\",\"name\":\"Vico Export Solar Energy\",\"description\":\"Vico Export Solar Energy Distribuidor Mayorista de Paneles Solares Fotovoltaicos\",\"publisher\":{\"@id\":\"https:\\\/\\\/www.vicoexport.com\\\/#organization\"},\"potentialAction\":[{\"@type\":\"SearchAction\",\"target\":{\"@type\":\"EntryPoint\",\"urlTemplate\":\"https:\\\/\\\/www.vicoexport.com\\\/?s={search_term_string}\"},\"query-input\":{\"@type\":\"PropertyValueSpecification\",\"valueRequired\":true,\"valueName\":\"search_term_string\"}}],\"inLanguage\":\"ro-RO\"},{\"@type\":\"Organization\",\"@id\":\"https:\\\/\\\/www.vicoexport.com\\\/#organization\",\"name\":\"Vico Export Solar Energy\",\"url\":\"https:\\\/\\\/www.vicoexport.com\\\/\",\"logo\":{\"@type\":\"ImageObject\",\"inLanguage\":\"ro-RO\",\"@id\":\"https:\\\/\\\/www.vicoexport.com\\\/#\\\/schema\\\/logo\\\/image\\\/\",\"url\":\"https:\\\/\\\/www.vicoexport.com\\\/wp-content\\\/uploads\\\/2018\\\/02\\\/Vico-Export-Solar-energy.jpg\",\"contentUrl\":\"https:\\\/\\\/www.vicoexport.com\\\/wp-content\\\/uploads\\\/2018\\\/02\\\/Vico-Export-Solar-energy.jpg\",\"width\":1006,\"height\":1024,\"caption\":\"Vico Export Solar Energy\"},\"image\":{\"@id\":\"https:\\\/\\\/www.vicoexport.com\\\/#\\\/schema\\\/logo\\\/image\\\/\"},\"sameAs\":[\"https:\\\/\\\/www.facebook.com\\\/vicoexport.vicoexportsolar\",\"https:\\\/\\\/x.com\\\/VicoExportSolar\",\"https:\\\/\\\/www.instagram.com\\\/vico_export_solar_energy\",\"https:\\\/\\\/www.linkedin.com\\\/in\\\/vicoexport\",\"https:\\\/\\\/www.youtube.com\\\/user\\\/vicoexport\\\/\"]}]}<\/script>\n<!-- \/ Yoast SEO plugin. -->","yoast_head_json":{"title":"Panouri Solare Iberian Solar | Vico Export Solar Energy","description":"Panouri solare Iberian Solar &#x1f31e; Distribuim panouri solare fotovoltaice policristaline, monocristaline \u0219i panouri 12v 36 celule.","robots":{"index":"index","follow":"follow","max-snippet":"max-snippet:-1","max-image-preview":"max-image-preview:large","max-video-preview":"max-video-preview:-1"},"canonical":"https:\/\/www.vicoexport.com\/ro\/home-es-3\/panouri-solare\/iberian-solar\/","og_locale":"ro_RO","og_type":"article","og_title":"Panouri Solare Iberian Solar | Vico Export Solar Energy","og_description":"Panouri solare Iberian Solar &#x1f31e; Distribuim panouri solare fotovoltaice policristaline, monocristaline \u0219i panouri 12v 36 celule.","og_url":"https:\/\/www.vicoexport.com\/ro\/home-es-3\/panouri-solare\/iberian-solar\/","og_site_name":"Vico Export Solar Energy","article_publisher":"https:\/\/www.facebook.com\/vicoexport.vicoexportsolar","article_modified_time":"2024-04-26T10:24:11+00:00","og_image":[{"width":2128,"height":797,"url":"https:\/\/www.vicoexport.com\/wp-content\/uploads\/2020\/12\/IBERIAN-SOLAR-vico-export-solar-energy.jpg","type":"image\/jpeg"}],"twitter_card":"summary_large_image","twitter_site":"@VicoExportSolar","schema":{"@context":"https:\/\/schema.org","@graph":[{"@type":"WebPage","@id":"https:\/\/www.vicoexport.com\/ro\/home-es-3\/panouri-solare\/iberian-solar\/","url":"https:\/\/www.vicoexport.com\/ro\/home-es-3\/panouri-solare\/iberian-solar\/","name":"Panouri Solare Iberian Solar | Vico Export Solar Energy","isPartOf":{"@id":"https:\/\/www.vicoexport.com\/#website"},"primaryImageOfPage":{"@id":"https:\/\/www.vicoexport.com\/ro\/home-es-3\/panouri-solare\/iberian-solar\/#primaryimage"},"image":{"@id":"https:\/\/www.vicoexport.com\/ro\/home-es-3\/panouri-solare\/iberian-solar\/#primaryimage"},"thumbnailUrl":"https:\/\/www.vicoexport.com\/wp-content\/uploads\/2020\/12\/IBERIAN-SOLAR-vico-export-solar-energy.jpg","datePublished":"2017-05-12T11:16:57+00:00","dateModified":"2024-04-26T10:24:11+00:00","description":"Panouri solare Iberian Solar &#x1f31e; Distribuim panouri solare fotovoltaice policristaline, monocristaline \u0219i panouri 12v 36 celule.","breadcrumb":{"@id":"https:\/\/www.vicoexport.com\/ro\/home-es-3\/panouri-solare\/iberian-solar\/#breadcrumb"},"inLanguage":"ro-RO","potentialAction":[{"@type":"ReadAction","target":["https:\/\/www.vicoexport.com\/ro\/home-es-3\/panouri-solare\/iberian-solar\/"]}]},{"@type":"ImageObject","inLanguage":"ro-RO","@id":"https:\/\/www.vicoexport.com\/ro\/home-es-3\/panouri-solare\/iberian-solar\/#primaryimage","url":"https:\/\/www.vicoexport.com\/wp-content\/uploads\/2020\/12\/IBERIAN-SOLAR-vico-export-solar-energy.jpg","contentUrl":"https:\/\/www.vicoexport.com\/wp-content\/uploads\/2020\/12\/IBERIAN-SOLAR-vico-export-solar-energy.jpg","width":2128,"height":797},{"@type":"BreadcrumbList","@id":"https:\/\/www.vicoexport.com\/ro\/home-es-3\/panouri-solare\/iberian-solar\/#breadcrumb","itemListElement":[{"@type":"ListItem","position":1,"name":"Portada","item":"https:\/\/www.vicoexport.com\/ro\/"},{"@type":"ListItem","position":2,"name":"Acas\u0103","item":"https:\/\/www.vicoexport.com\/ro\/"},{"@type":"ListItem","position":3,"name":"Panouri solare","item":"https:\/\/www.vicoexport.com\/ro\/home-es-3\/panouri-solare\/"},{"@type":"ListItem","position":4,"name":"Iberian Solar"}]},{"@type":"WebSite","@id":"https:\/\/www.vicoexport.com\/#website","url":"https:\/\/www.vicoexport.com\/","name":"Vico Export Solar Energy","description":"Vico Export Solar Energy Distribuidor Mayorista de Paneles Solares Fotovoltaicos","publisher":{"@id":"https:\/\/www.vicoexport.com\/#organization"},"potentialAction":[{"@type":"SearchAction","target":{"@type":"EntryPoint","urlTemplate":"https:\/\/www.vicoexport.com\/?s={search_term_string}"},"query-input":{"@type":"PropertyValueSpecification","valueRequired":true,"valueName":"search_term_string"}}],"inLanguage":"ro-RO"},{"@type":"Organization","@id":"https:\/\/www.vicoexport.com\/#organization","name":"Vico Export Solar Energy","url":"https:\/\/www.vicoexport.com\/","logo":{"@type":"ImageObject","inLanguage":"ro-RO","@id":"https:\/\/www.vicoexport.com\/#\/schema\/logo\/image\/","url":"https:\/\/www.vicoexport.com\/wp-content\/uploads\/2018\/02\/Vico-Export-Solar-energy.jpg","contentUrl":"https:\/\/www.vicoexport.com\/wp-content\/uploads\/2018\/02\/Vico-Export-Solar-energy.jpg","width":1006,"height":1024,"caption":"Vico Export Solar Energy"},"image":{"@id":"https:\/\/www.vicoexport.com\/#\/schema\/logo\/image\/"},"sameAs":["https:\/\/www.facebook.com\/vicoexport.vicoexportsolar","https:\/\/x.com\/VicoExportSolar","https:\/\/www.instagram.com\/vico_export_solar_energy","https:\/\/www.linkedin.com\/in\/vicoexport","https:\/\/www.youtube.com\/user\/vicoexport\/"]}]}},"_links":{"self":[{"href":"https:\/\/www.vicoexport.com\/ro\/wp-json\/wp\/v2\/pages\/44516","targetHints":{"allow":["GET"]}}],"collection":[{"href":"https:\/\/www.vicoexport.com\/ro\/wp-json\/wp\/v2\/pages"}],"about":[{"href":"https:\/\/www.vicoexport.com\/ro\/wp-json\/wp\/v2\/types\/page"}],"author":[{"embeddable":true,"href":"https:\/\/www.vicoexport.com\/ro\/wp-json\/wp\/v2\/users\/1"}],"replies":[{"embeddable":true,"href":"https:\/\/www.vicoexport.com\/ro\/wp-json\/wp\/v2\/comments?post=44516"}],"version-history":[{"count":0,"href":"https:\/\/www.vicoexport.com\/ro\/wp-json\/wp\/v2\/pages\/44516\/revisions"}],"up":[{"embeddable":true,"href":"https:\/\/www.vicoexport.com\/ro\/wp-json\/wp\/v2\/pages\/44544"}],"wp:featuredmedia":[{"embeddable":true,"href":"https:\/\/www.vicoexport.com\/ro\/wp-json\/wp\/v2\/media\/44517"}],"wp:attachment":[{"href":"https:\/\/www.vicoexport.com\/ro\/wp-json\/wp\/v2\/media?parent=44516"}],"curies":[{"name":"wp","href":"https:\/\/api.w.org\/{rel}","templated":true}]}}