{"id":44784,"date":"2017-09-30T09:51:40","date_gmt":"2017-09-30T09:51:40","guid":{"rendered":"https:\/\/www.vicoexport.com\/?page_id=44784"},"modified":"2026-01-07T16:29:54","modified_gmt":"2026-01-07T15:29:54","slug":"home-es-3","status":"publish","type":"page","link":"https:\/\/www.vicoexport.com\/ro\/","title":{"rendered":"Acas\u0103"},"content":{"rendered":"<div class=\"wpb-content-wrapper\"><p>[vc_row full_width=&#8221;stretch_row_content_no_spaces&#8221;][vc_column][rev_slider_vc alias=&#8221;home-web-12&#8243;][\/vc_column][\/vc_row][vc_row css=&#8221;.vc_custom_1738922341249{padding-top: 80px !important;background-color: #ffffff !important;}&#8221;][vc_column width=&#8221;1\/2&#8243;][nur_section_heading decoration=&#8221;line&#8221; el_class=&#8221;ml-md-0 text-center text-md-left&#8221;]<\/p>\n<h2><strong>Distribu\u021bie en-gros de echipamente solare fotovoltaice<\/strong><\/h2>\n<p>[\/nur_section_heading][vc_column_text]<\/p>\n<p data-start=\"34\" data-end=\"348\"><strong data-start=\"34\" data-end=\"65\">La Vico Export Solar Energy<\/strong>, suntem o companie spaniol\u0103 specializat\u0103 \u00een distribu\u021bia en-gros de echipamente solare fotovoltaice din 2010. Furniz\u0103m exclusiv profesioni\u0219tilor din sector, oferind panouri solare, invertoare electrice, baterii, structuri metalice \u0219i alte echipamente fotovoltaice de \u00eenalt\u0103 calitate.<\/p>\n<p data-start=\"350\" data-end=\"459\">Colabor\u0103m cu branduri de top din industrie pentru a garanta solu\u021bii eficiente \u0219i rentabile clien\u021bilor no\u0219tri.<\/p>\n<p data-start=\"461\" data-end=\"558\" data-is-last-node=\"\" data-is-only-node=\"\"><strong data-start=\"461\" data-end=\"490\">Distribuitori oficiali ai<\/strong>: Aiko Solar, Canadian Solar, Jinko Solar, DAS Solar, Sungrow \u0219i Sunfer Energy.<\/p>\n<p>[\/vc_column_text][vc_btn title=&#8221;Afl\u0103 mai multe despre Vico Export Solar Energy.&#8221; style=&#8221;custom&#8221; custom_background=&#8221;#558f98&#8243; custom_text=&#8221;#ffffff&#8221; size=&#8221;sm&#8221; i_align=&#8221;right&#8221; i_icon_fontawesome=&#8221;fas fa-angle-double-right&#8221; add_icon=&#8221;true&#8221; link=&#8221;url:https%3A%2F%2Fwww.vicoexport.com%2Fro%2Fhome-es-3%2Fcine-suntem%2F|&#8221;][\/vc_column][vc_column width=&#8221;1\/2&#8243;][vc_single_image image=&#8221;48207&#8243; img_size=&#8221;large&#8221;][\/vc_column][vc_column][vc_images_carousel images=&#8221;64329,64345,64349,64325,64341,64337,64333,64357,64373,64377,64353,64369,64365,64361&#8243; img_size=&#8221;large&#8221; onclick=&#8221;link_no&#8221; speed=&#8221;400&#8243; slides_per_view=&#8221;3&#8243; autoplay=&#8221;yes&#8221; hide_pagination_control=&#8221;yes&#8221; hide_prev_next_buttons=&#8221;yes&#8221; wrap=&#8221;yes&#8221; css=&#8221;&#8221;][\/vc_column][\/vc_row][vc_section css=&#8221;.vc_custom_1608934888126{background-color: #f9f9f9 !important;background-position: center !important;background-repeat: no-repeat !important;background-size: cover !important;}&#8221;][vc_row][vc_column][nur_section_heading decoration=&#8221;line&#8221;]<\/p>\n<h2 style=\"text-align: center;\"><strong>T\u00c2RGURI &amp; EVENIMENTE<\/strong><\/h2>\n<p>[\/nur_section_heading][\/vc_column][\/vc_row][vc_row][vc_column][nur_services_carousel posts_per_page=&#8221;6&#8243; dots_nav=&#8221;hide&#8221;][\/vc_column][\/vc_row][vc_row][vc_column][vc_btn title=&#8221;T\u00e2rguri &amp; evenimente din sector&#8221; style=&#8221;custom&#8221; custom_background=&#8221;#558f98&#8243; custom_text=&#8221;#ffffff&#8221; size=&#8221;lg&#8221; align=&#8221;center&#8221; i_icon_fontawesome=&#8221;fas fa-certificate&#8221; add_icon=&#8221;true&#8221; link=&#8221;url:https%3A%2F%2Fwww.vicoexport.com%2Fro%2Fhome-es-3%2Fcine-suntem%2Fservices%2F|&#8221;][\/vc_column][\/vc_row][\/vc_section][vc_section][vc_row][vc_column][nur_section_heading decoration=&#8221;line&#8221;]<\/p>\n<h2 style=\"text-align: center;\"><strong>INSTALA\u021aII<\/strong><\/h2>\n<p>Unele dintre instala\u021biile solare fotovoltaice realizate cu echipamente furnizate de Vico Export Solar Energy \u00een Europa, America \u0219i Africa.[\/nur_section_heading][\/vc_column][\/vc_row][vc_row][vc_column width=&#8221;1\/2&#8243;][nur_project_preview project_id=&#8221;23712&#8243; image_size=&#8221;nur_small_square&#8221; title_bg_color=&#8221;rgba(85,145,152,0.7)&#8221;][\/vc_column][vc_column width=&#8221;1\/2&#8243;][nur_project_preview project_id=&#8221;23713&#8243; image_size=&#8221;nur_small_square&#8221; title_bg_color=&#8221;rgba(85,145,152,0.7)&#8221;][\/vc_column][\/vc_row][vc_row gap=&#8221;20&#8243; css=&#8221;.vc_custom_1504724895101{margin-bottom: 30px !important;}&#8221;][vc_column width=&#8221;1\/2&#8243; offset=&#8221;vc_col-md-4 vc_hidden-xs&#8221;][nur_project_preview project_id=&#8221;40187&#8243; image_size=&#8221;thumbnail&#8221; title_bg_color=&#8221;rgba(85,145,152,0.7)&#8221;][\/vc_column][vc_column width=&#8221;1\/2&#8243; offset=&#8221;vc_col-md-4 vc_hidden-xs&#8221;][nur_project_preview project_id=&#8221;23709&#8243; image_size=&#8221;nur_small_square&#8221; title_bg_color=&#8221;rgba(85,145,152,0.7)&#8221;][\/vc_column][vc_column width=&#8221;1\/3&#8243; offset=&#8221;vc_hidden-sm vc_hidden-xs&#8221;][nur_project_preview project_id=&#8221;23706&#8243; image_size=&#8221;thumbnail&#8221; title_bg_color=&#8221;rgba(85,145,152,0.7)&#8221;][\/vc_column][\/vc_row][vc_row][vc_column][vc_btn title=&#8221;Ver m\u00e1s instalaciones&#8221; style=&#8221;custom&#8221; custom_background=&#8221;#558f98&#8243; custom_text=&#8221;#ffffff&#8221; size=&#8221;lg&#8221; align=&#8221;center&#8221; i_icon_fontawesome=&#8221;fas fa-eye&#8221; add_icon=&#8221;true&#8221; link=&#8221;url:https%3A%2F%2Fwww.vicoexport.com%2Fro%2Fhome-es-3%2Fcine-suntem%2Fprojects%2F|&#8221;][\/vc_column][\/vc_row][\/vc_section][vc_row css=&#8221;.vc_custom_1738918492326{border-top-width: 1px !important;border-top-color: #e0e0e0 !important;border-top-style: solid !important;}&#8221;][vc_column][vc_separator color=&#8221;peacoc&#8221;][vc_row_inner content_placement=&#8221;middle&#8221;][vc_column_inner width=&#8221;1\/2&#8243;][nur_section_heading decoration=&#8221;line&#8221; el_class=&#8221;ml-md-0 text-center text-md-left&#8221;]<\/p>\n<h2>Pedido Online Profesionales<\/h2>\n<p>[\/nur_section_heading][vc_column_text]<\/p>\n<p data-start=\"38\" data-end=\"309\"><strong data-start=\"38\" data-end=\"126\">Platforma noastr\u0103 este destinat\u0103 exclusiv profesioni\u0219tilor din sectorul fotovoltaic.<\/strong><br data-start=\"126\" data-end=\"129\" \/>Pentru a accesa produsele noastre \u0219i a plasa comenzi online, este necesar\u0103 \u00eenregistrarea. Odat\u0103 ce contul este validat, vei avea acces complet la catalogul \u0219i la pre\u021burile noastre.<\/p>\n<p>&#x2705;Disponibil\u0103 24\/7, 365 de zile pe an, de pe PC sau dispozitiv mobil<br \/>\n&#x2705;Catalog extins: panouri solare, invertoare electrice, structuri metalice, baterii litiu, \u00eenc\u0103rc\u0103toare \u0219i multe altele<br \/>\n&#x2705;Acces exclusiv doar pentru profesioni\u0219ti \u00eenregistra\u021bi<\/p>\n<p data-start=\"561\" data-end=\"640\" data-is-last-node=\"\" data-is-only-node=\"\"><strong data-start=\"561\" data-end=\"640\" data-is-last-node=\"\">\u00cenregistreaz\u0103-te acum \u0219i acceseaz\u0103 cele mai bune solu\u021bii \u00een energie solar\u0103.<\/strong><\/p>\n<p>[\/vc_column_text][vc_btn title=&#8221;Comand\u0103 online pentru profesioni\u0219ti&#8221; style=&#8221;custom&#8221; custom_background=&#8221;#358383&#8243; custom_text=&#8221;#ffffff&#8221; align=&#8221;center&#8221; i_icon_fontawesome=&#8221;fas fa-store&#8221; button_block=&#8221;true&#8221; add_icon=&#8221;true&#8221; link=&#8221;url:https%3A%2F%2Fwww.vicoexport.com%2Fhome-es%2Fpedido-online%2F|&#8221;][\/vc_column_inner][vc_column_inner width=&#8221;1\/2&#8243;][vc_single_image image=&#8221;44801&#8243; img_size=&#8221;large&#8221; alignment=&#8221;center&#8221;][\/vc_column_inner][\/vc_row_inner][vc_separator color=&#8221;peacoc&#8221;][\/vc_column][\/vc_row][vc_section][vc_row][vc_column][nur_section_heading decoration=&#8221;line&#8221;]<\/p>\n<h2 style=\"text-align: center;\">CELE MAI RECENTE \u0218TIRI<\/h2>\n<p>[\/nur_section_heading][\/vc_column][\/vc_row][vc_row][vc_column][nur_recent_posts][vc_btn title=&#8221;Citi\u021bi mai multe \u0219tiri&#8221; style=&#8221;custom&#8221; custom_background=&#8221;#558f98&#8243; custom_text=&#8221;#ffffff&#8221; size=&#8221;lg&#8221; align=&#8221;center&#8221; i_icon_fontawesome=&#8221;fas fa-eye&#8221; add_icon=&#8221;true&#8221; link=&#8221;url:https%3A%2F%2Fwww.vicoexport.com%2Fblog-2%2F|&#8221;][\/vc_column][\/vc_row][vc_row][vc_column][vc_separator color=&#8221;peacoc&#8221;][vc_images_carousel images=&#8221;64329,64345,64349,64325,64341,64337,64333,64357,64373,64377,64353,64369,64365,64361&#8243; img_size=&#8221;large&#8221; onclick=&#8221;link_no&#8221; speed=&#8221;400&#8243; slides_per_view=&#8221;3&#8243; autoplay=&#8221;yes&#8221; hide_pagination_control=&#8221;yes&#8221; hide_prev_next_buttons=&#8221;yes&#8221; wrap=&#8221;yes&#8221; css=&#8221;&#8221;][vc_raw_html]JTNDY2VudGVyJTNFJTBBJTIwJTIwJTIwJTIwJTIwJTIwJTIwJTIwJTNDYSUyMGhyZWYlM0QlMjJodHRwcyUzQSUyRiUyRnd3dy5jZXB5bWU1MDAuY29tJTJGZW1wcmVzYSUyRjI1MzIlMjIlMjB0YXJnZXQlM0QlMjJfYmxhbmslMjIlM0UlMEElMjAlMjAlMjAlMjAlMjAlMjAlMjAlMjAlMjAlMjAlMjAlMjAlM0NpbWclMjBzcmMlM0QlMjJodHRwcyUzQSUyRiUyRmQzY2J4bm84N3ltcmF6LmNsb3VkZnJvbnQubmV0JTJGY2VydGlmaWNhdGUlMkZnZW5lcmFsJTJGY2VydGlmaWNhdGVfY2VweW1lNTAwX29yaWdpbmFsX3RyYW5zcGFyZW50LnBuZyUyMiUyMHN0eWxlJTNEJTIybWF4LXdpZHRoJTNBJTIwMjAlMjUlM0IlMjIlM0UlMEElMjAlMjAlMjAlMjAlMjAlMjAlMjAlMjAlM0MlMkZhJTNFJTBBJTIwJTIwJTIwJTIwJTNDJTJGY2VudGVyJTNF[\/vc_raw_html][\/vc_column][\/vc_row][\/vc_section][vc_row full_width=&#8221;stretch_row_content&#8221; css=&#8221;.vc_custom_1738918435263{margin-bottom: 40px !important;background-color: #558f98 !important;}&#8221;][vc_column][vc_icon icon_fontawesome=&#8221;far fa-envelope-open&#8221; color=&#8221;white&#8221; size=&#8221;lg&#8221; align=&#8221;center&#8221; css=&#8221;.vc_custom_1689675200574{margin-top: 15px !important;margin-bottom: 40px !important;}&#8221;][vc_column_text css=&#8221;.vc_custom_1689675324788{margin-top: -30px !important;}&#8221;]<\/p>\n<h3 style=\"text-align: center;\"><span style=\"color: #ffffff;\"><strong>\u00bfQuieres trabajar con nosotros?<\/strong><\/span><\/h3>\n<p style=\"text-align: center;\"><span style=\"color: #ffffff;\">Env\u00edanos tu CV a <a style=\"color: #ffffff;\" href=\"mailto:jobs@vicoexport.com\">jobs@vicoexport.com<\/a><\/span><\/p>\n<p>[\/vc_column_text][\/vc_column][\/vc_row]<\/p>\n<\/div>","protected":false},"excerpt":{"rendered":"<p>[vc_row full_width=&#8221;stretch_row_content_no_spaces&#8221;][vc_column][rev_slider_vc alias=&#8221;home-web-12&#8243;][\/vc_column][\/vc_row][vc_row css=&#8221;.vc_custom_1738922341249{padding-top: 80px !important;background-color: #ffffff !important;}&#8221;][vc_column width=&#8221;1\/2&#8243;][nur_section_heading decoration=&#8221;line&#8221; el_class=&#8221;ml-md-0 text-center text-md-left&#8221;] Distribu\u021bie en-gros de echipamente solare fotovoltaice [\/nur_section_heading][vc_column_text] La Vico Export Solar Energy, suntem o companie spaniol\u0103 specializat\u0103 \u00een distribu\u021bia en-gros de echipamente solare fotovoltaice din 2010. Furniz\u0103m exclusiv profesioni\u0219tilor din sector, oferind panouri solare, invertoare electrice, baterii, structuri metalice \u0219i alte echipamente [&hellip;]<\/p>\n","protected":false},"author":1,"featured_media":48203,"parent":0,"menu_order":55,"comment_status":"closed","ping_status":"closed","template":"","meta":{"_joinchat":[],"footnotes":""},"class_list":["post-44784","page","type-page","status-publish","has-post-thumbnail","hentry"],"yoast_head":"<!-- This site is optimized with the Yoast SEO plugin v27.5 - https:\/\/yoast.com\/product\/yoast-seo-wordpress\/ -->\n<title>Distribuitor de materiale solare fotovoltaice | Vico Export Solar<\/title>\n<meta name=\"description\" content=\"Distribuitor de materiale solare fotovoltaice de la Jinko Solar, Sharp, Sharp, Canadian Solar, Iberian Solar, Sungrow, Huawei, Risen, SolaX.\" \/>\n<meta name=\"robots\" content=\"index, follow, max-snippet:-1, max-image-preview:large, max-video-preview:-1\" \/>\n<link rel=\"canonical\" href=\"https:\/\/www.vicoexport.com\/ro\/\" \/>\n<meta property=\"og:locale\" content=\"ro_RO\" \/>\n<meta property=\"og:type\" content=\"article\" \/>\n<meta property=\"og:title\" content=\"Distribuitor de materiale solare fotovoltaice | Vico Export Solar\" \/>\n<meta property=\"og:description\" content=\"Distribuitor de materiale solare fotovoltaice de la Jinko Solar, Sharp, Sharp, Canadian Solar, Iberian Solar, Sungrow, Huawei, Risen, SolaX.\" \/>\n<meta property=\"og:url\" content=\"https:\/\/www.vicoexport.com\/ro\/\" \/>\n<meta property=\"og:site_name\" content=\"Vico Export Solar Energy\" \/>\n<meta property=\"article:publisher\" content=\"https:\/\/www.facebook.com\/vicoexport.vicoexportsolar\" \/>\n<meta property=\"article:modified_time\" content=\"2026-01-07T15:29:54+00:00\" \/>\n<meta property=\"og:image\" content=\"https:\/\/www.vicoexport.com\/wp-content\/uploads\/2024\/04\/Diseno-sin-titulo-60-1024x768.png\" \/>\n\t<meta property=\"og:image:width\" content=\"1024\" \/>\n\t<meta property=\"og:image:height\" content=\"768\" \/>\n\t<meta property=\"og:image:type\" content=\"image\/png\" \/>\n<meta name=\"twitter:card\" content=\"summary_large_image\" \/>\n<meta name=\"twitter:site\" content=\"@VicoExportSolar\" \/>\n<script type=\"application\/ld+json\" class=\"yoast-schema-graph\">{\"@context\":\"https:\\\/\\\/schema.org\",\"@graph\":[{\"@type\":\"WebPage\",\"@id\":\"https:\\\/\\\/www.vicoexport.com\\\/ro\\\/\",\"url\":\"https:\\\/\\\/www.vicoexport.com\\\/ro\\\/\",\"name\":\"Distribuitor de materiale solare fotovoltaice | Vico Export Solar\",\"isPartOf\":{\"@id\":\"https:\\\/\\\/www.vicoexport.com\\\/#website\"},\"primaryImageOfPage\":{\"@id\":\"https:\\\/\\\/www.vicoexport.com\\\/ro\\\/#primaryimage\"},\"image\":{\"@id\":\"https:\\\/\\\/www.vicoexport.com\\\/ro\\\/#primaryimage\"},\"thumbnailUrl\":\"https:\\\/\\\/www.vicoexport.com\\\/wp-content\\\/uploads\\\/2024\\\/04\\\/Diseno-sin-titulo-60.png\",\"datePublished\":\"2017-09-30T09:51:40+00:00\",\"dateModified\":\"2026-01-07T15:29:54+00:00\",\"description\":\"Distribuitor de materiale solare fotovoltaice de la Jinko Solar, Sharp, Sharp, Canadian Solar, Iberian Solar, Sungrow, Huawei, Risen, SolaX.\",\"breadcrumb\":{\"@id\":\"https:\\\/\\\/www.vicoexport.com\\\/ro\\\/#breadcrumb\"},\"inLanguage\":\"ro-RO\",\"potentialAction\":[{\"@type\":\"ReadAction\",\"target\":[\"https:\\\/\\\/www.vicoexport.com\\\/ro\\\/\"]}]},{\"@type\":\"ImageObject\",\"inLanguage\":\"ro-RO\",\"@id\":\"https:\\\/\\\/www.vicoexport.com\\\/ro\\\/#primaryimage\",\"url\":\"https:\\\/\\\/www.vicoexport.com\\\/wp-content\\\/uploads\\\/2024\\\/04\\\/Diseno-sin-titulo-60.png\",\"contentUrl\":\"https:\\\/\\\/www.vicoexport.com\\\/wp-content\\\/uploads\\\/2024\\\/04\\\/Diseno-sin-titulo-60.png\",\"width\":2048,\"height\":1536},{\"@type\":\"BreadcrumbList\",\"@id\":\"https:\\\/\\\/www.vicoexport.com\\\/ro\\\/#breadcrumb\",\"itemListElement\":[{\"@type\":\"ListItem\",\"position\":1,\"name\":\"Portada\",\"item\":\"https:\\\/\\\/www.vicoexport.com\\\/ro\\\/\"},{\"@type\":\"ListItem\",\"position\":2,\"name\":\"Acas\u0103\"}]},{\"@type\":\"WebSite\",\"@id\":\"https:\\\/\\\/www.vicoexport.com\\\/#website\",\"url\":\"https:\\\/\\\/www.vicoexport.com\\\/\",\"name\":\"Vico Export Solar Energy\",\"description\":\"Vico Export Solar Energy Distribuidor Mayorista de Paneles Solares Fotovoltaicos\",\"publisher\":{\"@id\":\"https:\\\/\\\/www.vicoexport.com\\\/#organization\"},\"potentialAction\":[{\"@type\":\"SearchAction\",\"target\":{\"@type\":\"EntryPoint\",\"urlTemplate\":\"https:\\\/\\\/www.vicoexport.com\\\/?s={search_term_string}\"},\"query-input\":{\"@type\":\"PropertyValueSpecification\",\"valueRequired\":true,\"valueName\":\"search_term_string\"}}],\"inLanguage\":\"ro-RO\"},{\"@type\":\"Organization\",\"@id\":\"https:\\\/\\\/www.vicoexport.com\\\/#organization\",\"name\":\"Vico Export Solar Energy\",\"url\":\"https:\\\/\\\/www.vicoexport.com\\\/\",\"logo\":{\"@type\":\"ImageObject\",\"inLanguage\":\"ro-RO\",\"@id\":\"https:\\\/\\\/www.vicoexport.com\\\/#\\\/schema\\\/logo\\\/image\\\/\",\"url\":\"https:\\\/\\\/www.vicoexport.com\\\/wp-content\\\/uploads\\\/2018\\\/02\\\/Vico-Export-Solar-energy.jpg\",\"contentUrl\":\"https:\\\/\\\/www.vicoexport.com\\\/wp-content\\\/uploads\\\/2018\\\/02\\\/Vico-Export-Solar-energy.jpg\",\"width\":1006,\"height\":1024,\"caption\":\"Vico Export Solar Energy\"},\"image\":{\"@id\":\"https:\\\/\\\/www.vicoexport.com\\\/#\\\/schema\\\/logo\\\/image\\\/\"},\"sameAs\":[\"https:\\\/\\\/www.facebook.com\\\/vicoexport.vicoexportsolar\",\"https:\\\/\\\/x.com\\\/VicoExportSolar\",\"https:\\\/\\\/www.instagram.com\\\/vico_export_solar_energy\",\"https:\\\/\\\/www.linkedin.com\\\/in\\\/vicoexport\",\"https:\\\/\\\/www.youtube.com\\\/user\\\/vicoexport\\\/\"]}]}<\/script>\n<!-- \/ Yoast SEO plugin. -->","yoast_head_json":{"title":"Distribuitor de materiale solare fotovoltaice | Vico Export Solar","description":"Distribuitor de materiale solare fotovoltaice de la Jinko Solar, Sharp, Sharp, Canadian Solar, Iberian Solar, Sungrow, Huawei, Risen, SolaX.","robots":{"index":"index","follow":"follow","max-snippet":"max-snippet:-1","max-image-preview":"max-image-preview:large","max-video-preview":"max-video-preview:-1"},"canonical":"https:\/\/www.vicoexport.com\/ro\/","og_locale":"ro_RO","og_type":"article","og_title":"Distribuitor de materiale solare fotovoltaice | Vico Export Solar","og_description":"Distribuitor de materiale solare fotovoltaice de la Jinko Solar, Sharp, Sharp, Canadian Solar, Iberian Solar, Sungrow, Huawei, Risen, SolaX.","og_url":"https:\/\/www.vicoexport.com\/ro\/","og_site_name":"Vico Export Solar Energy","article_publisher":"https:\/\/www.facebook.com\/vicoexport.vicoexportsolar","article_modified_time":"2026-01-07T15:29:54+00:00","og_image":[{"width":1024,"height":768,"url":"https:\/\/www.vicoexport.com\/wp-content\/uploads\/2024\/04\/Diseno-sin-titulo-60-1024x768.png","type":"image\/png"}],"twitter_card":"summary_large_image","twitter_site":"@VicoExportSolar","schema":{"@context":"https:\/\/schema.org","@graph":[{"@type":"WebPage","@id":"https:\/\/www.vicoexport.com\/ro\/","url":"https:\/\/www.vicoexport.com\/ro\/","name":"Distribuitor de materiale solare fotovoltaice | Vico Export Solar","isPartOf":{"@id":"https:\/\/www.vicoexport.com\/#website"},"primaryImageOfPage":{"@id":"https:\/\/www.vicoexport.com\/ro\/#primaryimage"},"image":{"@id":"https:\/\/www.vicoexport.com\/ro\/#primaryimage"},"thumbnailUrl":"https:\/\/www.vicoexport.com\/wp-content\/uploads\/2024\/04\/Diseno-sin-titulo-60.png","datePublished":"2017-09-30T09:51:40+00:00","dateModified":"2026-01-07T15:29:54+00:00","description":"Distribuitor de materiale solare fotovoltaice de la Jinko Solar, Sharp, Sharp, Canadian Solar, Iberian Solar, Sungrow, Huawei, Risen, SolaX.","breadcrumb":{"@id":"https:\/\/www.vicoexport.com\/ro\/#breadcrumb"},"inLanguage":"ro-RO","potentialAction":[{"@type":"ReadAction","target":["https:\/\/www.vicoexport.com\/ro\/"]}]},{"@type":"ImageObject","inLanguage":"ro-RO","@id":"https:\/\/www.vicoexport.com\/ro\/#primaryimage","url":"https:\/\/www.vicoexport.com\/wp-content\/uploads\/2024\/04\/Diseno-sin-titulo-60.png","contentUrl":"https:\/\/www.vicoexport.com\/wp-content\/uploads\/2024\/04\/Diseno-sin-titulo-60.png","width":2048,"height":1536},{"@type":"BreadcrumbList","@id":"https:\/\/www.vicoexport.com\/ro\/#breadcrumb","itemListElement":[{"@type":"ListItem","position":1,"name":"Portada","item":"https:\/\/www.vicoexport.com\/ro\/"},{"@type":"ListItem","position":2,"name":"Acas\u0103"}]},{"@type":"WebSite","@id":"https:\/\/www.vicoexport.com\/#website","url":"https:\/\/www.vicoexport.com\/","name":"Vico Export Solar Energy","description":"Vico Export Solar Energy Distribuidor Mayorista de Paneles Solares Fotovoltaicos","publisher":{"@id":"https:\/\/www.vicoexport.com\/#organization"},"potentialAction":[{"@type":"SearchAction","target":{"@type":"EntryPoint","urlTemplate":"https:\/\/www.vicoexport.com\/?s={search_term_string}"},"query-input":{"@type":"PropertyValueSpecification","valueRequired":true,"valueName":"search_term_string"}}],"inLanguage":"ro-RO"},{"@type":"Organization","@id":"https:\/\/www.vicoexport.com\/#organization","name":"Vico Export Solar Energy","url":"https:\/\/www.vicoexport.com\/","logo":{"@type":"ImageObject","inLanguage":"ro-RO","@id":"https:\/\/www.vicoexport.com\/#\/schema\/logo\/image\/","url":"https:\/\/www.vicoexport.com\/wp-content\/uploads\/2018\/02\/Vico-Export-Solar-energy.jpg","contentUrl":"https:\/\/www.vicoexport.com\/wp-content\/uploads\/2018\/02\/Vico-Export-Solar-energy.jpg","width":1006,"height":1024,"caption":"Vico Export Solar Energy"},"image":{"@id":"https:\/\/www.vicoexport.com\/#\/schema\/logo\/image\/"},"sameAs":["https:\/\/www.facebook.com\/vicoexport.vicoexportsolar","https:\/\/x.com\/VicoExportSolar","https:\/\/www.instagram.com\/vico_export_solar_energy","https:\/\/www.linkedin.com\/in\/vicoexport","https:\/\/www.youtube.com\/user\/vicoexport\/"]}]}},"_links":{"self":[{"href":"https:\/\/www.vicoexport.com\/ro\/wp-json\/wp\/v2\/pages\/44784","targetHints":{"allow":["GET"]}}],"collection":[{"href":"https:\/\/www.vicoexport.com\/ro\/wp-json\/wp\/v2\/pages"}],"about":[{"href":"https:\/\/www.vicoexport.com\/ro\/wp-json\/wp\/v2\/types\/page"}],"author":[{"embeddable":true,"href":"https:\/\/www.vicoexport.com\/ro\/wp-json\/wp\/v2\/users\/1"}],"replies":[{"embeddable":true,"href":"https:\/\/www.vicoexport.com\/ro\/wp-json\/wp\/v2\/comments?post=44784"}],"version-history":[{"count":6,"href":"https:\/\/www.vicoexport.com\/ro\/wp-json\/wp\/v2\/pages\/44784\/revisions"}],"predecessor-version":[{"id":64595,"href":"https:\/\/www.vicoexport.com\/ro\/wp-json\/wp\/v2\/pages\/44784\/revisions\/64595"}],"wp:featuredmedia":[{"embeddable":true,"href":"https:\/\/www.vicoexport.com\/ro\/wp-json\/wp\/v2\/media\/48203"}],"wp:attachment":[{"href":"https:\/\/www.vicoexport.com\/ro\/wp-json\/wp\/v2\/media?parent=44784"}],"curies":[{"name":"wp","href":"https:\/\/api.w.org\/{rel}","templated":true}]}}