{"id":44851,"date":"2012-03-29T20:05:00","date_gmt":"2012-03-29T20:05:00","guid":{"rendered":"https:\/\/www.vicoexport.com\/acasa\/inversores-electricos\/"},"modified":"2024-05-20T14:34:22","modified_gmt":"2024-05-20T12:34:22","slug":"invertoare","status":"publish","type":"page","link":"https:\/\/www.vicoexport.com\/ro\/home-es-3\/invertoare\/","title":{"rendered":"Invertoare Electrice"},"content":{"rendered":"<div class=\"wpb-content-wrapper\"><p>[vc_row][vc_column][vc_single_image image=&#8221;43088&#8243; alignment=&#8221;center&#8221;][vc_column_text]<\/p>\n<h2 style=\"text-align: center;\"><strong><span style=\"color: #519097;\">INVERTOARE ELECTRICE VICO EXPORT SOLAR ENERGY\u00a0<\/span><\/strong><\/h2>\n<p>[\/vc_column_text][vc_column_text]Inversoarele electrice pe care le utiliz\u0103m \u00een instala\u021biile solare fotovoltaice sunt elemente fundamentale folosite pentru a <strong>transforma curentul continuu (CC) \u00een curent alternativ (CA)<\/strong>. Acest lucru permite utilizarea dispozitivelor electrice proiectate pentru a func\u021biona cu curent alternativ, pornind de la o surs\u0103 de curent continuu, cum ar fi bateriile, panourile solare sau vehiculele. Sunt foarte utile \u00een situa\u021biile \u00een care nu exist\u0103 acces la re\u021beaua electric\u0103 conven\u021bional\u0103.<\/p>\n<p>Cu toate acestea, exist\u0103 numeroase tipuri de invertoare disponibile pe pia\u021b\u0103, fiecare cu caracteristici \u0219i capacit\u0103\u021bi diferite. De aceea, trebuie s\u0103 \u0219tim s\u0103 alegem cel potrivit pentru fiecare instala\u021bie, fie c\u0103 sunt valabile pentru <strong>conexiunea la re\u021bea<\/strong> (Acestea sunt invertoarele de curent folosite \u00een instala\u021biile solare fotovoltaice conectate la re\u021bea. \u00cen cazul acestor invertoare exist\u0103 dou\u0103 variante, invertoarele hibride \u2014 cu posibilitatea de a lucra cu baterii \u2014 \u0219i microinvertoarele \u2014 pentru instala\u021biile cu nevoi energetice reduse). Exist\u0103, de asemenea, invertoare pentru <strong>sistemele izolate <\/strong>(Acestea sunt invertoarele de curent utilizate \u00een instala\u021biile solare fotovoltaice izolate. \u00cen cadrul acestui tip de invertoare exist\u0103 invertoare cu baterie \u0219i invertoare cu \u00eenc\u0103rc\u0103toare \u0219i reglatoare). \u00cen final, putem g\u0103si invertoare electrice pentru <strong>instala\u021bii de autoconsum<\/strong>.<\/p>\n<p>La <a href=\"https:\/\/www.youtube.com\/@vicoexport\">Vico Export Solar Energy<\/a> lucr\u0103m cu cele mai importante m\u0103rci de invertoare: <a href=\"https:\/\/www.vicoexport.com\/home-4\/inversores-electricos\/distribuidor-oficial-inversores-sungrow\/\">Sungrow<\/a>, <a href=\"https:\/\/www.vicoexport.com\/home-4\/inversores-electricos\/distribuidor-oficial-solax-power-inversores-electricos-solares-hibridos\/\">SolaX Power<\/a> \u0219i <a href=\"https:\/\/www.vicoexport.com\/home-4\/inversores-electricos\/distribuidor-oficial-solax-power-inversores-electricos-solares-hibridos\/\">Huawei<\/a>, printre altele.[\/vc_column_text][vc_row_inner][vc_column_inner width=&#8221;1\/3&#8243;][vc_single_image image=&#8221;44860&#8243; img_size=&#8221;large&#8221; alignment=&#8221;center&#8221;][vc_btn title=&#8221;Afla\u021bi mai multe despre SUNGROW&#8221; style=&#8221;custom&#8221; custom_background=&#8221;#558f98&#8243; custom_text=&#8221;#ffffff&#8221; align=&#8221;center&#8221; i_align=&#8221;right&#8221; i_icon_fontawesome=&#8221;fas fa-chevron-circle-right&#8221; add_icon=&#8221;true&#8221; link=&#8221;url:https%3A%2F%2Fwww.vicoexport.com%2Fro%2Facasa%2Finvertoare%2Fsungrow%2F|target:_blank&#8221;][\/vc_column_inner][vc_column_inner width=&#8221;1\/3&#8243;][vc_single_image image=&#8221;44859&#8243; img_size=&#8221;large&#8221; alignment=&#8221;center&#8221;][vc_btn title=&#8221;Afla\u021bi mai multe despre SOLAX&#8221; style=&#8221;custom&#8221; custom_background=&#8221;#558f98&#8243; custom_text=&#8221;#ffffff&#8221; align=&#8221;center&#8221; i_align=&#8221;right&#8221; i_icon_fontawesome=&#8221;fas fa-chevron-circle-right&#8221; add_icon=&#8221;true&#8221; link=&#8221;url:https%3A%2F%2Fwww.vicoexport.com%2Fro%2Facasa%2Finvertoare%2Fsolax-power%2F|target:_blank&#8221;][\/vc_column_inner][vc_column_inner width=&#8221;1\/3&#8243;][vc_single_image image=&#8221;44858&#8243; img_size=&#8221;large&#8221;][vc_btn title=&#8221;Afla\u021bi mai multe despre HUAWEI&#8221; style=&#8221;custom&#8221; custom_background=&#8221;#558f98&#8243; custom_text=&#8221;#ffffff&#8221; align=&#8221;center&#8221; i_align=&#8221;right&#8221; i_icon_fontawesome=&#8221;fas fa-chevron-circle-right&#8221; add_icon=&#8221;true&#8221; link=&#8221;url:https%3A%2F%2Fwww.vicoexport.com%2Fro%2Facasa%2Finvertoare%2Fdistribuidor-oficial-inversores-huawei%2F|target:_blank&#8221;][\/vc_column_inner][\/vc_row_inner][\/vc_column][\/vc_row][vc_row][vc_column][vc_separator color=&#8221;white&#8221;][vc_column_text css=&#8221;.vc_custom_1699950178000{margin-top: 50px !important;}&#8221;]<\/p>\n<h3 style=\"text-align: center;\">Nu a\u0219tepta\u021bi! Noi v\u0103 u\u0219ur\u0103m munca<\/h3>\n<h3 style=\"text-align: center;\">Gestiona\u021bi-v\u0103 rezerv\u0103rile de echipamente 24 de ore pe zi, 365 de zile pe an.<\/h3>\n<p>[\/vc_column_text][vc_btn title=&#8221;Efectua\u021bi-mi rezervarea echipamentului online&#8221; style=&#8221;custom&#8221; custom_background=&#8221;#558f98&#8243; custom_text=&#8221;#ffffff&#8221; align=&#8221;center&#8221; i_align=&#8221;right&#8221; i_icon_fontawesome=&#8221;fas fa-shopping-cart&#8221; css_animation=&#8221;bounceIn&#8221; button_block=&#8221;true&#8221; add_icon=&#8221;true&#8221; link=&#8221;url:https%3A%2F%2Fwww.vicoexport.com%2Fen%2Fhome-en%2Ftiendaonline%2F|target:_blank&#8221;][\/vc_column][\/vc_row]<\/p>\n<\/div>","protected":false},"excerpt":{"rendered":"<p>[vc_row][vc_column][vc_single_image image=&#8221;43088&#8243; alignment=&#8221;center&#8221;][vc_column_text] INVERTOARE ELECTRICE VICO EXPORT SOLAR ENERGY\u00a0 [\/vc_column_text][vc_column_text]Inversoarele electrice pe care le utiliz\u0103m \u00een instala\u021biile solare fotovoltaice sunt elemente fundamentale folosite pentru a transforma curentul continuu (CC) \u00een curent alternativ (CA). Acest lucru permite utilizarea dispozitivelor electrice proiectate pentru a func\u021biona cu curent alternativ, pornind de la o surs\u0103 de curent continuu, cum [&hellip;]<\/p>\n","protected":false},"author":1,"featured_media":44852,"parent":44784,"menu_order":6,"comment_status":"closed","ping_status":"closed","template":"","meta":{"_joinchat":[],"footnotes":""},"class_list":["post-44851","page","type-page","status-publish","has-post-thumbnail","hentry"],"yoast_head":"<!-- This site is optimized with the Yoast SEO plugin v27.5 - https:\/\/yoast.com\/product\/yoast-seo-wordpress\/ -->\n<title>Invertoare Electrice | Vico Export Solar Energy<\/title>\n<meta name=\"description\" content=\"Invertoare electrice utilizate \u00een instala\u021biile fotovoltaice pentru a transforma curentul continuu \u00een curent alternativ.\" \/>\n<meta name=\"robots\" content=\"index, follow, max-snippet:-1, max-image-preview:large, max-video-preview:-1\" \/>\n<link rel=\"canonical\" href=\"https:\/\/www.vicoexport.com\/ro\/home-es-3\/invertoare\/\" \/>\n<meta property=\"og:locale\" content=\"ro_RO\" \/>\n<meta property=\"og:type\" content=\"article\" \/>\n<meta property=\"og:title\" content=\"Invertoare Electrice | Vico Export Solar Energy\" \/>\n<meta property=\"og:description\" content=\"Invertoare electrice utilizate \u00een instala\u021biile fotovoltaice pentru a transforma curentul continuu \u00een curent alternativ.\" \/>\n<meta property=\"og:url\" content=\"https:\/\/www.vicoexport.com\/ro\/home-es-3\/invertoare\/\" \/>\n<meta property=\"og:site_name\" content=\"Vico Export Solar Energy\" \/>\n<meta property=\"article:publisher\" content=\"https:\/\/www.facebook.com\/vicoexport.vicoexportsolar\" \/>\n<meta property=\"article:modified_time\" content=\"2024-05-20T12:34:22+00:00\" \/>\n<meta property=\"og:image\" content=\"https:\/\/www.vicoexport.com\/wp-content\/uploads\/2023\/03\/sungrow-vico-export-solar-energy-blog-2.jpg\" \/>\n\t<meta property=\"og:image:width\" content=\"900\" \/>\n\t<meta property=\"og:image:height\" content=\"1080\" \/>\n\t<meta property=\"og:image:type\" content=\"image\/jpeg\" \/>\n<meta name=\"twitter:card\" content=\"summary_large_image\" \/>\n<meta name=\"twitter:site\" content=\"@VicoExportSolar\" \/>\n<script type=\"application\/ld+json\" class=\"yoast-schema-graph\">{\"@context\":\"https:\\\/\\\/schema.org\",\"@graph\":[{\"@type\":\"WebPage\",\"@id\":\"https:\\\/\\\/www.vicoexport.com\\\/ro\\\/home-es-3\\\/invertoare\\\/\",\"url\":\"https:\\\/\\\/www.vicoexport.com\\\/ro\\\/home-es-3\\\/invertoare\\\/\",\"name\":\"Invertoare Electrice | Vico Export Solar Energy\",\"isPartOf\":{\"@id\":\"https:\\\/\\\/www.vicoexport.com\\\/#website\"},\"primaryImageOfPage\":{\"@id\":\"https:\\\/\\\/www.vicoexport.com\\\/ro\\\/home-es-3\\\/invertoare\\\/#primaryimage\"},\"image\":{\"@id\":\"https:\\\/\\\/www.vicoexport.com\\\/ro\\\/home-es-3\\\/invertoare\\\/#primaryimage\"},\"thumbnailUrl\":\"https:\\\/\\\/www.vicoexport.com\\\/wp-content\\\/uploads\\\/2023\\\/03\\\/sungrow-vico-export-solar-energy-blog-2.jpg\",\"datePublished\":\"2012-03-29T20:05:00+00:00\",\"dateModified\":\"2024-05-20T12:34:22+00:00\",\"description\":\"Invertoare electrice utilizate \u00een instala\u021biile fotovoltaice pentru a transforma curentul continuu \u00een curent alternativ.\",\"breadcrumb\":{\"@id\":\"https:\\\/\\\/www.vicoexport.com\\\/ro\\\/home-es-3\\\/invertoare\\\/#breadcrumb\"},\"inLanguage\":\"ro-RO\",\"potentialAction\":[{\"@type\":\"ReadAction\",\"target\":[\"https:\\\/\\\/www.vicoexport.com\\\/ro\\\/home-es-3\\\/invertoare\\\/\"]}]},{\"@type\":\"ImageObject\",\"inLanguage\":\"ro-RO\",\"@id\":\"https:\\\/\\\/www.vicoexport.com\\\/ro\\\/home-es-3\\\/invertoare\\\/#primaryimage\",\"url\":\"https:\\\/\\\/www.vicoexport.com\\\/wp-content\\\/uploads\\\/2023\\\/03\\\/sungrow-vico-export-solar-energy-blog-2.jpg\",\"contentUrl\":\"https:\\\/\\\/www.vicoexport.com\\\/wp-content\\\/uploads\\\/2023\\\/03\\\/sungrow-vico-export-solar-energy-blog-2.jpg\",\"width\":900,\"height\":1080},{\"@type\":\"BreadcrumbList\",\"@id\":\"https:\\\/\\\/www.vicoexport.com\\\/ro\\\/home-es-3\\\/invertoare\\\/#breadcrumb\",\"itemListElement\":[{\"@type\":\"ListItem\",\"position\":1,\"name\":\"Portada\",\"item\":\"https:\\\/\\\/www.vicoexport.com\\\/ro\\\/\"},{\"@type\":\"ListItem\",\"position\":2,\"name\":\"Acas\u0103\",\"item\":\"https:\\\/\\\/www.vicoexport.com\\\/ro\\\/\"},{\"@type\":\"ListItem\",\"position\":3,\"name\":\"Invertoare Electrice\"}]},{\"@type\":\"WebSite\",\"@id\":\"https:\\\/\\\/www.vicoexport.com\\\/#website\",\"url\":\"https:\\\/\\\/www.vicoexport.com\\\/\",\"name\":\"Vico Export Solar Energy\",\"description\":\"Vico Export Solar Energy Distribuidor Mayorista de Paneles Solares Fotovoltaicos\",\"publisher\":{\"@id\":\"https:\\\/\\\/www.vicoexport.com\\\/#organization\"},\"potentialAction\":[{\"@type\":\"SearchAction\",\"target\":{\"@type\":\"EntryPoint\",\"urlTemplate\":\"https:\\\/\\\/www.vicoexport.com\\\/?s={search_term_string}\"},\"query-input\":{\"@type\":\"PropertyValueSpecification\",\"valueRequired\":true,\"valueName\":\"search_term_string\"}}],\"inLanguage\":\"ro-RO\"},{\"@type\":\"Organization\",\"@id\":\"https:\\\/\\\/www.vicoexport.com\\\/#organization\",\"name\":\"Vico Export Solar Energy\",\"url\":\"https:\\\/\\\/www.vicoexport.com\\\/\",\"logo\":{\"@type\":\"ImageObject\",\"inLanguage\":\"ro-RO\",\"@id\":\"https:\\\/\\\/www.vicoexport.com\\\/#\\\/schema\\\/logo\\\/image\\\/\",\"url\":\"https:\\\/\\\/www.vicoexport.com\\\/wp-content\\\/uploads\\\/2018\\\/02\\\/Vico-Export-Solar-energy.jpg\",\"contentUrl\":\"https:\\\/\\\/www.vicoexport.com\\\/wp-content\\\/uploads\\\/2018\\\/02\\\/Vico-Export-Solar-energy.jpg\",\"width\":1006,\"height\":1024,\"caption\":\"Vico Export Solar Energy\"},\"image\":{\"@id\":\"https:\\\/\\\/www.vicoexport.com\\\/#\\\/schema\\\/logo\\\/image\\\/\"},\"sameAs\":[\"https:\\\/\\\/www.facebook.com\\\/vicoexport.vicoexportsolar\",\"https:\\\/\\\/x.com\\\/VicoExportSolar\",\"https:\\\/\\\/www.instagram.com\\\/vico_export_solar_energy\",\"https:\\\/\\\/www.linkedin.com\\\/in\\\/vicoexport\",\"https:\\\/\\\/www.youtube.com\\\/user\\\/vicoexport\\\/\"]}]}<\/script>\n<!-- \/ Yoast SEO plugin. -->","yoast_head_json":{"title":"Invertoare Electrice | Vico Export Solar Energy","description":"Invertoare electrice utilizate \u00een instala\u021biile fotovoltaice pentru a transforma curentul continuu \u00een curent alternativ.","robots":{"index":"index","follow":"follow","max-snippet":"max-snippet:-1","max-image-preview":"max-image-preview:large","max-video-preview":"max-video-preview:-1"},"canonical":"https:\/\/www.vicoexport.com\/ro\/home-es-3\/invertoare\/","og_locale":"ro_RO","og_type":"article","og_title":"Invertoare Electrice | Vico Export Solar Energy","og_description":"Invertoare electrice utilizate \u00een instala\u021biile fotovoltaice pentru a transforma curentul continuu \u00een curent alternativ.","og_url":"https:\/\/www.vicoexport.com\/ro\/home-es-3\/invertoare\/","og_site_name":"Vico Export Solar Energy","article_publisher":"https:\/\/www.facebook.com\/vicoexport.vicoexportsolar","article_modified_time":"2024-05-20T12:34:22+00:00","og_image":[{"width":900,"height":1080,"url":"https:\/\/www.vicoexport.com\/wp-content\/uploads\/2023\/03\/sungrow-vico-export-solar-energy-blog-2.jpg","type":"image\/jpeg"}],"twitter_card":"summary_large_image","twitter_site":"@VicoExportSolar","schema":{"@context":"https:\/\/schema.org","@graph":[{"@type":"WebPage","@id":"https:\/\/www.vicoexport.com\/ro\/home-es-3\/invertoare\/","url":"https:\/\/www.vicoexport.com\/ro\/home-es-3\/invertoare\/","name":"Invertoare Electrice | Vico Export Solar Energy","isPartOf":{"@id":"https:\/\/www.vicoexport.com\/#website"},"primaryImageOfPage":{"@id":"https:\/\/www.vicoexport.com\/ro\/home-es-3\/invertoare\/#primaryimage"},"image":{"@id":"https:\/\/www.vicoexport.com\/ro\/home-es-3\/invertoare\/#primaryimage"},"thumbnailUrl":"https:\/\/www.vicoexport.com\/wp-content\/uploads\/2023\/03\/sungrow-vico-export-solar-energy-blog-2.jpg","datePublished":"2012-03-29T20:05:00+00:00","dateModified":"2024-05-20T12:34:22+00:00","description":"Invertoare electrice utilizate \u00een instala\u021biile fotovoltaice pentru a transforma curentul continuu \u00een curent alternativ.","breadcrumb":{"@id":"https:\/\/www.vicoexport.com\/ro\/home-es-3\/invertoare\/#breadcrumb"},"inLanguage":"ro-RO","potentialAction":[{"@type":"ReadAction","target":["https:\/\/www.vicoexport.com\/ro\/home-es-3\/invertoare\/"]}]},{"@type":"ImageObject","inLanguage":"ro-RO","@id":"https:\/\/www.vicoexport.com\/ro\/home-es-3\/invertoare\/#primaryimage","url":"https:\/\/www.vicoexport.com\/wp-content\/uploads\/2023\/03\/sungrow-vico-export-solar-energy-blog-2.jpg","contentUrl":"https:\/\/www.vicoexport.com\/wp-content\/uploads\/2023\/03\/sungrow-vico-export-solar-energy-blog-2.jpg","width":900,"height":1080},{"@type":"BreadcrumbList","@id":"https:\/\/www.vicoexport.com\/ro\/home-es-3\/invertoare\/#breadcrumb","itemListElement":[{"@type":"ListItem","position":1,"name":"Portada","item":"https:\/\/www.vicoexport.com\/ro\/"},{"@type":"ListItem","position":2,"name":"Acas\u0103","item":"https:\/\/www.vicoexport.com\/ro\/"},{"@type":"ListItem","position":3,"name":"Invertoare Electrice"}]},{"@type":"WebSite","@id":"https:\/\/www.vicoexport.com\/#website","url":"https:\/\/www.vicoexport.com\/","name":"Vico Export Solar Energy","description":"Vico Export Solar Energy Distribuidor Mayorista de Paneles Solares Fotovoltaicos","publisher":{"@id":"https:\/\/www.vicoexport.com\/#organization"},"potentialAction":[{"@type":"SearchAction","target":{"@type":"EntryPoint","urlTemplate":"https:\/\/www.vicoexport.com\/?s={search_term_string}"},"query-input":{"@type":"PropertyValueSpecification","valueRequired":true,"valueName":"search_term_string"}}],"inLanguage":"ro-RO"},{"@type":"Organization","@id":"https:\/\/www.vicoexport.com\/#organization","name":"Vico Export Solar Energy","url":"https:\/\/www.vicoexport.com\/","logo":{"@type":"ImageObject","inLanguage":"ro-RO","@id":"https:\/\/www.vicoexport.com\/#\/schema\/logo\/image\/","url":"https:\/\/www.vicoexport.com\/wp-content\/uploads\/2018\/02\/Vico-Export-Solar-energy.jpg","contentUrl":"https:\/\/www.vicoexport.com\/wp-content\/uploads\/2018\/02\/Vico-Export-Solar-energy.jpg","width":1006,"height":1024,"caption":"Vico Export Solar Energy"},"image":{"@id":"https:\/\/www.vicoexport.com\/#\/schema\/logo\/image\/"},"sameAs":["https:\/\/www.facebook.com\/vicoexport.vicoexportsolar","https:\/\/x.com\/VicoExportSolar","https:\/\/www.instagram.com\/vico_export_solar_energy","https:\/\/www.linkedin.com\/in\/vicoexport","https:\/\/www.youtube.com\/user\/vicoexport\/"]}]}},"_links":{"self":[{"href":"https:\/\/www.vicoexport.com\/ro\/wp-json\/wp\/v2\/pages\/44851","targetHints":{"allow":["GET"]}}],"collection":[{"href":"https:\/\/www.vicoexport.com\/ro\/wp-json\/wp\/v2\/pages"}],"about":[{"href":"https:\/\/www.vicoexport.com\/ro\/wp-json\/wp\/v2\/types\/page"}],"author":[{"embeddable":true,"href":"https:\/\/www.vicoexport.com\/ro\/wp-json\/wp\/v2\/users\/1"}],"replies":[{"embeddable":true,"href":"https:\/\/www.vicoexport.com\/ro\/wp-json\/wp\/v2\/comments?post=44851"}],"version-history":[{"count":0,"href":"https:\/\/www.vicoexport.com\/ro\/wp-json\/wp\/v2\/pages\/44851\/revisions"}],"up":[{"embeddable":true,"href":"https:\/\/www.vicoexport.com\/ro\/wp-json\/wp\/v2\/pages\/44784"}],"wp:featuredmedia":[{"embeddable":true,"href":"https:\/\/www.vicoexport.com\/ro\/wp-json\/wp\/v2\/media\/44852"}],"wp:attachment":[{"href":"https:\/\/www.vicoexport.com\/ro\/wp-json\/wp\/v2\/media?parent=44851"}],"curies":[{"name":"wp","href":"https:\/\/api.w.org\/{rel}","templated":true}]}}