{"id":44907,"date":"2019-12-20T11:48:18","date_gmt":"2019-12-20T11:48:18","guid":{"rendered":"https:\/\/www.vicoexport.com\/acasa\/inversores-electricos\/distribuidor-oficial-inversores-huawei\/"},"modified":"2024-03-26T14:08:48","modified_gmt":"2024-03-26T13:08:48","slug":"distribuidor-oficial-inversores-huawei","status":"publish","type":"page","link":"https:\/\/www.vicoexport.com\/ro\/home-es-3\/invertoare\/distribuidor-oficial-inversores-huawei\/","title":{"rendered":"Huawei"},"content":{"rendered":"<div class=\"wpb-content-wrapper\"><p>[vc_row][vc_column][vc_single_image image=&#8221;44856&#8243; img_size=&#8221;&#8221; alignment=&#8221;center&#8221; css=&#8221;.vc_custom_1676034041813{padding-top: 50px !important;}&#8221;][vc_empty_space][vc_column_text]<a href=\"https:\/\/solar.huawei.com\/es\">Huawei<\/a>\u00a0este considerat unul dintre brandurile de tehnologie de top la nivel mondial. Compania are o solu\u021bie larg\u0103 de energie fotovoltaic\u0103 inteligent\u0103 datorit\u0103 experien\u021bei acumulate \u00een mai bine de 20 de ani \u00een acest sector.<\/p>\n<p>Invertoarele Huawei revolu\u021bioneaz\u0103 lumea energiei solare fotovoltaice \u00een sistemele casnice de autoconsum. Gigantul asiatic ofer\u0103 o gam\u0103 de produse at\u00e2t pentru sectorul reziden\u021bial, c\u00e2t \u0219i pentru cel comercial \u0219i industrial, invertoare cu design \u0219i caracteristici de ultim\u0103 or\u0103. Invertoarele sale au caracteristici tehnice excelente la un pre\u021b rezonabil \u00een compara\u021bie cu alte invertoare de la produc\u0103tori similari.<\/p>\n<p>Huawei are caracteristici tehnice excelente, performan\u021b\u0103, calitate \u0219i durabilitate la un pre\u021b corect, oferind o solu\u021bie inteligent\u0103, eficient\u0103, u\u0219or de instalat, sigur\u0103 \u0219i fiabil\u0103. Ceea ce v\u0103 permite s\u0103 ob\u021bine\u021bi o rentabilitate mai bun\u0103 a investi\u021biei cu randamente mai mari \u0219i costuri de \u00eentre\u021binere mai mici. De aceea, solu\u021bia fotovoltaic\u0103 inteligent\u0103 a Huawei a fost deja implementat\u0103 pe scar\u0103 larg\u0103 \u00een \u00eentreaga lume.<\/p>\n<p>[\/vc_column_text][\/vc_column][\/vc_row][vc_row][vc_column][vc_column_text css=&#8221;.vc_custom_1700035746295{padding-top: 10px !important;padding-bottom: 10px !important;}&#8221;]<\/p>\n<h3 style=\"text-align: center;\"><strong>Modele Invertoare Huawei<\/strong><\/h3>\n<p>[\/vc_column_text][\/vc_column][\/vc_row][vc_row][vc_column width=&#8221;1\/3&#8243;][vc_single_image image=&#8221;24874&#8243; img_size=&#8221;medium&#8221;][vc_column_text]<\/p>\n<p style=\"text-align: left;\"><strong>Invertoare monofazate<\/strong><\/p>\n<ul>\n<li style=\"text-align: left;\"><a href=\"https:\/\/www.vicoexport.com\/wp-content\/uploads\/2022\/10\/Huawei_TDS_SUN2000-2-6KTL-L1-Vico-Export-Solar-Energy_ES.pdf\" target=\"_blank\" rel=\"noopener noreferrer\">Huawei Sun2000-2KTL-L1<\/a><\/li>\n<li style=\"text-align: left;\"><a href=\"https:\/\/www.vicoexport.com\/wp-content\/uploads\/2020\/10\/Huawei-KTL-L1-SUN2000_2-6KTL_L1_EN-Vico-Export-Solar-Energy.pdf\">Huawei <\/a><a href=\"https:\/\/www.vicoexport.com\/wp-content\/uploads\/2022\/10\/Huawei_TDS_SUN2000-2-6KTL-L1-Vico-Export-Solar-Energy_ES.pdf\" target=\"_blank\" rel=\"noopener noreferrer\">Sun2000-3KTL-L1<\/a><\/li>\n<li style=\"text-align: left;\"><a href=\"https:\/\/www.vicoexport.com\/wp-content\/uploads\/2020\/10\/Huawei-KTL-L1-SUN2000_2-6KTL_L1_EN-Vico-Export-Solar-Energy.pdf\">Huawei <\/a><a href=\"https:\/\/www.vicoexport.com\/wp-content\/uploads\/2022\/10\/Huawei_TDS_SUN2000-2-6KTL-L1-Vico-Export-Solar-Energy_ES.pdf\" target=\"_blank\" rel=\"noopener noreferrer\">Sun2000-3.68KTL-L1<\/a><\/li>\n<li style=\"text-align: left;\"><a href=\"https:\/\/www.vicoexport.com\/wp-content\/uploads\/2020\/10\/Huawei-KTL-L1-SUN2000_2-6KTL_L1_EN-Vico-Export-Solar-Energy.pdf\">Huawei <\/a><a href=\"https:\/\/www.vicoexport.com\/wp-content\/uploads\/2022\/10\/Huawei_TDS_SUN2000-2-6KTL-L1-Vico-Export-Solar-Energy_ES.pdf\" target=\"_blank\" rel=\"noopener noreferrer\">Sun2000-4KTL-L1<\/a><\/li>\n<li style=\"text-align: left;\"><a href=\"https:\/\/www.vicoexport.com\/wp-content\/uploads\/2020\/10\/Huawei-KTL-L1-SUN2000_2-6KTL_L1_EN-Vico-Export-Solar-Energy.pdf\">Huawei <\/a><a href=\"https:\/\/www.vicoexport.com\/wp-content\/uploads\/2022\/10\/Huawei_TDS_SUN2000-2-6KTL-L1-Vico-Export-Solar-Energy_ES.pdf\" target=\"_blank\" rel=\"noopener noreferrer\">Sun2000-5KTL-L1<\/a><\/li>\n<li><a href=\"https:\/\/www.vicoexport.com\/wp-content\/uploads\/2020\/10\/Huawei-KTL-L1-SUN2000_2-6KTL_L1_EN-Vico-Export-Solar-Energy.pdf\">Huawei <\/a><a href=\"https:\/\/www.vicoexport.com\/wp-content\/uploads\/2022\/10\/Huawei_TDS_SUN2000-2-6KTL-L1-Vico-Export-Solar-Energy_ES.pdf\" target=\"_blank\" rel=\"noopener noreferrer\">Sun2000-6KTL-L1<\/a><\/li>\n<\/ul>\n<p>[\/vc_column_text][\/vc_column][vc_column width=&#8221;1\/3&#8243;][vc_single_image image=&#8221;25076&#8243; img_size=&#8221;medium&#8221;][vc_column_text]<strong>Invertoare trifazate<\/strong><\/p>\n<ul>\n<li><a href=\"https:\/\/www.vicoexport.com\/wp-content\/uploads\/2022\/11\/Huawei_TDS_SUN2000-3KTL-10KTL-M1_EN-Vico_Export_Solar_Energy.pdf\" target=\"_blank\" rel=\"noopener noreferrer\">Huawei SUN2000<\/a><a href=\"https:\/\/www.vicoexport.com\/wp-content\/uploads\/2022\/11\/Huawei_TDS_SUN2000-3KTL-10KTL-M1_EN-Vico_Export_Solar_Energy.pdf\" target=\"_blank\" rel=\"noopener noreferrer\">-3KTL-M1<\/a><\/li>\n<li><a href=\"https:\/\/www.vicoexport.com\/wp-content\/uploads\/2022\/11\/Huawei_TDS_SUN2000-3KTL-10KTL-M1_EN-Vico_Export_Solar_Energy.pdf\" target=\"_blank\" rel=\"noopener noreferrer\">Huawei SUN2000-<\/a><a href=\"https:\/\/www.vicoexport.com\/wp-content\/uploads\/2022\/11\/Huawei_TDS_SUN2000-3KTL-10KTL-M1_EN-Vico_Export_Solar_Energy.pdf\" target=\"_blank\" rel=\"noopener noreferrer\">4KTL-M1<\/a><\/li>\n<li><a href=\"https:\/\/www.vicoexport.com\/wp-content\/uploads\/2019\/12\/Huawei-SUN2000-3-10-KTL-M0-Vico-Export-Solar-Energy.pdf\" target=\"_blank\" rel=\"noopener noreferrer\">Huawei SUN2000-<\/a><a href=\"https:\/\/www.vicoexport.com\/wp-content\/uploads\/2022\/11\/Huawei_TDS_SUN2000-3KTL-10KTL-M1_EN-Vico_Export_Solar_Energy.pdf\" target=\"_blank\" rel=\"noopener noreferrer\">5KTL-M1<\/a><\/li>\n<li><a href=\"https:\/\/www.vicoexport.com\/wp-content\/uploads\/2022\/11\/Huawei_TDS_SUN2000-3KTL-10KTL-M1_EN-Vico_Export_Solar_Energy.pdf\" target=\"_blank\" rel=\"noopener noreferrer\">Huawei SUN2000-<\/a><a href=\"https:\/\/www.vicoexport.com\/wp-content\/uploads\/2022\/11\/Huawei_TDS_SUN2000-3KTL-10KTL-M1_EN-Vico_Export_Solar_Energy.pdf\" target=\"_blank\" rel=\"noopener noreferrer\">6KTL-M1<\/a><\/li>\n<li><a href=\"https:\/\/www.vicoexport.com\/wp-content\/uploads\/2022\/11\/Huawei_TDS_SUN2000-3KTL-10KTL-M1_EN-Vico_Export_Solar_Energy.pdf\" target=\"_blank\" rel=\"noopener noreferrer\">Huawei SUN2000-<\/a><a href=\"https:\/\/www.vicoexport.com\/wp-content\/uploads\/2022\/11\/Huawei_TDS_SUN2000-3KTL-10KTL-M1_EN-Vico_Export_Solar_Energy.pdf\" target=\"_blank\" rel=\"noopener noreferrer\">8KTL-M1<\/a><\/li>\n<li><a href=\"https:\/\/www.vicoexport.com\/wp-content\/uploads\/2022\/11\/Huawei_TDS_SUN2000-3KTL-10KTL-M1_EN-Vico_Export_Solar_Energy.pdf\" target=\"_blank\" rel=\"noopener noreferrer\">Huawei SUN2000-<\/a><a href=\"https:\/\/www.vicoexport.com\/wp-content\/uploads\/2022\/10\/Huawei_TDS_SUN2000-3KTL-10KTL-M1-Vico-Export-Solar-Energy_EN.pdf\" target=\"_blank\" rel=\"noopener noreferrer\">10KTL-M1<\/a><\/li>\n<\/ul>\n<ul>\n<li style=\"list-style-type: none;\"><\/li>\n<\/ul>\n<p>[\/vc_column_text][vc_column_text]<\/p>\n<p style=\"text-align: left;\"><strong>\u00a012-20 kW<\/strong><\/p>\n<ul>\n<li><a href=\"https:\/\/www.vicoexport.com\/wp-content\/uploads\/2022\/11\/SUN2000-12-20KTL-M2_27A_EN-Vico_Export_Solar_Energy.pdf\" target=\"_blank\" rel=\"noopener noreferrer\">Huawei SUN2000-12KTL-M2<\/a><\/li>\n<li><a href=\"https:\/\/www.vicoexport.com\/wp-content\/uploads\/2022\/11\/SUN2000-12-20KTL-M2_27A_EN-Vico_Export_Solar_Energy.pdf\" target=\"_blank\" rel=\"noopener noreferrer\">Huawei SUN2000-15KTL-M2<\/a><\/li>\n<li><a href=\"https:\/\/www.vicoexport.com\/wp-content\/uploads\/2022\/11\/SUN2000-12-20KTL-M2_27A_EN-Vico_Export_Solar_Energy.pdf\" target=\"_blank\" rel=\"noopener noreferrer\">Huawei SUN2000-17KTL-M2<\/a><\/li>\n<li><a href=\"https:\/\/www.vicoexport.com\/wp-content\/uploads\/2022\/11\/SUN2000-12-20KTL-M2_27A_EN-Vico_Export_Solar_Energy.pdf\" target=\"_blank\" rel=\"noopener noreferrer\">Huawei SUN2000-20KTL-M2<\/a><\/li>\n<\/ul>\n<ul>\n<li><a href=\"https:\/\/www.vicoexport.com\/wp-content\/uploads\/2024\/03\/EN_Datasheet_SUN2000_12-25K-MBO_Vico_Export_Solar_Energy.pdf\" target=\"_blank\" rel=\"noopener noreferrer\">Huawei SUN2000-12KTL-MB0<\/a><\/li>\n<li><a href=\"https:\/\/www.vicoexport.com\/wp-content\/uploads\/2024\/03\/EN_Datasheet_SUN2000_12-25K-MBO_Vico_Export_Solar_Energy.pdf\" target=\"_blank\" rel=\"noopener noreferrer\">Huawei SUN2000-15KTL-MB0<\/a><\/li>\n<li><a href=\"https:\/\/www.vicoexport.com\/wp-content\/uploads\/2024\/03\/EN_Datasheet_SUN2000_12-25K-MBO_Vico_Export_Solar_Energy.pdf\" target=\"_blank\" rel=\"noopener noreferrer\">Huawei SUN2000-17KTL-MB0<\/a><\/li>\n<li><a href=\"https:\/\/www.vicoexport.com\/wp-content\/uploads\/2024\/03\/EN_Datasheet_SUN2000_12-25K-MBO_Vico_Export_Solar_Energy.pdf\" target=\"_blank\" rel=\"noopener noreferrer\">Huawei SUN2000-20KTL-MB0<\/a><\/li>\n<li><a href=\"https:\/\/www.vicoexport.com\/wp-content\/uploads\/2024\/03\/EN_Datasheet_SUN2000_12-25K-MBO_Vico_Export_Solar_Energy.pdf\" target=\"_blank\" rel=\"noopener noreferrer\">Huawei SUN2000-25KTL-MB0<\/a><\/li>\n<\/ul>\n<p>[\/vc_column_text][vc_column_text]<strong>\u00a030-46-40kW<\/strong><\/p>\n<ul>\n<li><a href=\"https:\/\/www.vicoexport.com\/wp-content\/uploads\/2022\/10\/Huawei_TDS_SUN2000-30-36-40-KTL-M3-Vico-Export-Solar-Energy.pdf\" target=\"_blank\" rel=\"noopener noreferrer\">Huawei SUN2000-30KTL-M3<\/a><\/li>\n<li><a href=\"https:\/\/www.vicoexport.com\/wp-content\/uploads\/2022\/10\/Huawei_TDS_SUN2000-30-36-40-KTL-M3-Vico-Export-Solar-Energy.pdf\" target=\"_blank\" rel=\"noopener noreferrer\">Huawei SUN2000-36<\/a><a href=\"https:\/\/www.vicoexport.com\/wp-content\/uploads\/2019\/12\/Huawei-SUN2000-17-20KTL-Vico-Export-Solar-Energy.pdf\" target=\"_blank\" rel=\"noopener noreferrer\">KTL-M3<\/a><\/li>\n<li><a href=\"https:\/\/www.vicoexport.com\/wp-content\/uploads\/2022\/10\/Huawei_TDS_SUN2000-30-36-40-KTL-M3-Vico-Export-Solar-Energy.pdf\" target=\"_blank\" rel=\"noopener noreferrer\">Huawei SUN2000-40KTL-M3<\/a><\/li>\n<\/ul>\n<p>[\/vc_column_text][vc_column_text]<strong>60-100-185-215kW<\/strong><\/p>\n<ul>\n<li><a href=\"https:\/\/www.vicoexport.com\/wp-content\/uploads\/2022\/10\/Huawei_TDS_SUN2000-60KTL-M0-Vico-Export-Solar-Energy_ES.pdf\" target=\"_blank\" rel=\"noopener noreferrer\">Huawei SUN2000-60KTL-M0<\/a><\/li>\n<li><a href=\"https:\/\/www.vicoexport.com\/wp-content\/uploads\/2022\/10\/Huawei_TDS_SUN2000-100KTL-M1-Vico-Export-Solar-Energy_ES.pdf\" target=\"_blank\" rel=\"noopener noreferrer\">Huawei SUN2000-100KTL-M1<\/a><\/li>\n<li><a href=\"https:\/\/www.vicoexport.com\/wp-content\/uploads\/2022\/10\/Huawei_TDS_SUN2000-185KTL-H1-Vico-Export-Solar-Energy_ES.pdf\" target=\"_blank\" rel=\"noopener noreferrer\">Huawei SUN2000-185KTL-H1<\/a><\/li>\n<li><a href=\"https:\/\/www.vicoexport.com\/wp-content\/uploads\/2022\/10\/Huawei_TDS_SUN2000-215KTL-M0-Vico-Export-Solar-Energy_EN.pdf\" target=\"_blank\" rel=\"noopener noreferrer\">Huawei SUN2000-215KTL-M0<\/a><\/li>\n<li style=\"list-style-type: none;\"><\/li>\n<\/ul>\n<p>[\/vc_column_text][\/vc_column][vc_column width=&#8221;1\/3&#8243;][vc_single_image image=&#8221;26621&#8243; img_size=&#8221;medium&#8221;][vc_column_text]<strong>Accesorii<\/strong><\/p>\n<ul>\n<li><a href=\"https:\/\/www.vicoexport.com\/wp-content\/uploads\/2022\/10\/Huawei_TDS_SmartDongle_WLAN-FE-Vico-Export-Solar-Energy_ES.pdf\" target=\"_blank\" rel=\"noopener\">Dongle-WLAN-FE<\/a><\/li>\n<li><a href=\"https:\/\/www.vicoexport.com\/wp-content\/uploads\/2022\/11\/Huawei_TDS_Power_Meter_DDSU666-H_EN-Vico_Export_Solar_Energy.pdf\" target=\"_blank\" rel=\"noopener\">Smart-Power-Meter-DDSU666<\/a><\/li>\n<li><a href=\"https:\/\/www.vicoexport.com\/wp-content\/uploads\/2022\/10\/HUA_TDS_SmartLogger3000A-Vico-Export-Solar-Energy_ES.pdf\" target=\"_blank\" rel=\"noopener\">SmartLogger3000A<\/a><\/li>\n<li><a href=\"https:\/\/www.vicoexport.com\/wp-content\/uploads\/2022\/10\/Huawei_TDS_Backup-Box-Vico-Export-Solar-Energy_EN.pdf\" target=\"_blank\" rel=\"noopener\">Backup Box<\/a><\/li>\n<li><a href=\"https:\/\/www.vicoexport.com\/wp-content\/uploads\/2022\/10\/Huawei_SUN2000_450W-P2_600W-P-Vico-Export-Solar-Energy_ES.pdf\" target=\"_blank\" rel=\"noopener\">Smart-PV-Optimizer<\/a><\/li>\n<li><a href=\"https:\/\/www.vicoexport.com\/wp-content\/uploads\/2023\/01\/Janitza-UMG103-CBM-ficha-tecnica_vico_export_solar_energy.pdf\">Janitza UMG103 CBM<\/a><\/li>\n<li><a href=\"https:\/\/www.vicoexport.com\/wp-content\/uploads\/2023\/01\/Janitza-UMG604-PRO-ficha-tecnica_vico_export_solar_energy.pdf\">Janitza UMG604 \/PRO<\/a><\/li>\n<\/ul>\n<p>[\/vc_column_text][\/vc_column][\/vc_row]<\/p>\n<\/div>","protected":false},"excerpt":{"rendered":"<p>[vc_row][vc_column][vc_single_image image=&#8221;44856&#8243; img_size=&#8221;&#8221; alignment=&#8221;center&#8221; css=&#8221;.vc_custom_1676034041813{padding-top: 50px !important;}&#8221;][vc_empty_space][vc_column_text]Huawei\u00a0este considerat unul dintre brandurile de tehnologie de top la nivel mondial. Compania are o solu\u021bie larg\u0103 de energie fotovoltaic\u0103 inteligent\u0103 datorit\u0103 experien\u021bei acumulate \u00een mai bine de 20 de ani \u00een acest sector. Invertoarele Huawei revolu\u021bioneaz\u0103 lumea energiei solare fotovoltaice \u00een sistemele casnice de autoconsum. Gigantul asiatic ofer\u0103 [&hellip;]<\/p>\n","protected":false},"author":1,"featured_media":44804,"parent":44851,"menu_order":0,"comment_status":"closed","ping_status":"closed","template":"","meta":{"_joinchat":[],"footnotes":""},"class_list":["post-44907","page","type-page","status-publish","has-post-thumbnail","hentry"],"yoast_head":"<!-- This site is optimized with the Yoast SEO plugin v27.3 - https:\/\/yoast.com\/product\/yoast-seo-wordpress\/ -->\n<title>Invertoare Huawei | Vico Export Solar Energy<\/title>\n<meta name=\"description\" content=\"Distribuitor de invertor Huawei. Reziden\u021bial, utilitar \u0219i comercial: hibrid, monofazat \u0219i trifazat. Pre\u021buri competitive.\" \/>\n<meta name=\"robots\" content=\"index, follow, max-snippet:-1, max-image-preview:large, max-video-preview:-1\" \/>\n<link rel=\"canonical\" href=\"https:\/\/www.vicoexport.com\/ro\/home-es-3\/invertoare\/distribuidor-oficial-inversores-huawei\/\" \/>\n<meta property=\"og:locale\" content=\"ro_RO\" \/>\n<meta property=\"og:type\" content=\"article\" \/>\n<meta property=\"og:title\" content=\"Invertoare Huawei | Vico Export Solar Energy\" \/>\n<meta property=\"og:description\" content=\"Distribuitor de invertor Huawei. Reziden\u021bial, utilitar \u0219i comercial: hibrid, monofazat \u0219i trifazat. Pre\u021buri competitive.\" \/>\n<meta property=\"og:url\" content=\"https:\/\/www.vicoexport.com\/ro\/home-es-3\/invertoare\/distribuidor-oficial-inversores-huawei\/\" \/>\n<meta property=\"og:site_name\" content=\"Vico Export Solar Energy\" \/>\n<meta property=\"article:publisher\" content=\"https:\/\/www.facebook.com\/vicoexport.vicoexportsolar\" \/>\n<meta property=\"article:modified_time\" content=\"2024-03-26T13:08:48+00:00\" \/>\n<meta property=\"og:image\" content=\"https:\/\/www.vicoexport.com\/wp-content\/uploads\/2021\/01\/Huawei-Fusion-Solar-Logo-Transparente-Vico-Export-Solar-energy-1.png\" \/>\n\t<meta property=\"og:image:width\" content=\"1066\" \/>\n\t<meta property=\"og:image:height\" content=\"298\" \/>\n\t<meta property=\"og:image:type\" content=\"image\/png\" \/>\n<meta name=\"twitter:card\" content=\"summary_large_image\" \/>\n<meta name=\"twitter:site\" content=\"@VicoExportSolar\" \/>\n<script type=\"application\/ld+json\" class=\"yoast-schema-graph\">{\"@context\":\"https:\\\/\\\/schema.org\",\"@graph\":[{\"@type\":\"WebPage\",\"@id\":\"https:\\\/\\\/www.vicoexport.com\\\/ro\\\/home-es-3\\\/invertoare\\\/distribuidor-oficial-inversores-huawei\\\/\",\"url\":\"https:\\\/\\\/www.vicoexport.com\\\/ro\\\/home-es-3\\\/invertoare\\\/distribuidor-oficial-inversores-huawei\\\/\",\"name\":\"Invertoare Huawei | Vico Export Solar Energy\",\"isPartOf\":{\"@id\":\"https:\\\/\\\/www.vicoexport.com\\\/#website\"},\"primaryImageOfPage\":{\"@id\":\"https:\\\/\\\/www.vicoexport.com\\\/ro\\\/home-es-3\\\/invertoare\\\/distribuidor-oficial-inversores-huawei\\\/#primaryimage\"},\"image\":{\"@id\":\"https:\\\/\\\/www.vicoexport.com\\\/ro\\\/home-es-3\\\/invertoare\\\/distribuidor-oficial-inversores-huawei\\\/#primaryimage\"},\"thumbnailUrl\":\"https:\\\/\\\/www.vicoexport.com\\\/wp-content\\\/uploads\\\/2021\\\/01\\\/Huawei-Fusion-Solar-Logo-Transparente-Vico-Export-Solar-energy-1.png\",\"datePublished\":\"2019-12-20T11:48:18+00:00\",\"dateModified\":\"2024-03-26T13:08:48+00:00\",\"description\":\"Distribuitor de invertor Huawei. Reziden\u021bial, utilitar \u0219i comercial: hibrid, monofazat \u0219i trifazat. Pre\u021buri competitive.\",\"breadcrumb\":{\"@id\":\"https:\\\/\\\/www.vicoexport.com\\\/ro\\\/home-es-3\\\/invertoare\\\/distribuidor-oficial-inversores-huawei\\\/#breadcrumb\"},\"inLanguage\":\"ro-RO\",\"potentialAction\":[{\"@type\":\"ReadAction\",\"target\":[\"https:\\\/\\\/www.vicoexport.com\\\/ro\\\/home-es-3\\\/invertoare\\\/distribuidor-oficial-inversores-huawei\\\/\"]}]},{\"@type\":\"ImageObject\",\"inLanguage\":\"ro-RO\",\"@id\":\"https:\\\/\\\/www.vicoexport.com\\\/ro\\\/home-es-3\\\/invertoare\\\/distribuidor-oficial-inversores-huawei\\\/#primaryimage\",\"url\":\"https:\\\/\\\/www.vicoexport.com\\\/wp-content\\\/uploads\\\/2021\\\/01\\\/Huawei-Fusion-Solar-Logo-Transparente-Vico-Export-Solar-energy-1.png\",\"contentUrl\":\"https:\\\/\\\/www.vicoexport.com\\\/wp-content\\\/uploads\\\/2021\\\/01\\\/Huawei-Fusion-Solar-Logo-Transparente-Vico-Export-Solar-energy-1.png\",\"width\":1066,\"height\":298},{\"@type\":\"BreadcrumbList\",\"@id\":\"https:\\\/\\\/www.vicoexport.com\\\/ro\\\/home-es-3\\\/invertoare\\\/distribuidor-oficial-inversores-huawei\\\/#breadcrumb\",\"itemListElement\":[{\"@type\":\"ListItem\",\"position\":1,\"name\":\"Portada\",\"item\":\"https:\\\/\\\/www.vicoexport.com\\\/ro\\\/\"},{\"@type\":\"ListItem\",\"position\":2,\"name\":\"Acas\u0103\",\"item\":\"https:\\\/\\\/www.vicoexport.com\\\/ro\\\/\"},{\"@type\":\"ListItem\",\"position\":3,\"name\":\"Invertoare Electrice\",\"item\":\"https:\\\/\\\/www.vicoexport.com\\\/ro\\\/home-es-3\\\/invertoare\\\/\"},{\"@type\":\"ListItem\",\"position\":4,\"name\":\"Huawei\"}]},{\"@type\":\"WebSite\",\"@id\":\"https:\\\/\\\/www.vicoexport.com\\\/#website\",\"url\":\"https:\\\/\\\/www.vicoexport.com\\\/\",\"name\":\"Vico Export Solar Energy\",\"description\":\"Vico Export Solar Energy Distribuidor Mayorista de Paneles Solares Fotovoltaicos\",\"publisher\":{\"@id\":\"https:\\\/\\\/www.vicoexport.com\\\/#organization\"},\"potentialAction\":[{\"@type\":\"SearchAction\",\"target\":{\"@type\":\"EntryPoint\",\"urlTemplate\":\"https:\\\/\\\/www.vicoexport.com\\\/?s={search_term_string}\"},\"query-input\":{\"@type\":\"PropertyValueSpecification\",\"valueRequired\":true,\"valueName\":\"search_term_string\"}}],\"inLanguage\":\"ro-RO\"},{\"@type\":\"Organization\",\"@id\":\"https:\\\/\\\/www.vicoexport.com\\\/#organization\",\"name\":\"Vico Export Solar Energy\",\"url\":\"https:\\\/\\\/www.vicoexport.com\\\/\",\"logo\":{\"@type\":\"ImageObject\",\"inLanguage\":\"ro-RO\",\"@id\":\"https:\\\/\\\/www.vicoexport.com\\\/#\\\/schema\\\/logo\\\/image\\\/\",\"url\":\"https:\\\/\\\/www.vicoexport.com\\\/wp-content\\\/uploads\\\/2018\\\/02\\\/Vico-Export-Solar-energy.jpg\",\"contentUrl\":\"https:\\\/\\\/www.vicoexport.com\\\/wp-content\\\/uploads\\\/2018\\\/02\\\/Vico-Export-Solar-energy.jpg\",\"width\":1006,\"height\":1024,\"caption\":\"Vico Export Solar Energy\"},\"image\":{\"@id\":\"https:\\\/\\\/www.vicoexport.com\\\/#\\\/schema\\\/logo\\\/image\\\/\"},\"sameAs\":[\"https:\\\/\\\/www.facebook.com\\\/vicoexport.vicoexportsolar\",\"https:\\\/\\\/x.com\\\/VicoExportSolar\",\"https:\\\/\\\/www.instagram.com\\\/vico_export_solar_energy\",\"https:\\\/\\\/www.linkedin.com\\\/in\\\/vicoexport\",\"https:\\\/\\\/www.youtube.com\\\/user\\\/vicoexport\\\/\"]}]}<\/script>\n<!-- \/ Yoast SEO plugin. -->","yoast_head_json":{"title":"Invertoare Huawei | Vico Export Solar Energy","description":"Distribuitor de invertor Huawei. Reziden\u021bial, utilitar \u0219i comercial: hibrid, monofazat \u0219i trifazat. Pre\u021buri competitive.","robots":{"index":"index","follow":"follow","max-snippet":"max-snippet:-1","max-image-preview":"max-image-preview:large","max-video-preview":"max-video-preview:-1"},"canonical":"https:\/\/www.vicoexport.com\/ro\/home-es-3\/invertoare\/distribuidor-oficial-inversores-huawei\/","og_locale":"ro_RO","og_type":"article","og_title":"Invertoare Huawei | Vico Export Solar Energy","og_description":"Distribuitor de invertor Huawei. Reziden\u021bial, utilitar \u0219i comercial: hibrid, monofazat \u0219i trifazat. Pre\u021buri competitive.","og_url":"https:\/\/www.vicoexport.com\/ro\/home-es-3\/invertoare\/distribuidor-oficial-inversores-huawei\/","og_site_name":"Vico Export Solar Energy","article_publisher":"https:\/\/www.facebook.com\/vicoexport.vicoexportsolar","article_modified_time":"2024-03-26T13:08:48+00:00","og_image":[{"width":1066,"height":298,"url":"https:\/\/www.vicoexport.com\/wp-content\/uploads\/2021\/01\/Huawei-Fusion-Solar-Logo-Transparente-Vico-Export-Solar-energy-1.png","type":"image\/png"}],"twitter_card":"summary_large_image","twitter_site":"@VicoExportSolar","schema":{"@context":"https:\/\/schema.org","@graph":[{"@type":"WebPage","@id":"https:\/\/www.vicoexport.com\/ro\/home-es-3\/invertoare\/distribuidor-oficial-inversores-huawei\/","url":"https:\/\/www.vicoexport.com\/ro\/home-es-3\/invertoare\/distribuidor-oficial-inversores-huawei\/","name":"Invertoare Huawei | Vico Export Solar Energy","isPartOf":{"@id":"https:\/\/www.vicoexport.com\/#website"},"primaryImageOfPage":{"@id":"https:\/\/www.vicoexport.com\/ro\/home-es-3\/invertoare\/distribuidor-oficial-inversores-huawei\/#primaryimage"},"image":{"@id":"https:\/\/www.vicoexport.com\/ro\/home-es-3\/invertoare\/distribuidor-oficial-inversores-huawei\/#primaryimage"},"thumbnailUrl":"https:\/\/www.vicoexport.com\/wp-content\/uploads\/2021\/01\/Huawei-Fusion-Solar-Logo-Transparente-Vico-Export-Solar-energy-1.png","datePublished":"2019-12-20T11:48:18+00:00","dateModified":"2024-03-26T13:08:48+00:00","description":"Distribuitor de invertor Huawei. Reziden\u021bial, utilitar \u0219i comercial: hibrid, monofazat \u0219i trifazat. Pre\u021buri competitive.","breadcrumb":{"@id":"https:\/\/www.vicoexport.com\/ro\/home-es-3\/invertoare\/distribuidor-oficial-inversores-huawei\/#breadcrumb"},"inLanguage":"ro-RO","potentialAction":[{"@type":"ReadAction","target":["https:\/\/www.vicoexport.com\/ro\/home-es-3\/invertoare\/distribuidor-oficial-inversores-huawei\/"]}]},{"@type":"ImageObject","inLanguage":"ro-RO","@id":"https:\/\/www.vicoexport.com\/ro\/home-es-3\/invertoare\/distribuidor-oficial-inversores-huawei\/#primaryimage","url":"https:\/\/www.vicoexport.com\/wp-content\/uploads\/2021\/01\/Huawei-Fusion-Solar-Logo-Transparente-Vico-Export-Solar-energy-1.png","contentUrl":"https:\/\/www.vicoexport.com\/wp-content\/uploads\/2021\/01\/Huawei-Fusion-Solar-Logo-Transparente-Vico-Export-Solar-energy-1.png","width":1066,"height":298},{"@type":"BreadcrumbList","@id":"https:\/\/www.vicoexport.com\/ro\/home-es-3\/invertoare\/distribuidor-oficial-inversores-huawei\/#breadcrumb","itemListElement":[{"@type":"ListItem","position":1,"name":"Portada","item":"https:\/\/www.vicoexport.com\/ro\/"},{"@type":"ListItem","position":2,"name":"Acas\u0103","item":"https:\/\/www.vicoexport.com\/ro\/"},{"@type":"ListItem","position":3,"name":"Invertoare Electrice","item":"https:\/\/www.vicoexport.com\/ro\/home-es-3\/invertoare\/"},{"@type":"ListItem","position":4,"name":"Huawei"}]},{"@type":"WebSite","@id":"https:\/\/www.vicoexport.com\/#website","url":"https:\/\/www.vicoexport.com\/","name":"Vico Export Solar Energy","description":"Vico Export Solar Energy Distribuidor Mayorista de Paneles Solares Fotovoltaicos","publisher":{"@id":"https:\/\/www.vicoexport.com\/#organization"},"potentialAction":[{"@type":"SearchAction","target":{"@type":"EntryPoint","urlTemplate":"https:\/\/www.vicoexport.com\/?s={search_term_string}"},"query-input":{"@type":"PropertyValueSpecification","valueRequired":true,"valueName":"search_term_string"}}],"inLanguage":"ro-RO"},{"@type":"Organization","@id":"https:\/\/www.vicoexport.com\/#organization","name":"Vico Export Solar Energy","url":"https:\/\/www.vicoexport.com\/","logo":{"@type":"ImageObject","inLanguage":"ro-RO","@id":"https:\/\/www.vicoexport.com\/#\/schema\/logo\/image\/","url":"https:\/\/www.vicoexport.com\/wp-content\/uploads\/2018\/02\/Vico-Export-Solar-energy.jpg","contentUrl":"https:\/\/www.vicoexport.com\/wp-content\/uploads\/2018\/02\/Vico-Export-Solar-energy.jpg","width":1006,"height":1024,"caption":"Vico Export Solar Energy"},"image":{"@id":"https:\/\/www.vicoexport.com\/#\/schema\/logo\/image\/"},"sameAs":["https:\/\/www.facebook.com\/vicoexport.vicoexportsolar","https:\/\/x.com\/VicoExportSolar","https:\/\/www.instagram.com\/vico_export_solar_energy","https:\/\/www.linkedin.com\/in\/vicoexport","https:\/\/www.youtube.com\/user\/vicoexport\/"]}]}},"_links":{"self":[{"href":"https:\/\/www.vicoexport.com\/ro\/wp-json\/wp\/v2\/pages\/44907","targetHints":{"allow":["GET"]}}],"collection":[{"href":"https:\/\/www.vicoexport.com\/ro\/wp-json\/wp\/v2\/pages"}],"about":[{"href":"https:\/\/www.vicoexport.com\/ro\/wp-json\/wp\/v2\/types\/page"}],"author":[{"embeddable":true,"href":"https:\/\/www.vicoexport.com\/ro\/wp-json\/wp\/v2\/users\/1"}],"replies":[{"embeddable":true,"href":"https:\/\/www.vicoexport.com\/ro\/wp-json\/wp\/v2\/comments?post=44907"}],"version-history":[{"count":0,"href":"https:\/\/www.vicoexport.com\/ro\/wp-json\/wp\/v2\/pages\/44907\/revisions"}],"up":[{"embeddable":true,"href":"https:\/\/www.vicoexport.com\/ro\/wp-json\/wp\/v2\/pages\/44851"}],"wp:featuredmedia":[{"embeddable":true,"href":"https:\/\/www.vicoexport.com\/ro\/wp-json\/wp\/v2\/media\/44804"}],"wp:attachment":[{"href":"https:\/\/www.vicoexport.com\/ro\/wp-json\/wp\/v2\/media?parent=44907"}],"curies":[{"name":"wp","href":"https:\/\/api.w.org\/{rel}","templated":true}]}}