{"id":44918,"date":"2019-01-31T09:52:16","date_gmt":"2019-01-31T09:52:16","guid":{"rendered":"https:\/\/www.vicoexport.com\/acasa\/estructuras-metalicas-premontadas\/"},"modified":"2026-03-02T10:24:29","modified_gmt":"2026-03-02T09:24:29","slug":"structura","status":"publish","type":"page","link":"https:\/\/www.vicoexport.com\/ro\/home-es-3\/structura\/","title":{"rendered":"Structura"},"content":{"rendered":"<div class=\"wpb-content-wrapper\"><p>[vc_row][vc_column][vc_empty_space][\/vc_column][\/vc_row][vc_row][vc_column][vc_single_image image=&#8221;64478&#8243; img_size=&#8221;&#8221; alignment=&#8221;center&#8221; css=&#8221;.vc_custom_1767610484633{padding-bottom: 20px !important;}&#8221;][vc_column_text css=&#8221;.vc_custom_1767610599256{padding-top: 10px !important;}&#8221;]<\/p>\n<h2 style=\"text-align: center;\"><strong><span style=\"color: #519097;\">Structuri metalice premontate Sunfer (Enstall)<\/span><\/strong><\/h2>\n<p><a href=\"https:\/\/sunferenergy.com\/\">Sunfer Energy<\/a>, parte a grupului Enstall, este un produc\u0103tor spaniol specializat \u00een <strong>structuri metalice premontate pentru instala\u021bii fotovoltaice<\/strong>, cu peste <strong>25 de ani de experien\u021b\u0103<\/strong> \u00een sectorul solar. Compania proiecteaz\u0103, calculeaz\u0103 \u0219i produce solu\u021bii structurale pentru <strong>proiecte reziden\u021biale, comerciale, industriale \u0219i centrale fotovoltaice<\/strong>.<\/p>\n<p>Sunfer dispune de <strong>propriile unit\u0103\u021bi de produc\u021bie de peste 30.000 m\u00b2 \u00een Valencia<\/strong> \u0219i de o echip\u0103 tehnic\u0103 format\u0103 din peste <strong>150 de profesioni\u0219ti<\/strong>, integr\u00e2nd \u00eentregul proces de produc\u021bie: inginerie, fabrica\u021bie, control al calit\u0103\u021bii \u0219i logistic\u0103. Datorit\u0103 <strong>capacit\u0103\u021bii sale industriale<\/strong>, Sunfer men\u021bine un <strong>stoc permanent de peste 170 MW \u00een materiale<\/strong> \u0219i o capacitate de produc\u021bie de peste <strong>3.000 de kituri pe zi<\/strong>, asigur\u00e2nd termene de livrare rapide \u0219i fiabile.<\/p>\n<p><strong>Structurile solare Sunfer<\/strong> sunt fabricate din <strong>materiale 100% europene<\/strong>, sunt concepute pentru un <strong>montaj rapid \u0219i sigur<\/strong> \u0219i beneficiaz\u0103 de <strong>garan\u021bii de p\u00e2n\u0103 la 25 de ani<\/strong>. Sistemele sunt compatibile cu mai multe tipuri de instala\u021bii: acoperi\u0219uri metalice, panouri sandwich, acoperi\u0219uri din \u021bigl\u0103, acoperi\u0219uri plane \u0219i sisteme montate la sol.<\/p>\n<p>\u00cen plus, Sunfer ofer\u0103 <strong>suport tehnic specializat<\/strong>, programe de formare continu\u0103 \u0219i instrumente de calcul precum <strong>Sunfer Project<\/strong>, care permit optimizarea proiect\u0103rii structurale \u0219i asigurarea conformit\u0103\u021bii cu normele aplicabile fiec\u0103rui proiect.<\/p>\n<p>Cu prezen\u021b\u0103 \u00een <strong>peste 30 de \u021b\u0103ri<\/strong>, Sunfer Energy este un <strong>reper european \u00een structuri pentru panouri solare<\/strong>, remarc\u00e2ndu-se prin fiabilitate, eficien\u021b\u0103 \u00een instalare \u0219i angajamentul fa\u021b\u0103 de sustenabilitate prin utilizarea de <strong>materiale reciclabile \u0219i procese responsabile<\/strong>.[\/vc_column_text][vc_btn title=&#8221;STRUCTURA TARIFAR\u0102 2026&#8243; style=&#8221;outline-custom&#8221; outline_custom_color=&#8221;#358383&#8243; outline_custom_hover_background=&#8221;#358383&#8243; outline_custom_hover_text=&#8221;#ffffff&#8221; size=&#8221;lg&#8221; align=&#8221;center&#8221; i_icon_fontawesome=&#8221;&#8221; css=&#8221;.vc_custom_1772443448471{padding-top: 50px !important;padding-bottom: 50px !important;}&#8221; button_block=&#8221;true&#8221; add_icon=&#8221;true&#8221; link=&#8221;url:https%3A%2F%2Fwww.vicoexport.com%2Fwp-content%2Fuploads%2F2026%2F03%2Fprice-list-sunfer-es-marzo-vico-export-solar-energy.pdf|target:_blank&#8221;][vc_row_inner css=&#8221;.vc_custom_1721726516785{padding-bottom: 50px !important;}&#8221;][vc_column_inner][vc_single_image image=&#8221;64870&#8243; img_size=&#8221;full&#8221; alignment=&#8221;center&#8221; onclick=&#8221;custom_link&#8221; img_link_target=&#8221;_blank&#8221; css=&#8221;&#8221; link=&#8221;https:\/\/sunferkey.enstall.com\/main-selector&#8221;][\/vc_column_inner][\/vc_row_inner][\/vc_column][\/vc_row][vc_row][vc_column width=&#8221;1\/3&#8243;][vc_single_image image=&#8221;64906&#8243; img_size=&#8221;medium&#8221; alignment=&#8221;center&#8221; onclick=&#8221;custom_link&#8221; img_link_target=&#8221;_blank&#8221; css=&#8221;&#8221; link=&#8221;https:\/\/www.vicoexport.com\/categoria-producto\/estructura-metalica-paneles-solares\/&#8221;][\/vc_column][vc_column width=&#8221;1\/3&#8243;][vc_single_image image=&#8221;64902&#8243; img_size=&#8221;medium&#8221; alignment=&#8221;center&#8221; onclick=&#8221;custom_link&#8221; img_link_target=&#8221;_blank&#8221; css=&#8221;&#8221; link=&#8221;https:\/\/www.vicoexport.com\/categoria-producto\/estructura-metalica-paneles-solares\/&#8221;][\/vc_column][vc_column width=&#8221;1\/3&#8243;][vc_single_image image=&#8221;64898&#8243; img_size=&#8221;medium&#8221; alignment=&#8221;center&#8221; onclick=&#8221;custom_link&#8221; img_link_target=&#8221;_blank&#8221; css=&#8221;&#8221; link=&#8221;https:\/\/www.vicoexport.com\/categoria-producto\/estructura-metalica-paneles-solares\/&#8221;][\/vc_column][\/vc_row][vc_row][vc_column width=&#8221;1\/3&#8243;][vc_single_image image=&#8221;64894&#8243; img_size=&#8221;medium&#8221; alignment=&#8221;center&#8221; onclick=&#8221;custom_link&#8221; img_link_target=&#8221;_blank&#8221; css=&#8221;&#8221; link=&#8221;https:\/\/www.vicoexport.com\/categoria-producto\/estructura-metalica-paneles-solares\/&#8221;][\/vc_column][vc_column width=&#8221;1\/3&#8243;][vc_single_image image=&#8221;64890&#8243; img_size=&#8221;medium&#8221; alignment=&#8221;center&#8221; onclick=&#8221;custom_link&#8221; img_link_target=&#8221;_blank&#8221; css=&#8221;&#8221; link=&#8221;https:\/\/www.vicoexport.com\/categoria-producto\/estructura-metalica-paneles-solares\/&#8221;][\/vc_column][vc_column width=&#8221;1\/3&#8243;][vc_single_image image=&#8221;64886&#8243; img_size=&#8221;medium&#8221; alignment=&#8221;center&#8221; onclick=&#8221;custom_link&#8221; img_link_target=&#8221;_blank&#8221; css=&#8221;&#8221; link=&#8221;https:\/\/www.vicoexport.com\/categoria-producto\/estructura-metalica-paneles-solares\/&#8221;][\/vc_column][\/vc_row][vc_row][vc_column][vc_column_text css=&#8221;.vc_custom_1769441140256{padding-top: 50px !important;}&#8221;]<\/p>\n<h3 style=\"text-align: center;\"><a href=\"https:\/\/www.vicoexport.com\/wp-content\/uploads\/2025\/01\/Certificado-Distribuidor-autorizado-VICO-2025.pdf\"><strong>Vico Export Solar Energy este distribuitor oficial al Sunfer<\/strong><\/a><\/h3>\n<p>[\/vc_column_text][vc_btn title=&#8221;CATALOG STRUCTURI 2026&#8243; style=&#8221;outline-custom&#8221; outline_custom_color=&#8221;#358383&#8243; outline_custom_hover_background=&#8221;#358383&#8243; outline_custom_hover_text=&#8221;#ffffff&#8221; size=&#8221;lg&#8221; align=&#8221;center&#8221; i_icon_fontawesome=&#8221;&#8221; css=&#8221;.vc_custom_1772443461926{padding-top: 30px !important;padding-bottom: 50px !important;}&#8221; button_block=&#8221;true&#8221; add_icon=&#8221;true&#8221; link=&#8221;url:https%3A%2F%2Fwww.vicoexport.com%2Fwp-content%2Fuploads%2F2026%2F03%2Fcatalogo-sunfer-es-2026-vico-export-solar-energy.pdf|target:_blank&#8221;][\/vc_column][\/vc_row]<\/p>\n<\/div>","protected":false},"excerpt":{"rendered":"<p>[vc_row][vc_column][vc_empty_space][\/vc_column][\/vc_row][vc_row][vc_column][vc_single_image image=&#8221;64478&#8243; img_size=&#8221;&#8221; alignment=&#8221;center&#8221; css=&#8221;.vc_custom_1767610484633{padding-bottom: 20px !important;}&#8221;][vc_column_text css=&#8221;.vc_custom_1767610599256{padding-top: 10px !important;}&#8221;] Structuri metalice premontate Sunfer (Enstall) Sunfer Energy, parte a grupului Enstall, este un produc\u0103tor spaniol specializat \u00een structuri metalice premontate pentru instala\u021bii fotovoltaice, cu peste 25 de ani de experien\u021b\u0103 \u00een sectorul solar. Compania proiecteaz\u0103, calculeaz\u0103 \u0219i produce solu\u021bii structurale pentru proiecte reziden\u021biale, comerciale, industriale [&hellip;]<\/p>\n","protected":false},"author":1,"featured_media":44919,"parent":44784,"menu_order":13,"comment_status":"closed","ping_status":"closed","template":"","meta":{"_joinchat":[],"footnotes":""},"class_list":["post-44918","page","type-page","status-publish","has-post-thumbnail","hentry"],"yoast_head":"<!-- This site is optimized with the Yoast SEO plugin v27.5 - https:\/\/yoast.com\/product\/yoast-seo-wordpress\/ -->\n<title>Structuri fotovoltaice Sunfer (Enstall) | Sisteme premontate<\/title>\n<meta name=\"description\" content=\"Structuri metalice premontate Sunfer pentru instala\u021bii fotovoltaice. Fabrica\u021bie european\u0103, montaj rapid \u0219i garan\u021bie de p\u00e2n\u0103 la 25 de ani.\" \/>\n<meta name=\"robots\" content=\"index, follow, max-snippet:-1, max-image-preview:large, max-video-preview:-1\" \/>\n<link rel=\"canonical\" href=\"https:\/\/www.vicoexport.com\/home-es\/estructuras-metalicas-premontadas\/\" \/>\n<meta property=\"og:locale\" content=\"ro_RO\" \/>\n<meta property=\"og:type\" content=\"article\" \/>\n<meta property=\"og:title\" content=\"Structuri fotovoltaice Sunfer (Enstall) | Sisteme premontate\" \/>\n<meta property=\"og:description\" content=\"Structuri metalice premontate Sunfer pentru instala\u021bii fotovoltaice. Fabrica\u021bie european\u0103, montaj rapid \u0219i garan\u021bie de p\u00e2n\u0103 la 25 de ani.\" \/>\n<meta property=\"og:url\" content=\"https:\/\/www.vicoexport.com\/home-es\/estructuras-metalicas-premontadas\/\" \/>\n<meta property=\"og:site_name\" content=\"Vico Export Solar Energy\" \/>\n<meta property=\"article:publisher\" content=\"https:\/\/www.facebook.com\/vicoexport.vicoexportsolar\" \/>\n<meta property=\"article:modified_time\" content=\"2026-03-02T09:24:29+00:00\" \/>\n<meta property=\"og:image\" content=\"https:\/\/www.vicoexport.com\/wp-content\/uploads\/2019\/01\/estructura_inclinada_doble_vico_export_solar_energy.jpg\" \/>\n\t<meta property=\"og:image:width\" content=\"877\" \/>\n\t<meta property=\"og:image:height\" content=\"575\" \/>\n\t<meta property=\"og:image:type\" content=\"image\/jpeg\" \/>\n<meta name=\"twitter:card\" content=\"summary_large_image\" \/>\n<meta name=\"twitter:site\" content=\"@VicoExportSolar\" \/>\n<script type=\"application\/ld+json\" class=\"yoast-schema-graph\">{\"@context\":\"https:\\\/\\\/schema.org\",\"@graph\":[{\"@type\":\"WebPage\",\"@id\":\"https:\\\/\\\/www.vicoexport.com\\\/home-es\\\/estructuras-metalicas-premontadas\\\/\",\"url\":\"https:\\\/\\\/www.vicoexport.com\\\/home-es\\\/estructuras-metalicas-premontadas\\\/\",\"name\":\"Structuri fotovoltaice Sunfer (Enstall) | Sisteme premontate\",\"isPartOf\":{\"@id\":\"https:\\\/\\\/www.vicoexport.com\\\/#website\"},\"primaryImageOfPage\":{\"@id\":\"https:\\\/\\\/www.vicoexport.com\\\/home-es\\\/estructuras-metalicas-premontadas\\\/#primaryimage\"},\"image\":{\"@id\":\"https:\\\/\\\/www.vicoexport.com\\\/home-es\\\/estructuras-metalicas-premontadas\\\/#primaryimage\"},\"thumbnailUrl\":\"https:\\\/\\\/www.vicoexport.com\\\/wp-content\\\/uploads\\\/2019\\\/01\\\/estructura_inclinada_doble_vico_export_solar_energy.jpg\",\"datePublished\":\"2019-01-31T09:52:16+00:00\",\"dateModified\":\"2026-03-02T09:24:29+00:00\",\"description\":\"Structuri metalice premontate Sunfer pentru instala\u021bii fotovoltaice. Fabrica\u021bie european\u0103, montaj rapid \u0219i garan\u021bie de p\u00e2n\u0103 la 25 de ani.\",\"breadcrumb\":{\"@id\":\"https:\\\/\\\/www.vicoexport.com\\\/home-es\\\/estructuras-metalicas-premontadas\\\/#breadcrumb\"},\"inLanguage\":\"ro-RO\",\"potentialAction\":[{\"@type\":\"ReadAction\",\"target\":[\"https:\\\/\\\/www.vicoexport.com\\\/home-es\\\/estructuras-metalicas-premontadas\\\/\"]}]},{\"@type\":\"ImageObject\",\"inLanguage\":\"ro-RO\",\"@id\":\"https:\\\/\\\/www.vicoexport.com\\\/home-es\\\/estructuras-metalicas-premontadas\\\/#primaryimage\",\"url\":\"https:\\\/\\\/www.vicoexport.com\\\/wp-content\\\/uploads\\\/2019\\\/01\\\/estructura_inclinada_doble_vico_export_solar_energy.jpg\",\"contentUrl\":\"https:\\\/\\\/www.vicoexport.com\\\/wp-content\\\/uploads\\\/2019\\\/01\\\/estructura_inclinada_doble_vico_export_solar_energy.jpg\",\"width\":877,\"height\":575},{\"@type\":\"BreadcrumbList\",\"@id\":\"https:\\\/\\\/www.vicoexport.com\\\/home-es\\\/estructuras-metalicas-premontadas\\\/#breadcrumb\",\"itemListElement\":[{\"@type\":\"ListItem\",\"position\":1,\"name\":\"Portada\",\"item\":\"https:\\\/\\\/www.vicoexport.com\\\/ro\\\/\"},{\"@type\":\"ListItem\",\"position\":2,\"name\":\"Acas\u0103\",\"item\":\"https:\\\/\\\/www.vicoexport.com\\\/ro\\\/\"},{\"@type\":\"ListItem\",\"position\":3,\"name\":\"Structura\"}]},{\"@type\":\"WebSite\",\"@id\":\"https:\\\/\\\/www.vicoexport.com\\\/#website\",\"url\":\"https:\\\/\\\/www.vicoexport.com\\\/\",\"name\":\"Vico Export Solar Energy\",\"description\":\"Vico Export Solar Energy Distribuidor Mayorista de Paneles Solares Fotovoltaicos\",\"publisher\":{\"@id\":\"https:\\\/\\\/www.vicoexport.com\\\/#organization\"},\"potentialAction\":[{\"@type\":\"SearchAction\",\"target\":{\"@type\":\"EntryPoint\",\"urlTemplate\":\"https:\\\/\\\/www.vicoexport.com\\\/?s={search_term_string}\"},\"query-input\":{\"@type\":\"PropertyValueSpecification\",\"valueRequired\":true,\"valueName\":\"search_term_string\"}}],\"inLanguage\":\"ro-RO\"},{\"@type\":\"Organization\",\"@id\":\"https:\\\/\\\/www.vicoexport.com\\\/#organization\",\"name\":\"Vico Export Solar Energy\",\"url\":\"https:\\\/\\\/www.vicoexport.com\\\/\",\"logo\":{\"@type\":\"ImageObject\",\"inLanguage\":\"ro-RO\",\"@id\":\"https:\\\/\\\/www.vicoexport.com\\\/#\\\/schema\\\/logo\\\/image\\\/\",\"url\":\"https:\\\/\\\/www.vicoexport.com\\\/wp-content\\\/uploads\\\/2018\\\/02\\\/Vico-Export-Solar-energy.jpg\",\"contentUrl\":\"https:\\\/\\\/www.vicoexport.com\\\/wp-content\\\/uploads\\\/2018\\\/02\\\/Vico-Export-Solar-energy.jpg\",\"width\":1006,\"height\":1024,\"caption\":\"Vico Export Solar Energy\"},\"image\":{\"@id\":\"https:\\\/\\\/www.vicoexport.com\\\/#\\\/schema\\\/logo\\\/image\\\/\"},\"sameAs\":[\"https:\\\/\\\/www.facebook.com\\\/vicoexport.vicoexportsolar\",\"https:\\\/\\\/x.com\\\/VicoExportSolar\",\"https:\\\/\\\/www.instagram.com\\\/vico_export_solar_energy\",\"https:\\\/\\\/www.linkedin.com\\\/in\\\/vicoexport\",\"https:\\\/\\\/www.youtube.com\\\/user\\\/vicoexport\\\/\"]}]}<\/script>\n<!-- \/ Yoast SEO plugin. -->","yoast_head_json":{"title":"Structuri fotovoltaice Sunfer (Enstall) | Sisteme premontate","description":"Structuri metalice premontate Sunfer pentru instala\u021bii fotovoltaice. Fabrica\u021bie european\u0103, montaj rapid \u0219i garan\u021bie de p\u00e2n\u0103 la 25 de ani.","robots":{"index":"index","follow":"follow","max-snippet":"max-snippet:-1","max-image-preview":"max-image-preview:large","max-video-preview":"max-video-preview:-1"},"canonical":"https:\/\/www.vicoexport.com\/home-es\/estructuras-metalicas-premontadas\/","og_locale":"ro_RO","og_type":"article","og_title":"Structuri fotovoltaice Sunfer (Enstall) | Sisteme premontate","og_description":"Structuri metalice premontate Sunfer pentru instala\u021bii fotovoltaice. Fabrica\u021bie european\u0103, montaj rapid \u0219i garan\u021bie de p\u00e2n\u0103 la 25 de ani.","og_url":"https:\/\/www.vicoexport.com\/home-es\/estructuras-metalicas-premontadas\/","og_site_name":"Vico Export Solar Energy","article_publisher":"https:\/\/www.facebook.com\/vicoexport.vicoexportsolar","article_modified_time":"2026-03-02T09:24:29+00:00","og_image":[{"width":877,"height":575,"url":"https:\/\/www.vicoexport.com\/wp-content\/uploads\/2019\/01\/estructura_inclinada_doble_vico_export_solar_energy.jpg","type":"image\/jpeg"}],"twitter_card":"summary_large_image","twitter_site":"@VicoExportSolar","schema":{"@context":"https:\/\/schema.org","@graph":[{"@type":"WebPage","@id":"https:\/\/www.vicoexport.com\/home-es\/estructuras-metalicas-premontadas\/","url":"https:\/\/www.vicoexport.com\/home-es\/estructuras-metalicas-premontadas\/","name":"Structuri fotovoltaice Sunfer (Enstall) | Sisteme premontate","isPartOf":{"@id":"https:\/\/www.vicoexport.com\/#website"},"primaryImageOfPage":{"@id":"https:\/\/www.vicoexport.com\/home-es\/estructuras-metalicas-premontadas\/#primaryimage"},"image":{"@id":"https:\/\/www.vicoexport.com\/home-es\/estructuras-metalicas-premontadas\/#primaryimage"},"thumbnailUrl":"https:\/\/www.vicoexport.com\/wp-content\/uploads\/2019\/01\/estructura_inclinada_doble_vico_export_solar_energy.jpg","datePublished":"2019-01-31T09:52:16+00:00","dateModified":"2026-03-02T09:24:29+00:00","description":"Structuri metalice premontate Sunfer pentru instala\u021bii fotovoltaice. Fabrica\u021bie european\u0103, montaj rapid \u0219i garan\u021bie de p\u00e2n\u0103 la 25 de ani.","breadcrumb":{"@id":"https:\/\/www.vicoexport.com\/home-es\/estructuras-metalicas-premontadas\/#breadcrumb"},"inLanguage":"ro-RO","potentialAction":[{"@type":"ReadAction","target":["https:\/\/www.vicoexport.com\/home-es\/estructuras-metalicas-premontadas\/"]}]},{"@type":"ImageObject","inLanguage":"ro-RO","@id":"https:\/\/www.vicoexport.com\/home-es\/estructuras-metalicas-premontadas\/#primaryimage","url":"https:\/\/www.vicoexport.com\/wp-content\/uploads\/2019\/01\/estructura_inclinada_doble_vico_export_solar_energy.jpg","contentUrl":"https:\/\/www.vicoexport.com\/wp-content\/uploads\/2019\/01\/estructura_inclinada_doble_vico_export_solar_energy.jpg","width":877,"height":575},{"@type":"BreadcrumbList","@id":"https:\/\/www.vicoexport.com\/home-es\/estructuras-metalicas-premontadas\/#breadcrumb","itemListElement":[{"@type":"ListItem","position":1,"name":"Portada","item":"https:\/\/www.vicoexport.com\/ro\/"},{"@type":"ListItem","position":2,"name":"Acas\u0103","item":"https:\/\/www.vicoexport.com\/ro\/"},{"@type":"ListItem","position":3,"name":"Structura"}]},{"@type":"WebSite","@id":"https:\/\/www.vicoexport.com\/#website","url":"https:\/\/www.vicoexport.com\/","name":"Vico Export Solar Energy","description":"Vico Export Solar Energy Distribuidor Mayorista de Paneles Solares Fotovoltaicos","publisher":{"@id":"https:\/\/www.vicoexport.com\/#organization"},"potentialAction":[{"@type":"SearchAction","target":{"@type":"EntryPoint","urlTemplate":"https:\/\/www.vicoexport.com\/?s={search_term_string}"},"query-input":{"@type":"PropertyValueSpecification","valueRequired":true,"valueName":"search_term_string"}}],"inLanguage":"ro-RO"},{"@type":"Organization","@id":"https:\/\/www.vicoexport.com\/#organization","name":"Vico Export Solar Energy","url":"https:\/\/www.vicoexport.com\/","logo":{"@type":"ImageObject","inLanguage":"ro-RO","@id":"https:\/\/www.vicoexport.com\/#\/schema\/logo\/image\/","url":"https:\/\/www.vicoexport.com\/wp-content\/uploads\/2018\/02\/Vico-Export-Solar-energy.jpg","contentUrl":"https:\/\/www.vicoexport.com\/wp-content\/uploads\/2018\/02\/Vico-Export-Solar-energy.jpg","width":1006,"height":1024,"caption":"Vico Export Solar Energy"},"image":{"@id":"https:\/\/www.vicoexport.com\/#\/schema\/logo\/image\/"},"sameAs":["https:\/\/www.facebook.com\/vicoexport.vicoexportsolar","https:\/\/x.com\/VicoExportSolar","https:\/\/www.instagram.com\/vico_export_solar_energy","https:\/\/www.linkedin.com\/in\/vicoexport","https:\/\/www.youtube.com\/user\/vicoexport\/"]}]}},"_links":{"self":[{"href":"https:\/\/www.vicoexport.com\/ro\/wp-json\/wp\/v2\/pages\/44918","targetHints":{"allow":["GET"]}}],"collection":[{"href":"https:\/\/www.vicoexport.com\/ro\/wp-json\/wp\/v2\/pages"}],"about":[{"href":"https:\/\/www.vicoexport.com\/ro\/wp-json\/wp\/v2\/types\/page"}],"author":[{"embeddable":true,"href":"https:\/\/www.vicoexport.com\/ro\/wp-json\/wp\/v2\/users\/1"}],"replies":[{"embeddable":true,"href":"https:\/\/www.vicoexport.com\/ro\/wp-json\/wp\/v2\/comments?post=44918"}],"version-history":[{"count":8,"href":"https:\/\/www.vicoexport.com\/ro\/wp-json\/wp\/v2\/pages\/44918\/revisions"}],"predecessor-version":[{"id":65679,"href":"https:\/\/www.vicoexport.com\/ro\/wp-json\/wp\/v2\/pages\/44918\/revisions\/65679"}],"up":[{"embeddable":true,"href":"https:\/\/www.vicoexport.com\/ro\/wp-json\/wp\/v2\/pages\/44784"}],"wp:featuredmedia":[{"embeddable":true,"href":"https:\/\/www.vicoexport.com\/ro\/wp-json\/wp\/v2\/media\/44919"}],"wp:attachment":[{"href":"https:\/\/www.vicoexport.com\/ro\/wp-json\/wp\/v2\/media?parent=44918"}],"curies":[{"name":"wp","href":"https:\/\/api.w.org\/{rel}","templated":true}]}}