{"id":44963,"date":"2012-03-29T20:14:00","date_gmt":"2012-03-29T20:14:00","guid":{"rendered":"https:\/\/www.vicoexport.com\/acasa\/quienes-somos\/"},"modified":"2023-12-19T11:55:38","modified_gmt":"2023-12-19T10:55:38","slug":"cine-suntem","status":"publish","type":"page","link":"https:\/\/www.vicoexport.com\/ro\/home-es-3\/cine-suntem\/","title":{"rendered":"CINE SUNTEM"},"content":{"rendered":"<div class=\"wpb-content-wrapper\"><p>[vc_row css=&#8221;.vc_custom_1680603825502{margin-top: 20px !important;}&#8221;][vc_column][vc_single_image image=&#8221;44965&#8243; img_size=&#8221;full&#8221;][vc_column_text css=&#8221;.vc_custom_1700059469400{padding-top: 20px !important;padding-bottom: 20px !important;}&#8221;]<\/p>\n<h2 style=\"text-align: center;\"><span style=\"color: #000000;\"><strong>DESPRE NOI<\/strong><\/span><\/h2>\n<p>[\/vc_column_text][\/vc_column][vc_column width=&#8221;1\/3&#8243;][vc_column_text]<\/p>\n<h2>Filosofia noastr\u0103<\/h2>\n<p>Cine suntem? Suntem o companie spaniol\u0103 cu activitate de distribu\u021bie \u0219i import la nivel mare, specializat\u0103 \u00een materiale solare fotovoltaice de \u00eenalt\u0103 calitate \u00een Europa, America \u0219i Africa din 2009.<\/p>\n<p>Reprezent\u0103m principalii produc\u0103tori fotovoltaici la nivel global \u0219i avem o divizie de afaceri dedicat\u0103 fabrica\u021biei proprii de panouri solare fotovoltaice, <a href=\"https:\/\/www.iberiansolar.com\/\">Iberian Solar.<\/a>[\/vc_column_text][\/vc_column][vc_column width=&#8221;1\/3&#8243;][vc_column_text]<\/p>\n<h2>Ce oferim<\/h2>\n<p>Acum c\u0103 \u0219tii cine suntem, \u00ee\u021bi vom spune ce oferim. Avem module solare fotovoltaice monocristaline PERC, shingled, policristaline, amorfe cu strat sub\u021bire, invertori solari electrici \u0219i structuri metalice de sus\u021binere a panourilor.<\/p>\n<p>Produc\u0103tori selec\u021biona\u021bi \u0219i verifica\u021bi de echipa noastr\u0103 pe \u00eentreaga durat\u0103 a lan\u021bului de produc\u021bie.[\/vc_column_text][\/vc_column][vc_column width=&#8221;1\/3&#8243;][vc_column_text]<\/p>\n<h2>Garantie total\u0103<\/h2>\n<p>Toate modulele solare au certificate TUV \/ IEC \/ CE sau UL, cu o garan\u021bie de putere minim\u0103 de 25 de ani \u0219i o garan\u021bie a produsului de 10-15 ani.[\/vc_column_text][\/vc_column][\/vc_row][vc_row][vc_column width=&#8221;1\/3&#8243;][vc_column_text]<a href=\"https:\/\/www.vicoexport.com\/wp-content\/uploads\/2021\/01\/Solar-cells-control-Vico-Export-Solar-Energy-scaled.jpg\"><img loading=\"lazy\" decoding=\"async\" class=\"aligncenter wp-image-24031 size-large\" title=\"quienes somos\" src=\"https:\/\/www.vicoexport.com\/wp-content\/uploads\/2021\/01\/Solar-cells-control-Vico-Export-Solar-Energy-1024x768.jpg\" alt=\"distribuidora-material-solar\" width=\"820\" height=\"615\" srcset=\"https:\/\/www.vicoexport.com\/wp-content\/uploads\/2021\/01\/Solar-cells-control-Vico-Export-Solar-Energy-1024x768.jpg 1024w, https:\/\/www.vicoexport.com\/wp-content\/uploads\/2021\/01\/Solar-cells-control-Vico-Export-Solar-Energy-300x225.jpg 300w, https:\/\/www.vicoexport.com\/wp-content\/uploads\/2021\/01\/Solar-cells-control-Vico-Export-Solar-Energy-768x576.jpg 768w, https:\/\/www.vicoexport.com\/wp-content\/uploads\/2021\/01\/Solar-cells-control-Vico-Export-Solar-Energy-1536x1152.jpg 1536w, https:\/\/www.vicoexport.com\/wp-content\/uploads\/2021\/01\/Solar-cells-control-Vico-Export-Solar-Energy-2048x1536.jpg 2048w, https:\/\/www.vicoexport.com\/wp-content\/uploads\/2021\/01\/Solar-cells-control-Vico-Export-Solar-Energy-133x100.jpg 133w, https:\/\/www.vicoexport.com\/wp-content\/uploads\/2021\/01\/Solar-cells-control-Vico-Export-Solar-Energy-235x176.jpg 235w, https:\/\/www.vicoexport.com\/wp-content\/uploads\/2021\/01\/Solar-cells-control-Vico-Export-Solar-Energy-480x360.jpg 480w, https:\/\/www.vicoexport.com\/wp-content\/uploads\/2021\/01\/Solar-cells-control-Vico-Export-Solar-Energy-740x555.jpg 740w, https:\/\/www.vicoexport.com\/wp-content\/uploads\/2021\/01\/Solar-cells-control-Vico-Export-Solar-Energy-1520x1140.jpg 1520w, https:\/\/www.vicoexport.com\/wp-content\/uploads\/2021\/01\/Solar-cells-control-Vico-Export-Solar-Energy-600x450.jpg 600w\" sizes=\"auto, (max-width: 820px) 100vw, 820px\" \/><\/a>[\/vc_column_text][vc_column_text]<a href=\"https:\/\/www.vicoexport.com\/wp-content\/uploads\/2017\/06\/Zhongli-Talesun-Solar-China-Vico-Export-Solar-Energy-scaled.jpg\"><img loading=\"lazy\" decoding=\"async\" class=\"alignleft wp-image-3658 size-large\" title=\"quienes somos\" src=\"https:\/\/www.vicoexport.com\/wp-content\/uploads\/2017\/06\/Zhongli-Talesun-Solar-China-Vico-Export-Solar-Energy-1024x917.jpg\" alt=\"principales-fabricantes-fotovoltaicos\" width=\"820\" height=\"734\" srcset=\"https:\/\/www.vicoexport.com\/wp-content\/uploads\/2017\/06\/Zhongli-Talesun-Solar-China-Vico-Export-Solar-Energy-1024x917.jpg 1024w, https:\/\/www.vicoexport.com\/wp-content\/uploads\/2017\/06\/Zhongli-Talesun-Solar-China-Vico-Export-Solar-Energy-600x537.jpg 600w, https:\/\/www.vicoexport.com\/wp-content\/uploads\/2017\/06\/Zhongli-Talesun-Solar-China-Vico-Export-Solar-Energy-300x269.jpg 300w, https:\/\/www.vicoexport.com\/wp-content\/uploads\/2017\/06\/Zhongli-Talesun-Solar-China-Vico-Export-Solar-Energy-768x688.jpg 768w\" sizes=\"auto, (max-width: 820px) 100vw, 820px\" \/><\/a>[\/vc_column_text][\/vc_column][vc_column width=&#8221;1\/3&#8243;][vc_column_text]<a href=\"https:\/\/www.vicoexport.com\/wp-content\/uploads\/2017\/02\/Canadian-Solar-Factory-Suzhou-Vico-Export-LM8-Solar-scaled.jpg\"><img loading=\"lazy\" decoding=\"async\" class=\"alignleft wp-image-3193 size-large\" title=\"quienes somos\" src=\"https:\/\/www.vicoexport.com\/wp-content\/uploads\/2017\/02\/Canadian-Solar-Factory-Suzhou-Vico-Export-LM8-Solar-1024x682.jpg\" alt=\"Canadian solar\" width=\"820\" height=\"546\" srcset=\"https:\/\/www.vicoexport.com\/wp-content\/uploads\/2017\/02\/Canadian-Solar-Factory-Suzhou-Vico-Export-LM8-Solar-1024x682.jpg 1024w, https:\/\/www.vicoexport.com\/wp-content\/uploads\/2017\/02\/Canadian-Solar-Factory-Suzhou-Vico-Export-LM8-Solar-600x400.jpg 600w, https:\/\/www.vicoexport.com\/wp-content\/uploads\/2017\/02\/Canadian-Solar-Factory-Suzhou-Vico-Export-LM8-Solar-300x200.jpg 300w, https:\/\/www.vicoexport.com\/wp-content\/uploads\/2017\/02\/Canadian-Solar-Factory-Suzhou-Vico-Export-LM8-Solar-768x511.jpg 768w\" sizes=\"auto, (max-width: 820px) 100vw, 820px\" \/><\/a>[\/vc_column_text][vc_column_text]<a href=\"https:\/\/www.vicoexport.com\/wp-content\/uploads\/2021\/01\/solar-panels-flash-report-inspection-vico-export-solar-energy-scaled.jpg\"><img loading=\"lazy\" decoding=\"async\" class=\"alignleft wp-image-24029 size-large\" title=\"quienes somos\" src=\"https:\/\/www.vicoexport.com\/wp-content\/uploads\/2021\/01\/solar-panels-flash-report-inspection-vico-export-solar-energy-1024x768.jpg\" alt=\"m\u00f3dulos solares fotovoltaicos\" width=\"820\" height=\"615\" srcset=\"https:\/\/www.vicoexport.com\/wp-content\/uploads\/2021\/01\/solar-panels-flash-report-inspection-vico-export-solar-energy-1024x768.jpg 1024w, https:\/\/www.vicoexport.com\/wp-content\/uploads\/2021\/01\/solar-panels-flash-report-inspection-vico-export-solar-energy-300x225.jpg 300w, https:\/\/www.vicoexport.com\/wp-content\/uploads\/2021\/01\/solar-panels-flash-report-inspection-vico-export-solar-energy-768x576.jpg 768w, https:\/\/www.vicoexport.com\/wp-content\/uploads\/2021\/01\/solar-panels-flash-report-inspection-vico-export-solar-energy-1536x1152.jpg 1536w, https:\/\/www.vicoexport.com\/wp-content\/uploads\/2021\/01\/solar-panels-flash-report-inspection-vico-export-solar-energy-2048x1536.jpg 2048w, https:\/\/www.vicoexport.com\/wp-content\/uploads\/2021\/01\/solar-panels-flash-report-inspection-vico-export-solar-energy-133x100.jpg 133w, https:\/\/www.vicoexport.com\/wp-content\/uploads\/2021\/01\/solar-panels-flash-report-inspection-vico-export-solar-energy-235x176.jpg 235w, https:\/\/www.vicoexport.com\/wp-content\/uploads\/2021\/01\/solar-panels-flash-report-inspection-vico-export-solar-energy-480x360.jpg 480w, https:\/\/www.vicoexport.com\/wp-content\/uploads\/2021\/01\/solar-panels-flash-report-inspection-vico-export-solar-energy-740x555.jpg 740w, https:\/\/www.vicoexport.com\/wp-content\/uploads\/2021\/01\/solar-panels-flash-report-inspection-vico-export-solar-energy-1520x1140.jpg 1520w, https:\/\/www.vicoexport.com\/wp-content\/uploads\/2021\/01\/solar-panels-flash-report-inspection-vico-export-solar-energy-600x450.jpg 600w\" sizes=\"auto, (max-width: 820px) 100vw, 820px\" \/><\/a>[\/vc_column_text][\/vc_column][vc_column width=&#8221;1\/3&#8243;][vc_column_text]<a href=\"https:\/\/www.vicoexport.com\/wp-content\/uploads\/2017\/02\/Canadian-Solar-Suzhou-china-Vico-Export-Solar-Energy-scaled.jpg\"><img loading=\"lazy\" decoding=\"async\" class=\"alignleft wp-image-3196 size-large\" title=\"quienes somos\" src=\"https:\/\/www.vicoexport.com\/wp-content\/uploads\/2017\/02\/Canadian-Solar-Suzhou-china-Vico-Export-Solar-Energy-1024x768.jpg\" alt=\" m\u00f3dulos solares certificados \" width=\"820\" height=\"615\" srcset=\"https:\/\/www.vicoexport.com\/wp-content\/uploads\/2017\/02\/Canadian-Solar-Suzhou-china-Vico-Export-Solar-Energy-1024x768.jpg 1024w, https:\/\/www.vicoexport.com\/wp-content\/uploads\/2017\/02\/Canadian-Solar-Suzhou-china-Vico-Export-Solar-Energy-600x450.jpg 600w, https:\/\/www.vicoexport.com\/wp-content\/uploads\/2017\/02\/Canadian-Solar-Suzhou-china-Vico-Export-Solar-Energy-300x225.jpg 300w, https:\/\/www.vicoexport.com\/wp-content\/uploads\/2017\/02\/Canadian-Solar-Suzhou-china-Vico-Export-Solar-Energy-768x576.jpg 768w\" sizes=\"auto, (max-width: 820px) 100vw, 820px\" \/><\/a>[\/vc_column_text][vc_column_text]<a href=\"https:\/\/www.vicoexport.com\/wp-content\/uploads\/2017\/02\/JA-Solar-Shanghai-Headquarters-Vico-Export-Solar-Energy.jpg\"><img loading=\"lazy\" decoding=\"async\" class=\"aligncenter wp-image-3190 size-large\" title=\"quienes somos\" src=\"https:\/\/www.vicoexport.com\/wp-content\/uploads\/2017\/02\/JA-Solar-Shanghai-Headquarters-Vico-Export-Solar-Energy-1024x1011.jpg\" alt=\"JA Solar\" width=\"820\" height=\"810\" srcset=\"https:\/\/www.vicoexport.com\/wp-content\/uploads\/2017\/02\/JA-Solar-Shanghai-Headquarters-Vico-Export-Solar-Energy-1024x1011.jpg 1024w, https:\/\/www.vicoexport.com\/wp-content\/uploads\/2017\/02\/JA-Solar-Shanghai-Headquarters-Vico-Export-Solar-Energy-100x100.jpg 100w, https:\/\/www.vicoexport.com\/wp-content\/uploads\/2017\/02\/JA-Solar-Shanghai-Headquarters-Vico-Export-Solar-Energy-600x592.jpg 600w, https:\/\/www.vicoexport.com\/wp-content\/uploads\/2017\/02\/JA-Solar-Shanghai-Headquarters-Vico-Export-Solar-Energy-300x296.jpg 300w, https:\/\/www.vicoexport.com\/wp-content\/uploads\/2017\/02\/JA-Solar-Shanghai-Headquarters-Vico-Export-Solar-Energy-768x758.jpg 768w, https:\/\/www.vicoexport.com\/wp-content\/uploads\/2017\/02\/JA-Solar-Shanghai-Headquarters-Vico-Export-Solar-Energy-80x80.jpg 80w, https:\/\/www.vicoexport.com\/wp-content\/uploads\/2017\/02\/JA-Solar-Shanghai-Headquarters-Vico-Export-Solar-Energy.jpg 1835w\" sizes=\"auto, (max-width: 820px) 100vw, 820px\" \/><\/a>[\/vc_column_text][\/vc_column][\/vc_row]<\/p>\n<\/div>","protected":false},"excerpt":{"rendered":"<p>[vc_row css=&#8221;.vc_custom_1680603825502{margin-top: 20px !important;}&#8221;][vc_column][vc_single_image image=&#8221;44965&#8243; img_size=&#8221;full&#8221;][vc_column_text css=&#8221;.vc_custom_1700059469400{padding-top: 20px !important;padding-bottom: 20px !important;}&#8221;] DESPRE NOI [\/vc_column_text][\/vc_column][vc_column width=&#8221;1\/3&#8243;][vc_column_text] Filosofia noastr\u0103 Cine suntem? Suntem o companie spaniol\u0103 cu activitate de distribu\u021bie \u0219i import la nivel mare, specializat\u0103 \u00een materiale solare fotovoltaice de \u00eenalt\u0103 calitate \u00een Europa, America \u0219i Africa din 2009. Reprezent\u0103m principalii produc\u0103tori fotovoltaici la nivel global \u0219i [&hellip;]<\/p>\n","protected":false},"author":1,"featured_media":44965,"parent":44784,"menu_order":28,"comment_status":"closed","ping_status":"closed","template":"","meta":{"_joinchat":[],"footnotes":""},"class_list":["post-44963","page","type-page","status-publish","has-post-thumbnail","hentry"],"yoast_head":"<!-- This site is optimized with the Yoast SEO plugin v27.5 - https:\/\/yoast.com\/product\/yoast-seo-wordpress\/ -->\n<title>Cine Suntem | Vico Export Solar Energy<\/title>\n<meta name=\"description\" content=\"Cine suntem noi. Furnizor, importator \u0219i distribuitor de materiale solare fotovoltaice de \u00eenalt\u0103 calitate \u00een Europa, America \u0219i Africa.\" \/>\n<meta name=\"robots\" content=\"index, follow, max-snippet:-1, max-image-preview:large, max-video-preview:-1\" \/>\n<link rel=\"canonical\" href=\"https:\/\/www.vicoexport.com\/ro\/home-es-3\/cine-suntem\/\" \/>\n<meta property=\"og:locale\" content=\"ro_RO\" \/>\n<meta property=\"og:type\" content=\"article\" \/>\n<meta property=\"og:title\" content=\"Cine Suntem | Vico Export Solar Energy\" \/>\n<meta property=\"og:description\" content=\"Cine suntem noi. Furnizor, importator \u0219i distribuitor de materiale solare fotovoltaice de \u00eenalt\u0103 calitate \u00een Europa, America \u0219i Africa.\" \/>\n<meta property=\"og:url\" content=\"https:\/\/www.vicoexport.com\/ro\/home-es-3\/cine-suntem\/\" \/>\n<meta property=\"og:site_name\" content=\"Vico Export Solar Energy\" \/>\n<meta property=\"article:publisher\" content=\"https:\/\/www.facebook.com\/vicoexport.vicoexportsolar\" \/>\n<meta property=\"article:modified_time\" content=\"2023-12-19T10:55:38+00:00\" \/>\n<meta property=\"og:image\" content=\"https:\/\/www.vicoexport.com\/wp-content\/uploads\/2023\/03\/VICO-EXPORT-SOLAR-ENERGY.jpg\" \/>\n\t<meta property=\"og:image:width\" content=\"1920\" \/>\n\t<meta property=\"og:image:height\" content=\"600\" \/>\n\t<meta property=\"og:image:type\" content=\"image\/jpeg\" \/>\n<meta name=\"twitter:card\" content=\"summary_large_image\" \/>\n<meta name=\"twitter:site\" content=\"@VicoExportSolar\" \/>\n<script type=\"application\/ld+json\" class=\"yoast-schema-graph\">{\"@context\":\"https:\\\/\\\/schema.org\",\"@graph\":[{\"@type\":\"WebPage\",\"@id\":\"https:\\\/\\\/www.vicoexport.com\\\/ro\\\/home-es-3\\\/cine-suntem\\\/\",\"url\":\"https:\\\/\\\/www.vicoexport.com\\\/ro\\\/home-es-3\\\/cine-suntem\\\/\",\"name\":\"Cine Suntem | Vico Export Solar Energy\",\"isPartOf\":{\"@id\":\"https:\\\/\\\/www.vicoexport.com\\\/#website\"},\"primaryImageOfPage\":{\"@id\":\"https:\\\/\\\/www.vicoexport.com\\\/ro\\\/home-es-3\\\/cine-suntem\\\/#primaryimage\"},\"image\":{\"@id\":\"https:\\\/\\\/www.vicoexport.com\\\/ro\\\/home-es-3\\\/cine-suntem\\\/#primaryimage\"},\"thumbnailUrl\":\"https:\\\/\\\/www.vicoexport.com\\\/wp-content\\\/uploads\\\/2023\\\/03\\\/VICO-EXPORT-SOLAR-ENERGY.jpg\",\"datePublished\":\"2012-03-29T20:14:00+00:00\",\"dateModified\":\"2023-12-19T10:55:38+00:00\",\"description\":\"Cine suntem noi. Furnizor, importator \u0219i distribuitor de materiale solare fotovoltaice de \u00eenalt\u0103 calitate \u00een Europa, America \u0219i Africa.\",\"breadcrumb\":{\"@id\":\"https:\\\/\\\/www.vicoexport.com\\\/ro\\\/home-es-3\\\/cine-suntem\\\/#breadcrumb\"},\"inLanguage\":\"ro-RO\",\"potentialAction\":[{\"@type\":\"ReadAction\",\"target\":[\"https:\\\/\\\/www.vicoexport.com\\\/ro\\\/home-es-3\\\/cine-suntem\\\/\"]}]},{\"@type\":\"ImageObject\",\"inLanguage\":\"ro-RO\",\"@id\":\"https:\\\/\\\/www.vicoexport.com\\\/ro\\\/home-es-3\\\/cine-suntem\\\/#primaryimage\",\"url\":\"https:\\\/\\\/www.vicoexport.com\\\/wp-content\\\/uploads\\\/2023\\\/03\\\/VICO-EXPORT-SOLAR-ENERGY.jpg\",\"contentUrl\":\"https:\\\/\\\/www.vicoexport.com\\\/wp-content\\\/uploads\\\/2023\\\/03\\\/VICO-EXPORT-SOLAR-ENERGY.jpg\",\"width\":1920,\"height\":600},{\"@type\":\"BreadcrumbList\",\"@id\":\"https:\\\/\\\/www.vicoexport.com\\\/ro\\\/home-es-3\\\/cine-suntem\\\/#breadcrumb\",\"itemListElement\":[{\"@type\":\"ListItem\",\"position\":1,\"name\":\"Portada\",\"item\":\"https:\\\/\\\/www.vicoexport.com\\\/ro\\\/\"},{\"@type\":\"ListItem\",\"position\":2,\"name\":\"Acas\u0103\",\"item\":\"https:\\\/\\\/www.vicoexport.com\\\/ro\\\/\"},{\"@type\":\"ListItem\",\"position\":3,\"name\":\"CINE SUNTEM\"}]},{\"@type\":\"WebSite\",\"@id\":\"https:\\\/\\\/www.vicoexport.com\\\/#website\",\"url\":\"https:\\\/\\\/www.vicoexport.com\\\/\",\"name\":\"Vico Export Solar Energy\",\"description\":\"Vico Export Solar Energy Distribuidor Mayorista de Paneles Solares Fotovoltaicos\",\"publisher\":{\"@id\":\"https:\\\/\\\/www.vicoexport.com\\\/#organization\"},\"potentialAction\":[{\"@type\":\"SearchAction\",\"target\":{\"@type\":\"EntryPoint\",\"urlTemplate\":\"https:\\\/\\\/www.vicoexport.com\\\/?s={search_term_string}\"},\"query-input\":{\"@type\":\"PropertyValueSpecification\",\"valueRequired\":true,\"valueName\":\"search_term_string\"}}],\"inLanguage\":\"ro-RO\"},{\"@type\":\"Organization\",\"@id\":\"https:\\\/\\\/www.vicoexport.com\\\/#organization\",\"name\":\"Vico Export Solar Energy\",\"url\":\"https:\\\/\\\/www.vicoexport.com\\\/\",\"logo\":{\"@type\":\"ImageObject\",\"inLanguage\":\"ro-RO\",\"@id\":\"https:\\\/\\\/www.vicoexport.com\\\/#\\\/schema\\\/logo\\\/image\\\/\",\"url\":\"https:\\\/\\\/www.vicoexport.com\\\/wp-content\\\/uploads\\\/2018\\\/02\\\/Vico-Export-Solar-energy.jpg\",\"contentUrl\":\"https:\\\/\\\/www.vicoexport.com\\\/wp-content\\\/uploads\\\/2018\\\/02\\\/Vico-Export-Solar-energy.jpg\",\"width\":1006,\"height\":1024,\"caption\":\"Vico Export Solar Energy\"},\"image\":{\"@id\":\"https:\\\/\\\/www.vicoexport.com\\\/#\\\/schema\\\/logo\\\/image\\\/\"},\"sameAs\":[\"https:\\\/\\\/www.facebook.com\\\/vicoexport.vicoexportsolar\",\"https:\\\/\\\/x.com\\\/VicoExportSolar\",\"https:\\\/\\\/www.instagram.com\\\/vico_export_solar_energy\",\"https:\\\/\\\/www.linkedin.com\\\/in\\\/vicoexport\",\"https:\\\/\\\/www.youtube.com\\\/user\\\/vicoexport\\\/\"]}]}<\/script>\n<!-- \/ Yoast SEO plugin. -->","yoast_head_json":{"title":"Cine Suntem | Vico Export Solar Energy","description":"Cine suntem noi. Furnizor, importator \u0219i distribuitor de materiale solare fotovoltaice de \u00eenalt\u0103 calitate \u00een Europa, America \u0219i Africa.","robots":{"index":"index","follow":"follow","max-snippet":"max-snippet:-1","max-image-preview":"max-image-preview:large","max-video-preview":"max-video-preview:-1"},"canonical":"https:\/\/www.vicoexport.com\/ro\/home-es-3\/cine-suntem\/","og_locale":"ro_RO","og_type":"article","og_title":"Cine Suntem | Vico Export Solar Energy","og_description":"Cine suntem noi. Furnizor, importator \u0219i distribuitor de materiale solare fotovoltaice de \u00eenalt\u0103 calitate \u00een Europa, America \u0219i Africa.","og_url":"https:\/\/www.vicoexport.com\/ro\/home-es-3\/cine-suntem\/","og_site_name":"Vico Export Solar Energy","article_publisher":"https:\/\/www.facebook.com\/vicoexport.vicoexportsolar","article_modified_time":"2023-12-19T10:55:38+00:00","og_image":[{"width":1920,"height":600,"url":"https:\/\/www.vicoexport.com\/wp-content\/uploads\/2023\/03\/VICO-EXPORT-SOLAR-ENERGY.jpg","type":"image\/jpeg"}],"twitter_card":"summary_large_image","twitter_site":"@VicoExportSolar","schema":{"@context":"https:\/\/schema.org","@graph":[{"@type":"WebPage","@id":"https:\/\/www.vicoexport.com\/ro\/home-es-3\/cine-suntem\/","url":"https:\/\/www.vicoexport.com\/ro\/home-es-3\/cine-suntem\/","name":"Cine Suntem | Vico Export Solar Energy","isPartOf":{"@id":"https:\/\/www.vicoexport.com\/#website"},"primaryImageOfPage":{"@id":"https:\/\/www.vicoexport.com\/ro\/home-es-3\/cine-suntem\/#primaryimage"},"image":{"@id":"https:\/\/www.vicoexport.com\/ro\/home-es-3\/cine-suntem\/#primaryimage"},"thumbnailUrl":"https:\/\/www.vicoexport.com\/wp-content\/uploads\/2023\/03\/VICO-EXPORT-SOLAR-ENERGY.jpg","datePublished":"2012-03-29T20:14:00+00:00","dateModified":"2023-12-19T10:55:38+00:00","description":"Cine suntem noi. Furnizor, importator \u0219i distribuitor de materiale solare fotovoltaice de \u00eenalt\u0103 calitate \u00een Europa, America \u0219i Africa.","breadcrumb":{"@id":"https:\/\/www.vicoexport.com\/ro\/home-es-3\/cine-suntem\/#breadcrumb"},"inLanguage":"ro-RO","potentialAction":[{"@type":"ReadAction","target":["https:\/\/www.vicoexport.com\/ro\/home-es-3\/cine-suntem\/"]}]},{"@type":"ImageObject","inLanguage":"ro-RO","@id":"https:\/\/www.vicoexport.com\/ro\/home-es-3\/cine-suntem\/#primaryimage","url":"https:\/\/www.vicoexport.com\/wp-content\/uploads\/2023\/03\/VICO-EXPORT-SOLAR-ENERGY.jpg","contentUrl":"https:\/\/www.vicoexport.com\/wp-content\/uploads\/2023\/03\/VICO-EXPORT-SOLAR-ENERGY.jpg","width":1920,"height":600},{"@type":"BreadcrumbList","@id":"https:\/\/www.vicoexport.com\/ro\/home-es-3\/cine-suntem\/#breadcrumb","itemListElement":[{"@type":"ListItem","position":1,"name":"Portada","item":"https:\/\/www.vicoexport.com\/ro\/"},{"@type":"ListItem","position":2,"name":"Acas\u0103","item":"https:\/\/www.vicoexport.com\/ro\/"},{"@type":"ListItem","position":3,"name":"CINE SUNTEM"}]},{"@type":"WebSite","@id":"https:\/\/www.vicoexport.com\/#website","url":"https:\/\/www.vicoexport.com\/","name":"Vico Export Solar Energy","description":"Vico Export Solar Energy Distribuidor Mayorista de Paneles Solares Fotovoltaicos","publisher":{"@id":"https:\/\/www.vicoexport.com\/#organization"},"potentialAction":[{"@type":"SearchAction","target":{"@type":"EntryPoint","urlTemplate":"https:\/\/www.vicoexport.com\/?s={search_term_string}"},"query-input":{"@type":"PropertyValueSpecification","valueRequired":true,"valueName":"search_term_string"}}],"inLanguage":"ro-RO"},{"@type":"Organization","@id":"https:\/\/www.vicoexport.com\/#organization","name":"Vico Export Solar Energy","url":"https:\/\/www.vicoexport.com\/","logo":{"@type":"ImageObject","inLanguage":"ro-RO","@id":"https:\/\/www.vicoexport.com\/#\/schema\/logo\/image\/","url":"https:\/\/www.vicoexport.com\/wp-content\/uploads\/2018\/02\/Vico-Export-Solar-energy.jpg","contentUrl":"https:\/\/www.vicoexport.com\/wp-content\/uploads\/2018\/02\/Vico-Export-Solar-energy.jpg","width":1006,"height":1024,"caption":"Vico Export Solar Energy"},"image":{"@id":"https:\/\/www.vicoexport.com\/#\/schema\/logo\/image\/"},"sameAs":["https:\/\/www.facebook.com\/vicoexport.vicoexportsolar","https:\/\/x.com\/VicoExportSolar","https:\/\/www.instagram.com\/vico_export_solar_energy","https:\/\/www.linkedin.com\/in\/vicoexport","https:\/\/www.youtube.com\/user\/vicoexport\/"]}]}},"_links":{"self":[{"href":"https:\/\/www.vicoexport.com\/ro\/wp-json\/wp\/v2\/pages\/44963","targetHints":{"allow":["GET"]}}],"collection":[{"href":"https:\/\/www.vicoexport.com\/ro\/wp-json\/wp\/v2\/pages"}],"about":[{"href":"https:\/\/www.vicoexport.com\/ro\/wp-json\/wp\/v2\/types\/page"}],"author":[{"embeddable":true,"href":"https:\/\/www.vicoexport.com\/ro\/wp-json\/wp\/v2\/users\/1"}],"replies":[{"embeddable":true,"href":"https:\/\/www.vicoexport.com\/ro\/wp-json\/wp\/v2\/comments?post=44963"}],"version-history":[{"count":0,"href":"https:\/\/www.vicoexport.com\/ro\/wp-json\/wp\/v2\/pages\/44963\/revisions"}],"up":[{"embeddable":true,"href":"https:\/\/www.vicoexport.com\/ro\/wp-json\/wp\/v2\/pages\/44784"}],"wp:featuredmedia":[{"embeddable":true,"href":"https:\/\/www.vicoexport.com\/ro\/wp-json\/wp\/v2\/media\/44965"}],"wp:attachment":[{"href":"https:\/\/www.vicoexport.com\/ro\/wp-json\/wp\/v2\/media?parent=44963"}],"curies":[{"name":"wp","href":"https:\/\/api.w.org\/{rel}","templated":true}]}}