{"id":65646,"date":"2026-02-26T16:53:03","date_gmt":"2026-02-26T15:53:03","guid":{"rendered":"https:\/\/www.vicoexport.com\/sistemas-fotovoltaicos-flotantes\/"},"modified":"2026-02-27T11:05:39","modified_gmt":"2026-02-27T10:05:39","slug":"sisteme-fotovoltaic-flotant","status":"publish","type":"page","link":"https:\/\/www.vicoexport.com\/ro\/sisteme-fotovoltaic-flotant\/","title":{"rendered":"SISTEME FOTOVOLTAIC FLOTANT"},"content":{"rendered":"<div class=\"wpb-content-wrapper\"><p>[vc_row][vc_column][vc_single_image image=&#8221;65611&#8243; img_size=&#8221;&#8221; alignment=&#8221;center&#8221; css=&#8221;.vc_custom_1772121804519{margin-top: 50px !important;margin-bottom: 20px !important;}&#8221;][vc_column_text css=&#8221;.vc_custom_1772186203094{margin-bottom: 0px !important;}&#8221;]<\/p>\n<h1 style=\"text-align: center;\"><span style=\"color: #fe7800;\"><strong>Sistem Fotovoltaic Flotant (FPV) SUNGROW<\/strong><br \/>\n<em>Distribuitor oficial Vico Export Solar Energy<\/em><\/span><\/h1>\n<p>[\/vc_column_text][vc_column_text css=&#8221;.vc_custom_1772186229164{margin-top: 20px !important;margin-bottom: 0px !important;padding-top: 10px !important;}&#8221;]<\/p>\n<h2 style=\"text-align: center;\" data-start=\"486\" data-end=\"567\"><em>Solu\u021bii Floating PV pentru proiecte utility-scale pe suprafe\u021be de ap\u0103<\/em><\/h2>\n<p data-start=\"569\" data-end=\"829\">Tehnologia <strong>Floating Photovoltaics<\/strong> (FPV) permite dezvoltarea centralelor fotovoltaice pe lacuri de acumulare, lacuri naturale sau artificiale, bazine industriale, zone de subsiden\u021b\u0103 \u0219i alte suprafe\u021be de ap\u0103, prin intermediul unor sisteme flotante proiectate pentru condi\u021bii de mediu exigente.<\/p>\n<p data-start=\"831\" data-end=\"1017\">Sistemele sunt concepute pentru a rezista la v\u00e2nt, valuri, curen\u021bi, varia\u021bii ale nivelului apei \u0219i \u00eenc\u0103rc\u0103ri de z\u0103pad\u0103, \u00een conformitate cu parametrii de proiectare indica\u021bi de produc\u0103tor.<\/p>\n<p>[\/vc_column_text][\/vc_column][\/vc_row][vc_row el_class=&#8221;FORMULARIO&#8221; css=&#8221;.vc_custom_1772119586199{background-color: #FFFFFF !important;}&#8221;][vc_column][vc_column_text css=&#8221;.vc_custom_1772186282213{padding-top: 30px !important;border-color: #FFFFFF !important;}&#8221;]<\/p>\n<h1 class=\"vw-text-[52] whitespace-pre-wrap text-system-gray absolute top-[30%] vw-left-[100] -translate-y-1\/2 !vw-text-[36] leading-loose font-medium empty:hidden\" style=\"text-align: center;\"><strong>SGF-TS30M<\/strong><\/h1>\n<h2 style=\"text-align: center;\"><em>Sistem Fotovoltaic Flotant Sungrow<\/em><\/h2>\n<p>[\/vc_column_text][vc_single_image image=&#8221;65561&#8243; img_size=&#8221;FULL&#8221; css=&#8221;.vc_custom_1772119947248{margin-bottom: 0px !important;}&#8221;][\/vc_column][\/vc_row][vc_row equal_height=&#8221;yes&#8221; css=&#8221;.vc_custom_1772119839273{padding-top: 30px !important;padding-right: 10px !important;padding-bottom: 20px !important;padding-left: 10px !important;background-color: #FFFFFF !important;border-color: #FFFFFF !important;}&#8221;][vc_column width=&#8221;1\/3&#8243; css=&#8221;.vc_custom_1772119808615{border-top-width: 5px !important;border-right-width: 5px !important;border-bottom-width: 5px !important;border-left-width: 5px !important;background-color: #F2F2F2 !important;border-left-style: solid !important;border-right-style: solid !important;border-top-style: solid !important;border-bottom-style: solid !important;border-color: #FFFFFF !important;}&#8221;][vc_column_text css=&#8221;&#8221;]<\/p>\n<h3 style=\"text-align: center;\" data-start=\"1329\" data-end=\"1360\"><strong>Caracteristici principale<\/strong><\/h3>\n<ul>\n<li data-start=\"1364\" data-end=\"1418\">Material flotant: HDPE modificat cu protec\u021bie UV<\/li>\n<li data-start=\"1421\" data-end=\"1451\">Durat\u0103 de via\u021b\u0103 proiectat\u0103: 25 ani<\/li>\n<li data-start=\"1454\" data-end=\"1500\">Garan\u021bie standard: 5 ani (extensibil\u0103)<\/li>\n<li data-start=\"1503\" data-end=\"1569\">Unghi de \u00eenclinare: 5\u00b0\u201315\u00b0<\/li>\n<li data-start=\"1572\" data-end=\"1608\">Orientarea sistemului: S\u2013N \/ E\u2013W<\/li>\n<li data-start=\"1611\" data-end=\"1658\">Dimensiune maxim\u0103 modul: p\u00e2n\u0103 la 2500 \u00d7 1350 mm<\/li>\n<li data-start=\"1661\" data-end=\"1699\">Distan\u021b\u0103 minim\u0103 fa\u021b\u0103 de suprafa\u021ba apei: 200\u2013250 mm<\/li>\n<li data-start=\"1702\" data-end=\"1738\">Grad de ocupare direct\u0103 a apei: 20,6 %<\/li>\n<li data-start=\"1741\" data-end=\"1776\">Capacitate portant\u0103: 157\u2013196 kg\/m\u00b2<\/li>\n<\/ul>\n<p>[\/vc_column_text][\/vc_column][vc_column width=&#8221;1\/3&#8243; css=&#8221;.vc_custom_1772119785363{border-top-width: 5px !important;border-right-width: 5px !important;border-bottom-width: 5px !important;border-left-width: 5px !important;background-color: #F2F2F2F2 !important;border-left-style: solid !important;border-right-style: solid !important;border-top-style: solid !important;border-bottom-style: solid !important;border-color: #FFFFFF !important;}&#8221;][vc_column_text css=&#8221;&#8221;]<\/p>\n<h3 style=\"text-align: center;\" data-start=\"1783\" data-end=\"1811\"><strong>Parametri structurali<\/strong><\/h3>\n<ul>\n<li data-start=\"1815\" data-end=\"1928\">Vitez\u0103 medie a v\u00e2ntului: 180\u2013260 km\/h<br data-start=\"1854\" data-end=\"1857\" \/><em>(Op\u021biune pentru sarcini mai mari prin proiectare specific\u0103 fiec\u0103rui proiect)<\/em><\/li>\n<li data-start=\"1931\" data-end=\"2036\">\u00cenc\u0103rcare de z\u0103pad\u0103: 0,25\u20131,65 kN\/m\u00b2<br data-start=\"1962\" data-end=\"1965\" \/><em>(Op\u021biune pentru sarcini mai mari prin proiectare specific\u0103 fiec\u0103rui proiect)<\/em><\/li>\n<li data-start=\"2039\" data-end=\"2132\">Lungime de ancorare: p\u00e2n\u0103 la 100 m<br data-start=\"2071\" data-end=\"2074\" \/><em>(Op\u021biune pentru ad\u00e2ncimi mai mari conform proiect\u0103rii specifice proiectului)<\/em><\/li>\n<\/ul>\n<p>[\/vc_column_text][\/vc_column][vc_column width=&#8221;1\/3&#8243; css=&#8221;.vc_custom_1772119771660{border-top-width: 5px !important;border-right-width: 5px !important;border-bottom-width: 5px !important;border-left-width: 5px !important;background-color: #F2F2F2F2 !important;border-left-style: solid !important;border-right-style: solid !important;border-top-style: solid !important;border-bottom-style: solid !important;border-color: #FFFFFF !important;}&#8221;][vc_column_text css=&#8221;&#8221;]<\/p>\n<h3 style=\"text-align: center;\" data-start=\"2139\" data-end=\"2153\"><strong>Materiale<\/strong><\/h3>\n<ul>\n<li data-start=\"2157\" data-end=\"2224\">Substructur\u0103 din o\u021bel cu acoperire anticoroziv\u0103 \u0219i componente din aluminiu<\/li>\n<li data-start=\"2227\" data-end=\"2281\">Flotoare din HDPE cu aditiv de protec\u021bie UV de \u00eenalt\u0103 performan\u021b\u0103<\/li>\n<li data-start=\"2284\" data-end=\"2360\">Materiale conforme cu standardele interna\u021bionale pentru aplica\u021bii pe suprafe\u021be de ap\u0103<\/li>\n<\/ul>\n<p>[\/vc_column_text][\/vc_column][vc_column][vc_btn title=&#8221;Desc\u0103rca\u021bi fi\u0219a tehnic\u0103 SGF-TS30M&#8221; style=&#8221;outline-custom&#8221; outline_custom_color=&#8221;#EE7202&#8243; outline_custom_hover_background=&#8221;#EE7202&#8243; outline_custom_hover_text=&#8221;#ffffff&#8221; size=&#8221;sm&#8221; align=&#8221;center&#8221; i_align=&#8221;right&#8221; i_icon_fontawesome=&#8221;fa fa-solid fa-cloud-arrow-down&#8221; css=&#8221;.vc_custom_1772186410936{margin-top: 20px !important;padding-bottom: 5px !important;}&#8221; button_block=&#8221;true&#8221; add_icon=&#8221;true&#8221; link=&#8221;url:https%3A%2F%2Fwww.vicoexport.com%2Fwp-content%2Fuploads%2F2026%2F02%2FSGF-TS30-datasheet-vico-export-solar-energy.pdf|target:_blank&#8221;][\/vc_column][\/vc_row][vc_row css=&#8221;.vc_custom_1772109478013{margin-top: 30px !important;}&#8221;][vc_column][vc_column_text css=&#8221;&#8221;]<\/p>\n<h2 data-start=\"2374\" data-end=\"2397\"><strong>Solu\u021bie Tehnic\u0103 FPV<\/strong><\/h2>\n<p data-start=\"702\" data-end=\"796\">Solu\u021bia include sistemul flotant, platforma tehnic\u0103 \u0219i sistemul de cablare, proiectate pentru:<\/p>\n<ul>\n<li data-start=\"800\" data-end=\"858\">Protec\u021bie anticoroziv\u0103 \u0219i rezisten\u021b\u0103 la v\u00e2nt \u0219i valuri<\/li>\n<li data-start=\"861\" data-end=\"920\">Adaptare la fluctua\u021bii prelungite ale nivelului apei<\/li>\n<li data-start=\"923\" data-end=\"972\">Design multicabin\u0103 cu redundan\u021b\u0103 de siguran\u021b\u0103<\/li>\n<li data-start=\"975\" data-end=\"1039\">Canalizare intern\u0103 \u0219i ie\u0219ire pentru cabluri DC \u0219i AC de joas\u0103 tensiune<\/li>\n<li data-start=\"1042\" data-end=\"1111\">Vopsire standard grad marin cu durabilitate indicat\u0103 de 25 de ani<\/li>\n<\/ul>\n<h2 data-start=\"2939\" data-end=\"2984\"><strong>Inginerie de Ancorare \u0219i Proiectare Structural\u0103<\/strong><\/h2>\n<p data-start=\"1634\" data-end=\"1666\">Proiectarea sistemului ia \u00een considerare:<\/p>\n<ul>\n<li data-start=\"1670\" data-end=\"1701\">Viteza de proiectare a v\u00e2ntului<\/li>\n<li data-start=\"1704\" data-end=\"1719\">\u00cen\u0103l\u021bimea valului<\/li>\n<li data-start=\"1722\" data-end=\"1746\">Viteza curentului<\/li>\n<li data-start=\"1749\" data-end=\"1774\">Ad\u00e2ncimea rezervorului<\/li>\n<li data-start=\"1777\" data-end=\"1807\">Varia\u021bia nivelului apei<\/li>\n<li data-start=\"1810\" data-end=\"1827\">\u00cenc\u0103rc\u0103ri de z\u0103pad\u0103<\/li>\n<li data-start=\"1830\" data-end=\"1853\">Temperaturi extreme<\/li>\n<li data-start=\"1856\" data-end=\"1874\">Calitatea apei<\/li>\n<\/ul>\n<p data-start=\"1876\" data-end=\"2021\">Sistemul include calculul sarcinilor de mediu, simul\u0103ri CFD \u0219i analize hidrodinamice, inclusiv calcule cuplate v\u00e2nt\u2013val\u2013curent.<\/p>\n<p data-start=\"2023\" data-end=\"2125\">Proiectarea poate fi realizat\u0103 conform normativelor precum ASCE 7-2016, BS EN 1991-4-2005 sau MS1553-2006.<\/p>\n<h2 data-start=\"3530\" data-end=\"3545\"><strong>Aplica\u021bii<\/strong><\/h2>\n<p data-start=\"3547\" data-end=\"3588\">Sistemele FPV pot fi implementate \u00een:<\/p>\n<ul>\n<li data-start=\"2355\" data-end=\"2365\">Lacuri de acumulare<\/li>\n<li data-start=\"2368\" data-end=\"2400\">Lacuri naturale sau artificiale<\/li>\n<li data-start=\"2403\" data-end=\"2424\">Bazine industriale<\/li>\n<li data-start=\"2427\" data-end=\"2445\">Lacuri miniere<\/li>\n<li data-start=\"2448\" data-end=\"2499\">Zone cu varia\u021bii sezoniere ale nivelului apei<\/li>\n<li data-start=\"2502\" data-end=\"2550\">Medii cu \u00eenc\u0103rc\u0103ri ridicate de v\u00e2nt sau z\u0103pad\u0103<\/li>\n<li data-start=\"2553\" data-end=\"2590\">Zone costiere fezabile din punct de vedere tehnic<\/li>\n<\/ul>\n<p>[\/vc_column_text][\/vc_column][\/vc_row][vc_row][vc_column][vc_column_text css=&#8221;.vc_custom_1772186495204{padding-bottom: 5px !important;}&#8221;]<\/p>\n<h2 data-start=\"4359\" data-end=\"4399\"><strong>Proiecte de Referin\u021b\u0103 Interna\u021bional\u0103<\/strong><\/h2>\n<p>[\/vc_column_text][\/vc_column][\/vc_row][vc_row][vc_column][vc_images_carousel images=&#8221;65590,65594,65598,65602,65606,65628,65582,65586&#8243; img_size=&#8221;full&#8221; onclick=&#8221;link_no&#8221; speed=&#8221;1500&#8243; slides_per_view=&#8221;3&#8243; autoplay=&#8221;yes&#8221; wrap=&#8221;yes&#8221; css=&#8221;&#8221;][\/vc_column][\/vc_row][vc_row][vc_column][vc_video link=&#8221;https:\/\/youtu.be\/v0NLwpioyQ0&#8243; align=&#8221;center&#8221; css=&#8221;&#8221;][\/vc_column][\/vc_row]<\/p>\n<\/div>","protected":false},"excerpt":{"rendered":"<p>[vc_row][vc_column][vc_single_image image=&#8221;65611&#8243; img_size=&#8221;&#8221; alignment=&#8221;center&#8221; css=&#8221;.vc_custom_1772121804519{margin-top: 50px !important;margin-bottom: 20px !important;}&#8221;][vc_column_text css=&#8221;.vc_custom_1772186203094{margin-bottom: 0px !important;}&#8221;] Sistem Fotovoltaic Flotant (FPV) SUNGROW Distribuitor oficial Vico Export Solar Energy [\/vc_column_text][vc_column_text css=&#8221;.vc_custom_1772186229164{margin-top: 20px !important;margin-bottom: 0px !important;padding-top: 10px !important;}&#8221;] Solu\u021bii Floating PV pentru proiecte utility-scale pe suprafe\u021be de ap\u0103 Tehnologia Floating Photovoltaics (FPV) permite dezvoltarea centralelor fotovoltaice pe lacuri de acumulare, lacuri naturale [&hellip;]<\/p>\n","protected":false},"author":1,"featured_media":65001,"parent":0,"menu_order":0,"comment_status":"closed","ping_status":"closed","template":"","meta":{"_joinchat":[],"footnotes":""},"class_list":["post-65646","page","type-page","status-publish","has-post-thumbnail","hentry"],"yoast_head":"<!-- This site is optimized with the Yoast SEO plugin v27.3 - https:\/\/yoast.com\/product\/yoast-seo-wordpress\/ -->\n<title>Sungrow Floating PV | Sistem Fotovoltaic Flotant<\/title>\n<meta name=\"description\" content=\"Sisteme Sungrow Floating PV pentru proiecte solare pe suprafe\u021be de ap\u0103. Sisteme flotante cu inginerie structural\u0103 pentru aplica\u021bii utility-scale\" \/>\n<meta name=\"robots\" content=\"index, follow, max-snippet:-1, max-image-preview:large, max-video-preview:-1\" \/>\n<link rel=\"canonical\" href=\"https:\/\/www.vicoexport.com\/ro\/sisteme-fotovoltaic-flotant\/\" \/>\n<meta property=\"og:locale\" content=\"ro_RO\" \/>\n<meta property=\"og:type\" content=\"article\" \/>\n<meta property=\"og:title\" content=\"Sungrow Floating PV | Sistem Fotovoltaic Flotant\" \/>\n<meta property=\"og:description\" content=\"Sisteme Sungrow Floating PV pentru proiecte solare pe suprafe\u021be de ap\u0103. Sisteme flotante cu inginerie structural\u0103 pentru aplica\u021bii utility-scale\" \/>\n<meta property=\"og:url\" content=\"https:\/\/www.vicoexport.com\/ro\/sisteme-fotovoltaic-flotant\/\" \/>\n<meta property=\"og:site_name\" content=\"Vico Export Solar Energy\" \/>\n<meta property=\"article:publisher\" content=\"https:\/\/www.facebook.com\/vicoexport.vicoexportsolar\" \/>\n<meta property=\"article:modified_time\" content=\"2026-02-27T10:05:39+00:00\" \/>\n<meta property=\"og:image\" content=\"https:\/\/www.vicoexport.com\/wp-content\/uploads\/2026\/02\/Slider-Aiko.png\" \/>\n\t<meta property=\"og:image:width\" content=\"1920\" \/>\n\t<meta property=\"og:image:height\" content=\"600\" \/>\n\t<meta property=\"og:image:type\" content=\"image\/png\" \/>\n<meta name=\"twitter:card\" content=\"summary_large_image\" \/>\n<meta name=\"twitter:site\" content=\"@VicoExportSolar\" \/>\n<script type=\"application\/ld+json\" class=\"yoast-schema-graph\">{\"@context\":\"https:\\\/\\\/schema.org\",\"@graph\":[{\"@type\":\"WebPage\",\"@id\":\"https:\\\/\\\/www.vicoexport.com\\\/ro\\\/sisteme-fotovoltaic-flotant\\\/\",\"url\":\"https:\\\/\\\/www.vicoexport.com\\\/ro\\\/sisteme-fotovoltaic-flotant\\\/\",\"name\":\"Sungrow Floating PV | Sistem Fotovoltaic Flotant\",\"isPartOf\":{\"@id\":\"https:\\\/\\\/www.vicoexport.com\\\/#website\"},\"primaryImageOfPage\":{\"@id\":\"https:\\\/\\\/www.vicoexport.com\\\/ro\\\/sisteme-fotovoltaic-flotant\\\/#primaryimage\"},\"image\":{\"@id\":\"https:\\\/\\\/www.vicoexport.com\\\/ro\\\/sisteme-fotovoltaic-flotant\\\/#primaryimage\"},\"thumbnailUrl\":\"https:\\\/\\\/www.vicoexport.com\\\/wp-content\\\/uploads\\\/2026\\\/02\\\/Slider-Aiko.png\",\"datePublished\":\"2026-02-26T15:53:03+00:00\",\"dateModified\":\"2026-02-27T10:05:39+00:00\",\"description\":\"Sisteme Sungrow Floating PV pentru proiecte solare pe suprafe\u021be de ap\u0103. Sisteme flotante cu inginerie structural\u0103 pentru aplica\u021bii utility-scale\",\"breadcrumb\":{\"@id\":\"https:\\\/\\\/www.vicoexport.com\\\/ro\\\/sisteme-fotovoltaic-flotant\\\/#breadcrumb\"},\"inLanguage\":\"ro-RO\",\"potentialAction\":[{\"@type\":\"ReadAction\",\"target\":[\"https:\\\/\\\/www.vicoexport.com\\\/ro\\\/sisteme-fotovoltaic-flotant\\\/\"]}]},{\"@type\":\"ImageObject\",\"inLanguage\":\"ro-RO\",\"@id\":\"https:\\\/\\\/www.vicoexport.com\\\/ro\\\/sisteme-fotovoltaic-flotant\\\/#primaryimage\",\"url\":\"https:\\\/\\\/www.vicoexport.com\\\/wp-content\\\/uploads\\\/2026\\\/02\\\/Slider-Aiko.png\",\"contentUrl\":\"https:\\\/\\\/www.vicoexport.com\\\/wp-content\\\/uploads\\\/2026\\\/02\\\/Slider-Aiko.png\",\"width\":1920,\"height\":600,\"caption\":\"modulo-ABC-670W-Aiko\"},{\"@type\":\"BreadcrumbList\",\"@id\":\"https:\\\/\\\/www.vicoexport.com\\\/ro\\\/sisteme-fotovoltaic-flotant\\\/#breadcrumb\",\"itemListElement\":[{\"@type\":\"ListItem\",\"position\":1,\"name\":\"Portada\",\"item\":\"https:\\\/\\\/www.vicoexport.com\\\/ro\\\/\"},{\"@type\":\"ListItem\",\"position\":2,\"name\":\"SISTEME FOTOVOLTAIC FLOTANT\"}]},{\"@type\":\"WebSite\",\"@id\":\"https:\\\/\\\/www.vicoexport.com\\\/#website\",\"url\":\"https:\\\/\\\/www.vicoexport.com\\\/\",\"name\":\"Vico Export Solar Energy\",\"description\":\"Vico Export Solar Energy Distribuidor Mayorista de Paneles Solares Fotovoltaicos\",\"publisher\":{\"@id\":\"https:\\\/\\\/www.vicoexport.com\\\/#organization\"},\"potentialAction\":[{\"@type\":\"SearchAction\",\"target\":{\"@type\":\"EntryPoint\",\"urlTemplate\":\"https:\\\/\\\/www.vicoexport.com\\\/?s={search_term_string}\"},\"query-input\":{\"@type\":\"PropertyValueSpecification\",\"valueRequired\":true,\"valueName\":\"search_term_string\"}}],\"inLanguage\":\"ro-RO\"},{\"@type\":\"Organization\",\"@id\":\"https:\\\/\\\/www.vicoexport.com\\\/#organization\",\"name\":\"Vico Export Solar Energy\",\"url\":\"https:\\\/\\\/www.vicoexport.com\\\/\",\"logo\":{\"@type\":\"ImageObject\",\"inLanguage\":\"ro-RO\",\"@id\":\"https:\\\/\\\/www.vicoexport.com\\\/#\\\/schema\\\/logo\\\/image\\\/\",\"url\":\"https:\\\/\\\/www.vicoexport.com\\\/wp-content\\\/uploads\\\/2018\\\/02\\\/Vico-Export-Solar-energy.jpg\",\"contentUrl\":\"https:\\\/\\\/www.vicoexport.com\\\/wp-content\\\/uploads\\\/2018\\\/02\\\/Vico-Export-Solar-energy.jpg\",\"width\":1006,\"height\":1024,\"caption\":\"Vico Export Solar Energy\"},\"image\":{\"@id\":\"https:\\\/\\\/www.vicoexport.com\\\/#\\\/schema\\\/logo\\\/image\\\/\"},\"sameAs\":[\"https:\\\/\\\/www.facebook.com\\\/vicoexport.vicoexportsolar\",\"https:\\\/\\\/x.com\\\/VicoExportSolar\",\"https:\\\/\\\/www.instagram.com\\\/vico_export_solar_energy\",\"https:\\\/\\\/www.linkedin.com\\\/in\\\/vicoexport\",\"https:\\\/\\\/www.youtube.com\\\/user\\\/vicoexport\\\/\"]}]}<\/script>\n<!-- \/ Yoast SEO plugin. -->","yoast_head_json":{"title":"Sungrow Floating PV | Sistem Fotovoltaic Flotant","description":"Sisteme Sungrow Floating PV pentru proiecte solare pe suprafe\u021be de ap\u0103. Sisteme flotante cu inginerie structural\u0103 pentru aplica\u021bii utility-scale","robots":{"index":"index","follow":"follow","max-snippet":"max-snippet:-1","max-image-preview":"max-image-preview:large","max-video-preview":"max-video-preview:-1"},"canonical":"https:\/\/www.vicoexport.com\/ro\/sisteme-fotovoltaic-flotant\/","og_locale":"ro_RO","og_type":"article","og_title":"Sungrow Floating PV | Sistem Fotovoltaic Flotant","og_description":"Sisteme Sungrow Floating PV pentru proiecte solare pe suprafe\u021be de ap\u0103. Sisteme flotante cu inginerie structural\u0103 pentru aplica\u021bii utility-scale","og_url":"https:\/\/www.vicoexport.com\/ro\/sisteme-fotovoltaic-flotant\/","og_site_name":"Vico Export Solar Energy","article_publisher":"https:\/\/www.facebook.com\/vicoexport.vicoexportsolar","article_modified_time":"2026-02-27T10:05:39+00:00","og_image":[{"width":1920,"height":600,"url":"https:\/\/www.vicoexport.com\/wp-content\/uploads\/2026\/02\/Slider-Aiko.png","type":"image\/png"}],"twitter_card":"summary_large_image","twitter_site":"@VicoExportSolar","schema":{"@context":"https:\/\/schema.org","@graph":[{"@type":"WebPage","@id":"https:\/\/www.vicoexport.com\/ro\/sisteme-fotovoltaic-flotant\/","url":"https:\/\/www.vicoexport.com\/ro\/sisteme-fotovoltaic-flotant\/","name":"Sungrow Floating PV | Sistem Fotovoltaic Flotant","isPartOf":{"@id":"https:\/\/www.vicoexport.com\/#website"},"primaryImageOfPage":{"@id":"https:\/\/www.vicoexport.com\/ro\/sisteme-fotovoltaic-flotant\/#primaryimage"},"image":{"@id":"https:\/\/www.vicoexport.com\/ro\/sisteme-fotovoltaic-flotant\/#primaryimage"},"thumbnailUrl":"https:\/\/www.vicoexport.com\/wp-content\/uploads\/2026\/02\/Slider-Aiko.png","datePublished":"2026-02-26T15:53:03+00:00","dateModified":"2026-02-27T10:05:39+00:00","description":"Sisteme Sungrow Floating PV pentru proiecte solare pe suprafe\u021be de ap\u0103. Sisteme flotante cu inginerie structural\u0103 pentru aplica\u021bii utility-scale","breadcrumb":{"@id":"https:\/\/www.vicoexport.com\/ro\/sisteme-fotovoltaic-flotant\/#breadcrumb"},"inLanguage":"ro-RO","potentialAction":[{"@type":"ReadAction","target":["https:\/\/www.vicoexport.com\/ro\/sisteme-fotovoltaic-flotant\/"]}]},{"@type":"ImageObject","inLanguage":"ro-RO","@id":"https:\/\/www.vicoexport.com\/ro\/sisteme-fotovoltaic-flotant\/#primaryimage","url":"https:\/\/www.vicoexport.com\/wp-content\/uploads\/2026\/02\/Slider-Aiko.png","contentUrl":"https:\/\/www.vicoexport.com\/wp-content\/uploads\/2026\/02\/Slider-Aiko.png","width":1920,"height":600,"caption":"modulo-ABC-670W-Aiko"},{"@type":"BreadcrumbList","@id":"https:\/\/www.vicoexport.com\/ro\/sisteme-fotovoltaic-flotant\/#breadcrumb","itemListElement":[{"@type":"ListItem","position":1,"name":"Portada","item":"https:\/\/www.vicoexport.com\/ro\/"},{"@type":"ListItem","position":2,"name":"SISTEME FOTOVOLTAIC FLOTANT"}]},{"@type":"WebSite","@id":"https:\/\/www.vicoexport.com\/#website","url":"https:\/\/www.vicoexport.com\/","name":"Vico Export Solar Energy","description":"Vico Export Solar Energy Distribuidor Mayorista de Paneles Solares Fotovoltaicos","publisher":{"@id":"https:\/\/www.vicoexport.com\/#organization"},"potentialAction":[{"@type":"SearchAction","target":{"@type":"EntryPoint","urlTemplate":"https:\/\/www.vicoexport.com\/?s={search_term_string}"},"query-input":{"@type":"PropertyValueSpecification","valueRequired":true,"valueName":"search_term_string"}}],"inLanguage":"ro-RO"},{"@type":"Organization","@id":"https:\/\/www.vicoexport.com\/#organization","name":"Vico Export Solar Energy","url":"https:\/\/www.vicoexport.com\/","logo":{"@type":"ImageObject","inLanguage":"ro-RO","@id":"https:\/\/www.vicoexport.com\/#\/schema\/logo\/image\/","url":"https:\/\/www.vicoexport.com\/wp-content\/uploads\/2018\/02\/Vico-Export-Solar-energy.jpg","contentUrl":"https:\/\/www.vicoexport.com\/wp-content\/uploads\/2018\/02\/Vico-Export-Solar-energy.jpg","width":1006,"height":1024,"caption":"Vico Export Solar Energy"},"image":{"@id":"https:\/\/www.vicoexport.com\/#\/schema\/logo\/image\/"},"sameAs":["https:\/\/www.facebook.com\/vicoexport.vicoexportsolar","https:\/\/x.com\/VicoExportSolar","https:\/\/www.instagram.com\/vico_export_solar_energy","https:\/\/www.linkedin.com\/in\/vicoexport","https:\/\/www.youtube.com\/user\/vicoexport\/"]}]}},"_links":{"self":[{"href":"https:\/\/www.vicoexport.com\/ro\/wp-json\/wp\/v2\/pages\/65646","targetHints":{"allow":["GET"]}}],"collection":[{"href":"https:\/\/www.vicoexport.com\/ro\/wp-json\/wp\/v2\/pages"}],"about":[{"href":"https:\/\/www.vicoexport.com\/ro\/wp-json\/wp\/v2\/types\/page"}],"author":[{"embeddable":true,"href":"https:\/\/www.vicoexport.com\/ro\/wp-json\/wp\/v2\/users\/1"}],"replies":[{"embeddable":true,"href":"https:\/\/www.vicoexport.com\/ro\/wp-json\/wp\/v2\/comments?post=65646"}],"version-history":[{"count":4,"href":"https:\/\/www.vicoexport.com\/ro\/wp-json\/wp\/v2\/pages\/65646\/revisions"}],"predecessor-version":[{"id":65650,"href":"https:\/\/www.vicoexport.com\/ro\/wp-json\/wp\/v2\/pages\/65646\/revisions\/65650"}],"wp:featuredmedia":[{"embeddable":true,"href":"https:\/\/www.vicoexport.com\/ro\/wp-json\/wp\/v2\/media\/65001"}],"wp:attachment":[{"href":"https:\/\/www.vicoexport.com\/ro\/wp-json\/wp\/v2\/media?parent=65646"}],"curies":[{"name":"wp","href":"https:\/\/api.w.org\/{rel}","templated":true}]}}